{"id":32602,"date":"2020-06-25T17:28:49","date_gmt":"2020-06-25T14:28:49","guid":{"rendered":"https:\/\/felistella.eu\/?page_id=32602"},"modified":"2024-07-10T09:01:40","modified_gmt":"2024-07-10T06:01:40","slug":"atgriesana","status":"publish","type":"page","link":"https:\/\/felistella.eu\/lv\/atgriesana\/","title":{"rendered":"Atgrie\u0161ana"},"content":{"rendered":"<h1>Atgrie\u0161ana<\/h1>\n<p class=\"p1\"><span class=\"s1\">J\u016bs varat \u0113rti atgriezt preci m\u016bsu tie\u0161saistes veikal\u0101. Lai to izdar\u012btu, aizpildiet \u0161o <\/span><a href=\"https:\/\/felistella.eu\/wp-content\/uploads\/2024\/07\/taganemise-avaldus_LV.docx\" target=\"_blank\" rel=\"noopener\"><span class=\"s2\">pieteikumu<\/span><\/a><span class=\"s1\">. <a href=\"https:\/\/felistella.eu\/wp-content\/uploads\/2024\/07\/taganemise-avaldus_LV.docx\">taganemise-avaldus_LV<\/a><\/span><span class=\"s1\"> . <a href=\"https:\/\/felistella.eu\/wp-content\/uploads\/2023\/06\/taganemise-avaldus-Felistella.doc\">taganemise-avaldus-Felistella<\/a><\/span><\/p>\n<p class=\"p1\"><span class=\"s1\">Pirc\u0113jam ir ties\u012bbas atteikties no pirkuma <b>14 dienu laik\u0101<\/b> p\u0113c pas\u016bt\u012bjuma sa\u0146em\u0161anas. Izmaksas, kas saist\u012btas ar pre\u010du nos\u016bt\u012b\u0161anu p\u0101rdev\u0113jam, sedz pirc\u0113js, ja vien atgriezt\u0101s preces neatbilst pas\u016bt\u012btaj\u0101m (piem\u0113ram, nepareizas vai boj\u0101tas preces). \u0160\u0101d\u0101 gad\u012bjum\u0101 m\u0113s nos\u016bt\u012bsim jums pareizo\/kvalitat\u012bvo preci bez maksas vai atmaks\u0101sim naudu.<\/span><\/p>\n<p class=\"p1\"><span class=\"s1\">Ja iesp\u0113jams, atgrieziet preces to ori\u0123in\u0101laj\u0101 iepakojum\u0101, un b\u016btu labi, ja visas atgrie\u017eam\u0101s preces b\u016btu no viena pas\u016bt\u012bjuma. Atgrieztaj\u0101m prec\u0113m j\u0101b\u016bt neizmantot\u0101m un neboj\u0101t\u0101m.<\/span><\/p>\n<p class=\"p1\"><span class=\"s1\">Atgrie\u0161anas gad\u012bjum\u0101 <b>14 dienu laik\u0101<\/b> p\u0113c atgrie\u0161anas piepras\u012bjuma iesnieg\u0161anas nos\u016btiet preces uz <i>Itella SmartPost<\/i> vai <i>Omniva<\/i> pakom\u0101tu, par sa\u0146\u0113m\u0113ju nor\u0101dot <i>Felistella O\u00dc<\/i>. Kontaktt\u0101lrunis: +372 55 199 09<\/span><\/p>\n<p class=\"p2\"><span class=\"s1\">Aizpild\u012bts atgrie\u0161anas pieteikums j\u0101nos\u016bta vai nu pap\u012bra form\u0101t\u0101 kop\u0101 ar atgrie\u017eamaj\u0101m prec\u0113m, vai pa e-pastu uz adresi epood@felistella.eu. Klientu atgriezt\u0101s preces tiks pie\u0146emtas tikai kop\u0101 ar atgrie\u0161anas pieteikumu.<\/span><\/p>\n<p class=\"p2\"><span class=\"s1\">Atmaksa tiks veikta, izmantojot to pa\u0161u maks\u0101jumu metodi, ko izmantoj\u0101t, veicot pas\u016bt\u012bjumu.<\/span><\/p>\n<p class=\"p2\"><span class=\"s1\">M\u0113s p\u0101rskait\u012bsim naudu par atgrieztaj\u0101m prec\u0113m 1\u20132 darba dienu laik\u0101 p\u0113c pre\u010du sa\u0146em\u0161anas.<\/span><\/p>\n<p class=\"p3\"><span class=\"s1\">Vair\u0101k par <strong>atgrie\u0161anas noteikumiem<\/strong> lasiet <\/span><a href=\"https:\/\/felistella.eu\/lv\/standarta-nosacijumi\/\"><span class=\"s2\">\u0161eit<\/span><\/a><span class=\"s1\">.<\/span><\/p>\n","protected":false},"excerpt":{"rendered":"Atgrie\u0161ana J\u016bs varat \u0113rti atgriezt preci m\u016bsu tie\u0161saistes veikal\u0101. Lai to izdar\u012btu, aizpildiet \u0161o pieteikumu. taganemise-avaldus_LV . taganemise-avaldus-Felistella Pirc\u0113jam ir ties\u012bbas atteikties no pirkuma 14 dienu laik\u0101 p\u0113c pas\u016bt\u012bjuma sa\u0146em\u0161anas. Izmaksas, kas saist\u012btas ar pre\u010du nos\u016bt\u012b\u0161anu p\u0101rdev\u0113jam, sedz pirc\u0113js, ja vien atgriezt\u0101s preces neatbilst pas\u016bt\u012btaj\u0101m (piem\u0113ram, nepareizas vai boj\u0101tas preces). \u0160\u0101d\u0101 gad\u012bjum\u0101 m\u0113s nos\u016bt\u012bsim jums [&hellip;]","protected":false},"author":3,"featured_media":0,"parent":0,"menu_order":0,"comment_status":"closed","ping_status":"closed","template":"","meta":{"_acf_changed":false,"footnotes":""},"class_list":["post-32602","page","type-page","status-publish","hentry"],"acf":[],"yoast_head":"<!-- This site is optimized with the Yoast SEO plugin v27.4 - https:\/\/yoast.com\/product\/yoast-seo-wordpress\/ -->\n<title>Atgrie\u0161ana - Kirjastus Felistella<\/title>\n<meta name=\"robots\" content=\"index, follow, max-snippet:-1, max-image-preview:large, max-video-preview:-1\" \/>\n<link rel=\"canonical\" href=\"https:\/\/felistella.eu\/lv\/atgriesana\/\" \/>\n<meta property=\"og:locale\" content=\"lv_LV\" \/>\n<meta property=\"og:type\" content=\"article\" \/>\n<meta property=\"og:title\" content=\"Atgrie\u0161ana - Kirjastus Felistella\" \/>\n<meta property=\"og:description\" content=\"Atgrie\u0161ana J\u016bs varat \u0113rti atgriezt preci m\u016bsu tie\u0161saistes veikal\u0101. Lai to izdar\u012btu, aizpildiet \u0161o pieteikumu. taganemise-avaldus_LV . taganemise-avaldus-Felistella Pirc\u0113jam ir ties\u012bbas atteikties no pirkuma 14 dienu laik\u0101 p\u0113c pas\u016bt\u012bjuma sa\u0146em\u0161anas. Izmaksas, kas saist\u012btas ar pre\u010du nos\u016bt\u012b\u0161anu p\u0101rdev\u0113jam, sedz pirc\u0113js, ja vien atgriezt\u0101s preces neatbilst pas\u016bt\u012btaj\u0101m (piem\u0113ram, nepareizas vai boj\u0101tas preces). \u0160\u0101d\u0101 gad\u012bjum\u0101 m\u0113s nos\u016bt\u012bsim jums [&hellip;]\" \/>\n<meta property=\"og:url\" content=\"https:\/\/felistella.eu\/lv\/atgriesana\/\" \/>\n<meta property=\"og:site_name\" content=\"Kirjastus Felistella\" \/>\n<meta property=\"article:modified_time\" content=\"2024-07-10T06:01:40+00:00\" \/>\n<meta name=\"twitter:card\" content=\"summary_large_image\" \/>\n<meta name=\"twitter:label1\" content=\"Est. reading time\" \/>\n\t<meta name=\"twitter:data1\" content=\"1 minute\" \/>\n<script type=\"application\/ld+json\" class=\"yoast-schema-graph\">{\"@context\":\"https:\\\/\\\/schema.org\",\"@graph\":[{\"@type\":\"WebPage\",\"@id\":\"https:\\\/\\\/felistella.eu\\\/lv\\\/atgriesana\\\/\",\"url\":\"https:\\\/\\\/felistella.eu\\\/lv\\\/atgriesana\\\/\",\"name\":\"Atgrie\u0161ana - Kirjastus Felistella\",\"isPartOf\":{\"@id\":\"https:\\\/\\\/felistella.eu\\\/lv\\\/#website\"},\"datePublished\":\"2020-06-25T14:28:49+00:00\",\"dateModified\":\"2024-07-10T06:01:40+00:00\",\"breadcrumb\":{\"@id\":\"https:\\\/\\\/felistella.eu\\\/lv\\\/atgriesana\\\/#breadcrumb\"},\"inLanguage\":\"lv-LV\",\"potentialAction\":[{\"@type\":\"ReadAction\",\"target\":[\"https:\\\/\\\/felistella.eu\\\/lv\\\/atgriesana\\\/\"]}]},{\"@type\":\"BreadcrumbList\",\"@id\":\"https:\\\/\\\/felistella.eu\\\/lv\\\/atgriesana\\\/#breadcrumb\",\"itemListElement\":[{\"@type\":\"ListItem\",\"position\":1,\"name\":\"Avaleht\",\"item\":\"https:\\\/\\\/felistella.eu\\\/lv\\\/\"},{\"@type\":\"ListItem\",\"position\":2,\"name\":\"Atgrie\u0161ana\"}]},{\"@type\":\"WebSite\",\"@id\":\"https:\\\/\\\/felistella.eu\\\/lv\\\/#website\",\"url\":\"https:\\\/\\\/felistella.eu\\\/lv\\\/\",\"name\":\"Kirjastus Felistella\",\"description\":\"e-pood\",\"potentialAction\":[{\"@type\":\"SearchAction\",\"target\":{\"@type\":\"EntryPoint\",\"urlTemplate\":\"https:\\\/\\\/felistella.eu\\\/lv\\\/?s={search_term_string}\"},\"query-input\":{\"@type\":\"PropertyValueSpecification\",\"valueRequired\":true,\"valueName\":\"search_term_string\"}}],\"inLanguage\":\"lv-LV\"}]}<\/script>\n<!-- \/ Yoast SEO plugin. -->","yoast_head_json":{"title":"Atgrie\u0161ana - Kirjastus Felistella","robots":{"index":"index","follow":"follow","max-snippet":"max-snippet:-1","max-image-preview":"max-image-preview:large","max-video-preview":"max-video-preview:-1"},"canonical":"https:\/\/felistella.eu\/lv\/atgriesana\/","og_locale":"lv_LV","og_type":"article","og_title":"Atgrie\u0161ana - Kirjastus Felistella","og_description":"Atgrie\u0161ana J\u016bs varat \u0113rti atgriezt preci m\u016bsu tie\u0161saistes veikal\u0101. Lai to izdar\u012btu, aizpildiet \u0161o pieteikumu. taganemise-avaldus_LV . taganemise-avaldus-Felistella Pirc\u0113jam ir ties\u012bbas atteikties no pirkuma 14 dienu laik\u0101 p\u0113c pas\u016bt\u012bjuma sa\u0146em\u0161anas. Izmaksas, kas saist\u012btas ar pre\u010du nos\u016bt\u012b\u0161anu p\u0101rdev\u0113jam, sedz pirc\u0113js, ja vien atgriezt\u0101s preces neatbilst pas\u016bt\u012btaj\u0101m (piem\u0113ram, nepareizas vai boj\u0101tas preces). \u0160\u0101d\u0101 gad\u012bjum\u0101 m\u0113s nos\u016bt\u012bsim jums [&hellip;]","og_url":"https:\/\/felistella.eu\/lv\/atgriesana\/","og_site_name":"Kirjastus Felistella","article_modified_time":"2024-07-10T06:01:40+00:00","twitter_card":"summary_large_image","twitter_misc":{"Est. reading time":"1 minute"},"schema":{"@context":"https:\/\/schema.org","@graph":[{"@type":"WebPage","@id":"https:\/\/felistella.eu\/lv\/atgriesana\/","url":"https:\/\/felistella.eu\/lv\/atgriesana\/","name":"Atgrie\u0161ana - Kirjastus Felistella","isPartOf":{"@id":"https:\/\/felistella.eu\/lv\/#website"},"datePublished":"2020-06-25T14:28:49+00:00","dateModified":"2024-07-10T06:01:40+00:00","breadcrumb":{"@id":"https:\/\/felistella.eu\/lv\/atgriesana\/#breadcrumb"},"inLanguage":"lv-LV","potentialAction":[{"@type":"ReadAction","target":["https:\/\/felistella.eu\/lv\/atgriesana\/"]}]},{"@type":"BreadcrumbList","@id":"https:\/\/felistella.eu\/lv\/atgriesana\/#breadcrumb","itemListElement":[{"@type":"ListItem","position":1,"name":"Avaleht","item":"https:\/\/felistella.eu\/lv\/"},{"@type":"ListItem","position":2,"name":"Atgrie\u0161ana"}]},{"@type":"WebSite","@id":"https:\/\/felistella.eu\/lv\/#website","url":"https:\/\/felistella.eu\/lv\/","name":"Kirjastus Felistella","description":"e-pood","potentialAction":[{"@type":"SearchAction","target":{"@type":"EntryPoint","urlTemplate":"https:\/\/felistella.eu\/lv\/?s={search_term_string}"},"query-input":{"@type":"PropertyValueSpecification","valueRequired":true,"valueName":"search_term_string"}}],"inLanguage":"lv-LV"}]}},"_links":{"self":[{"href":"https:\/\/felistella.eu\/lv\/wp-json\/wp\/v2\/pages\/32602","targetHints":{"allow":["GET"]}}],"collection":[{"href":"https:\/\/felistella.eu\/lv\/wp-json\/wp\/v2\/pages"}],"about":[{"href":"https:\/\/felistella.eu\/lv\/wp-json\/wp\/v2\/types\/page"}],"author":[{"embeddable":true,"href":"https:\/\/felistella.eu\/lv\/wp-json\/wp\/v2\/users\/3"}],"replies":[{"embeddable":true,"href":"https:\/\/felistella.eu\/lv\/wp-json\/wp\/v2\/comments?post=32602"}],"version-history":[{"count":0,"href":"https:\/\/felistella.eu\/lv\/wp-json\/wp\/v2\/pages\/32602\/revisions"}],"wp:attachment":[{"href":"https:\/\/felistella.eu\/lv\/wp-json\/wp\/v2\/media?parent=32602"}],"curies":[{"name":"wp","href":"https:\/\/api.w.org\/{rel}","templated":true}]}}