{"id":32605,"date":"2020-07-12T20:26:12","date_gmt":"2020-07-12T17:26:12","guid":{"rendered":"https:\/\/felistella.eu\/?page_id=32605"},"modified":"2024-07-09T12:21:18","modified_gmt":"2024-07-09T09:21:18","slug":"ka-pirkt","status":"publish","type":"page","link":"https:\/\/felistella.eu\/lv\/ka-pirkt\/","title":{"rendered":"K\u0101 pirkt?"},"content":{"rendered":"<h1>K\u0101 pirkt?<\/h1>\n<p class=\"p2\"><b>Lai b\u016btu v\u0113l saprotam\u0101k, s\u012bk\u0101k paskaidrosim pirkuma veik\u0161anas posmus:<\/b><\/p>\n<h2 class=\"p4\">1. Pievienot grozam<\/h2>\n<p class=\"p2\">Izv\u0113lieties v\u0113lamo preci, nor\u0101diet daudzumu un pievienojiet preci <b>grozam<\/b> (katr\u0101 preces lap\u0101 ir poga).<\/p>\n<p class=\"p2\">Izv\u0113lieties \u201cGrozs\u201d, lai apskat\u012btu atlas\u012bt\u0101s preces. Ja v\u0113laties, varat main\u012bt groz\u0101 eso\u0161o pre\u010du skaitu, nospie\u017eot <b>+\/-<\/b> pogas, vai dz\u0113st preces, nospie\u017eot <b>\u201cDz\u0113st\u201d<\/b>. Ja jums ir atlaides kods, varat to ievad\u012bt attiec\u012bgaj\u0101 lauk\u0101.<\/p>\n<p class=\"p2\">Groza saturs tiek saglab\u0101ts pat tad, kad atst\u0101jat grozu vai aizverat p\u0101rl\u016bkprogrammu.<\/p>\n<h2 class=\"p4\">2. Noform\u0113t pas\u016bt\u012bjumu<\/h2>\n<p class=\"p2\">Veiciet identifik\u0101ciju, izmantojot lietot\u0101jv\u0101rdu un paroli. Ja jums v\u0113l nav konta, varat <span class=\"s1\">to izveidot <a href=\"https:\/\/felistella.eu\/lv\/my-account\/\">\u0161eit<\/a><\/span>. Re\u0123istr\u0101cija ir \u0101tra un vienk\u0101r\u0161a, un j\u016bs varat redz\u0113t savus iepriek\u0161\u0113jos pas\u016bt\u012bjumus. Turkl\u0101t visu vajadz\u012bgo inform\u0101ciju ievad\u012bsiet tikai vienu reizi, un v\u0113l\u0101k t\u0101 neb\u016bs j\u0101atk\u0101rto.<\/p>\n<p class=\"p2\">Ja v\u0113laties ieg\u0101d\u0101ties preci k\u0101 viesis, l\u016bdzu, aizpildiet nepiecie\u0161amos laukus un varat turpin\u0101t.<\/p>\n<h2 class=\"p4\">3. Veikt pas\u016bt\u012bjumu<\/h2>\n<p class=\"p2\"><b>Izv\u0113lieties piem\u0113rotu pieg\u0101des veidu:<\/b><\/p>\n<ul class=\"ul1\">\n<li class=\"li2\"><i>Smartpost<\/i>\u00a0pakom\u0101ts<\/li>\n<li class=\"li2\"><i>DPD<\/i> pakom\u0101ts<\/li>\n<li class=\"li2\"><i>Venipak<\/i> pakom\u0101ts<\/li>\n<li class=\"li2\"><i>Venipak<\/i> kurjers<\/li>\n<li class=\"li2\"><i>Venipak<\/i> pieg\u0101des punkts<\/li>\n<\/ul>\n<p class=\"p2\">S\u012bk\u0101ku inform\u0101ciju par pieg\u0101des iesp\u0113j\u0101m varat atrast <a href=\"https:\/\/felistella.eu\/lv\/piegade\/\"><span class=\"s1\">\u0161eit<\/span><\/a>.<\/p>\n<p class=\"p2\"><strong>Izv\u0113lieties piem\u0113rotu apmaksas veidu:<\/strong><\/p>\n<ul class=\"ul1\">\n<li class=\"li2\">Bankas saite<\/li>\n<li class=\"li2\">Kred\u012btkarte<\/li>\n<li class=\"li2\"><i>Apple Pay<\/i><\/li>\n<\/ul>\n<p class=\"p2\">Ja visi lauki pas\u016bt\u012bjuma noform\u0113\u0161anas lap\u0101 ir aizpild\u012bti, iesak\u0101m izlas\u012bt <a href=\"https:\/\/felistella.eu\/lv\/standarta-nosacijumi\/\"><span class=\"s1\">standarta nosac\u012bjumus<\/span><\/a>. P\u0113c tam, kad esat tiem sniedzis piekri\u0161anu, atliek tikai noklik\u0161\u0137in\u0101t uz pogas \u201cVeikt pas\u016bt\u012bjumu\u201d, un pirkums ir pabeigts!<\/p>\n<p class=\"p2\">Pas\u016bt\u012bjums jums tiks pieg\u0101d\u0101ts, izmantojot izv\u0113l\u0113to pieg\u0101des veidu, tikl\u012bdz b\u016bs sa\u0146emts maks\u0101jums.<\/p>\n","protected":false},"excerpt":{"rendered":"K\u0101 pirkt? Lai b\u016btu v\u0113l saprotam\u0101k, s\u012bk\u0101k paskaidrosim pirkuma veik\u0161anas posmus: 1. Pievienot grozam Izv\u0113lieties v\u0113lamo preci, nor\u0101diet daudzumu un pievienojiet preci grozam (katr\u0101 preces lap\u0101 ir poga). Izv\u0113lieties \u201cGrozs\u201d, lai apskat\u012btu atlas\u012bt\u0101s preces. Ja v\u0113laties, varat main\u012bt groz\u0101 eso\u0161o pre\u010du skaitu, nospie\u017eot +\/- pogas, vai dz\u0113st preces, nospie\u017eot \u201cDz\u0113st\u201d. Ja jums ir atlaides kods, [&hellip;]","protected":false},"author":3,"featured_media":0,"parent":0,"menu_order":0,"comment_status":"closed","ping_status":"closed","template":"","meta":{"_acf_changed":false,"footnotes":""},"class_list":["post-32605","page","type-page","status-publish","hentry"],"acf":[],"yoast_head":"<!-- This site is optimized with the Yoast SEO plugin v27.5 - https:\/\/yoast.com\/product\/yoast-seo-wordpress\/ -->\n<title>K\u0101 pirkt? - Kirjastus Felistella<\/title>\n<meta name=\"robots\" content=\"index, follow, max-snippet:-1, max-image-preview:large, max-video-preview:-1\" \/>\n<link rel=\"canonical\" href=\"https:\/\/felistella.eu\/lv\/ka-pirkt\/\" \/>\n<meta property=\"og:locale\" content=\"lv_LV\" \/>\n<meta property=\"og:type\" content=\"article\" \/>\n<meta property=\"og:title\" content=\"K\u0101 pirkt? - Kirjastus Felistella\" \/>\n<meta property=\"og:description\" content=\"K\u0101 pirkt? Lai b\u016btu v\u0113l saprotam\u0101k, s\u012bk\u0101k paskaidrosim pirkuma veik\u0161anas posmus: 1. Pievienot grozam Izv\u0113lieties v\u0113lamo preci, nor\u0101diet daudzumu un pievienojiet preci grozam (katr\u0101 preces lap\u0101 ir poga). Izv\u0113lieties \u201cGrozs\u201d, lai apskat\u012btu atlas\u012bt\u0101s preces. Ja v\u0113laties, varat main\u012bt groz\u0101 eso\u0161o pre\u010du skaitu, nospie\u017eot +\/- pogas, vai dz\u0113st preces, nospie\u017eot \u201cDz\u0113st\u201d. Ja jums ir atlaides kods, [&hellip;]\" \/>\n<meta property=\"og:url\" content=\"https:\/\/felistella.eu\/lv\/ka-pirkt\/\" \/>\n<meta property=\"og:site_name\" content=\"Kirjastus Felistella\" \/>\n<meta property=\"article:modified_time\" content=\"2024-07-09T09:21:18+00:00\" \/>\n<meta name=\"twitter:card\" content=\"summary_large_image\" \/>\n<meta name=\"twitter:label1\" content=\"Est. reading time\" \/>\n\t<meta name=\"twitter:data1\" content=\"2 minutes\" \/>\n<script type=\"application\/ld+json\" class=\"yoast-schema-graph\">{\"@context\":\"https:\\\/\\\/schema.org\",\"@graph\":[{\"@type\":\"WebPage\",\"@id\":\"https:\\\/\\\/felistella.eu\\\/lv\\\/ka-pirkt\\\/\",\"url\":\"https:\\\/\\\/felistella.eu\\\/lv\\\/ka-pirkt\\\/\",\"name\":\"K\u0101 pirkt? - Kirjastus Felistella\",\"isPartOf\":{\"@id\":\"https:\\\/\\\/felistella.eu\\\/lv\\\/#website\"},\"datePublished\":\"2020-07-12T17:26:12+00:00\",\"dateModified\":\"2024-07-09T09:21:18+00:00\",\"breadcrumb\":{\"@id\":\"https:\\\/\\\/felistella.eu\\\/lv\\\/ka-pirkt\\\/#breadcrumb\"},\"inLanguage\":\"lv-LV\",\"potentialAction\":[{\"@type\":\"ReadAction\",\"target\":[\"https:\\\/\\\/felistella.eu\\\/lv\\\/ka-pirkt\\\/\"]}]},{\"@type\":\"BreadcrumbList\",\"@id\":\"https:\\\/\\\/felistella.eu\\\/lv\\\/ka-pirkt\\\/#breadcrumb\",\"itemListElement\":[{\"@type\":\"ListItem\",\"position\":1,\"name\":\"Avaleht\",\"item\":\"https:\\\/\\\/felistella.eu\\\/lv\\\/\"},{\"@type\":\"ListItem\",\"position\":2,\"name\":\"K\u0101 pirkt?\"}]},{\"@type\":\"WebSite\",\"@id\":\"https:\\\/\\\/felistella.eu\\\/lv\\\/#website\",\"url\":\"https:\\\/\\\/felistella.eu\\\/lv\\\/\",\"name\":\"Kirjastus Felistella\",\"description\":\"e-pood\",\"potentialAction\":[{\"@type\":\"SearchAction\",\"target\":{\"@type\":\"EntryPoint\",\"urlTemplate\":\"https:\\\/\\\/felistella.eu\\\/lv\\\/?s={search_term_string}\"},\"query-input\":{\"@type\":\"PropertyValueSpecification\",\"valueRequired\":true,\"valueName\":\"search_term_string\"}}],\"inLanguage\":\"lv-LV\"}]}<\/script>\n<!-- \/ Yoast SEO plugin. -->","yoast_head_json":{"title":"K\u0101 pirkt? - Kirjastus Felistella","robots":{"index":"index","follow":"follow","max-snippet":"max-snippet:-1","max-image-preview":"max-image-preview:large","max-video-preview":"max-video-preview:-1"},"canonical":"https:\/\/felistella.eu\/lv\/ka-pirkt\/","og_locale":"lv_LV","og_type":"article","og_title":"K\u0101 pirkt? - Kirjastus Felistella","og_description":"K\u0101 pirkt? Lai b\u016btu v\u0113l saprotam\u0101k, s\u012bk\u0101k paskaidrosim pirkuma veik\u0161anas posmus: 1. Pievienot grozam Izv\u0113lieties v\u0113lamo preci, nor\u0101diet daudzumu un pievienojiet preci grozam (katr\u0101 preces lap\u0101 ir poga). Izv\u0113lieties \u201cGrozs\u201d, lai apskat\u012btu atlas\u012bt\u0101s preces. Ja v\u0113laties, varat main\u012bt groz\u0101 eso\u0161o pre\u010du skaitu, nospie\u017eot +\/- pogas, vai dz\u0113st preces, nospie\u017eot \u201cDz\u0113st\u201d. Ja jums ir atlaides kods, [&hellip;]","og_url":"https:\/\/felistella.eu\/lv\/ka-pirkt\/","og_site_name":"Kirjastus Felistella","article_modified_time":"2024-07-09T09:21:18+00:00","twitter_card":"summary_large_image","twitter_misc":{"Est. reading time":"2 minutes"},"schema":{"@context":"https:\/\/schema.org","@graph":[{"@type":"WebPage","@id":"https:\/\/felistella.eu\/lv\/ka-pirkt\/","url":"https:\/\/felistella.eu\/lv\/ka-pirkt\/","name":"K\u0101 pirkt? - Kirjastus Felistella","isPartOf":{"@id":"https:\/\/felistella.eu\/lv\/#website"},"datePublished":"2020-07-12T17:26:12+00:00","dateModified":"2024-07-09T09:21:18+00:00","breadcrumb":{"@id":"https:\/\/felistella.eu\/lv\/ka-pirkt\/#breadcrumb"},"inLanguage":"lv-LV","potentialAction":[{"@type":"ReadAction","target":["https:\/\/felistella.eu\/lv\/ka-pirkt\/"]}]},{"@type":"BreadcrumbList","@id":"https:\/\/felistella.eu\/lv\/ka-pirkt\/#breadcrumb","itemListElement":[{"@type":"ListItem","position":1,"name":"Avaleht","item":"https:\/\/felistella.eu\/lv\/"},{"@type":"ListItem","position":2,"name":"K\u0101 pirkt?"}]},{"@type":"WebSite","@id":"https:\/\/felistella.eu\/lv\/#website","url":"https:\/\/felistella.eu\/lv\/","name":"Kirjastus Felistella","description":"e-pood","potentialAction":[{"@type":"SearchAction","target":{"@type":"EntryPoint","urlTemplate":"https:\/\/felistella.eu\/lv\/?s={search_term_string}"},"query-input":{"@type":"PropertyValueSpecification","valueRequired":true,"valueName":"search_term_string"}}],"inLanguage":"lv-LV"}]}},"_links":{"self":[{"href":"https:\/\/felistella.eu\/lv\/wp-json\/wp\/v2\/pages\/32605","targetHints":{"allow":["GET"]}}],"collection":[{"href":"https:\/\/felistella.eu\/lv\/wp-json\/wp\/v2\/pages"}],"about":[{"href":"https:\/\/felistella.eu\/lv\/wp-json\/wp\/v2\/types\/page"}],"author":[{"embeddable":true,"href":"https:\/\/felistella.eu\/lv\/wp-json\/wp\/v2\/users\/3"}],"replies":[{"embeddable":true,"href":"https:\/\/felistella.eu\/lv\/wp-json\/wp\/v2\/comments?post=32605"}],"version-history":[{"count":0,"href":"https:\/\/felistella.eu\/lv\/wp-json\/wp\/v2\/pages\/32605\/revisions"}],"wp:attachment":[{"href":"https:\/\/felistella.eu\/lv\/wp-json\/wp\/v2\/media?parent=32605"}],"curies":[{"name":"wp","href":"https:\/\/api.w.org\/{rel}","templated":true}]}}