{"id":32662,"date":"2018-11-22T04:11:07","date_gmt":"2018-11-22T02:11:07","guid":{"rendered":"https:\/\/felistella.eu\/contact-us\/"},"modified":"2024-11-06T11:06:53","modified_gmt":"2024-11-06T09:06:53","slug":"contact-us","status":"publish","type":"page","link":"https:\/\/felistella.eu\/lv\/contact-us\/","title":{"rendered":"Kontakti"},"content":{"rendered":"<h4>Adrese<\/h4>\n<p>Pikk 9, Tallina<br \/>\n10123, Harjumaa<br \/>\nIgaunija<\/p>\n<h4><span data-sheets-root=\"1\" data-sheets-value=\"{&quot;1&quot;:2,&quot;2&quot;:&quot;E-veikala klientu atbalsts&quot;}\" data-sheets-userformat=\"{&quot;2&quot;:7041,&quot;3&quot;:{&quot;1&quot;:0},&quot;10&quot;:2,&quot;11&quot;:0,&quot;12&quot;:0,&quot;14&quot;:{&quot;1&quot;:2,&quot;2&quot;:0},&quot;15&quot;:&quot;Arial, sans-serif&quot;}\">E-veikala klientu atbalsts<\/span><\/h4>\n<p>T\u0101lrunis: (+372) 55 199 09<br \/>\nZvaniem atbild P-Pk 10.00-17.00<br \/>\nE-pasts: <a href=\"mailto:epood@felistella.eu\">epood@felistella.eu<\/a><br \/>\nKlientu atbalsta dienests ir pieejams krievu un ang\u013cu valod\u0101.<\/p>\n<h4><span data-sheets-root=\"1\" data-sheets-value=\"{&quot;1&quot;:2,&quot;2&quot;:&quot;Cita kontaktinform\u0101cija&quot;}\" data-sheets-userformat=\"{&quot;2&quot;:7041,&quot;3&quot;:{&quot;1&quot;:0},&quot;10&quot;:2,&quot;11&quot;:0,&quot;12&quot;:0,&quot;14&quot;:{&quot;1&quot;:2,&quot;2&quot;:0},&quot;15&quot;:&quot;Arial, sans-serif&quot;}\">Cita kontaktinform\u0101cija<\/span><\/h4>\n<p>Vairumtirdzniec\u012bba, sadarb\u012bbas pied\u0101v\u0101jumi<br \/>\nE-pasts: <a href=\"mailto:info@felistella.eu\">info@felistella.eu<\/a><br \/>\nFelistella O\u00dc<br \/>\nReg.nr.: 12018979<br \/>\nPVN numurs: EE101410036<\/p>\n","protected":false},"excerpt":{"rendered":"Adrese Pikk 9, Tallina 10123, Harjumaa Igaunija E-veikala klientu atbalsts T\u0101lrunis: (+372) 55 199 09 Zvaniem atbild P-Pk 10.00-17.00 E-pasts: epood@felistella.eu Klientu atbalsta dienests ir pieejams krievu un ang\u013cu valod\u0101. Cita kontaktinform\u0101cija Vairumtirdzniec\u012bba, sadarb\u012bbas pied\u0101v\u0101jumi E-pasts: info@felistella.eu Felistella O\u00dc Reg.nr.: 12018979 PVN numurs: EE101410036","protected":false},"author":1,"featured_media":0,"parent":0,"menu_order":0,"comment_status":"closed","ping_status":"closed","template":"page-templates\/template-contact.php","meta":{"_acf_changed":false,"footnotes":""},"class_list":["post-32662","page","type-page","status-publish","hentry"],"acf":[],"yoast_head":"<!-- This site is optimized with the Yoast SEO plugin v27.2 - https:\/\/yoast.com\/product\/yoast-seo-wordpress\/ -->\n<title>Kontakti - Kirjastus Felistella<\/title>\n<meta name=\"robots\" content=\"index, follow, max-snippet:-1, max-image-preview:large, max-video-preview:-1\" \/>\n<link rel=\"canonical\" href=\"https:\/\/felistella.eu\/lv\/contact-us\/\" \/>\n<meta property=\"og:locale\" content=\"lv_LV\" \/>\n<meta property=\"og:type\" content=\"article\" \/>\n<meta property=\"og:title\" content=\"Kontakti - Kirjastus Felistella\" \/>\n<meta property=\"og:description\" content=\"Adrese Pikk 9, Tallina 10123, Harjumaa Igaunija E-veikala klientu atbalsts T\u0101lrunis: (+372) 55 199 09 Zvaniem atbild P-Pk 10.00-17.00 E-pasts: epood@felistella.eu Klientu atbalsta dienests ir pieejams krievu un ang\u013cu valod\u0101. Cita kontaktinform\u0101cija Vairumtirdzniec\u012bba, sadarb\u012bbas pied\u0101v\u0101jumi E-pasts: info@felistella.eu Felistella O\u00dc Reg.nr.: 12018979 PVN numurs: EE101410036\" \/>\n<meta property=\"og:url\" content=\"https:\/\/felistella.eu\/lv\/contact-us\/\" \/>\n<meta property=\"og:site_name\" content=\"Kirjastus Felistella\" \/>\n<meta property=\"article:modified_time\" content=\"2024-11-06T09:06:53+00:00\" \/>\n<meta name=\"twitter:card\" content=\"summary_large_image\" \/>\n<meta name=\"twitter:label1\" content=\"Est. reading time\" \/>\n\t<meta name=\"twitter:data1\" content=\"1 minute\" \/>\n<script type=\"application\/ld+json\" class=\"yoast-schema-graph\">{\"@context\":\"https:\/\/schema.org\",\"@graph\":[{\"@type\":\"WebPage\",\"@id\":\"https:\/\/felistella.eu\/lv\/contact-us\/\",\"url\":\"https:\/\/felistella.eu\/lv\/contact-us\/\",\"name\":\"Kontakti - Kirjastus Felistella\",\"isPartOf\":{\"@id\":\"https:\/\/felistella.eu\/lv\/#website\"},\"datePublished\":\"2018-11-22T02:11:07+00:00\",\"dateModified\":\"2024-11-06T09:06:53+00:00\",\"breadcrumb\":{\"@id\":\"https:\/\/felistella.eu\/lv\/contact-us\/#breadcrumb\"},\"inLanguage\":\"lv-LV\",\"potentialAction\":[{\"@type\":\"ReadAction\",\"target\":[\"https:\/\/felistella.eu\/lv\/contact-us\/\"]}]},{\"@type\":\"BreadcrumbList\",\"@id\":\"https:\/\/felistella.eu\/lv\/contact-us\/#breadcrumb\",\"itemListElement\":[{\"@type\":\"ListItem\",\"position\":1,\"name\":\"Avaleht\",\"item\":\"https:\/\/felistella.eu\/lv\/\"},{\"@type\":\"ListItem\",\"position\":2,\"name\":\"Kontakti\"}]},{\"@type\":\"WebSite\",\"@id\":\"https:\/\/felistella.eu\/lv\/#website\",\"url\":\"https:\/\/felistella.eu\/lv\/\",\"name\":\"Kirjastus Felistella\",\"description\":\"e-pood\",\"potentialAction\":[{\"@type\":\"SearchAction\",\"target\":{\"@type\":\"EntryPoint\",\"urlTemplate\":\"https:\/\/felistella.eu\/lv\/?s={search_term_string}\"},\"query-input\":{\"@type\":\"PropertyValueSpecification\",\"valueRequired\":true,\"valueName\":\"search_term_string\"}}],\"inLanguage\":\"lv-LV\"}]}<\/script>\n<!-- \/ Yoast SEO plugin. -->","yoast_head_json":{"title":"Kontakti - Kirjastus Felistella","robots":{"index":"index","follow":"follow","max-snippet":"max-snippet:-1","max-image-preview":"max-image-preview:large","max-video-preview":"max-video-preview:-1"},"canonical":"https:\/\/felistella.eu\/lv\/contact-us\/","og_locale":"lv_LV","og_type":"article","og_title":"Kontakti - Kirjastus Felistella","og_description":"Adrese Pikk 9, Tallina 10123, Harjumaa Igaunija E-veikala klientu atbalsts T\u0101lrunis: (+372) 55 199 09 Zvaniem atbild P-Pk 10.00-17.00 E-pasts: epood@felistella.eu Klientu atbalsta dienests ir pieejams krievu un ang\u013cu valod\u0101. Cita kontaktinform\u0101cija Vairumtirdzniec\u012bba, sadarb\u012bbas pied\u0101v\u0101jumi E-pasts: info@felistella.eu Felistella O\u00dc Reg.nr.: 12018979 PVN numurs: EE101410036","og_url":"https:\/\/felistella.eu\/lv\/contact-us\/","og_site_name":"Kirjastus Felistella","article_modified_time":"2024-11-06T09:06:53+00:00","twitter_card":"summary_large_image","twitter_misc":{"Est. reading time":"1 minute"},"schema":{"@context":"https:\/\/schema.org","@graph":[{"@type":"WebPage","@id":"https:\/\/felistella.eu\/lv\/contact-us\/","url":"https:\/\/felistella.eu\/lv\/contact-us\/","name":"Kontakti - Kirjastus Felistella","isPartOf":{"@id":"https:\/\/felistella.eu\/lv\/#website"},"datePublished":"2018-11-22T02:11:07+00:00","dateModified":"2024-11-06T09:06:53+00:00","breadcrumb":{"@id":"https:\/\/felistella.eu\/lv\/contact-us\/#breadcrumb"},"inLanguage":"lv-LV","potentialAction":[{"@type":"ReadAction","target":["https:\/\/felistella.eu\/lv\/contact-us\/"]}]},{"@type":"BreadcrumbList","@id":"https:\/\/felistella.eu\/lv\/contact-us\/#breadcrumb","itemListElement":[{"@type":"ListItem","position":1,"name":"Avaleht","item":"https:\/\/felistella.eu\/lv\/"},{"@type":"ListItem","position":2,"name":"Kontakti"}]},{"@type":"WebSite","@id":"https:\/\/felistella.eu\/lv\/#website","url":"https:\/\/felistella.eu\/lv\/","name":"Kirjastus Felistella","description":"e-pood","potentialAction":[{"@type":"SearchAction","target":{"@type":"EntryPoint","urlTemplate":"https:\/\/felistella.eu\/lv\/?s={search_term_string}"},"query-input":{"@type":"PropertyValueSpecification","valueRequired":true,"valueName":"search_term_string"}}],"inLanguage":"lv-LV"}]}},"_links":{"self":[{"href":"https:\/\/felistella.eu\/lv\/wp-json\/wp\/v2\/pages\/32662","targetHints":{"allow":["GET"]}}],"collection":[{"href":"https:\/\/felistella.eu\/lv\/wp-json\/wp\/v2\/pages"}],"about":[{"href":"https:\/\/felistella.eu\/lv\/wp-json\/wp\/v2\/types\/page"}],"author":[{"embeddable":true,"href":"https:\/\/felistella.eu\/lv\/wp-json\/wp\/v2\/users\/1"}],"replies":[{"embeddable":true,"href":"https:\/\/felistella.eu\/lv\/wp-json\/wp\/v2\/comments?post=32662"}],"version-history":[{"count":0,"href":"https:\/\/felistella.eu\/lv\/wp-json\/wp\/v2\/pages\/32662\/revisions"}],"wp:attachment":[{"href":"https:\/\/felistella.eu\/lv\/wp-json\/wp\/v2\/media?parent=32662"}],"curies":[{"name":"wp","href":"https:\/\/api.w.org\/{rel}","templated":true}]}}