{"id":33004,"date":"2020-05-06T12:05:12","date_gmt":"2020-05-06T09:05:12","guid":{"rendered":"https:\/\/felistella.eu\/product\/markmik-aurora\/"},"modified":"2026-01-20T11:06:06","modified_gmt":"2026-01-20T09:06:06","slug":"markmik-aurora","status":"publish","type":"product","link":"https:\/\/felistella.eu\/lv\/prece\/markmik-aurora\/","title":{"rendered":"L\u012bniju bloknots &#8220;Aurora&#8221;"},"content":{"rendered":"<p>Mirk\u013cos pirms saull\u0113kta visa zeme norimst, gaidot r\u012btausmas dievietes Auroras atn\u0101k\u0161anu. Ar varav\u012bksnes kr\u0101s\u0101m vi\u0146a efekt\u012bgi kr\u0101so debesis un m\u0101ko\u0146us, izgaismojot tos ar austo\u0161o sauli. Un jau par\u0101d\u0101s pirmais saules stars \u2013 s\u0101kas jauna diena. Vi\u0146a nenogursto\u0161i ce\u013co pa pasauli, bezgal\u012bg\u0101 cikl\u0101 gleznojot miljoniem saull\u0113ktu. Katrs saull\u0113kts iez\u012bm\u0113 v\u0113l vienu p\u0101rsteidzo\u0161u dienu. Dz\u012bve ir skaista!<\/p>\n","protected":false},"excerpt":{"rendered":"Mirk\u013cos pirms saull\u0113kta visa zeme norimst, gaidot r\u012btausmas dievietes Auroras atn\u0101k\u0161anu. Ar varav\u012bksnes kr\u0101s\u0101m vi\u0146a efekt\u012bgi kr\u0101so debesis un m\u0101ko\u0146us, izgaismojot tos ar austo\u0161o sauli. Un jau par\u0101d\u0101s pirmais saules stars \u2013 s\u0101kas jauna diena. Vi\u0146a nenogursto\u0161i ce\u013co pa pasauli, bezgal\u012bg\u0101 cikl\u0101 gleznojot miljoniem saull\u0113ktu. Katrs saull\u0113kts iez\u012bm\u0113 v\u0113l vienu p\u0101rsteidzo\u0161u dienu. Dz\u012bve ir skaista!","protected":false},"featured_media":27667,"comment_status":"open","ping_status":"closed","template":"","meta":{"_acf_changed":false},"pwb-brand":[],"product_brand":[],"product_cat":[94],"product_tag":[],"class_list":{"0":"post-33004","1":"product","2":"type-product","3":"status-publish","4":"has-post-thumbnail","6":"product_cat-markmikud","7":"pa_formaat-kovakaaneline","8":"book-author-josephine-wall","10":"first","11":"instock","12":"taxable","13":"shipping-taxable","14":"purchasable","15":"product-type-simple","16":"add-to-wishlist-before_image"},"acf":[],"yoast_head":"<!-- This site is optimized with the Yoast SEO plugin v27.3 - https:\/\/yoast.com\/product\/yoast-seo-wordpress\/ -->\n<title>L\u012bniju bloknots &quot;Aurora&quot; - Kirjastus Felistella<\/title>\n<meta name=\"description\" content=\"M\u00f5ni hetk enne p\u00e4ikese t\u00f5usu vaikib kogu maa Aurora, koidujumalanna tuleku ootel. Ta v\u00e4rvib taeva ja pilved efektselt vikerkaare-v\u00e4rviliseks, valgustades neid alt kohe-kohe t\u00f5usva p\u00e4ikesega. Ning juba ilmub esimene p\u00e4ikesekiir \u2014 algab uus p\u00e4ev. Ta reisib v\u00e4simatult \u00fcmber maailma, v\u00e4rvides l\u00f5putus ts\u00fcklis miljoneid p\u00e4ikeset\u00f5use. Iga t\u00f5us t\u00e4histab uut imelist p\u00e4eva. Elu on ilus!\" \/>\n<meta name=\"robots\" content=\"index, follow, max-snippet:-1, max-image-preview:large, max-video-preview:-1\" \/>\n<link rel=\"canonical\" href=\"https:\/\/felistella.eu\/lv\/prece\/markmik-aurora\/\" \/>\n<meta property=\"og:locale\" content=\"lv_LV\" \/>\n<meta property=\"og:type\" content=\"article\" \/>\n<meta property=\"og:title\" content=\"L\u012bniju bloknots &quot;Aurora&quot; - Kirjastus Felistella\" \/>\n<meta property=\"og:description\" content=\"M\u00f5ni hetk enne p\u00e4ikese t\u00f5usu vaikib kogu maa Aurora, koidujumalanna tuleku ootel. Ta v\u00e4rvib taeva ja pilved efektselt vikerkaare-v\u00e4rviliseks, valgustades neid alt kohe-kohe t\u00f5usva p\u00e4ikesega. Ning juba ilmub esimene p\u00e4ikesekiir \u2014 algab uus p\u00e4ev. Ta reisib v\u00e4simatult \u00fcmber maailma, v\u00e4rvides l\u00f5putus ts\u00fcklis miljoneid p\u00e4ikeset\u00f5use. Iga t\u00f5us t\u00e4histab uut imelist p\u00e4eva. Elu on ilus!\" \/>\n<meta property=\"og:url\" content=\"https:\/\/felistella.eu\/lv\/prece\/markmik-aurora\/\" \/>\n<meta property=\"og:site_name\" content=\"Kirjastus Felistella\" \/>\n<meta property=\"article:modified_time\" content=\"2026-01-20T09:06:06+00:00\" \/>\n<meta property=\"og:image\" content=\"https:\/\/FELISTELLA.EU\/wp-content\/uploads\/2022\/04\/Aurora-e1589669621509.jpg\" \/>\n\t<meta property=\"og:image:width\" content=\"429\" \/>\n\t<meta property=\"og:image:height\" content=\"600\" \/>\n\t<meta property=\"og:image:type\" content=\"image\/jpeg\" \/>\n<meta name=\"twitter:card\" content=\"summary_large_image\" \/>\n<meta name=\"twitter:label1\" content=\"Est. reading time\" \/>\n\t<meta name=\"twitter:data1\" content=\"1 minute\" \/>\n<script type=\"application\/ld+json\" class=\"yoast-schema-graph\">{\"@context\":\"https:\\\/\\\/schema.org\",\"@graph\":[{\"@type\":\"WebPage\",\"@id\":\"https:\\\/\\\/felistella.eu\\\/lv\\\/prece\\\/markmik-aurora\\\/\",\"url\":\"https:\\\/\\\/felistella.eu\\\/lv\\\/prece\\\/markmik-aurora\\\/\",\"name\":\"L\u012bniju bloknots \\\"Aurora\\\" - Kirjastus Felistella\",\"isPartOf\":{\"@id\":\"https:\\\/\\\/felistella.eu\\\/lv\\\/#website\"},\"primaryImageOfPage\":{\"@id\":\"https:\\\/\\\/felistella.eu\\\/lv\\\/prece\\\/markmik-aurora\\\/#primaryimage\"},\"image\":{\"@id\":\"https:\\\/\\\/felistella.eu\\\/lv\\\/prece\\\/markmik-aurora\\\/#primaryimage\"},\"thumbnailUrl\":\"https:\\\/\\\/FELISTELLA.EU\\\/wp-content\\\/uploads\\\/2022\\\/04\\\/Aurora-e1589669621509.jpg\",\"datePublished\":\"2020-05-06T09:05:12+00:00\",\"dateModified\":\"2026-01-20T09:06:06+00:00\",\"description\":\"M\u00f5ni hetk enne p\u00e4ikese t\u00f5usu vaikib kogu maa Aurora, koidujumalanna tuleku ootel. Ta v\u00e4rvib taeva ja pilved efektselt vikerkaare-v\u00e4rviliseks, valgustades neid alt kohe-kohe t\u00f5usva p\u00e4ikesega. Ning juba ilmub esimene p\u00e4ikesekiir \u2014 algab uus p\u00e4ev. Ta reisib v\u00e4simatult \u00fcmber maailma, v\u00e4rvides l\u00f5putus ts\u00fcklis miljoneid p\u00e4ikeset\u00f5use. Iga t\u00f5us t\u00e4histab uut imelist p\u00e4eva. Elu on ilus!\",\"breadcrumb\":{\"@id\":\"https:\\\/\\\/felistella.eu\\\/lv\\\/prece\\\/markmik-aurora\\\/#breadcrumb\"},\"inLanguage\":\"lv-LV\",\"potentialAction\":[{\"@type\":\"ReadAction\",\"target\":[\"https:\\\/\\\/felistella.eu\\\/lv\\\/prece\\\/markmik-aurora\\\/\"]}]},{\"@type\":\"ImageObject\",\"inLanguage\":\"lv-LV\",\"@id\":\"https:\\\/\\\/felistella.eu\\\/lv\\\/prece\\\/markmik-aurora\\\/#primaryimage\",\"url\":\"https:\\\/\\\/FELISTELLA.EU\\\/wp-content\\\/uploads\\\/2022\\\/04\\\/Aurora-e1589669621509.jpg\",\"contentUrl\":\"https:\\\/\\\/FELISTELLA.EU\\\/wp-content\\\/uploads\\\/2022\\\/04\\\/Aurora-e1589669621509.jpg\",\"width\":429,\"height\":600},{\"@type\":\"BreadcrumbList\",\"@id\":\"https:\\\/\\\/felistella.eu\\\/lv\\\/prece\\\/markmik-aurora\\\/#breadcrumb\",\"itemListElement\":[{\"@type\":\"ListItem\",\"position\":1,\"name\":\"Avaleht\",\"item\":\"https:\\\/\\\/felistella.eu\\\/lv\\\/\"},{\"@type\":\"ListItem\",\"position\":2,\"name\":\"Pood\",\"item\":\"https:\\\/\\\/felistella.eu\\\/pood\\\/\"},{\"@type\":\"ListItem\",\"position\":3,\"name\":\"L\u012bniju bloknots &#8220;Aurora&#8221;\"}]},{\"@type\":\"WebSite\",\"@id\":\"https:\\\/\\\/felistella.eu\\\/lv\\\/#website\",\"url\":\"https:\\\/\\\/felistella.eu\\\/lv\\\/\",\"name\":\"Kirjastus Felistella\",\"description\":\"e-pood\",\"potentialAction\":[{\"@type\":\"SearchAction\",\"target\":{\"@type\":\"EntryPoint\",\"urlTemplate\":\"https:\\\/\\\/felistella.eu\\\/lv\\\/?s={search_term_string}\"},\"query-input\":{\"@type\":\"PropertyValueSpecification\",\"valueRequired\":true,\"valueName\":\"search_term_string\"}}],\"inLanguage\":\"lv-LV\"}]}<\/script>\n<!-- \/ Yoast SEO plugin. -->","yoast_head_json":{"title":"L\u012bniju bloknots \"Aurora\" - Kirjastus Felistella","description":"M\u00f5ni hetk enne p\u00e4ikese t\u00f5usu vaikib kogu maa Aurora, koidujumalanna tuleku ootel. Ta v\u00e4rvib taeva ja pilved efektselt vikerkaare-v\u00e4rviliseks, valgustades neid alt kohe-kohe t\u00f5usva p\u00e4ikesega. Ning juba ilmub esimene p\u00e4ikesekiir \u2014 algab uus p\u00e4ev. Ta reisib v\u00e4simatult \u00fcmber maailma, v\u00e4rvides l\u00f5putus ts\u00fcklis miljoneid p\u00e4ikeset\u00f5use. Iga t\u00f5us t\u00e4histab uut imelist p\u00e4eva. Elu on ilus!","robots":{"index":"index","follow":"follow","max-snippet":"max-snippet:-1","max-image-preview":"max-image-preview:large","max-video-preview":"max-video-preview:-1"},"canonical":"https:\/\/felistella.eu\/lv\/prece\/markmik-aurora\/","og_locale":"lv_LV","og_type":"article","og_title":"L\u012bniju bloknots \"Aurora\" - Kirjastus Felistella","og_description":"M\u00f5ni hetk enne p\u00e4ikese t\u00f5usu vaikib kogu maa Aurora, koidujumalanna tuleku ootel. Ta v\u00e4rvib taeva ja pilved efektselt vikerkaare-v\u00e4rviliseks, valgustades neid alt kohe-kohe t\u00f5usva p\u00e4ikesega. Ning juba ilmub esimene p\u00e4ikesekiir \u2014 algab uus p\u00e4ev. Ta reisib v\u00e4simatult \u00fcmber maailma, v\u00e4rvides l\u00f5putus ts\u00fcklis miljoneid p\u00e4ikeset\u00f5use. Iga t\u00f5us t\u00e4histab uut imelist p\u00e4eva. Elu on ilus!","og_url":"https:\/\/felistella.eu\/lv\/prece\/markmik-aurora\/","og_site_name":"Kirjastus Felistella","article_modified_time":"2026-01-20T09:06:06+00:00","og_image":[{"width":429,"height":600,"url":"https:\/\/FELISTELLA.EU\/wp-content\/uploads\/2022\/04\/Aurora-e1589669621509.jpg","type":"image\/jpeg"}],"twitter_card":"summary_large_image","twitter_misc":{"Est. reading time":"1 minute"},"schema":{"@context":"https:\/\/schema.org","@graph":[{"@type":"WebPage","@id":"https:\/\/felistella.eu\/lv\/prece\/markmik-aurora\/","url":"https:\/\/felistella.eu\/lv\/prece\/markmik-aurora\/","name":"L\u012bniju bloknots \"Aurora\" - Kirjastus Felistella","isPartOf":{"@id":"https:\/\/felistella.eu\/lv\/#website"},"primaryImageOfPage":{"@id":"https:\/\/felistella.eu\/lv\/prece\/markmik-aurora\/#primaryimage"},"image":{"@id":"https:\/\/felistella.eu\/lv\/prece\/markmik-aurora\/#primaryimage"},"thumbnailUrl":"https:\/\/FELISTELLA.EU\/wp-content\/uploads\/2022\/04\/Aurora-e1589669621509.jpg","datePublished":"2020-05-06T09:05:12+00:00","dateModified":"2026-01-20T09:06:06+00:00","description":"M\u00f5ni hetk enne p\u00e4ikese t\u00f5usu vaikib kogu maa Aurora, koidujumalanna tuleku ootel. Ta v\u00e4rvib taeva ja pilved efektselt vikerkaare-v\u00e4rviliseks, valgustades neid alt kohe-kohe t\u00f5usva p\u00e4ikesega. Ning juba ilmub esimene p\u00e4ikesekiir \u2014 algab uus p\u00e4ev. Ta reisib v\u00e4simatult \u00fcmber maailma, v\u00e4rvides l\u00f5putus ts\u00fcklis miljoneid p\u00e4ikeset\u00f5use. Iga t\u00f5us t\u00e4histab uut imelist p\u00e4eva. Elu on ilus!","breadcrumb":{"@id":"https:\/\/felistella.eu\/lv\/prece\/markmik-aurora\/#breadcrumb"},"inLanguage":"lv-LV","potentialAction":[{"@type":"ReadAction","target":["https:\/\/felistella.eu\/lv\/prece\/markmik-aurora\/"]}]},{"@type":"ImageObject","inLanguage":"lv-LV","@id":"https:\/\/felistella.eu\/lv\/prece\/markmik-aurora\/#primaryimage","url":"https:\/\/FELISTELLA.EU\/wp-content\/uploads\/2022\/04\/Aurora-e1589669621509.jpg","contentUrl":"https:\/\/FELISTELLA.EU\/wp-content\/uploads\/2022\/04\/Aurora-e1589669621509.jpg","width":429,"height":600},{"@type":"BreadcrumbList","@id":"https:\/\/felistella.eu\/lv\/prece\/markmik-aurora\/#breadcrumb","itemListElement":[{"@type":"ListItem","position":1,"name":"Avaleht","item":"https:\/\/felistella.eu\/lv\/"},{"@type":"ListItem","position":2,"name":"Pood","item":"https:\/\/felistella.eu\/pood\/"},{"@type":"ListItem","position":3,"name":"L\u012bniju bloknots &#8220;Aurora&#8221;"}]},{"@type":"WebSite","@id":"https:\/\/felistella.eu\/lv\/#website","url":"https:\/\/felistella.eu\/lv\/","name":"Kirjastus Felistella","description":"e-pood","potentialAction":[{"@type":"SearchAction","target":{"@type":"EntryPoint","urlTemplate":"https:\/\/felistella.eu\/lv\/?s={search_term_string}"},"query-input":{"@type":"PropertyValueSpecification","valueRequired":true,"valueName":"search_term_string"}}],"inLanguage":"lv-LV"}]}},"brands":[],"_links":{"self":[{"href":"https:\/\/felistella.eu\/lv\/wp-json\/wp\/v2\/product\/33004","targetHints":{"allow":["GET"]}}],"collection":[{"href":"https:\/\/felistella.eu\/lv\/wp-json\/wp\/v2\/product"}],"about":[{"href":"https:\/\/felistella.eu\/lv\/wp-json\/wp\/v2\/types\/product"}],"replies":[{"embeddable":true,"href":"https:\/\/felistella.eu\/lv\/wp-json\/wp\/v2\/comments?post=33004"}],"version-history":[{"count":0,"href":"https:\/\/felistella.eu\/lv\/wp-json\/wp\/v2\/product\/33004\/revisions"}],"wp:featuredmedia":[{"embeddable":true,"href":"https:\/\/felistella.eu\/lv\/wp-json\/wp\/v2\/media\/27667"}],"wp:attachment":[{"href":"https:\/\/felistella.eu\/lv\/wp-json\/wp\/v2\/media?parent=33004"}],"wp:term":[{"taxonomy":"pwb-brand","embeddable":true,"href":"https:\/\/felistella.eu\/lv\/wp-json\/wp\/v2\/pwb-brand?post=33004"},{"taxonomy":"product_brand","embeddable":true,"href":"https:\/\/felistella.eu\/lv\/wp-json\/wp\/v2\/product_brand?post=33004"},{"taxonomy":"product_cat","embeddable":true,"href":"https:\/\/felistella.eu\/lv\/wp-json\/wp\/v2\/product_cat?post=33004"},{"taxonomy":"product_tag","embeddable":true,"href":"https:\/\/felistella.eu\/lv\/wp-json\/wp\/v2\/product_tag?post=33004"}],"curies":[{"name":"wp","href":"https:\/\/api.w.org\/{rel}","templated":true}]}}