{"id":33005,"date":"2020-05-06T12:03:18","date_gmt":"2020-05-06T09:03:18","guid":{"rendered":"https:\/\/felistella.eu\/product\/markmik-bluebird\/"},"modified":"2026-01-20T11:06:07","modified_gmt":"2026-01-20T09:06:07","slug":"markmik-bluebird","status":"publish","type":"product","link":"https:\/\/felistella.eu\/lv\/prece\/markmik-bluebird\/","title":{"rendered":"L\u012bniju bloknots &#8220;Bluebird&#8221;"},"content":{"rendered":"<p>M\u0113dz teikt, ka Zilais putns simboliz\u0113 laimi. Un \u0161is putns dejo no prieka! Vi\u0146am dej\u0101 pievienojas daudzi citi putni un tauri\u0146i. Vi\u0146u laime noteikti tiks d\u0101v\u0101ta visiem, kam t\u0101 ir nepiecie\u0161ama!<\/p>\n","protected":false},"excerpt":{"rendered":"M\u0113dz teikt, ka Zilais putns simboliz\u0113 laimi. Un \u0161is putns dejo no prieka! Vi\u0146am dej\u0101 pievienojas daudzi citi putni un tauri\u0146i. Vi\u0146u laime noteikti tiks d\u0101v\u0101ta visiem, kam t\u0101 ir nepiecie\u0161ama!","protected":false},"featured_media":27666,"comment_status":"open","ping_status":"closed","template":"","meta":{"_acf_changed":false},"pwb-brand":[],"product_brand":[],"product_cat":[1046],"product_tag":[],"class_list":{"0":"post-33005","1":"product","2":"type-product","3":"status-publish","4":"has-post-thumbnail","6":"product_cat-bloknoti","7":"pa_formaat-cietos-vakos","8":"book-author-josephine-wall","10":"first","11":"instock","12":"taxable","13":"shipping-taxable","14":"purchasable","15":"product-type-simple","16":"add-to-wishlist-before_image"},"acf":[],"yoast_head":"<!-- This site is optimized with the Yoast SEO plugin v27.3 - https:\/\/yoast.com\/product\/yoast-seo-wordpress\/ -->\n<title>L\u012bniju bloknots &quot;Bluebird&quot; - Kirjastus Felistella<\/title>\n<meta name=\"description\" content=\"Sageli \u00f6eldakse, et sinilind s\u00fcmboliseerib \u00f5nne. Ning see lind tantsibki r\u00f5\u00f5must! Tantsus \u00fchinevad temaga mitmed teised linnud ja liblikad. Loodame, et nende \u00f5nn on nakkav ja kandub k\u00f5igile, kes seda vajavad!\" \/>\n<meta name=\"robots\" content=\"index, follow, max-snippet:-1, max-image-preview:large, max-video-preview:-1\" \/>\n<link rel=\"canonical\" href=\"https:\/\/felistella.eu\/lv\/prece\/markmik-bluebird\/\" \/>\n<meta property=\"og:locale\" content=\"lv_LV\" \/>\n<meta property=\"og:type\" content=\"article\" \/>\n<meta property=\"og:title\" content=\"L\u012bniju bloknots &quot;Bluebird&quot; - Kirjastus Felistella\" \/>\n<meta property=\"og:description\" content=\"Sageli \u00f6eldakse, et sinilind s\u00fcmboliseerib \u00f5nne. Ning see lind tantsibki r\u00f5\u00f5must! Tantsus \u00fchinevad temaga mitmed teised linnud ja liblikad. Loodame, et nende \u00f5nn on nakkav ja kandub k\u00f5igile, kes seda vajavad!\" \/>\n<meta property=\"og:url\" content=\"https:\/\/felistella.eu\/lv\/prece\/markmik-bluebird\/\" \/>\n<meta property=\"og:site_name\" content=\"Kirjastus Felistella\" \/>\n<meta property=\"article:modified_time\" content=\"2026-01-20T09:06:07+00:00\" \/>\n<meta property=\"og:image\" content=\"https:\/\/FELISTELLA.EU\/wp-content\/uploads\/2022\/04\/Bluebird-e1589669635394.jpg\" \/>\n\t<meta property=\"og:image:width\" content=\"429\" \/>\n\t<meta property=\"og:image:height\" content=\"600\" \/>\n\t<meta property=\"og:image:type\" content=\"image\/jpeg\" \/>\n<meta name=\"twitter:card\" content=\"summary_large_image\" \/>\n<meta name=\"twitter:label1\" content=\"Est. reading time\" \/>\n\t<meta name=\"twitter:data1\" content=\"1 minute\" \/>\n<script type=\"application\/ld+json\" class=\"yoast-schema-graph\">{\"@context\":\"https:\\\/\\\/schema.org\",\"@graph\":[{\"@type\":\"WebPage\",\"@id\":\"https:\\\/\\\/felistella.eu\\\/lv\\\/prece\\\/markmik-bluebird\\\/\",\"url\":\"https:\\\/\\\/felistella.eu\\\/lv\\\/prece\\\/markmik-bluebird\\\/\",\"name\":\"L\u012bniju bloknots \\\"Bluebird\\\" - Kirjastus Felistella\",\"isPartOf\":{\"@id\":\"https:\\\/\\\/felistella.eu\\\/lv\\\/#website\"},\"primaryImageOfPage\":{\"@id\":\"https:\\\/\\\/felistella.eu\\\/lv\\\/prece\\\/markmik-bluebird\\\/#primaryimage\"},\"image\":{\"@id\":\"https:\\\/\\\/felistella.eu\\\/lv\\\/prece\\\/markmik-bluebird\\\/#primaryimage\"},\"thumbnailUrl\":\"https:\\\/\\\/FELISTELLA.EU\\\/wp-content\\\/uploads\\\/2022\\\/04\\\/Bluebird-e1589669635394.jpg\",\"datePublished\":\"2020-05-06T09:03:18+00:00\",\"dateModified\":\"2026-01-20T09:06:07+00:00\",\"description\":\"Sageli \u00f6eldakse, et sinilind s\u00fcmboliseerib \u00f5nne. Ning see lind tantsibki r\u00f5\u00f5must! Tantsus \u00fchinevad temaga mitmed teised linnud ja liblikad. Loodame, et nende \u00f5nn on nakkav ja kandub k\u00f5igile, kes seda vajavad!\",\"breadcrumb\":{\"@id\":\"https:\\\/\\\/felistella.eu\\\/lv\\\/prece\\\/markmik-bluebird\\\/#breadcrumb\"},\"inLanguage\":\"lv-LV\",\"potentialAction\":[{\"@type\":\"ReadAction\",\"target\":[\"https:\\\/\\\/felistella.eu\\\/lv\\\/prece\\\/markmik-bluebird\\\/\"]}]},{\"@type\":\"ImageObject\",\"inLanguage\":\"lv-LV\",\"@id\":\"https:\\\/\\\/felistella.eu\\\/lv\\\/prece\\\/markmik-bluebird\\\/#primaryimage\",\"url\":\"https:\\\/\\\/FELISTELLA.EU\\\/wp-content\\\/uploads\\\/2022\\\/04\\\/Bluebird-e1589669635394.jpg\",\"contentUrl\":\"https:\\\/\\\/FELISTELLA.EU\\\/wp-content\\\/uploads\\\/2022\\\/04\\\/Bluebird-e1589669635394.jpg\",\"width\":429,\"height\":600},{\"@type\":\"BreadcrumbList\",\"@id\":\"https:\\\/\\\/felistella.eu\\\/lv\\\/prece\\\/markmik-bluebird\\\/#breadcrumb\",\"itemListElement\":[{\"@type\":\"ListItem\",\"position\":1,\"name\":\"Avaleht\",\"item\":\"https:\\\/\\\/felistella.eu\\\/lv\\\/\"},{\"@type\":\"ListItem\",\"position\":2,\"name\":\"Pood\",\"item\":\"https:\\\/\\\/felistella.eu\\\/pood\\\/\"},{\"@type\":\"ListItem\",\"position\":3,\"name\":\"L\u012bniju bloknots &#8220;Bluebird&#8221;\"}]},{\"@type\":\"WebSite\",\"@id\":\"https:\\\/\\\/felistella.eu\\\/lv\\\/#website\",\"url\":\"https:\\\/\\\/felistella.eu\\\/lv\\\/\",\"name\":\"Kirjastus Felistella\",\"description\":\"e-pood\",\"potentialAction\":[{\"@type\":\"SearchAction\",\"target\":{\"@type\":\"EntryPoint\",\"urlTemplate\":\"https:\\\/\\\/felistella.eu\\\/lv\\\/?s={search_term_string}\"},\"query-input\":{\"@type\":\"PropertyValueSpecification\",\"valueRequired\":true,\"valueName\":\"search_term_string\"}}],\"inLanguage\":\"lv-LV\"}]}<\/script>\n<!-- \/ Yoast SEO plugin. -->","yoast_head_json":{"title":"L\u012bniju bloknots \"Bluebird\" - Kirjastus Felistella","description":"Sageli \u00f6eldakse, et sinilind s\u00fcmboliseerib \u00f5nne. Ning see lind tantsibki r\u00f5\u00f5must! Tantsus \u00fchinevad temaga mitmed teised linnud ja liblikad. Loodame, et nende \u00f5nn on nakkav ja kandub k\u00f5igile, kes seda vajavad!","robots":{"index":"index","follow":"follow","max-snippet":"max-snippet:-1","max-image-preview":"max-image-preview:large","max-video-preview":"max-video-preview:-1"},"canonical":"https:\/\/felistella.eu\/lv\/prece\/markmik-bluebird\/","og_locale":"lv_LV","og_type":"article","og_title":"L\u012bniju bloknots \"Bluebird\" - Kirjastus Felistella","og_description":"Sageli \u00f6eldakse, et sinilind s\u00fcmboliseerib \u00f5nne. Ning see lind tantsibki r\u00f5\u00f5must! Tantsus \u00fchinevad temaga mitmed teised linnud ja liblikad. Loodame, et nende \u00f5nn on nakkav ja kandub k\u00f5igile, kes seda vajavad!","og_url":"https:\/\/felistella.eu\/lv\/prece\/markmik-bluebird\/","og_site_name":"Kirjastus Felistella","article_modified_time":"2026-01-20T09:06:07+00:00","og_image":[{"width":429,"height":600,"url":"https:\/\/FELISTELLA.EU\/wp-content\/uploads\/2022\/04\/Bluebird-e1589669635394.jpg","type":"image\/jpeg"}],"twitter_card":"summary_large_image","twitter_misc":{"Est. reading time":"1 minute"},"schema":{"@context":"https:\/\/schema.org","@graph":[{"@type":"WebPage","@id":"https:\/\/felistella.eu\/lv\/prece\/markmik-bluebird\/","url":"https:\/\/felistella.eu\/lv\/prece\/markmik-bluebird\/","name":"L\u012bniju bloknots \"Bluebird\" - Kirjastus Felistella","isPartOf":{"@id":"https:\/\/felistella.eu\/lv\/#website"},"primaryImageOfPage":{"@id":"https:\/\/felistella.eu\/lv\/prece\/markmik-bluebird\/#primaryimage"},"image":{"@id":"https:\/\/felistella.eu\/lv\/prece\/markmik-bluebird\/#primaryimage"},"thumbnailUrl":"https:\/\/FELISTELLA.EU\/wp-content\/uploads\/2022\/04\/Bluebird-e1589669635394.jpg","datePublished":"2020-05-06T09:03:18+00:00","dateModified":"2026-01-20T09:06:07+00:00","description":"Sageli \u00f6eldakse, et sinilind s\u00fcmboliseerib \u00f5nne. Ning see lind tantsibki r\u00f5\u00f5must! Tantsus \u00fchinevad temaga mitmed teised linnud ja liblikad. Loodame, et nende \u00f5nn on nakkav ja kandub k\u00f5igile, kes seda vajavad!","breadcrumb":{"@id":"https:\/\/felistella.eu\/lv\/prece\/markmik-bluebird\/#breadcrumb"},"inLanguage":"lv-LV","potentialAction":[{"@type":"ReadAction","target":["https:\/\/felistella.eu\/lv\/prece\/markmik-bluebird\/"]}]},{"@type":"ImageObject","inLanguage":"lv-LV","@id":"https:\/\/felistella.eu\/lv\/prece\/markmik-bluebird\/#primaryimage","url":"https:\/\/FELISTELLA.EU\/wp-content\/uploads\/2022\/04\/Bluebird-e1589669635394.jpg","contentUrl":"https:\/\/FELISTELLA.EU\/wp-content\/uploads\/2022\/04\/Bluebird-e1589669635394.jpg","width":429,"height":600},{"@type":"BreadcrumbList","@id":"https:\/\/felistella.eu\/lv\/prece\/markmik-bluebird\/#breadcrumb","itemListElement":[{"@type":"ListItem","position":1,"name":"Avaleht","item":"https:\/\/felistella.eu\/lv\/"},{"@type":"ListItem","position":2,"name":"Pood","item":"https:\/\/felistella.eu\/pood\/"},{"@type":"ListItem","position":3,"name":"L\u012bniju bloknots &#8220;Bluebird&#8221;"}]},{"@type":"WebSite","@id":"https:\/\/felistella.eu\/lv\/#website","url":"https:\/\/felistella.eu\/lv\/","name":"Kirjastus Felistella","description":"e-pood","potentialAction":[{"@type":"SearchAction","target":{"@type":"EntryPoint","urlTemplate":"https:\/\/felistella.eu\/lv\/?s={search_term_string}"},"query-input":{"@type":"PropertyValueSpecification","valueRequired":true,"valueName":"search_term_string"}}],"inLanguage":"lv-LV"}]}},"brands":[],"_links":{"self":[{"href":"https:\/\/felistella.eu\/lv\/wp-json\/wp\/v2\/product\/33005","targetHints":{"allow":["GET"]}}],"collection":[{"href":"https:\/\/felistella.eu\/lv\/wp-json\/wp\/v2\/product"}],"about":[{"href":"https:\/\/felistella.eu\/lv\/wp-json\/wp\/v2\/types\/product"}],"replies":[{"embeddable":true,"href":"https:\/\/felistella.eu\/lv\/wp-json\/wp\/v2\/comments?post=33005"}],"version-history":[{"count":0,"href":"https:\/\/felistella.eu\/lv\/wp-json\/wp\/v2\/product\/33005\/revisions"}],"wp:featuredmedia":[{"embeddable":true,"href":"https:\/\/felistella.eu\/lv\/wp-json\/wp\/v2\/media\/27666"}],"wp:attachment":[{"href":"https:\/\/felistella.eu\/lv\/wp-json\/wp\/v2\/media?parent=33005"}],"wp:term":[{"taxonomy":"pwb-brand","embeddable":true,"href":"https:\/\/felistella.eu\/lv\/wp-json\/wp\/v2\/pwb-brand?post=33005"},{"taxonomy":"product_brand","embeddable":true,"href":"https:\/\/felistella.eu\/lv\/wp-json\/wp\/v2\/product_brand?post=33005"},{"taxonomy":"product_cat","embeddable":true,"href":"https:\/\/felistella.eu\/lv\/wp-json\/wp\/v2\/product_cat?post=33005"},{"taxonomy":"product_tag","embeddable":true,"href":"https:\/\/felistella.eu\/lv\/wp-json\/wp\/v2\/product_tag?post=33005"}],"curies":[{"name":"wp","href":"https:\/\/api.w.org\/{rel}","templated":true}]}}