{"id":33006,"date":"2020-05-06T12:00:48","date_gmt":"2020-05-06T09:00:48","guid":{"rendered":"https:\/\/felistella.eu\/product\/markmik-aquarius\/"},"modified":"2026-01-20T11:06:07","modified_gmt":"2026-01-20T09:06:07","slug":"markmik-aquarius","status":"publish","type":"product","link":"https:\/\/felistella.eu\/lv\/prece\/markmik-aquarius\/","title":{"rendered":"L\u012bniju bloknots &#8220;Aquarius&#8221;"},"content":{"rendered":"<p>\u016adens ir sens augl\u012bbas un t\u012br\u012bbas simbols. \u016adens sedz divas tre\u0161da\u013cas Zemes virsmas un ietekm\u0113 gandr\u012bz visas norises uz m\u016bsu plan\u0113tas. \u016adens tiek uzskat\u012bts par dz\u012bv\u012bbas sv\u0113to pamatu un avotu. Tas piepilda m\u016bs ar prieku, un m\u016bsos atkal s\u0101k burbu\u013cot c\u0113lie sirds avoti. Grie\u0137u mitolo\u0123ij\u0101 \u016adensv\u012brs bija lietus dievs, kas d\u0101v\u0101ja \u016bdeni izkaltu\u0161ajai zemei. Cik br\u012bni\u0161\u0137\u012bga un unik\u0101la ir \u0161\u012b pasaule, \u016bdens pasaule!<\/p>\n","protected":false},"excerpt":{"rendered":"\u016adens ir sens augl\u012bbas un t\u012br\u012bbas simbols. \u016adens sedz divas tre\u0161da\u013cas Zemes virsmas un ietekm\u0113 gandr\u012bz visas norises uz m\u016bsu plan\u0113tas. \u016adens tiek uzskat\u012bts par dz\u012bv\u012bbas sv\u0113to pamatu un avotu. Tas piepilda m\u016bs ar prieku, un m\u016bsos atkal s\u0101k burbu\u013cot c\u0113lie sirds avoti. Grie\u0137u mitolo\u0123ij\u0101 \u016adensv\u012brs bija lietus dievs, kas d\u0101v\u0101ja \u016bdeni izkaltu\u0161ajai zemei. Cik [&hellip;]","protected":false},"featured_media":27664,"comment_status":"open","ping_status":"closed","template":"","meta":{"_acf_changed":false},"pwb-brand":[],"product_brand":[],"product_cat":[1046],"product_tag":[],"class_list":{"0":"post-33006","1":"product","2":"type-product","3":"status-publish","4":"has-post-thumbnail","6":"product_cat-bloknoti","7":"pa_formaat-cietos-vakos","8":"book-author-josephine-wall","10":"first","11":"instock","12":"taxable","13":"shipping-taxable","14":"purchasable","15":"product-type-simple","16":"add-to-wishlist-before_image"},"acf":[],"yoast_head":"<!-- This site is optimized with the Yoast SEO plugin v27.5 - https:\/\/yoast.com\/product\/yoast-seo-wordpress\/ -->\n<title>L\u012bniju bloknots &quot;Aquarius&quot; - Kirjastus Felistella<\/title>\n<meta name=\"description\" content=\"Vesi on viljakuse puhtuse iidne s\u00fcmbol. Kattes Maapinna kaht kolmandikku, m\u00f5jub vesi praktiliselt k\u00f5ikidele protsessidele, mis toimuvad meie planeedil. Vett arvatakse olevat elu enese p\u00fcha alus ja allikas. See t\u00e4idab meid r\u00f5\u00f5muga ja meis hakkavad taas pulbitsema meie s\u00fcdame k\u00f5rged l\u00e4tted. Vana-Kreeka m\u00fctoloogias oli Aquarius vihmajumal, kes kinkis vett \u00e4rakuivanud maailmale. Missugune imeline ja kordumatu on see maailm, veemaailm!\" \/>\n<meta name=\"robots\" content=\"index, follow, max-snippet:-1, max-image-preview:large, max-video-preview:-1\" \/>\n<link rel=\"canonical\" href=\"https:\/\/felistella.eu\/lv\/prece\/markmik-aquarius\/\" \/>\n<meta property=\"og:locale\" content=\"lv_LV\" \/>\n<meta property=\"og:type\" content=\"article\" \/>\n<meta property=\"og:title\" content=\"L\u012bniju bloknots &quot;Aquarius&quot; - Kirjastus Felistella\" \/>\n<meta property=\"og:description\" content=\"Vesi on viljakuse puhtuse iidne s\u00fcmbol. Kattes Maapinna kaht kolmandikku, m\u00f5jub vesi praktiliselt k\u00f5ikidele protsessidele, mis toimuvad meie planeedil. Vett arvatakse olevat elu enese p\u00fcha alus ja allikas. See t\u00e4idab meid r\u00f5\u00f5muga ja meis hakkavad taas pulbitsema meie s\u00fcdame k\u00f5rged l\u00e4tted. Vana-Kreeka m\u00fctoloogias oli Aquarius vihmajumal, kes kinkis vett \u00e4rakuivanud maailmale. Missugune imeline ja kordumatu on see maailm, veemaailm!\" \/>\n<meta property=\"og:url\" content=\"https:\/\/felistella.eu\/lv\/prece\/markmik-aquarius\/\" \/>\n<meta property=\"og:site_name\" content=\"Kirjastus Felistella\" \/>\n<meta property=\"article:modified_time\" content=\"2026-01-20T09:06:07+00:00\" \/>\n<meta property=\"og:image\" content=\"https:\/\/FELISTELLA.EU\/wp-content\/uploads\/2022\/04\/Aquarius-e1589669743707.jpg\" \/>\n\t<meta property=\"og:image:width\" content=\"429\" \/>\n\t<meta property=\"og:image:height\" content=\"600\" \/>\n\t<meta property=\"og:image:type\" content=\"image\/jpeg\" \/>\n<meta name=\"twitter:card\" content=\"summary_large_image\" \/>\n<meta name=\"twitter:label1\" content=\"Est. reading time\" \/>\n\t<meta name=\"twitter:data1\" content=\"1 minute\" \/>\n<script type=\"application\/ld+json\" class=\"yoast-schema-graph\">{\"@context\":\"https:\\\/\\\/schema.org\",\"@graph\":[{\"@type\":\"WebPage\",\"@id\":\"https:\\\/\\\/felistella.eu\\\/lv\\\/prece\\\/markmik-aquarius\\\/\",\"url\":\"https:\\\/\\\/felistella.eu\\\/lv\\\/prece\\\/markmik-aquarius\\\/\",\"name\":\"L\u012bniju bloknots \\\"Aquarius\\\" - Kirjastus Felistella\",\"isPartOf\":{\"@id\":\"https:\\\/\\\/felistella.eu\\\/lv\\\/#website\"},\"primaryImageOfPage\":{\"@id\":\"https:\\\/\\\/felistella.eu\\\/lv\\\/prece\\\/markmik-aquarius\\\/#primaryimage\"},\"image\":{\"@id\":\"https:\\\/\\\/felistella.eu\\\/lv\\\/prece\\\/markmik-aquarius\\\/#primaryimage\"},\"thumbnailUrl\":\"https:\\\/\\\/felistella.eu\\\/wp-content\\\/uploads\\\/2022\\\/04\\\/Aquarius-e1589669743707.jpg\",\"datePublished\":\"2020-05-06T09:00:48+00:00\",\"dateModified\":\"2026-01-20T09:06:07+00:00\",\"description\":\"Vesi on viljakuse puhtuse iidne s\u00fcmbol. Kattes Maapinna kaht kolmandikku, m\u00f5jub vesi praktiliselt k\u00f5ikidele protsessidele, mis toimuvad meie planeedil. Vett arvatakse olevat elu enese p\u00fcha alus ja allikas. See t\u00e4idab meid r\u00f5\u00f5muga ja meis hakkavad taas pulbitsema meie s\u00fcdame k\u00f5rged l\u00e4tted. Vana-Kreeka m\u00fctoloogias oli Aquarius vihmajumal, kes kinkis vett \u00e4rakuivanud maailmale. Missugune imeline ja kordumatu on see maailm, veemaailm!\",\"breadcrumb\":{\"@id\":\"https:\\\/\\\/felistella.eu\\\/lv\\\/prece\\\/markmik-aquarius\\\/#breadcrumb\"},\"inLanguage\":\"lv-LV\",\"potentialAction\":[{\"@type\":\"ReadAction\",\"target\":[\"https:\\\/\\\/felistella.eu\\\/lv\\\/prece\\\/markmik-aquarius\\\/\"]}]},{\"@type\":\"ImageObject\",\"inLanguage\":\"lv-LV\",\"@id\":\"https:\\\/\\\/felistella.eu\\\/lv\\\/prece\\\/markmik-aquarius\\\/#primaryimage\",\"url\":\"https:\\\/\\\/felistella.eu\\\/wp-content\\\/uploads\\\/2022\\\/04\\\/Aquarius-e1589669743707.jpg\",\"contentUrl\":\"https:\\\/\\\/felistella.eu\\\/wp-content\\\/uploads\\\/2022\\\/04\\\/Aquarius-e1589669743707.jpg\",\"width\":429,\"height\":600},{\"@type\":\"BreadcrumbList\",\"@id\":\"https:\\\/\\\/felistella.eu\\\/lv\\\/prece\\\/markmik-aquarius\\\/#breadcrumb\",\"itemListElement\":[{\"@type\":\"ListItem\",\"position\":1,\"name\":\"Avaleht\",\"item\":\"https:\\\/\\\/felistella.eu\\\/lv\\\/\"},{\"@type\":\"ListItem\",\"position\":2,\"name\":\"Pood\",\"item\":\"https:\\\/\\\/felistella.eu\\\/pood\\\/\"},{\"@type\":\"ListItem\",\"position\":3,\"name\":\"L\u012bniju bloknots &#8220;Aquarius&#8221;\"}]},{\"@type\":\"WebSite\",\"@id\":\"https:\\\/\\\/felistella.eu\\\/lv\\\/#website\",\"url\":\"https:\\\/\\\/felistella.eu\\\/lv\\\/\",\"name\":\"Kirjastus Felistella\",\"description\":\"e-pood\",\"potentialAction\":[{\"@type\":\"SearchAction\",\"target\":{\"@type\":\"EntryPoint\",\"urlTemplate\":\"https:\\\/\\\/felistella.eu\\\/lv\\\/?s={search_term_string}\"},\"query-input\":{\"@type\":\"PropertyValueSpecification\",\"valueRequired\":true,\"valueName\":\"search_term_string\"}}],\"inLanguage\":\"lv-LV\"}]}<\/script>\n<!-- \/ Yoast SEO plugin. -->","yoast_head_json":{"title":"L\u012bniju bloknots \"Aquarius\" - Kirjastus Felistella","description":"Vesi on viljakuse puhtuse iidne s\u00fcmbol. Kattes Maapinna kaht kolmandikku, m\u00f5jub vesi praktiliselt k\u00f5ikidele protsessidele, mis toimuvad meie planeedil. Vett arvatakse olevat elu enese p\u00fcha alus ja allikas. See t\u00e4idab meid r\u00f5\u00f5muga ja meis hakkavad taas pulbitsema meie s\u00fcdame k\u00f5rged l\u00e4tted. Vana-Kreeka m\u00fctoloogias oli Aquarius vihmajumal, kes kinkis vett \u00e4rakuivanud maailmale. Missugune imeline ja kordumatu on see maailm, veemaailm!","robots":{"index":"index","follow":"follow","max-snippet":"max-snippet:-1","max-image-preview":"max-image-preview:large","max-video-preview":"max-video-preview:-1"},"canonical":"https:\/\/felistella.eu\/lv\/prece\/markmik-aquarius\/","og_locale":"lv_LV","og_type":"article","og_title":"L\u012bniju bloknots \"Aquarius\" - Kirjastus Felistella","og_description":"Vesi on viljakuse puhtuse iidne s\u00fcmbol. Kattes Maapinna kaht kolmandikku, m\u00f5jub vesi praktiliselt k\u00f5ikidele protsessidele, mis toimuvad meie planeedil. Vett arvatakse olevat elu enese p\u00fcha alus ja allikas. See t\u00e4idab meid r\u00f5\u00f5muga ja meis hakkavad taas pulbitsema meie s\u00fcdame k\u00f5rged l\u00e4tted. Vana-Kreeka m\u00fctoloogias oli Aquarius vihmajumal, kes kinkis vett \u00e4rakuivanud maailmale. Missugune imeline ja kordumatu on see maailm, veemaailm!","og_url":"https:\/\/felistella.eu\/lv\/prece\/markmik-aquarius\/","og_site_name":"Kirjastus Felistella","article_modified_time":"2026-01-20T09:06:07+00:00","og_image":[{"width":429,"height":600,"url":"https:\/\/FELISTELLA.EU\/wp-content\/uploads\/2022\/04\/Aquarius-e1589669743707.jpg","type":"image\/jpeg"}],"twitter_card":"summary_large_image","twitter_misc":{"Est. reading time":"1 minute"},"schema":{"@context":"https:\/\/schema.org","@graph":[{"@type":"WebPage","@id":"https:\/\/felistella.eu\/lv\/prece\/markmik-aquarius\/","url":"https:\/\/felistella.eu\/lv\/prece\/markmik-aquarius\/","name":"L\u012bniju bloknots \"Aquarius\" - Kirjastus Felistella","isPartOf":{"@id":"https:\/\/felistella.eu\/lv\/#website"},"primaryImageOfPage":{"@id":"https:\/\/felistella.eu\/lv\/prece\/markmik-aquarius\/#primaryimage"},"image":{"@id":"https:\/\/felistella.eu\/lv\/prece\/markmik-aquarius\/#primaryimage"},"thumbnailUrl":"https:\/\/felistella.eu\/wp-content\/uploads\/2022\/04\/Aquarius-e1589669743707.jpg","datePublished":"2020-05-06T09:00:48+00:00","dateModified":"2026-01-20T09:06:07+00:00","description":"Vesi on viljakuse puhtuse iidne s\u00fcmbol. Kattes Maapinna kaht kolmandikku, m\u00f5jub vesi praktiliselt k\u00f5ikidele protsessidele, mis toimuvad meie planeedil. Vett arvatakse olevat elu enese p\u00fcha alus ja allikas. See t\u00e4idab meid r\u00f5\u00f5muga ja meis hakkavad taas pulbitsema meie s\u00fcdame k\u00f5rged l\u00e4tted. Vana-Kreeka m\u00fctoloogias oli Aquarius vihmajumal, kes kinkis vett \u00e4rakuivanud maailmale. Missugune imeline ja kordumatu on see maailm, veemaailm!","breadcrumb":{"@id":"https:\/\/felistella.eu\/lv\/prece\/markmik-aquarius\/#breadcrumb"},"inLanguage":"lv-LV","potentialAction":[{"@type":"ReadAction","target":["https:\/\/felistella.eu\/lv\/prece\/markmik-aquarius\/"]}]},{"@type":"ImageObject","inLanguage":"lv-LV","@id":"https:\/\/felistella.eu\/lv\/prece\/markmik-aquarius\/#primaryimage","url":"https:\/\/felistella.eu\/wp-content\/uploads\/2022\/04\/Aquarius-e1589669743707.jpg","contentUrl":"https:\/\/felistella.eu\/wp-content\/uploads\/2022\/04\/Aquarius-e1589669743707.jpg","width":429,"height":600},{"@type":"BreadcrumbList","@id":"https:\/\/felistella.eu\/lv\/prece\/markmik-aquarius\/#breadcrumb","itemListElement":[{"@type":"ListItem","position":1,"name":"Avaleht","item":"https:\/\/felistella.eu\/lv\/"},{"@type":"ListItem","position":2,"name":"Pood","item":"https:\/\/felistella.eu\/pood\/"},{"@type":"ListItem","position":3,"name":"L\u012bniju bloknots &#8220;Aquarius&#8221;"}]},{"@type":"WebSite","@id":"https:\/\/felistella.eu\/lv\/#website","url":"https:\/\/felistella.eu\/lv\/","name":"Kirjastus Felistella","description":"e-pood","potentialAction":[{"@type":"SearchAction","target":{"@type":"EntryPoint","urlTemplate":"https:\/\/felistella.eu\/lv\/?s={search_term_string}"},"query-input":{"@type":"PropertyValueSpecification","valueRequired":true,"valueName":"search_term_string"}}],"inLanguage":"lv-LV"}]}},"brands":[],"_links":{"self":[{"href":"https:\/\/felistella.eu\/lv\/wp-json\/wp\/v2\/product\/33006","targetHints":{"allow":["GET"]}}],"collection":[{"href":"https:\/\/felistella.eu\/lv\/wp-json\/wp\/v2\/product"}],"about":[{"href":"https:\/\/felistella.eu\/lv\/wp-json\/wp\/v2\/types\/product"}],"replies":[{"embeddable":true,"href":"https:\/\/felistella.eu\/lv\/wp-json\/wp\/v2\/comments?post=33006"}],"version-history":[{"count":0,"href":"https:\/\/felistella.eu\/lv\/wp-json\/wp\/v2\/product\/33006\/revisions"}],"wp:featuredmedia":[{"embeddable":true,"href":"https:\/\/felistella.eu\/lv\/wp-json\/wp\/v2\/media\/27664"}],"wp:attachment":[{"href":"https:\/\/felistella.eu\/lv\/wp-json\/wp\/v2\/media?parent=33006"}],"wp:term":[{"taxonomy":"pwb-brand","embeddable":true,"href":"https:\/\/felistella.eu\/lv\/wp-json\/wp\/v2\/pwb-brand?post=33006"},{"taxonomy":"product_brand","embeddable":true,"href":"https:\/\/felistella.eu\/lv\/wp-json\/wp\/v2\/product_brand?post=33006"},{"taxonomy":"product_cat","embeddable":true,"href":"https:\/\/felistella.eu\/lv\/wp-json\/wp\/v2\/product_cat?post=33006"},{"taxonomy":"product_tag","embeddable":true,"href":"https:\/\/felistella.eu\/lv\/wp-json\/wp\/v2\/product_tag?post=33006"}],"curies":[{"name":"wp","href":"https:\/\/api.w.org\/{rel}","templated":true}]}}