{"id":33595,"date":"2024-11-05T10:34:18","date_gmt":"2024-11-05T08:34:18","guid":{"rendered":"https:\/\/felistella.eu\/?post_type=product&#038;p=33595"},"modified":"2026-01-06T21:00:03","modified_gmt":"2026-01-06T19:00:03","slug":"manas-mirdzosas-uzlimes-ziemassvetki","status":"publish","type":"product","link":"https:\/\/felistella.eu\/lv\/prece\/manas-mirdzosas-uzlimes-ziemassvetki\/","title":{"rendered":"Manas mirdzo\u0161\u0101s uzl\u012bmes. Ziemassv\u0113tki"},"content":{"rendered":"<p>Ho, ho, ho!<\/p>\n<p>Vai vari pal\u012bdz\u0113t Ziemassv\u0113tku r\u016b\u0137iem ar sp\u0113l\u0113m \u0161aj\u0101 gr\u0101mat\u0101?<\/p>\n<p>Starp vis\u0101m uzl\u012bm\u0113m atrodi t\u0101s, kuras iederas un sakr\u012bt ar domino kauli\u0146iem, pal\u012bdzi zieme\u013cbriedim tikt l\u012bdz kaman\u0101m, atrodi ar\u012b divas Ziemassv\u0113tku egl\u012btes, kas ir piln\u012bgi vien\u0101das!<\/p>\n<p>K\u0101 balvu Ziemassv\u0113tku vec\u012btis varb\u016bt atnes\u012bs tev d\u0101vanu!<\/p>\n<p>Ar papildu uzl\u012bm\u0113m v\u0113l vair\u0101k jautr\u012bbas!<\/p>\n<p><a href=\"https:\/\/felistella.eu\/wp-content\/uploads\/2020\/05\/ce-mark-42944_1280.png\" data-fancybox=\"gallery\"><img decoding=\"async\" class=\"alignnone wp-image-4105\" src=\"https:\/\/felistella.eu\/wp-content\/uploads\/2020\/05\/ce-mark-42944_1280-150x107.png\" sizes=\"(max-width: 30px) 100vw, 30px\" srcset=\"https:\/\/felistella.eu\/wp-content\/uploads\/2020\/05\/ce-mark-42944_1280-150x107.png 150w, https:\/\/felistella.eu\/wp-content\/uploads\/2020\/05\/ce-mark-42944_1280-185x132.png 185w, https:\/\/felistella.eu\/wp-content\/uploads\/2020\/05\/ce-mark-42944_1280-600x428.png 600w, https:\/\/felistella.eu\/wp-content\/uploads\/2020\/05\/ce-mark-42944_1280-64x46.png 64w, https:\/\/felistella.eu\/wp-content\/uploads\/2020\/05\/ce-mark-42944_1280-300x214.png 300w, https:\/\/felistella.eu\/wp-content\/uploads\/2020\/05\/ce-mark-42944_1280-1024x731.png 1024w, https:\/\/felistella.eu\/wp-content\/uploads\/2020\/05\/ce-mark-42944_1280-768x548.png 768w, https:\/\/felistella.eu\/wp-content\/uploads\/2020\/05\/ce-mark-42944_1280-220x154.png 220w, https:\/\/felistella.eu\/wp-content\/uploads\/2020\/05\/ce-mark-42944_1280-224x160.png 224w, https:\/\/felistella.eu\/wp-content\/uploads\/2020\/05\/ce-mark-42944_1280.png 1280w\" alt=\"\" width=\"30\" height=\"21\" \/><\/a>\u00a0<a href=\"https:\/\/felistella.eu\/wp-content\/uploads\/2020\/05\/0-3-logo-children-baby-logo.gif\" data-fancybox=\"gallery\"><img decoding=\"async\" class=\"alignnone wp-image-4491\" src=\"https:\/\/felistella.eu\/wp-content\/uploads\/2020\/05\/0-3-logo-children-baby-logo.gif\" alt=\"\" width=\"35\" height=\"35\" \/><\/a><br \/>\n<strong>BR\u012aDIN\u0100JUMS!<\/strong> Nedot b\u0113rniem, kas jaun\u0101ki par 3 gadiem, jo satur s\u012bkas deta\u013cas &#8211; risks aizr\u012bties!<\/p>\n","protected":false},"excerpt":{"rendered":"Ho, ho, ho! Vai vari pal\u012bdz\u0113t Ziemassv\u0113tku r\u016b\u0137iem ar sp\u0113l\u0113m \u0161aj\u0101 gr\u0101mat\u0101? Starp vis\u0101m uzl\u012bm\u0113m atrodi t\u0101s, kuras iederas un sakr\u012bt ar domino kauli\u0146iem, pal\u012bdzi zieme\u013cbriedim tikt l\u012bdz kaman\u0101m, atrodi ar\u012b divas Ziemassv\u0113tku egl\u012btes, kas ir piln\u012bgi vien\u0101das! K\u0101 balvu Ziemassv\u0113tku vec\u012btis varb\u016bt atnes\u012bs tev d\u0101vanu! Ar papildu uzl\u012bm\u0113m v\u0113l vair\u0101k jautr\u012bbas! \u00a0 BR\u012aDIN\u0100JUMS! Nedot [&hellip;]","protected":false},"featured_media":33596,"comment_status":"open","ping_status":"closed","template":"","meta":{"_acf_changed":false},"pwb-brand":[],"product_brand":[],"product_cat":[935],"product_tag":[],"class_list":{"0":"post-33595","1":"product","2":"type-product","3":"status-publish","4":"has-post-thumbnail","6":"product_cat-kleepsu-ja-varviraamatud","7":"pa_formaat-mikstos-vakos","8":"pa_illustreerija-carine-smeers-2","9":"pa_tagi-uzlimes","10":"pa_tagi-ziemassvetki","11":"pa_vanus-3-4-gadi","12":"pa_vanus-46-gadi","14":"first","15":"instock","16":"taxable","17":"shipping-taxable","18":"purchasable","19":"product-type-simple","20":"add-to-wishlist-before_image"},"acf":[],"yoast_head":"<!-- This site is optimized with the Yoast SEO plugin v27.3 - https:\/\/yoast.com\/product\/yoast-seo-wordpress\/ -->\n<title>Manas mirdzo\u0161\u0101s uzl\u012bmes. Ziemassv\u0113tki - Kirjastus Felistella<\/title>\n<meta name=\"robots\" content=\"index, follow, max-snippet:-1, max-image-preview:large, max-video-preview:-1\" \/>\n<link rel=\"canonical\" href=\"https:\/\/felistella.eu\/lv\/prece\/manas-mirdzosas-uzlimes-ziemassvetki\/\" \/>\n<meta property=\"og:locale\" content=\"lv_LV\" \/>\n<meta property=\"og:type\" content=\"article\" \/>\n<meta property=\"og:title\" content=\"Manas mirdzo\u0161\u0101s uzl\u012bmes. Ziemassv\u0113tki - Kirjastus Felistella\" \/>\n<meta property=\"og:description\" content=\"Ho, ho, ho! Vai vari pal\u012bdz\u0113t Ziemassv\u0113tku r\u016b\u0137iem ar sp\u0113l\u0113m \u0161aj\u0101 gr\u0101mat\u0101? Starp vis\u0101m uzl\u012bm\u0113m atrodi t\u0101s, kuras iederas un sakr\u012bt ar domino kauli\u0146iem, pal\u012bdzi zieme\u013cbriedim tikt l\u012bdz kaman\u0101m, atrodi ar\u012b divas Ziemassv\u0113tku egl\u012btes, kas ir piln\u012bgi vien\u0101das! K\u0101 balvu Ziemassv\u0113tku vec\u012btis varb\u016bt atnes\u012bs tev d\u0101vanu! Ar papildu uzl\u012bm\u0113m v\u0113l vair\u0101k jautr\u012bbas! \u00a0 BR\u012aDIN\u0100JUMS! Nedot [&hellip;]\" \/>\n<meta property=\"og:url\" content=\"https:\/\/felistella.eu\/lv\/prece\/manas-mirdzosas-uzlimes-ziemassvetki\/\" \/>\n<meta property=\"og:site_name\" content=\"Kirjastus Felistella\" \/>\n<meta property=\"article:modified_time\" content=\"2026-01-06T19:00:03+00:00\" \/>\n<meta property=\"og:image\" content=\"https:\/\/FELISTELLA.EU\/wp-content\/uploads\/2024\/10\/Noel-cvr-LV.jpg\" \/>\n\t<meta property=\"og:image:width\" content=\"709\" \/>\n\t<meta property=\"og:image:height\" content=\"957\" \/>\n\t<meta property=\"og:image:type\" content=\"image\/jpeg\" \/>\n<meta name=\"twitter:card\" content=\"summary_large_image\" \/>\n<meta name=\"twitter:label1\" content=\"Est. reading time\" \/>\n\t<meta name=\"twitter:data1\" content=\"1 minute\" \/>\n<script type=\"application\/ld+json\" class=\"yoast-schema-graph\">{\"@context\":\"https:\\\/\\\/schema.org\",\"@graph\":[{\"@type\":\"WebPage\",\"@id\":\"https:\\\/\\\/felistella.eu\\\/lv\\\/prece\\\/manas-mirdzosas-uzlimes-ziemassvetki\\\/\",\"url\":\"https:\\\/\\\/felistella.eu\\\/lv\\\/prece\\\/manas-mirdzosas-uzlimes-ziemassvetki\\\/\",\"name\":\"Manas mirdzo\u0161\u0101s uzl\u012bmes. Ziemassv\u0113tki - Kirjastus Felistella\",\"isPartOf\":{\"@id\":\"https:\\\/\\\/felistella.eu\\\/lv\\\/#website\"},\"primaryImageOfPage\":{\"@id\":\"https:\\\/\\\/felistella.eu\\\/lv\\\/prece\\\/manas-mirdzosas-uzlimes-ziemassvetki\\\/#primaryimage\"},\"image\":{\"@id\":\"https:\\\/\\\/felistella.eu\\\/lv\\\/prece\\\/manas-mirdzosas-uzlimes-ziemassvetki\\\/#primaryimage\"},\"thumbnailUrl\":\"https:\\\/\\\/FELISTELLA.EU\\\/wp-content\\\/uploads\\\/2024\\\/10\\\/Noel-cvr-LV.jpg\",\"datePublished\":\"2024-11-05T08:34:18+00:00\",\"dateModified\":\"2026-01-06T19:00:03+00:00\",\"breadcrumb\":{\"@id\":\"https:\\\/\\\/felistella.eu\\\/lv\\\/prece\\\/manas-mirdzosas-uzlimes-ziemassvetki\\\/#breadcrumb\"},\"inLanguage\":\"lv-LV\",\"potentialAction\":[{\"@type\":\"ReadAction\",\"target\":[\"https:\\\/\\\/felistella.eu\\\/lv\\\/prece\\\/manas-mirdzosas-uzlimes-ziemassvetki\\\/\"]}]},{\"@type\":\"ImageObject\",\"inLanguage\":\"lv-LV\",\"@id\":\"https:\\\/\\\/felistella.eu\\\/lv\\\/prece\\\/manas-mirdzosas-uzlimes-ziemassvetki\\\/#primaryimage\",\"url\":\"https:\\\/\\\/FELISTELLA.EU\\\/wp-content\\\/uploads\\\/2024\\\/10\\\/Noel-cvr-LV.jpg\",\"contentUrl\":\"https:\\\/\\\/FELISTELLA.EU\\\/wp-content\\\/uploads\\\/2024\\\/10\\\/Noel-cvr-LV.jpg\",\"width\":709,\"height\":957},{\"@type\":\"BreadcrumbList\",\"@id\":\"https:\\\/\\\/felistella.eu\\\/lv\\\/prece\\\/manas-mirdzosas-uzlimes-ziemassvetki\\\/#breadcrumb\",\"itemListElement\":[{\"@type\":\"ListItem\",\"position\":1,\"name\":\"Avaleht\",\"item\":\"https:\\\/\\\/felistella.eu\\\/lv\\\/\"},{\"@type\":\"ListItem\",\"position\":2,\"name\":\"Pood\",\"item\":\"https:\\\/\\\/felistella.eu\\\/pood\\\/\"},{\"@type\":\"ListItem\",\"position\":3,\"name\":\"Manas mirdzo\u0161\u0101s uzl\u012bmes. Ziemassv\u0113tki\"}]},{\"@type\":\"WebSite\",\"@id\":\"https:\\\/\\\/felistella.eu\\\/lv\\\/#website\",\"url\":\"https:\\\/\\\/felistella.eu\\\/lv\\\/\",\"name\":\"Kirjastus Felistella\",\"description\":\"e-pood\",\"potentialAction\":[{\"@type\":\"SearchAction\",\"target\":{\"@type\":\"EntryPoint\",\"urlTemplate\":\"https:\\\/\\\/felistella.eu\\\/lv\\\/?s={search_term_string}\"},\"query-input\":{\"@type\":\"PropertyValueSpecification\",\"valueRequired\":true,\"valueName\":\"search_term_string\"}}],\"inLanguage\":\"lv-LV\"}]}<\/script>\n<!-- \/ Yoast SEO plugin. -->","yoast_head_json":{"title":"Manas mirdzo\u0161\u0101s uzl\u012bmes. Ziemassv\u0113tki - Kirjastus Felistella","robots":{"index":"index","follow":"follow","max-snippet":"max-snippet:-1","max-image-preview":"max-image-preview:large","max-video-preview":"max-video-preview:-1"},"canonical":"https:\/\/felistella.eu\/lv\/prece\/manas-mirdzosas-uzlimes-ziemassvetki\/","og_locale":"lv_LV","og_type":"article","og_title":"Manas mirdzo\u0161\u0101s uzl\u012bmes. Ziemassv\u0113tki - Kirjastus Felistella","og_description":"Ho, ho, ho! Vai vari pal\u012bdz\u0113t Ziemassv\u0113tku r\u016b\u0137iem ar sp\u0113l\u0113m \u0161aj\u0101 gr\u0101mat\u0101? Starp vis\u0101m uzl\u012bm\u0113m atrodi t\u0101s, kuras iederas un sakr\u012bt ar domino kauli\u0146iem, pal\u012bdzi zieme\u013cbriedim tikt l\u012bdz kaman\u0101m, atrodi ar\u012b divas Ziemassv\u0113tku egl\u012btes, kas ir piln\u012bgi vien\u0101das! K\u0101 balvu Ziemassv\u0113tku vec\u012btis varb\u016bt atnes\u012bs tev d\u0101vanu! Ar papildu uzl\u012bm\u0113m v\u0113l vair\u0101k jautr\u012bbas! \u00a0 BR\u012aDIN\u0100JUMS! Nedot [&hellip;]","og_url":"https:\/\/felistella.eu\/lv\/prece\/manas-mirdzosas-uzlimes-ziemassvetki\/","og_site_name":"Kirjastus Felistella","article_modified_time":"2026-01-06T19:00:03+00:00","og_image":[{"width":709,"height":957,"url":"https:\/\/FELISTELLA.EU\/wp-content\/uploads\/2024\/10\/Noel-cvr-LV.jpg","type":"image\/jpeg"}],"twitter_card":"summary_large_image","twitter_misc":{"Est. reading time":"1 minute"},"schema":{"@context":"https:\/\/schema.org","@graph":[{"@type":"WebPage","@id":"https:\/\/felistella.eu\/lv\/prece\/manas-mirdzosas-uzlimes-ziemassvetki\/","url":"https:\/\/felistella.eu\/lv\/prece\/manas-mirdzosas-uzlimes-ziemassvetki\/","name":"Manas mirdzo\u0161\u0101s uzl\u012bmes. Ziemassv\u0113tki - Kirjastus Felistella","isPartOf":{"@id":"https:\/\/felistella.eu\/lv\/#website"},"primaryImageOfPage":{"@id":"https:\/\/felistella.eu\/lv\/prece\/manas-mirdzosas-uzlimes-ziemassvetki\/#primaryimage"},"image":{"@id":"https:\/\/felistella.eu\/lv\/prece\/manas-mirdzosas-uzlimes-ziemassvetki\/#primaryimage"},"thumbnailUrl":"https:\/\/FELISTELLA.EU\/wp-content\/uploads\/2024\/10\/Noel-cvr-LV.jpg","datePublished":"2024-11-05T08:34:18+00:00","dateModified":"2026-01-06T19:00:03+00:00","breadcrumb":{"@id":"https:\/\/felistella.eu\/lv\/prece\/manas-mirdzosas-uzlimes-ziemassvetki\/#breadcrumb"},"inLanguage":"lv-LV","potentialAction":[{"@type":"ReadAction","target":["https:\/\/felistella.eu\/lv\/prece\/manas-mirdzosas-uzlimes-ziemassvetki\/"]}]},{"@type":"ImageObject","inLanguage":"lv-LV","@id":"https:\/\/felistella.eu\/lv\/prece\/manas-mirdzosas-uzlimes-ziemassvetki\/#primaryimage","url":"https:\/\/FELISTELLA.EU\/wp-content\/uploads\/2024\/10\/Noel-cvr-LV.jpg","contentUrl":"https:\/\/FELISTELLA.EU\/wp-content\/uploads\/2024\/10\/Noel-cvr-LV.jpg","width":709,"height":957},{"@type":"BreadcrumbList","@id":"https:\/\/felistella.eu\/lv\/prece\/manas-mirdzosas-uzlimes-ziemassvetki\/#breadcrumb","itemListElement":[{"@type":"ListItem","position":1,"name":"Avaleht","item":"https:\/\/felistella.eu\/lv\/"},{"@type":"ListItem","position":2,"name":"Pood","item":"https:\/\/felistella.eu\/pood\/"},{"@type":"ListItem","position":3,"name":"Manas mirdzo\u0161\u0101s uzl\u012bmes. Ziemassv\u0113tki"}]},{"@type":"WebSite","@id":"https:\/\/felistella.eu\/lv\/#website","url":"https:\/\/felistella.eu\/lv\/","name":"Kirjastus Felistella","description":"e-pood","potentialAction":[{"@type":"SearchAction","target":{"@type":"EntryPoint","urlTemplate":"https:\/\/felistella.eu\/lv\/?s={search_term_string}"},"query-input":{"@type":"PropertyValueSpecification","valueRequired":true,"valueName":"search_term_string"}}],"inLanguage":"lv-LV"}]}},"brands":[],"_links":{"self":[{"href":"https:\/\/felistella.eu\/lv\/wp-json\/wp\/v2\/product\/33595","targetHints":{"allow":["GET"]}}],"collection":[{"href":"https:\/\/felistella.eu\/lv\/wp-json\/wp\/v2\/product"}],"about":[{"href":"https:\/\/felistella.eu\/lv\/wp-json\/wp\/v2\/types\/product"}],"replies":[{"embeddable":true,"href":"https:\/\/felistella.eu\/lv\/wp-json\/wp\/v2\/comments?post=33595"}],"version-history":[{"count":0,"href":"https:\/\/felistella.eu\/lv\/wp-json\/wp\/v2\/product\/33595\/revisions"}],"wp:featuredmedia":[{"embeddable":true,"href":"https:\/\/felistella.eu\/lv\/wp-json\/wp\/v2\/media\/33596"}],"wp:attachment":[{"href":"https:\/\/felistella.eu\/lv\/wp-json\/wp\/v2\/media?parent=33595"}],"wp:term":[{"taxonomy":"pwb-brand","embeddable":true,"href":"https:\/\/felistella.eu\/lv\/wp-json\/wp\/v2\/pwb-brand?post=33595"},{"taxonomy":"product_brand","embeddable":true,"href":"https:\/\/felistella.eu\/lv\/wp-json\/wp\/v2\/product_brand?post=33595"},{"taxonomy":"product_cat","embeddable":true,"href":"https:\/\/felistella.eu\/lv\/wp-json\/wp\/v2\/product_cat?post=33595"},{"taxonomy":"product_tag","embeddable":true,"href":"https:\/\/felistella.eu\/lv\/wp-json\/wp\/v2\/product_tag?post=33595"}],"curies":[{"name":"wp","href":"https:\/\/api.w.org\/{rel}","templated":true}]}}