{"id":33641,"date":"2024-10-07T16:49:57","date_gmt":"2024-10-07T13:49:57","guid":{"rendered":"https:\/\/felistella.eu\/?post_type=product&#038;p=33641"},"modified":"2026-01-10T08:05:24","modified_gmt":"2026-01-10T06:05:24","slug":"zimesana-un-miklas-bernudarza-berniem-zalie-vaki","status":"publish","type":"product","link":"https:\/\/felistella.eu\/lv\/prece\/zimesana-un-miklas-bernudarza-berniem-zalie-vaki\/","title":{"rendered":"Z\u012bm\u0113\u0161ana un m\u012bklas b\u0113rnud\u0101rza b\u0113rniem (za\u013cie v\u0101ki)"},"content":{"rendered":"<p>Kur\u0161 var uzz\u012bm\u0113t ko\u0161i sarkano zemeni? Kur\u0161 nosl\u0113pumainais dz\u012bvnieks rodas, savienojot simbolus? Un k\u0101das ir at\u0161\u0137ir\u012bbas lauku s\u0113t\u0101? \u0160\u012bs un citas m\u012bklas b\u0113rnud\u0101rza b\u0113rniem sniedz jautr\u012bbu un izklaidi, bet vienlaikus kalpo ar\u012b koncentr\u0113\u0161an\u0101s sp\u0113jas uzlabo\u0161anai.<\/p>\n<p><a href=\"https:\/\/felistella.eu\/wp-content\/uploads\/2020\/05\/ce-mark-42944_1280-150x107.png\"><img decoding=\"async\" class=\"alignnone wp-image-4105\" src=\"https:\/\/felistella.eu\/wp-content\/uploads\/2020\/05\/ce-mark-42944_1280-150x107.png\" alt=\"\" width=\"30\" height=\"21\" srcset=\"https:\/\/felistella.eu\/wp-content\/uploads\/2020\/05\/ce-mark-42944_1280-150x107.png 150w, https:\/\/felistella.eu\/wp-content\/uploads\/2020\/05\/ce-mark-42944_1280-185x132.png 185w, https:\/\/felistella.eu\/wp-content\/uploads\/2020\/05\/ce-mark-42944_1280-600x428.png 600w, https:\/\/felistella.eu\/wp-content\/uploads\/2020\/05\/ce-mark-42944_1280-64x46.png 64w, https:\/\/felistella.eu\/wp-content\/uploads\/2020\/05\/ce-mark-42944_1280-300x214.png 300w, https:\/\/felistella.eu\/wp-content\/uploads\/2020\/05\/ce-mark-42944_1280-1024x731.png 1024w, https:\/\/felistella.eu\/wp-content\/uploads\/2020\/05\/ce-mark-42944_1280-768x548.png 768w, https:\/\/felistella.eu\/wp-content\/uploads\/2020\/05\/ce-mark-42944_1280-220x154.png 220w, https:\/\/felistella.eu\/wp-content\/uploads\/2020\/05\/ce-mark-42944_1280-224x160.png 224w, https:\/\/felistella.eu\/wp-content\/uploads\/2020\/05\/ce-mark-42944_1280.png 1280w\" sizes=\"(max-width: 30px) 100vw, 30px\" \/><\/a><\/p>\n","protected":false},"excerpt":{"rendered":"Kur\u0161 var uzz\u012bm\u0113t ko\u0161i sarkano zemeni? Kur\u0161 nosl\u0113pumainais dz\u012bvnieks rodas, savienojot simbolus? Un k\u0101das ir at\u0161\u0137ir\u012bbas lauku s\u0113t\u0101? \u0160\u012bs un citas m\u012bklas b\u0113rnud\u0101rza b\u0113rniem sniedz jautr\u012bbu un izklaidi, bet vienlaikus kalpo ar\u012b koncentr\u0113\u0161an\u0101s sp\u0113jas uzlabo\u0161anai.","protected":false},"featured_media":33642,"comment_status":"open","ping_status":"closed","template":"","meta":{"_acf_changed":false},"pwb-brand":[],"product_brand":[],"product_cat":[1036,1038],"product_tag":[1057,1107],"class_list":{"0":"post-33641","1":"product","2":"type-product","3":"status-publish","4":"has-post-thumbnail","6":"product_cat-krasojamas-lapas-un-uzlimes","7":"product_cat-spelu-gramatas","8":"product_tag-46-gadi","9":"product_tag-macamies-rotalajoties","10":"pa_formaat-mikstos-vakos","11":"pa_serija-zimesana-un-miklas-bernudarza-berniem","13":"first","14":"instock","15":"taxable","16":"shipping-taxable","17":"purchasable","18":"product-type-simple","19":"add-to-wishlist-before_image"},"acf":[],"yoast_head":"<!-- This site is optimized with the Yoast SEO plugin v27.5 - https:\/\/yoast.com\/product\/yoast-seo-wordpress\/ -->\n<title>Z\u012bm\u0113\u0161ana un m\u012bklas b\u0113rnud\u0101rza b\u0113rniem (za\u013cie v\u0101ki) - Kirjastus Felistella<\/title>\n<meta name=\"description\" content=\"Selle v\u00e4rvi- ja m\u00f5istatusteraamatu abil saavad lasteaialapsed harjutada m\u00e4ngimise ajal keskendumist ja p\u00fcsivust. Vaheldusrikkad, armsate piltidega \u00fclesanded, nagu kujukeste \u00fchendamine, varjude leidmine ja koguste lugemine, on v\u00e4ikelaste jaoks huvitavad ja j\u00f5ukohased.\" \/>\n<meta name=\"robots\" content=\"index, follow, max-snippet:-1, max-image-preview:large, max-video-preview:-1\" \/>\n<link rel=\"canonical\" href=\"https:\/\/felistella.eu\/lv\/prece\/zimesana-un-miklas-bernudarza-berniem-zalie-vaki\/\" \/>\n<meta property=\"og:locale\" content=\"lv_LV\" \/>\n<meta property=\"og:type\" content=\"article\" \/>\n<meta property=\"og:title\" content=\"Z\u012bm\u0113\u0161ana un m\u012bklas b\u0113rnud\u0101rza b\u0113rniem (za\u013cie v\u0101ki) - Kirjastus Felistella\" \/>\n<meta property=\"og:description\" content=\"Selle v\u00e4rvi- ja m\u00f5istatusteraamatu abil saavad lasteaialapsed harjutada m\u00e4ngimise ajal keskendumist ja p\u00fcsivust. Vaheldusrikkad, armsate piltidega \u00fclesanded, nagu kujukeste \u00fchendamine, varjude leidmine ja koguste lugemine, on v\u00e4ikelaste jaoks huvitavad ja j\u00f5ukohased.\" \/>\n<meta property=\"og:url\" content=\"https:\/\/felistella.eu\/lv\/prece\/zimesana-un-miklas-bernudarza-berniem-zalie-vaki\/\" \/>\n<meta property=\"og:site_name\" content=\"Kirjastus Felistella\" \/>\n<meta property=\"article:modified_time\" content=\"2026-01-10T06:05:24+00:00\" \/>\n<meta property=\"og:image\" content=\"https:\/\/FELISTELLA.EU\/wp-content\/uploads\/2024\/10\/LV-Varvimine-ja-moistatused-lasteaialastele-roheline-kaas2.jpg\" \/>\n\t<meta property=\"og:image:width\" content=\"1181\" \/>\n\t<meta property=\"og:image:height\" content=\"1654\" \/>\n\t<meta property=\"og:image:type\" content=\"image\/jpeg\" \/>\n<meta name=\"twitter:card\" content=\"summary_large_image\" \/>\n<meta name=\"twitter:label1\" content=\"Est. reading time\" \/>\n\t<meta name=\"twitter:data1\" content=\"1 minute\" \/>\n<script type=\"application\/ld+json\" class=\"yoast-schema-graph\">{\"@context\":\"https:\\\/\\\/schema.org\",\"@graph\":[{\"@type\":\"WebPage\",\"@id\":\"https:\\\/\\\/felistella.eu\\\/lv\\\/prece\\\/zimesana-un-miklas-bernudarza-berniem-zalie-vaki\\\/\",\"url\":\"https:\\\/\\\/felistella.eu\\\/lv\\\/prece\\\/zimesana-un-miklas-bernudarza-berniem-zalie-vaki\\\/\",\"name\":\"Z\u012bm\u0113\u0161ana un m\u012bklas b\u0113rnud\u0101rza b\u0113rniem (za\u013cie v\u0101ki) - Kirjastus Felistella\",\"isPartOf\":{\"@id\":\"https:\\\/\\\/felistella.eu\\\/lv\\\/#website\"},\"primaryImageOfPage\":{\"@id\":\"https:\\\/\\\/felistella.eu\\\/lv\\\/prece\\\/zimesana-un-miklas-bernudarza-berniem-zalie-vaki\\\/#primaryimage\"},\"image\":{\"@id\":\"https:\\\/\\\/felistella.eu\\\/lv\\\/prece\\\/zimesana-un-miklas-bernudarza-berniem-zalie-vaki\\\/#primaryimage\"},\"thumbnailUrl\":\"https:\\\/\\\/felistella.eu\\\/wp-content\\\/uploads\\\/2024\\\/10\\\/LV-Varvimine-ja-moistatused-lasteaialastele-roheline-kaas2.jpg\",\"datePublished\":\"2024-10-07T13:49:57+00:00\",\"dateModified\":\"2026-01-10T06:05:24+00:00\",\"description\":\"Selle v\u00e4rvi- ja m\u00f5istatusteraamatu abil saavad lasteaialapsed harjutada m\u00e4ngimise ajal keskendumist ja p\u00fcsivust. Vaheldusrikkad, armsate piltidega \u00fclesanded, nagu kujukeste \u00fchendamine, varjude leidmine ja koguste lugemine, on v\u00e4ikelaste jaoks huvitavad ja j\u00f5ukohased.\",\"breadcrumb\":{\"@id\":\"https:\\\/\\\/felistella.eu\\\/lv\\\/prece\\\/zimesana-un-miklas-bernudarza-berniem-zalie-vaki\\\/#breadcrumb\"},\"inLanguage\":\"lv-LV\",\"potentialAction\":[{\"@type\":\"ReadAction\",\"target\":[\"https:\\\/\\\/felistella.eu\\\/lv\\\/prece\\\/zimesana-un-miklas-bernudarza-berniem-zalie-vaki\\\/\"]}]},{\"@type\":\"ImageObject\",\"inLanguage\":\"lv-LV\",\"@id\":\"https:\\\/\\\/felistella.eu\\\/lv\\\/prece\\\/zimesana-un-miklas-bernudarza-berniem-zalie-vaki\\\/#primaryimage\",\"url\":\"https:\\\/\\\/felistella.eu\\\/wp-content\\\/uploads\\\/2024\\\/10\\\/LV-Varvimine-ja-moistatused-lasteaialastele-roheline-kaas2.jpg\",\"contentUrl\":\"https:\\\/\\\/felistella.eu\\\/wp-content\\\/uploads\\\/2024\\\/10\\\/LV-Varvimine-ja-moistatused-lasteaialastele-roheline-kaas2.jpg\",\"width\":1181,\"height\":1654},{\"@type\":\"BreadcrumbList\",\"@id\":\"https:\\\/\\\/felistella.eu\\\/lv\\\/prece\\\/zimesana-un-miklas-bernudarza-berniem-zalie-vaki\\\/#breadcrumb\",\"itemListElement\":[{\"@type\":\"ListItem\",\"position\":1,\"name\":\"Avaleht\",\"item\":\"https:\\\/\\\/felistella.eu\\\/lv\\\/\"},{\"@type\":\"ListItem\",\"position\":2,\"name\":\"Pood\",\"item\":\"https:\\\/\\\/felistella.eu\\\/pood\\\/\"},{\"@type\":\"ListItem\",\"position\":3,\"name\":\"Z\u012bm\u0113\u0161ana un m\u012bklas b\u0113rnud\u0101rza b\u0113rniem (za\u013cie v\u0101ki)\"}]},{\"@type\":\"WebSite\",\"@id\":\"https:\\\/\\\/felistella.eu\\\/lv\\\/#website\",\"url\":\"https:\\\/\\\/felistella.eu\\\/lv\\\/\",\"name\":\"Kirjastus Felistella\",\"description\":\"e-pood\",\"potentialAction\":[{\"@type\":\"SearchAction\",\"target\":{\"@type\":\"EntryPoint\",\"urlTemplate\":\"https:\\\/\\\/felistella.eu\\\/lv\\\/?s={search_term_string}\"},\"query-input\":{\"@type\":\"PropertyValueSpecification\",\"valueRequired\":true,\"valueName\":\"search_term_string\"}}],\"inLanguage\":\"lv-LV\"}]}<\/script>\n<!-- \/ Yoast SEO plugin. -->","yoast_head_json":{"title":"Z\u012bm\u0113\u0161ana un m\u012bklas b\u0113rnud\u0101rza b\u0113rniem (za\u013cie v\u0101ki) - Kirjastus Felistella","description":"Selle v\u00e4rvi- ja m\u00f5istatusteraamatu abil saavad lasteaialapsed harjutada m\u00e4ngimise ajal keskendumist ja p\u00fcsivust. Vaheldusrikkad, armsate piltidega \u00fclesanded, nagu kujukeste \u00fchendamine, varjude leidmine ja koguste lugemine, on v\u00e4ikelaste jaoks huvitavad ja j\u00f5ukohased.","robots":{"index":"index","follow":"follow","max-snippet":"max-snippet:-1","max-image-preview":"max-image-preview:large","max-video-preview":"max-video-preview:-1"},"canonical":"https:\/\/felistella.eu\/lv\/prece\/zimesana-un-miklas-bernudarza-berniem-zalie-vaki\/","og_locale":"lv_LV","og_type":"article","og_title":"Z\u012bm\u0113\u0161ana un m\u012bklas b\u0113rnud\u0101rza b\u0113rniem (za\u013cie v\u0101ki) - Kirjastus Felistella","og_description":"Selle v\u00e4rvi- ja m\u00f5istatusteraamatu abil saavad lasteaialapsed harjutada m\u00e4ngimise ajal keskendumist ja p\u00fcsivust. Vaheldusrikkad, armsate piltidega \u00fclesanded, nagu kujukeste \u00fchendamine, varjude leidmine ja koguste lugemine, on v\u00e4ikelaste jaoks huvitavad ja j\u00f5ukohased.","og_url":"https:\/\/felistella.eu\/lv\/prece\/zimesana-un-miklas-bernudarza-berniem-zalie-vaki\/","og_site_name":"Kirjastus Felistella","article_modified_time":"2026-01-10T06:05:24+00:00","og_image":[{"width":1181,"height":1654,"url":"https:\/\/FELISTELLA.EU\/wp-content\/uploads\/2024\/10\/LV-Varvimine-ja-moistatused-lasteaialastele-roheline-kaas2.jpg","type":"image\/jpeg"}],"twitter_card":"summary_large_image","twitter_misc":{"Est. reading time":"1 minute"},"schema":{"@context":"https:\/\/schema.org","@graph":[{"@type":"WebPage","@id":"https:\/\/felistella.eu\/lv\/prece\/zimesana-un-miklas-bernudarza-berniem-zalie-vaki\/","url":"https:\/\/felistella.eu\/lv\/prece\/zimesana-un-miklas-bernudarza-berniem-zalie-vaki\/","name":"Z\u012bm\u0113\u0161ana un m\u012bklas b\u0113rnud\u0101rza b\u0113rniem (za\u013cie v\u0101ki) - Kirjastus Felistella","isPartOf":{"@id":"https:\/\/felistella.eu\/lv\/#website"},"primaryImageOfPage":{"@id":"https:\/\/felistella.eu\/lv\/prece\/zimesana-un-miklas-bernudarza-berniem-zalie-vaki\/#primaryimage"},"image":{"@id":"https:\/\/felistella.eu\/lv\/prece\/zimesana-un-miklas-bernudarza-berniem-zalie-vaki\/#primaryimage"},"thumbnailUrl":"https:\/\/felistella.eu\/wp-content\/uploads\/2024\/10\/LV-Varvimine-ja-moistatused-lasteaialastele-roheline-kaas2.jpg","datePublished":"2024-10-07T13:49:57+00:00","dateModified":"2026-01-10T06:05:24+00:00","description":"Selle v\u00e4rvi- ja m\u00f5istatusteraamatu abil saavad lasteaialapsed harjutada m\u00e4ngimise ajal keskendumist ja p\u00fcsivust. Vaheldusrikkad, armsate piltidega \u00fclesanded, nagu kujukeste \u00fchendamine, varjude leidmine ja koguste lugemine, on v\u00e4ikelaste jaoks huvitavad ja j\u00f5ukohased.","breadcrumb":{"@id":"https:\/\/felistella.eu\/lv\/prece\/zimesana-un-miklas-bernudarza-berniem-zalie-vaki\/#breadcrumb"},"inLanguage":"lv-LV","potentialAction":[{"@type":"ReadAction","target":["https:\/\/felistella.eu\/lv\/prece\/zimesana-un-miklas-bernudarza-berniem-zalie-vaki\/"]}]},{"@type":"ImageObject","inLanguage":"lv-LV","@id":"https:\/\/felistella.eu\/lv\/prece\/zimesana-un-miklas-bernudarza-berniem-zalie-vaki\/#primaryimage","url":"https:\/\/felistella.eu\/wp-content\/uploads\/2024\/10\/LV-Varvimine-ja-moistatused-lasteaialastele-roheline-kaas2.jpg","contentUrl":"https:\/\/felistella.eu\/wp-content\/uploads\/2024\/10\/LV-Varvimine-ja-moistatused-lasteaialastele-roheline-kaas2.jpg","width":1181,"height":1654},{"@type":"BreadcrumbList","@id":"https:\/\/felistella.eu\/lv\/prece\/zimesana-un-miklas-bernudarza-berniem-zalie-vaki\/#breadcrumb","itemListElement":[{"@type":"ListItem","position":1,"name":"Avaleht","item":"https:\/\/felistella.eu\/lv\/"},{"@type":"ListItem","position":2,"name":"Pood","item":"https:\/\/felistella.eu\/pood\/"},{"@type":"ListItem","position":3,"name":"Z\u012bm\u0113\u0161ana un m\u012bklas b\u0113rnud\u0101rza b\u0113rniem (za\u013cie v\u0101ki)"}]},{"@type":"WebSite","@id":"https:\/\/felistella.eu\/lv\/#website","url":"https:\/\/felistella.eu\/lv\/","name":"Kirjastus Felistella","description":"e-pood","potentialAction":[{"@type":"SearchAction","target":{"@type":"EntryPoint","urlTemplate":"https:\/\/felistella.eu\/lv\/?s={search_term_string}"},"query-input":{"@type":"PropertyValueSpecification","valueRequired":true,"valueName":"search_term_string"}}],"inLanguage":"lv-LV"}]}},"brands":[],"_links":{"self":[{"href":"https:\/\/felistella.eu\/lv\/wp-json\/wp\/v2\/product\/33641","targetHints":{"allow":["GET"]}}],"collection":[{"href":"https:\/\/felistella.eu\/lv\/wp-json\/wp\/v2\/product"}],"about":[{"href":"https:\/\/felistella.eu\/lv\/wp-json\/wp\/v2\/types\/product"}],"replies":[{"embeddable":true,"href":"https:\/\/felistella.eu\/lv\/wp-json\/wp\/v2\/comments?post=33641"}],"version-history":[{"count":0,"href":"https:\/\/felistella.eu\/lv\/wp-json\/wp\/v2\/product\/33641\/revisions"}],"wp:featuredmedia":[{"embeddable":true,"href":"https:\/\/felistella.eu\/lv\/wp-json\/wp\/v2\/media\/33642"}],"wp:attachment":[{"href":"https:\/\/felistella.eu\/lv\/wp-json\/wp\/v2\/media?parent=33641"}],"wp:term":[{"taxonomy":"pwb-brand","embeddable":true,"href":"https:\/\/felistella.eu\/lv\/wp-json\/wp\/v2\/pwb-brand?post=33641"},{"taxonomy":"product_brand","embeddable":true,"href":"https:\/\/felistella.eu\/lv\/wp-json\/wp\/v2\/product_brand?post=33641"},{"taxonomy":"product_cat","embeddable":true,"href":"https:\/\/felistella.eu\/lv\/wp-json\/wp\/v2\/product_cat?post=33641"},{"taxonomy":"product_tag","embeddable":true,"href":"https:\/\/felistella.eu\/lv\/wp-json\/wp\/v2\/product_tag?post=33641"}],"curies":[{"name":"wp","href":"https:\/\/api.w.org\/{rel}","templated":true}]}}