{"id":33806,"date":"2024-10-23T14:30:42","date_gmt":"2024-10-23T11:30:42","guid":{"rendered":"https:\/\/felistella.eu\/?post_type=product&#038;p=33806"},"modified":"2026-01-10T07:00:04","modified_gmt":"2026-01-10T05:00:04","slug":"ziemassvetki-sarkani-zeltaini-roza-ziemassvetku-zvaigzne-tos-rota","status":"publish","type":"product","link":"https:\/\/felistella.eu\/lv\/prece\/ziemassvetki-sarkani-zeltaini-roza-ziemassvetku-zvaigzne-tos-rota\/","title":{"rendered":"Ziemassv\u0113tki. Sarkani, zeltaini, roz\u0101 &#8211; Ziemassv\u0113tku zvaigzne tos rot\u0101."},"content":{"rendered":"<p>Ziemassv\u0113tku e\u0146\u0123elis ar m\u012blest\u012bbu izrot\u0101 Ziemassv\u0113tku egl\u012bti, pie sil\u012btes ar J\u0113zus b\u0113rni\u0146u Marija un J\u0101zeps gaida ganus&#8230; ar \u0161o kr\u0101sojamo gr\u0101matu laiks l\u012bdz Ziemassv\u0113tkiem paskries nemanot! 32 ar m\u012blest\u012bbu veidoti att\u0113li t\u0101 vien aicina mazu\u013cus no piecu gadu vecuma \u0146emt rok\u0101s z\u012bmu\u013cus&#8230;<\/p>\n<p><a href=\"https:\/\/felistella.eu\/wp-content\/uploads\/2020\/05\/ce-mark-42944_1280-150x107.png\"><img decoding=\"async\" class=\"alignnone wp-image-4105\" src=\"https:\/\/felistella.eu\/wp-content\/uploads\/2020\/05\/ce-mark-42944_1280-150x107.png\" alt=\"\" width=\"30\" height=\"21\" srcset=\"https:\/\/FELISTELLA.EU\/wp-content\/uploads\/2020\/05\/ce-mark-42944_1280-150x107.png 150w, https:\/\/FELISTELLA.EU\/wp-content\/uploads\/2020\/05\/ce-mark-42944_1280-185x132.png 185w, https:\/\/FELISTELLA.EU\/wp-content\/uploads\/2020\/05\/ce-mark-42944_1280-600x428.png 600w, https:\/\/FELISTELLA.EU\/wp-content\/uploads\/2020\/05\/ce-mark-42944_1280-64x46.png 64w, https:\/\/FELISTELLA.EU\/wp-content\/uploads\/2020\/05\/ce-mark-42944_1280-300x214.png 300w, https:\/\/FELISTELLA.EU\/wp-content\/uploads\/2020\/05\/ce-mark-42944_1280-1024x731.png 1024w, https:\/\/FELISTELLA.EU\/wp-content\/uploads\/2020\/05\/ce-mark-42944_1280-768x548.png 768w, https:\/\/FELISTELLA.EU\/wp-content\/uploads\/2020\/05\/ce-mark-42944_1280-220x154.png 220w, https:\/\/FELISTELLA.EU\/wp-content\/uploads\/2020\/05\/ce-mark-42944_1280-224x160.png 224w, https:\/\/FELISTELLA.EU\/wp-content\/uploads\/2020\/05\/ce-mark-42944_1280.png 1280w\" sizes=\"(max-width: 30px) 100vw, 30px\" \/><\/a><\/p>\n","protected":false},"excerpt":{"rendered":"Ziemassv\u0113tku e\u0146\u0123elis ar m\u012blest\u012bbu izrot\u0101 Ziemassv\u0113tku egl\u012bti, pie sil\u012btes ar J\u0113zus b\u0113rni\u0146u Marija un J\u0101zeps gaida ganus&#8230; ar \u0161o kr\u0101sojamo gr\u0101matu laiks l\u012bdz Ziemassv\u0113tkiem paskries nemanot! 32 ar m\u012blest\u012bbu veidoti att\u0113li t\u0101 vien aicina mazu\u013cus no piecu gadu vecuma \u0146emt rok\u0101s z\u012bmu\u013cus&#8230;","protected":false},"featured_media":33815,"comment_status":"open","ping_status":"closed","template":"","meta":{"_acf_changed":false},"pwb-brand":[],"product_brand":[],"product_cat":[1036],"product_tag":[1057],"class_list":{"0":"post-33806","1":"product","2":"type-product","3":"status-publish","4":"has-post-thumbnail","6":"product_cat-krasojamas-lapas-un-uzlimes","7":"product_tag-46-gadi","8":"pa_illustreerija-sandra-smita-lv","9":"pa_tagi-ziemassvetki","10":"pa_vanus-46-gadi","11":"pa_vanus-712-gadi","13":"first","14":"instock","15":"taxable","16":"shipping-taxable","17":"purchasable","18":"product-type-simple","19":"add-to-wishlist-before_image"},"acf":[],"yoast_head":"<!-- This site is optimized with the Yoast SEO plugin v27.3 - https:\/\/yoast.com\/product\/yoast-seo-wordpress\/ -->\n<title>Ziemassv\u0113tki. Sarkani, zeltaini, roz\u0101 - Ziemassv\u0113tku zvaigzne tos rot\u0101. - Kirjastus Felistella<\/title>\n<meta name=\"description\" content=\"Selle v\u00e4rvi- ja m\u00f5istatusteraamatu abil saavad lasteaialapsed harjutada m\u00e4ngimise ajal keskendumist ja p\u00fcsivust. Vaheldusrikkad, armsate piltidega \u00fclesanded, nagu kujukeste \u00fchendamine, varjude leidmine ja koguste lugemine, on v\u00e4ikelaste jaoks huvitavad ja j\u00f5ukohased.\" \/>\n<meta name=\"robots\" content=\"index, follow, max-snippet:-1, max-image-preview:large, max-video-preview:-1\" \/>\n<link rel=\"canonical\" href=\"https:\/\/felistella.eu\/lv\/prece\/ziemassvetki-sarkani-zeltaini-roza-ziemassvetku-zvaigzne-tos-rota\/\" \/>\n<meta property=\"og:locale\" content=\"lv_LV\" \/>\n<meta property=\"og:type\" content=\"article\" \/>\n<meta property=\"og:title\" content=\"Ziemassv\u0113tki. Sarkani, zeltaini, roz\u0101 - Ziemassv\u0113tku zvaigzne tos rot\u0101. - Kirjastus Felistella\" \/>\n<meta property=\"og:description\" content=\"Selle v\u00e4rvi- ja m\u00f5istatusteraamatu abil saavad lasteaialapsed harjutada m\u00e4ngimise ajal keskendumist ja p\u00fcsivust. Vaheldusrikkad, armsate piltidega \u00fclesanded, nagu kujukeste \u00fchendamine, varjude leidmine ja koguste lugemine, on v\u00e4ikelaste jaoks huvitavad ja j\u00f5ukohased.\" \/>\n<meta property=\"og:url\" content=\"https:\/\/felistella.eu\/lv\/prece\/ziemassvetki-sarkani-zeltaini-roza-ziemassvetku-zvaigzne-tos-rota\/\" \/>\n<meta property=\"og:site_name\" content=\"Kirjastus Felistella\" \/>\n<meta property=\"article:modified_time\" content=\"2026-01-10T05:00:04+00:00\" \/>\n<meta property=\"og:image\" content=\"https:\/\/FELISTELLA.EU\/wp-content\/uploads\/2024\/10\/Ziemassvetku-zvaigzne-cover.jpg\" \/>\n\t<meta property=\"og:image:width\" content=\"429\" \/>\n\t<meta property=\"og:image:height\" content=\"600\" \/>\n\t<meta property=\"og:image:type\" content=\"image\/jpeg\" \/>\n<meta name=\"twitter:card\" content=\"summary_large_image\" \/>\n<meta name=\"twitter:label1\" content=\"Est. reading time\" \/>\n\t<meta name=\"twitter:data1\" content=\"1 minute\" \/>\n<script type=\"application\/ld+json\" class=\"yoast-schema-graph\">{\"@context\":\"https:\\\/\\\/schema.org\",\"@graph\":[{\"@type\":\"WebPage\",\"@id\":\"https:\\\/\\\/felistella.eu\\\/lv\\\/prece\\\/ziemassvetki-sarkani-zeltaini-roza-ziemassvetku-zvaigzne-tos-rota\\\/\",\"url\":\"https:\\\/\\\/felistella.eu\\\/lv\\\/prece\\\/ziemassvetki-sarkani-zeltaini-roza-ziemassvetku-zvaigzne-tos-rota\\\/\",\"name\":\"Ziemassv\u0113tki. Sarkani, zeltaini, roz\u0101 - Ziemassv\u0113tku zvaigzne tos rot\u0101. - Kirjastus Felistella\",\"isPartOf\":{\"@id\":\"https:\\\/\\\/felistella.eu\\\/lv\\\/#website\"},\"primaryImageOfPage\":{\"@id\":\"https:\\\/\\\/felistella.eu\\\/lv\\\/prece\\\/ziemassvetki-sarkani-zeltaini-roza-ziemassvetku-zvaigzne-tos-rota\\\/#primaryimage\"},\"image\":{\"@id\":\"https:\\\/\\\/felistella.eu\\\/lv\\\/prece\\\/ziemassvetki-sarkani-zeltaini-roza-ziemassvetku-zvaigzne-tos-rota\\\/#primaryimage\"},\"thumbnailUrl\":\"https:\\\/\\\/FELISTELLA.EU\\\/wp-content\\\/uploads\\\/2024\\\/10\\\/Ziemassvetku-zvaigzne-cover.jpg\",\"datePublished\":\"2024-10-23T11:30:42+00:00\",\"dateModified\":\"2026-01-10T05:00:04+00:00\",\"description\":\"Selle v\u00e4rvi- ja m\u00f5istatusteraamatu abil saavad lasteaialapsed harjutada m\u00e4ngimise ajal keskendumist ja p\u00fcsivust. Vaheldusrikkad, armsate piltidega \u00fclesanded, nagu kujukeste \u00fchendamine, varjude leidmine ja koguste lugemine, on v\u00e4ikelaste jaoks huvitavad ja j\u00f5ukohased.\",\"breadcrumb\":{\"@id\":\"https:\\\/\\\/felistella.eu\\\/lv\\\/prece\\\/ziemassvetki-sarkani-zeltaini-roza-ziemassvetku-zvaigzne-tos-rota\\\/#breadcrumb\"},\"inLanguage\":\"lv-LV\",\"potentialAction\":[{\"@type\":\"ReadAction\",\"target\":[\"https:\\\/\\\/felistella.eu\\\/lv\\\/prece\\\/ziemassvetki-sarkani-zeltaini-roza-ziemassvetku-zvaigzne-tos-rota\\\/\"]}]},{\"@type\":\"ImageObject\",\"inLanguage\":\"lv-LV\",\"@id\":\"https:\\\/\\\/felistella.eu\\\/lv\\\/prece\\\/ziemassvetki-sarkani-zeltaini-roza-ziemassvetku-zvaigzne-tos-rota\\\/#primaryimage\",\"url\":\"https:\\\/\\\/FELISTELLA.EU\\\/wp-content\\\/uploads\\\/2024\\\/10\\\/Ziemassvetku-zvaigzne-cover.jpg\",\"contentUrl\":\"https:\\\/\\\/FELISTELLA.EU\\\/wp-content\\\/uploads\\\/2024\\\/10\\\/Ziemassvetku-zvaigzne-cover.jpg\",\"width\":429,\"height\":600},{\"@type\":\"BreadcrumbList\",\"@id\":\"https:\\\/\\\/felistella.eu\\\/lv\\\/prece\\\/ziemassvetki-sarkani-zeltaini-roza-ziemassvetku-zvaigzne-tos-rota\\\/#breadcrumb\",\"itemListElement\":[{\"@type\":\"ListItem\",\"position\":1,\"name\":\"Avaleht\",\"item\":\"https:\\\/\\\/felistella.eu\\\/lv\\\/\"},{\"@type\":\"ListItem\",\"position\":2,\"name\":\"Pood\",\"item\":\"https:\\\/\\\/felistella.eu\\\/pood\\\/\"},{\"@type\":\"ListItem\",\"position\":3,\"name\":\"Ziemassv\u0113tki. Sarkani, zeltaini, roz\u0101 &#8211; Ziemassv\u0113tku zvaigzne tos rot\u0101.\"}]},{\"@type\":\"WebSite\",\"@id\":\"https:\\\/\\\/felistella.eu\\\/lv\\\/#website\",\"url\":\"https:\\\/\\\/felistella.eu\\\/lv\\\/\",\"name\":\"Kirjastus Felistella\",\"description\":\"e-pood\",\"potentialAction\":[{\"@type\":\"SearchAction\",\"target\":{\"@type\":\"EntryPoint\",\"urlTemplate\":\"https:\\\/\\\/felistella.eu\\\/lv\\\/?s={search_term_string}\"},\"query-input\":{\"@type\":\"PropertyValueSpecification\",\"valueRequired\":true,\"valueName\":\"search_term_string\"}}],\"inLanguage\":\"lv-LV\"}]}<\/script>\n<!-- \/ Yoast SEO plugin. -->","yoast_head_json":{"title":"Ziemassv\u0113tki. Sarkani, zeltaini, roz\u0101 - Ziemassv\u0113tku zvaigzne tos rot\u0101. - Kirjastus Felistella","description":"Selle v\u00e4rvi- ja m\u00f5istatusteraamatu abil saavad lasteaialapsed harjutada m\u00e4ngimise ajal keskendumist ja p\u00fcsivust. Vaheldusrikkad, armsate piltidega \u00fclesanded, nagu kujukeste \u00fchendamine, varjude leidmine ja koguste lugemine, on v\u00e4ikelaste jaoks huvitavad ja j\u00f5ukohased.","robots":{"index":"index","follow":"follow","max-snippet":"max-snippet:-1","max-image-preview":"max-image-preview:large","max-video-preview":"max-video-preview:-1"},"canonical":"https:\/\/felistella.eu\/lv\/prece\/ziemassvetki-sarkani-zeltaini-roza-ziemassvetku-zvaigzne-tos-rota\/","og_locale":"lv_LV","og_type":"article","og_title":"Ziemassv\u0113tki. Sarkani, zeltaini, roz\u0101 - Ziemassv\u0113tku zvaigzne tos rot\u0101. - Kirjastus Felistella","og_description":"Selle v\u00e4rvi- ja m\u00f5istatusteraamatu abil saavad lasteaialapsed harjutada m\u00e4ngimise ajal keskendumist ja p\u00fcsivust. Vaheldusrikkad, armsate piltidega \u00fclesanded, nagu kujukeste \u00fchendamine, varjude leidmine ja koguste lugemine, on v\u00e4ikelaste jaoks huvitavad ja j\u00f5ukohased.","og_url":"https:\/\/felistella.eu\/lv\/prece\/ziemassvetki-sarkani-zeltaini-roza-ziemassvetku-zvaigzne-tos-rota\/","og_site_name":"Kirjastus Felistella","article_modified_time":"2026-01-10T05:00:04+00:00","og_image":[{"width":429,"height":600,"url":"https:\/\/FELISTELLA.EU\/wp-content\/uploads\/2024\/10\/Ziemassvetku-zvaigzne-cover.jpg","type":"image\/jpeg"}],"twitter_card":"summary_large_image","twitter_misc":{"Est. reading time":"1 minute"},"schema":{"@context":"https:\/\/schema.org","@graph":[{"@type":"WebPage","@id":"https:\/\/felistella.eu\/lv\/prece\/ziemassvetki-sarkani-zeltaini-roza-ziemassvetku-zvaigzne-tos-rota\/","url":"https:\/\/felistella.eu\/lv\/prece\/ziemassvetki-sarkani-zeltaini-roza-ziemassvetku-zvaigzne-tos-rota\/","name":"Ziemassv\u0113tki. Sarkani, zeltaini, roz\u0101 - Ziemassv\u0113tku zvaigzne tos rot\u0101. - Kirjastus Felistella","isPartOf":{"@id":"https:\/\/felistella.eu\/lv\/#website"},"primaryImageOfPage":{"@id":"https:\/\/felistella.eu\/lv\/prece\/ziemassvetki-sarkani-zeltaini-roza-ziemassvetku-zvaigzne-tos-rota\/#primaryimage"},"image":{"@id":"https:\/\/felistella.eu\/lv\/prece\/ziemassvetki-sarkani-zeltaini-roza-ziemassvetku-zvaigzne-tos-rota\/#primaryimage"},"thumbnailUrl":"https:\/\/FELISTELLA.EU\/wp-content\/uploads\/2024\/10\/Ziemassvetku-zvaigzne-cover.jpg","datePublished":"2024-10-23T11:30:42+00:00","dateModified":"2026-01-10T05:00:04+00:00","description":"Selle v\u00e4rvi- ja m\u00f5istatusteraamatu abil saavad lasteaialapsed harjutada m\u00e4ngimise ajal keskendumist ja p\u00fcsivust. Vaheldusrikkad, armsate piltidega \u00fclesanded, nagu kujukeste \u00fchendamine, varjude leidmine ja koguste lugemine, on v\u00e4ikelaste jaoks huvitavad ja j\u00f5ukohased.","breadcrumb":{"@id":"https:\/\/felistella.eu\/lv\/prece\/ziemassvetki-sarkani-zeltaini-roza-ziemassvetku-zvaigzne-tos-rota\/#breadcrumb"},"inLanguage":"lv-LV","potentialAction":[{"@type":"ReadAction","target":["https:\/\/felistella.eu\/lv\/prece\/ziemassvetki-sarkani-zeltaini-roza-ziemassvetku-zvaigzne-tos-rota\/"]}]},{"@type":"ImageObject","inLanguage":"lv-LV","@id":"https:\/\/felistella.eu\/lv\/prece\/ziemassvetki-sarkani-zeltaini-roza-ziemassvetku-zvaigzne-tos-rota\/#primaryimage","url":"https:\/\/FELISTELLA.EU\/wp-content\/uploads\/2024\/10\/Ziemassvetku-zvaigzne-cover.jpg","contentUrl":"https:\/\/FELISTELLA.EU\/wp-content\/uploads\/2024\/10\/Ziemassvetku-zvaigzne-cover.jpg","width":429,"height":600},{"@type":"BreadcrumbList","@id":"https:\/\/felistella.eu\/lv\/prece\/ziemassvetki-sarkani-zeltaini-roza-ziemassvetku-zvaigzne-tos-rota\/#breadcrumb","itemListElement":[{"@type":"ListItem","position":1,"name":"Avaleht","item":"https:\/\/felistella.eu\/lv\/"},{"@type":"ListItem","position":2,"name":"Pood","item":"https:\/\/felistella.eu\/pood\/"},{"@type":"ListItem","position":3,"name":"Ziemassv\u0113tki. Sarkani, zeltaini, roz\u0101 &#8211; Ziemassv\u0113tku zvaigzne tos rot\u0101."}]},{"@type":"WebSite","@id":"https:\/\/felistella.eu\/lv\/#website","url":"https:\/\/felistella.eu\/lv\/","name":"Kirjastus Felistella","description":"e-pood","potentialAction":[{"@type":"SearchAction","target":{"@type":"EntryPoint","urlTemplate":"https:\/\/felistella.eu\/lv\/?s={search_term_string}"},"query-input":{"@type":"PropertyValueSpecification","valueRequired":true,"valueName":"search_term_string"}}],"inLanguage":"lv-LV"}]}},"brands":[],"_links":{"self":[{"href":"https:\/\/felistella.eu\/lv\/wp-json\/wp\/v2\/product\/33806","targetHints":{"allow":["GET"]}}],"collection":[{"href":"https:\/\/felistella.eu\/lv\/wp-json\/wp\/v2\/product"}],"about":[{"href":"https:\/\/felistella.eu\/lv\/wp-json\/wp\/v2\/types\/product"}],"replies":[{"embeddable":true,"href":"https:\/\/felistella.eu\/lv\/wp-json\/wp\/v2\/comments?post=33806"}],"version-history":[{"count":0,"href":"https:\/\/felistella.eu\/lv\/wp-json\/wp\/v2\/product\/33806\/revisions"}],"wp:featuredmedia":[{"embeddable":true,"href":"https:\/\/felistella.eu\/lv\/wp-json\/wp\/v2\/media\/33815"}],"wp:attachment":[{"href":"https:\/\/felistella.eu\/lv\/wp-json\/wp\/v2\/media?parent=33806"}],"wp:term":[{"taxonomy":"pwb-brand","embeddable":true,"href":"https:\/\/felistella.eu\/lv\/wp-json\/wp\/v2\/pwb-brand?post=33806"},{"taxonomy":"product_brand","embeddable":true,"href":"https:\/\/felistella.eu\/lv\/wp-json\/wp\/v2\/product_brand?post=33806"},{"taxonomy":"product_cat","embeddable":true,"href":"https:\/\/felistella.eu\/lv\/wp-json\/wp\/v2\/product_cat?post=33806"},{"taxonomy":"product_tag","embeddable":true,"href":"https:\/\/felistella.eu\/lv\/wp-json\/wp\/v2\/product_tag?post=33806"}],"curies":[{"name":"wp","href":"https:\/\/api.w.org\/{rel}","templated":true}]}}