{"id":33828,"date":"2024-10-23T18:40:45","date_gmt":"2024-10-23T15:40:45","guid":{"rendered":"https:\/\/felistella.eu\/?post_type=product&#038;p=33828"},"modified":"2026-01-10T06:00:01","modified_gmt":"2026-01-10T04:00:01","slug":"matematikas-krasojama-gramata-rekinasana-lidz-desmit","status":"publish","type":"product","link":"https:\/\/felistella.eu\/lv\/prece\/matematikas-krasojama-gramata-rekinasana-lidz-desmit\/","title":{"rendered":"Matem\u0101tikas kr\u0101sojam\u0101 gr\u0101mata. R\u0113\u0137in\u0101\u0161ana l\u012bdz desmit"},"content":{"rendered":"<p>Matem\u0101tika\u00a0\u2013 zin\u0101t\u0146u karaliene! Ta\u010du ko ies\u0101kt, ja b\u0113rnam cipari nepadodas un nek\u0101di negrib sarindoties pareizaj\u0101 atrisin\u0101jum\u0101? Talk\u0101 steidz s\u0113rijas <a href=\"https:\/\/felistella.eu\/lv\/serija\/zvaigznu-skola\/\">\u201cZvaig\u017e\u0146u skola\u201d<\/a> matem\u0101tisk\u0101 kr\u0101so\u0161ana!<\/p>\n<p>Aizraujo\u0161ie uzdevumi \u013caus apg\u016bt aritm\u0113tisk\u0101s darb\u012bbas viegli un \u0101tri. B\u0113rniem rota\u013cas veid\u0101 tiek pied\u0101v\u0101ts atrisin\u0101t piem\u0113rus, skaitot l\u012bdz\u00a010, sal\u012bdzin\u0101t rezult\u0101tus ar kr\u0101su un izkr\u0101sot att\u0113lu.<\/p>\n<p>Nepareiza atbilde nepaliks nepaman\u012bta\u00a0\u2013 \u0161\u0101d\u0101 gad\u012bjum\u0101 kr\u0101sojamais att\u0113ls neizskat\u012bsies gl\u012bts. B\u0113rns uzreiz paman\u012bs k\u013c\u016bdu un var\u0113s to laikus izlabot. L\u012bdz\u012bga pieeja ne tikai pal\u012bdz \u0101tri apg\u016bt saskait\u012b\u0161anu un at\u0146em\u0161anu, bet ar\u012b tren\u0113 uzman\u012bbu, att\u012bsta lo\u0123isko dom\u0101\u0161anu un atmi\u0146u.<\/p>\n<p>Matem\u0101tisk\u0101 kr\u0101so\u0161ana\u00a0\u2013 m\u0101c\u0101mies skait\u012bt ar labpatiku!<\/p>\n<p><a href=\"https:\/\/felistella.eu\/wp-content\/uploads\/2020\/05\/ce-mark-42944_1280-150x107.png\"><img decoding=\"async\" class=\"alignnone wp-image-4105\" src=\"https:\/\/felistella.eu\/wp-content\/uploads\/2020\/05\/ce-mark-42944_1280-150x107.png\" alt=\"\" width=\"30\" height=\"21\" srcset=\"https:\/\/felistella.eu\/wp-content\/uploads\/2020\/05\/ce-mark-42944_1280-150x107.png 150w, https:\/\/felistella.eu\/wp-content\/uploads\/2020\/05\/ce-mark-42944_1280-185x132.png 185w, https:\/\/felistella.eu\/wp-content\/uploads\/2020\/05\/ce-mark-42944_1280-600x428.png 600w, https:\/\/felistella.eu\/wp-content\/uploads\/2020\/05\/ce-mark-42944_1280-64x46.png 64w, https:\/\/felistella.eu\/wp-content\/uploads\/2020\/05\/ce-mark-42944_1280-300x214.png 300w, https:\/\/felistella.eu\/wp-content\/uploads\/2020\/05\/ce-mark-42944_1280-1024x731.png 1024w, https:\/\/felistella.eu\/wp-content\/uploads\/2020\/05\/ce-mark-42944_1280-768x548.png 768w, https:\/\/felistella.eu\/wp-content\/uploads\/2020\/05\/ce-mark-42944_1280-220x154.png 220w, https:\/\/felistella.eu\/wp-content\/uploads\/2020\/05\/ce-mark-42944_1280-224x160.png 224w, https:\/\/felistella.eu\/wp-content\/uploads\/2020\/05\/ce-mark-42944_1280.png 1280w\" sizes=\"(max-width: 30px) 100vw, 30px\" \/><\/a><\/p>\n","protected":false},"excerpt":{"rendered":"Matem\u0101tika\u00a0\u2013 zin\u0101t\u0146u karaliene! Ta\u010du ko ies\u0101kt, ja b\u0113rnam cipari nepadodas un nek\u0101di negrib sarindoties pareizaj\u0101 atrisin\u0101jum\u0101? Talk\u0101 steidz s\u0113rijas \u201cZvaig\u017e\u0146u skola\u201d matem\u0101tisk\u0101 kr\u0101so\u0161ana! Aizraujo\u0161ie uzdevumi \u013caus apg\u016bt aritm\u0113tisk\u0101s darb\u012bbas viegli un \u0101tri. B\u0113rniem rota\u013cas veid\u0101 tiek pied\u0101v\u0101ts atrisin\u0101t piem\u0113rus, skaitot l\u012bdz\u00a010, sal\u012bdzin\u0101t rezult\u0101tus ar kr\u0101su un izkr\u0101sot att\u0113lu. Nepareiza atbilde nepaliks nepaman\u012bta\u00a0\u2013 \u0161\u0101d\u0101 gad\u012bjum\u0101 kr\u0101sojamais [&hellip;]","protected":false},"featured_media":33874,"comment_status":"open","ping_status":"closed","template":"","meta":{"_acf_changed":false},"pwb-brand":[],"product_brand":[],"product_cat":[1036],"product_tag":[],"class_list":{"0":"post-33828","1":"product","2":"type-product","3":"status-publish","4":"has-post-thumbnail","6":"product_cat-krasojamas-lapas-un-uzlimes","7":"pa_illustreerija-johanness-blendingers","8":"pa_serija-zvaigznu-skola","9":"pa_vanus-46-gadi","10":"pa_vanus-712-gadi","12":"first","13":"instock","14":"taxable","15":"shipping-taxable","16":"purchasable","17":"product-type-simple","18":"add-to-wishlist-before_image"},"acf":[],"yoast_head":"<!-- This site is optimized with the Yoast SEO plugin v27.4 - https:\/\/yoast.com\/product\/yoast-seo-wordpress\/ -->\n<title>Matem\u0101tikas kr\u0101sojam\u0101 gr\u0101mata. R\u0113\u0137in\u0101\u0161ana l\u012bdz desmit - Kirjastus Felistella<\/title>\n<meta name=\"description\" content=\"Selle v\u00e4rvi- ja m\u00f5istatusteraamatu abil saavad lasteaialapsed harjutada m\u00e4ngimise ajal keskendumist ja p\u00fcsivust. Vaheldusrikkad, armsate piltidega \u00fclesanded, nagu kujukeste \u00fchendamine, varjude leidmine ja koguste lugemine, on v\u00e4ikelaste jaoks huvitavad ja j\u00f5ukohased.\" \/>\n<meta name=\"robots\" content=\"index, follow, max-snippet:-1, max-image-preview:large, max-video-preview:-1\" \/>\n<link rel=\"canonical\" href=\"https:\/\/felistella.eu\/lv\/prece\/matematikas-krasojama-gramata-rekinasana-lidz-desmit\/\" \/>\n<meta property=\"og:locale\" content=\"lv_LV\" \/>\n<meta property=\"og:type\" content=\"article\" \/>\n<meta property=\"og:title\" content=\"Matem\u0101tikas kr\u0101sojam\u0101 gr\u0101mata. R\u0113\u0137in\u0101\u0161ana l\u012bdz desmit - Kirjastus Felistella\" \/>\n<meta property=\"og:description\" content=\"Selle v\u00e4rvi- ja m\u00f5istatusteraamatu abil saavad lasteaialapsed harjutada m\u00e4ngimise ajal keskendumist ja p\u00fcsivust. Vaheldusrikkad, armsate piltidega \u00fclesanded, nagu kujukeste \u00fchendamine, varjude leidmine ja koguste lugemine, on v\u00e4ikelaste jaoks huvitavad ja j\u00f5ukohased.\" \/>\n<meta property=\"og:url\" content=\"https:\/\/felistella.eu\/lv\/prece\/matematikas-krasojama-gramata-rekinasana-lidz-desmit\/\" \/>\n<meta property=\"og:site_name\" content=\"Kirjastus Felistella\" \/>\n<meta property=\"article:modified_time\" content=\"2026-01-10T04:00:01+00:00\" \/>\n<meta property=\"og:image\" content=\"https:\/\/FELISTELLA.EU\/wp-content\/uploads\/2024\/10\/Matematikas-krasojama-gramata-10-cover2.jpg\" \/>\n\t<meta property=\"og:image:width\" content=\"709\" \/>\n\t<meta property=\"og:image:height\" content=\"992\" \/>\n\t<meta property=\"og:image:type\" content=\"image\/jpeg\" \/>\n<meta name=\"twitter:card\" content=\"summary_large_image\" \/>\n<meta name=\"twitter:label1\" content=\"Est. reading time\" \/>\n\t<meta name=\"twitter:data1\" content=\"1 minute\" \/>\n<script type=\"application\/ld+json\" class=\"yoast-schema-graph\">{\"@context\":\"https:\\\/\\\/schema.org\",\"@graph\":[{\"@type\":\"WebPage\",\"@id\":\"https:\\\/\\\/felistella.eu\\\/lv\\\/prece\\\/matematikas-krasojama-gramata-rekinasana-lidz-desmit\\\/\",\"url\":\"https:\\\/\\\/felistella.eu\\\/lv\\\/prece\\\/matematikas-krasojama-gramata-rekinasana-lidz-desmit\\\/\",\"name\":\"Matem\u0101tikas kr\u0101sojam\u0101 gr\u0101mata. R\u0113\u0137in\u0101\u0161ana l\u012bdz desmit - Kirjastus Felistella\",\"isPartOf\":{\"@id\":\"https:\\\/\\\/felistella.eu\\\/lv\\\/#website\"},\"primaryImageOfPage\":{\"@id\":\"https:\\\/\\\/felistella.eu\\\/lv\\\/prece\\\/matematikas-krasojama-gramata-rekinasana-lidz-desmit\\\/#primaryimage\"},\"image\":{\"@id\":\"https:\\\/\\\/felistella.eu\\\/lv\\\/prece\\\/matematikas-krasojama-gramata-rekinasana-lidz-desmit\\\/#primaryimage\"},\"thumbnailUrl\":\"https:\\\/\\\/felistella.eu\\\/wp-content\\\/uploads\\\/2024\\\/10\\\/Matematikas-krasojama-gramata-10-cover2.jpg\",\"datePublished\":\"2024-10-23T15:40:45+00:00\",\"dateModified\":\"2026-01-10T04:00:01+00:00\",\"description\":\"Selle v\u00e4rvi- ja m\u00f5istatusteraamatu abil saavad lasteaialapsed harjutada m\u00e4ngimise ajal keskendumist ja p\u00fcsivust. Vaheldusrikkad, armsate piltidega \u00fclesanded, nagu kujukeste \u00fchendamine, varjude leidmine ja koguste lugemine, on v\u00e4ikelaste jaoks huvitavad ja j\u00f5ukohased.\",\"breadcrumb\":{\"@id\":\"https:\\\/\\\/felistella.eu\\\/lv\\\/prece\\\/matematikas-krasojama-gramata-rekinasana-lidz-desmit\\\/#breadcrumb\"},\"inLanguage\":\"lv-LV\",\"potentialAction\":[{\"@type\":\"ReadAction\",\"target\":[\"https:\\\/\\\/felistella.eu\\\/lv\\\/prece\\\/matematikas-krasojama-gramata-rekinasana-lidz-desmit\\\/\"]}]},{\"@type\":\"ImageObject\",\"inLanguage\":\"lv-LV\",\"@id\":\"https:\\\/\\\/felistella.eu\\\/lv\\\/prece\\\/matematikas-krasojama-gramata-rekinasana-lidz-desmit\\\/#primaryimage\",\"url\":\"https:\\\/\\\/felistella.eu\\\/wp-content\\\/uploads\\\/2024\\\/10\\\/Matematikas-krasojama-gramata-10-cover2.jpg\",\"contentUrl\":\"https:\\\/\\\/felistella.eu\\\/wp-content\\\/uploads\\\/2024\\\/10\\\/Matematikas-krasojama-gramata-10-cover2.jpg\",\"width\":709,\"height\":992},{\"@type\":\"BreadcrumbList\",\"@id\":\"https:\\\/\\\/felistella.eu\\\/lv\\\/prece\\\/matematikas-krasojama-gramata-rekinasana-lidz-desmit\\\/#breadcrumb\",\"itemListElement\":[{\"@type\":\"ListItem\",\"position\":1,\"name\":\"Avaleht\",\"item\":\"https:\\\/\\\/felistella.eu\\\/lv\\\/\"},{\"@type\":\"ListItem\",\"position\":2,\"name\":\"Pood\",\"item\":\"https:\\\/\\\/felistella.eu\\\/pood\\\/\"},{\"@type\":\"ListItem\",\"position\":3,\"name\":\"Matem\u0101tikas kr\u0101sojam\u0101 gr\u0101mata. R\u0113\u0137in\u0101\u0161ana l\u012bdz desmit\"}]},{\"@type\":\"WebSite\",\"@id\":\"https:\\\/\\\/felistella.eu\\\/lv\\\/#website\",\"url\":\"https:\\\/\\\/felistella.eu\\\/lv\\\/\",\"name\":\"Kirjastus Felistella\",\"description\":\"e-pood\",\"potentialAction\":[{\"@type\":\"SearchAction\",\"target\":{\"@type\":\"EntryPoint\",\"urlTemplate\":\"https:\\\/\\\/felistella.eu\\\/lv\\\/?s={search_term_string}\"},\"query-input\":{\"@type\":\"PropertyValueSpecification\",\"valueRequired\":true,\"valueName\":\"search_term_string\"}}],\"inLanguage\":\"lv-LV\"}]}<\/script>\n<!-- \/ Yoast SEO plugin. -->","yoast_head_json":{"title":"Matem\u0101tikas kr\u0101sojam\u0101 gr\u0101mata. R\u0113\u0137in\u0101\u0161ana l\u012bdz desmit - Kirjastus Felistella","description":"Selle v\u00e4rvi- ja m\u00f5istatusteraamatu abil saavad lasteaialapsed harjutada m\u00e4ngimise ajal keskendumist ja p\u00fcsivust. Vaheldusrikkad, armsate piltidega \u00fclesanded, nagu kujukeste \u00fchendamine, varjude leidmine ja koguste lugemine, on v\u00e4ikelaste jaoks huvitavad ja j\u00f5ukohased.","robots":{"index":"index","follow":"follow","max-snippet":"max-snippet:-1","max-image-preview":"max-image-preview:large","max-video-preview":"max-video-preview:-1"},"canonical":"https:\/\/felistella.eu\/lv\/prece\/matematikas-krasojama-gramata-rekinasana-lidz-desmit\/","og_locale":"lv_LV","og_type":"article","og_title":"Matem\u0101tikas kr\u0101sojam\u0101 gr\u0101mata. R\u0113\u0137in\u0101\u0161ana l\u012bdz desmit - Kirjastus Felistella","og_description":"Selle v\u00e4rvi- ja m\u00f5istatusteraamatu abil saavad lasteaialapsed harjutada m\u00e4ngimise ajal keskendumist ja p\u00fcsivust. Vaheldusrikkad, armsate piltidega \u00fclesanded, nagu kujukeste \u00fchendamine, varjude leidmine ja koguste lugemine, on v\u00e4ikelaste jaoks huvitavad ja j\u00f5ukohased.","og_url":"https:\/\/felistella.eu\/lv\/prece\/matematikas-krasojama-gramata-rekinasana-lidz-desmit\/","og_site_name":"Kirjastus Felistella","article_modified_time":"2026-01-10T04:00:01+00:00","og_image":[{"width":709,"height":992,"url":"https:\/\/FELISTELLA.EU\/wp-content\/uploads\/2024\/10\/Matematikas-krasojama-gramata-10-cover2.jpg","type":"image\/jpeg"}],"twitter_card":"summary_large_image","twitter_misc":{"Est. reading time":"1 minute"},"schema":{"@context":"https:\/\/schema.org","@graph":[{"@type":"WebPage","@id":"https:\/\/felistella.eu\/lv\/prece\/matematikas-krasojama-gramata-rekinasana-lidz-desmit\/","url":"https:\/\/felistella.eu\/lv\/prece\/matematikas-krasojama-gramata-rekinasana-lidz-desmit\/","name":"Matem\u0101tikas kr\u0101sojam\u0101 gr\u0101mata. R\u0113\u0137in\u0101\u0161ana l\u012bdz desmit - Kirjastus Felistella","isPartOf":{"@id":"https:\/\/felistella.eu\/lv\/#website"},"primaryImageOfPage":{"@id":"https:\/\/felistella.eu\/lv\/prece\/matematikas-krasojama-gramata-rekinasana-lidz-desmit\/#primaryimage"},"image":{"@id":"https:\/\/felistella.eu\/lv\/prece\/matematikas-krasojama-gramata-rekinasana-lidz-desmit\/#primaryimage"},"thumbnailUrl":"https:\/\/felistella.eu\/wp-content\/uploads\/2024\/10\/Matematikas-krasojama-gramata-10-cover2.jpg","datePublished":"2024-10-23T15:40:45+00:00","dateModified":"2026-01-10T04:00:01+00:00","description":"Selle v\u00e4rvi- ja m\u00f5istatusteraamatu abil saavad lasteaialapsed harjutada m\u00e4ngimise ajal keskendumist ja p\u00fcsivust. Vaheldusrikkad, armsate piltidega \u00fclesanded, nagu kujukeste \u00fchendamine, varjude leidmine ja koguste lugemine, on v\u00e4ikelaste jaoks huvitavad ja j\u00f5ukohased.","breadcrumb":{"@id":"https:\/\/felistella.eu\/lv\/prece\/matematikas-krasojama-gramata-rekinasana-lidz-desmit\/#breadcrumb"},"inLanguage":"lv-LV","potentialAction":[{"@type":"ReadAction","target":["https:\/\/felistella.eu\/lv\/prece\/matematikas-krasojama-gramata-rekinasana-lidz-desmit\/"]}]},{"@type":"ImageObject","inLanguage":"lv-LV","@id":"https:\/\/felistella.eu\/lv\/prece\/matematikas-krasojama-gramata-rekinasana-lidz-desmit\/#primaryimage","url":"https:\/\/felistella.eu\/wp-content\/uploads\/2024\/10\/Matematikas-krasojama-gramata-10-cover2.jpg","contentUrl":"https:\/\/felistella.eu\/wp-content\/uploads\/2024\/10\/Matematikas-krasojama-gramata-10-cover2.jpg","width":709,"height":992},{"@type":"BreadcrumbList","@id":"https:\/\/felistella.eu\/lv\/prece\/matematikas-krasojama-gramata-rekinasana-lidz-desmit\/#breadcrumb","itemListElement":[{"@type":"ListItem","position":1,"name":"Avaleht","item":"https:\/\/felistella.eu\/lv\/"},{"@type":"ListItem","position":2,"name":"Pood","item":"https:\/\/felistella.eu\/pood\/"},{"@type":"ListItem","position":3,"name":"Matem\u0101tikas kr\u0101sojam\u0101 gr\u0101mata. R\u0113\u0137in\u0101\u0161ana l\u012bdz desmit"}]},{"@type":"WebSite","@id":"https:\/\/felistella.eu\/lv\/#website","url":"https:\/\/felistella.eu\/lv\/","name":"Kirjastus Felistella","description":"e-pood","potentialAction":[{"@type":"SearchAction","target":{"@type":"EntryPoint","urlTemplate":"https:\/\/felistella.eu\/lv\/?s={search_term_string}"},"query-input":{"@type":"PropertyValueSpecification","valueRequired":true,"valueName":"search_term_string"}}],"inLanguage":"lv-LV"}]}},"brands":[],"_links":{"self":[{"href":"https:\/\/felistella.eu\/lv\/wp-json\/wp\/v2\/product\/33828","targetHints":{"allow":["GET"]}}],"collection":[{"href":"https:\/\/felistella.eu\/lv\/wp-json\/wp\/v2\/product"}],"about":[{"href":"https:\/\/felistella.eu\/lv\/wp-json\/wp\/v2\/types\/product"}],"replies":[{"embeddable":true,"href":"https:\/\/felistella.eu\/lv\/wp-json\/wp\/v2\/comments?post=33828"}],"version-history":[{"count":0,"href":"https:\/\/felistella.eu\/lv\/wp-json\/wp\/v2\/product\/33828\/revisions"}],"wp:featuredmedia":[{"embeddable":true,"href":"https:\/\/felistella.eu\/lv\/wp-json\/wp\/v2\/media\/33874"}],"wp:attachment":[{"href":"https:\/\/felistella.eu\/lv\/wp-json\/wp\/v2\/media?parent=33828"}],"wp:term":[{"taxonomy":"pwb-brand","embeddable":true,"href":"https:\/\/felistella.eu\/lv\/wp-json\/wp\/v2\/pwb-brand?post=33828"},{"taxonomy":"product_brand","embeddable":true,"href":"https:\/\/felistella.eu\/lv\/wp-json\/wp\/v2\/product_brand?post=33828"},{"taxonomy":"product_cat","embeddable":true,"href":"https:\/\/felistella.eu\/lv\/wp-json\/wp\/v2\/product_cat?post=33828"},{"taxonomy":"product_tag","embeddable":true,"href":"https:\/\/felistella.eu\/lv\/wp-json\/wp\/v2\/product_tag?post=33828"}],"curies":[{"name":"wp","href":"https:\/\/api.w.org\/{rel}","templated":true}]}}