{"id":33878,"date":"2024-10-24T17:13:55","date_gmt":"2024-10-24T14:13:55","guid":{"rendered":"https:\/\/felistella.eu\/?post_type=product&#038;p=33878"},"modified":"2026-01-10T05:00:02","modified_gmt":"2026-01-10T03:00:02","slug":"atteli-mazuliem-ferma","status":"publish","type":"product","link":"https:\/\/felistella.eu\/lv\/prece\/atteli-mazuliem-ferma\/","title":{"rendered":"Att\u0113li mazu\u013ciem. Ferma"},"content":{"rendered":"\t\t<div data-elementor-type=\"product-post\" data-elementor-id=\"33878\" class=\"elementor elementor-33878\" data-elementor-post-type=\"product\">\n\t\t\t\t\t\t<section class=\"elementor-section elementor-top-section elementor-element elementor-element-5780f1e3 elementor-section-boxed elementor-section-height-default elementor-section-height-default\" data-id=\"5780f1e3\" data-element_type=\"section\" data-e-type=\"section\">\n\t\t\t\t\t\t<div class=\"elementor-container elementor-column-gap-default\">\n\t\t\t\t\t<div class=\"elementor-column elementor-col-100 elementor-top-column elementor-element elementor-element-24ed1832\" data-id=\"24ed1832\" data-element_type=\"column\" data-e-type=\"column\">\n\t\t\t<div class=\"elementor-widget-wrap elementor-element-populated\">\n\t\t\t\t\t\t<div class=\"elementor-element elementor-element-7e298e72 elementor-widget elementor-widget-text-editor\" data-id=\"7e298e72\" data-element_type=\"widget\" data-e-type=\"widget\" data-widget_type=\"text-editor.default\">\n\t\t\t\t<div class=\"elementor-widget-container\">\n\t\t\t\t\t\t\t\t\t<div><p>Kad m\u0101j\u0101s ien\u0101k mazulis, dz\u012bve k\u013c\u016bst piln\u012bgi cit\u0101da! Visa uzman\u012bba tiek piev\u0113rsta mazajam nemiera garam, visi sp\u0113ki tiek velt\u012bti vi\u0146a audzin\u0101\u0161anai un att\u012bst\u012bbai. Pieaugu\u0161ajiem ir \u013coti svar\u012bgi saprast, ka viss di\u017eenais s\u0101kas ar mazumi\u0146u. T\u0101p\u0113c, lai b\u0113rnu pareizi audzin\u0101tu un att\u012bst\u012btu, jau no pirmaj\u0101m dz\u012bves dien\u0101m ir j\u0101izv\u0113las pareiz\u0101s gr\u0101matas. Un s\u0113rija <strong>&#8220;Att\u0113li mazu\u013ciem&#8221;<\/strong> lieliski tiek gal\u0101 ar \u0161o uzdevumu.<\/p><p>Gr\u0101mata-harmonika <strong>&#8220;Ferma&#8221;<\/strong> ir neaizvietojams jaundzimu\u0161o att\u012bst\u012bbas elements. B\u0113rns s\u0101k izzin\u0101t dz\u012bvnieku pasauli. Kontrast\u0113jo\u0161ie melnbaltie att\u0113li piesaista uzman\u012bbu un pal\u012bdz koncentr\u0113ties uz konkr\u0113tu att\u0113lu. B\u0113rns ilgi tos skat\u0101s, p\u0113ta deta\u013cas un iegaum\u0113 redz\u0113to. Dz\u012bvnieku siluetus, vienk\u0101r\u0161\u0101s un saprotam\u0101s formas viegli uztver pat vismaz\u0101kie b\u0113rni.<\/p><p>Gr\u0101mata <strong>&#8220;Ferma&#8221;<\/strong> ir izgatavota no augstas kvalit\u0101tes kartona. Mazais form\u0101ts padara gr\u0101matas-harmonikas izmanto\u0161anu ne tikai noder\u012bgu, bet ar\u012b \u013coti \u0113rtu.<\/p><p>Gr\u0101matu s\u0113rija Att\u0113li mazu\u013ciem ir ne tikai rota\u013cu gr\u0101matas, bet ar\u012b pilnv\u0113rt\u012bgs m\u0101c\u012bbu l\u012bdzeklis mazajiem.<\/p><p>Atkl\u0101jiet b\u0113rnam rado\u0161uma pasauli!<\/p><\/div><p><a href=\"https:\/\/felistella.eu\/wp-content\/uploads\/2020\/05\/ce-mark-42944_1280-150x107.png\"><img decoding=\"async\" class=\"alignnone wp-image-4105\" src=\"https:\/\/felistella.eu\/wp-content\/uploads\/2020\/05\/ce-mark-42944_1280-150x107.png\" alt=\"\" width=\"30\" height=\"21\" srcset=\"https:\/\/felistella.eu\/wp-content\/uploads\/2020\/05\/ce-mark-42944_1280-150x107.png 150w, https:\/\/felistella.eu\/wp-content\/uploads\/2020\/05\/ce-mark-42944_1280-185x132.png 185w, https:\/\/felistella.eu\/wp-content\/uploads\/2020\/05\/ce-mark-42944_1280-600x428.png 600w, https:\/\/felistella.eu\/wp-content\/uploads\/2020\/05\/ce-mark-42944_1280-64x46.png 64w, https:\/\/felistella.eu\/wp-content\/uploads\/2020\/05\/ce-mark-42944_1280-300x214.png 300w, https:\/\/felistella.eu\/wp-content\/uploads\/2020\/05\/ce-mark-42944_1280-1024x731.png 1024w, https:\/\/felistella.eu\/wp-content\/uploads\/2020\/05\/ce-mark-42944_1280-768x548.png 768w, https:\/\/felistella.eu\/wp-content\/uploads\/2020\/05\/ce-mark-42944_1280-220x154.png 220w, https:\/\/felistella.eu\/wp-content\/uploads\/2020\/05\/ce-mark-42944_1280-224x160.png 224w, https:\/\/felistella.eu\/wp-content\/uploads\/2020\/05\/ce-mark-42944_1280.png 1280w\" sizes=\"(max-width: 30px) 100vw, 30px\" \/><\/a><\/p>\t\t\t\t\t\t\t\t<\/div>\n\t\t\t\t<\/div>\n\t\t\t\t<div class=\"elementor-element elementor-element-8fa582e elementor-widget elementor-widget-gallery\" data-id=\"8fa582e\" data-element_type=\"widget\" data-e-type=\"widget\" data-settings=\"{&quot;lazyload&quot;:&quot;yes&quot;,&quot;gallery_layout&quot;:&quot;grid&quot;,&quot;columns&quot;:4,&quot;columns_tablet&quot;:2,&quot;columns_mobile&quot;:1,&quot;gap&quot;:{&quot;unit&quot;:&quot;px&quot;,&quot;size&quot;:10,&quot;sizes&quot;:[]},&quot;gap_tablet&quot;:{&quot;unit&quot;:&quot;px&quot;,&quot;size&quot;:10,&quot;sizes&quot;:[]},&quot;gap_mobile&quot;:{&quot;unit&quot;:&quot;px&quot;,&quot;size&quot;:10,&quot;sizes&quot;:[]},&quot;link_to&quot;:&quot;file&quot;,&quot;aspect_ratio&quot;:&quot;3:2&quot;,&quot;overlay_background&quot;:&quot;yes&quot;,&quot;content_hover_animation&quot;:&quot;fade-in&quot;}\" data-widget_type=\"gallery.default\">\n\t\t\t\t<div class=\"elementor-widget-container\">\n\t\t\t\t\t\t\t<div class=\"elementor-gallery__container\">\n\t\t\t\t\t\t\t<a class=\"e-gallery-item elementor-gallery-item elementor-animated-content\" href=\"https:\/\/felistella.eu\/wp-content\/uploads\/2024\/10\/FDS_8412.jpg\" data-elementor-open-lightbox=\"yes\" data-elementor-lightbox-slideshow=\"8fa582e\" data-elementor-lightbox-title=\"FDS_8412\" data-e-action-hash=\"#elementor-action%3Aaction%3Dlightbox%26settings%3DeyJpZCI6MzM4ODIsInVybCI6Imh0dHBzOlwvXC9mZWxpc3RlbGxhLmV1XC93cC1jb250ZW50XC91cGxvYWRzXC8yMDI0XC8xMFwvRkRTXzg0MTIuanBnIiwic2xpZGVzaG93IjoiOGZhNTgyZSJ9\">\n\t\t\t\t\t<div class=\"e-gallery-image elementor-gallery-item__image\" data-thumbnail=\"https:\/\/felistella.eu\/wp-content\/uploads\/2024\/10\/FDS_8412-1536x1024.jpg\" data-width=\"1536\" data-height=\"1024\" aria-label=\"\" role=\"img\" ><\/div>\n\t\t\t\t\t\t\t\t\t\t\t<div class=\"elementor-gallery-item__overlay\"><\/div>\n\t\t\t\t\t\t\t\t\t\t\t\t\t\t<\/a>\n\t\t\t\t\t\t\t<a class=\"e-gallery-item elementor-gallery-item elementor-animated-content\" href=\"https:\/\/felistella.eu\/wp-content\/uploads\/2024\/10\/FDS_8424.jpg\" data-elementor-open-lightbox=\"yes\" data-elementor-lightbox-slideshow=\"8fa582e\" data-elementor-lightbox-title=\"FDS_8424\" data-e-action-hash=\"#elementor-action%3Aaction%3Dlightbox%26settings%3DeyJpZCI6MzM4ODQsInVybCI6Imh0dHBzOlwvXC9mZWxpc3RlbGxhLmV1XC93cC1jb250ZW50XC91cGxvYWRzXC8yMDI0XC8xMFwvRkRTXzg0MjQuanBnIiwic2xpZGVzaG93IjoiOGZhNTgyZSJ9\">\n\t\t\t\t\t<div class=\"e-gallery-image elementor-gallery-item__image\" data-thumbnail=\"https:\/\/felistella.eu\/wp-content\/uploads\/2024\/10\/FDS_8424-1536x1024.jpg\" data-width=\"1536\" data-height=\"1024\" aria-label=\"\" role=\"img\" ><\/div>\n\t\t\t\t\t\t\t\t\t\t\t<div class=\"elementor-gallery-item__overlay\"><\/div>\n\t\t\t\t\t\t\t\t\t\t\t\t\t\t<\/a>\n\t\t\t\t\t\t\t<a class=\"e-gallery-item elementor-gallery-item elementor-animated-content\" href=\"https:\/\/felistella.eu\/wp-content\/uploads\/2024\/10\/FDS_8393.jpg\" data-elementor-open-lightbox=\"yes\" data-elementor-lightbox-slideshow=\"8fa582e\" data-elementor-lightbox-title=\"FDS_8393\" data-e-action-hash=\"#elementor-action%3Aaction%3Dlightbox%26settings%3DeyJpZCI6MzM4ODYsInVybCI6Imh0dHBzOlwvXC9mZWxpc3RlbGxhLmV1XC93cC1jb250ZW50XC91cGxvYWRzXC8yMDI0XC8xMFwvRkRTXzgzOTMuanBnIiwic2xpZGVzaG93IjoiOGZhNTgyZSJ9\">\n\t\t\t\t\t<div class=\"e-gallery-image elementor-gallery-item__image\" data-thumbnail=\"https:\/\/felistella.eu\/wp-content\/uploads\/2024\/10\/FDS_8393-1536x1024.jpg\" data-width=\"1536\" data-height=\"1024\" aria-label=\"\" role=\"img\" ><\/div>\n\t\t\t\t\t\t\t\t\t\t\t<div class=\"elementor-gallery-item__overlay\"><\/div>\n\t\t\t\t\t\t\t\t\t\t\t\t\t\t<\/a>\n\t\t\t\t\t<\/div>\n\t\t\t\t\t<\/div>\n\t\t\t\t<\/div>\n\t\t\t\t\t<\/div>\n\t\t<\/div>\n\t\t\t\t\t<\/div>\n\t\t<\/section>\n\t\t\t\t<\/div>\n\t\t","protected":false},"excerpt":{"rendered":"Kad m\u0101j\u0101s ien\u0101k mazulis, dz\u012bve k\u013c\u016bst piln\u012bgi cit\u0101da! Visa uzman\u012bba tiek piev\u0113rsta mazajam nemiera garam, visi sp\u0113ki tiek velt\u012bti vi\u0146a audzin\u0101\u0161anai un att\u012bst\u012bbai. Pieaugu\u0161ajiem ir \u013coti svar\u012bgi saprast, ka viss di\u017eenais s\u0101kas ar mazumi\u0146u. T\u0101p\u0113c, lai b\u0113rnu pareizi audzin\u0101tu un att\u012bst\u012btu, jau no pirmaj\u0101m dz\u012bves dien\u0101m ir j\u0101izv\u0113las pareiz\u0101s gr\u0101matas. Un s\u0113rija &#8220;Att\u0113li mazu\u013ciem&#8221; lieliski [&hellip;]","protected":false},"featured_media":33879,"comment_status":"open","ping_status":"closed","template":"","meta":{"_acf_changed":false},"pwb-brand":[],"product_brand":[],"product_cat":[1039],"product_tag":[],"class_list":{"0":"post-33878","1":"product","2":"type-product","3":"status-publish","4":"has-post-thumbnail","6":"product_cat-mazuliem","7":"pa_formaat-kartona-gramata","8":"pa_serija-atteli-mazuliem","9":"pa_vanus-03-gadi","11":"first","12":"instock","13":"taxable","14":"shipping-taxable","15":"purchasable","16":"product-type-simple","17":"add-to-wishlist-before_image"},"acf":[],"yoast_head":"<!-- This site is optimized with the Yoast SEO plugin v27.5 - https:\/\/yoast.com\/product\/yoast-seo-wordpress\/ -->\n<title>Att\u0113li mazu\u013ciem. Ferma - Kirjastus Felistella<\/title>\n<meta name=\"description\" content=\"Selle v\u00e4rvi- ja m\u00f5istatusteraamatu abil saavad lasteaialapsed harjutada m\u00e4ngimise ajal keskendumist ja p\u00fcsivust. Vaheldusrikkad, armsate piltidega \u00fclesanded, nagu kujukeste \u00fchendamine, varjude leidmine ja koguste lugemine, on v\u00e4ikelaste jaoks huvitavad ja j\u00f5ukohased.\" \/>\n<meta name=\"robots\" content=\"index, follow, max-snippet:-1, max-image-preview:large, max-video-preview:-1\" \/>\n<link rel=\"canonical\" href=\"https:\/\/felistella.eu\/lv\/prece\/atteli-mazuliem-ferma\/\" \/>\n<meta property=\"og:locale\" content=\"lv_LV\" \/>\n<meta property=\"og:type\" content=\"article\" \/>\n<meta property=\"og:title\" content=\"Att\u0113li mazu\u013ciem. Ferma - Kirjastus Felistella\" \/>\n<meta property=\"og:description\" content=\"Selle v\u00e4rvi- ja m\u00f5istatusteraamatu abil saavad lasteaialapsed harjutada m\u00e4ngimise ajal keskendumist ja p\u00fcsivust. Vaheldusrikkad, armsate piltidega \u00fclesanded, nagu kujukeste \u00fchendamine, varjude leidmine ja koguste lugemine, on v\u00e4ikelaste jaoks huvitavad ja j\u00f5ukohased.\" \/>\n<meta property=\"og:url\" content=\"https:\/\/felistella.eu\/lv\/prece\/atteli-mazuliem-ferma\/\" \/>\n<meta property=\"og:site_name\" content=\"Kirjastus Felistella\" \/>\n<meta property=\"article:modified_time\" content=\"2026-01-10T03:00:02+00:00\" \/>\n<meta property=\"og:image\" content=\"https:\/\/FELISTELLA.EU\/wp-content\/uploads\/2024\/10\/Atteli-mazuliem-Ferma.jpg\" \/>\n\t<meta property=\"og:image:width\" content=\"600\" \/>\n\t<meta property=\"og:image:height\" content=\"600\" \/>\n\t<meta property=\"og:image:type\" content=\"image\/jpeg\" \/>\n<meta name=\"twitter:card\" content=\"summary_large_image\" \/>\n<meta name=\"twitter:label1\" content=\"Est. reading time\" \/>\n\t<meta name=\"twitter:data1\" content=\"2 minutes\" \/>\n<script type=\"application\/ld+json\" class=\"yoast-schema-graph\">{\"@context\":\"https:\\\/\\\/schema.org\",\"@graph\":[{\"@type\":\"WebPage\",\"@id\":\"https:\\\/\\\/felistella.eu\\\/lv\\\/prece\\\/atteli-mazuliem-ferma\\\/\",\"url\":\"https:\\\/\\\/felistella.eu\\\/lv\\\/prece\\\/atteli-mazuliem-ferma\\\/\",\"name\":\"Att\u0113li mazu\u013ciem. Ferma - Kirjastus Felistella\",\"isPartOf\":{\"@id\":\"https:\\\/\\\/felistella.eu\\\/lv\\\/#website\"},\"primaryImageOfPage\":{\"@id\":\"https:\\\/\\\/felistella.eu\\\/lv\\\/prece\\\/atteli-mazuliem-ferma\\\/#primaryimage\"},\"image\":{\"@id\":\"https:\\\/\\\/felistella.eu\\\/lv\\\/prece\\\/atteli-mazuliem-ferma\\\/#primaryimage\"},\"thumbnailUrl\":\"https:\\\/\\\/felistella.eu\\\/wp-content\\\/uploads\\\/2024\\\/10\\\/Atteli-mazuliem-Ferma.jpg\",\"datePublished\":\"2024-10-24T14:13:55+00:00\",\"dateModified\":\"2026-01-10T03:00:02+00:00\",\"description\":\"Selle v\u00e4rvi- ja m\u00f5istatusteraamatu abil saavad lasteaialapsed harjutada m\u00e4ngimise ajal keskendumist ja p\u00fcsivust. Vaheldusrikkad, armsate piltidega \u00fclesanded, nagu kujukeste \u00fchendamine, varjude leidmine ja koguste lugemine, on v\u00e4ikelaste jaoks huvitavad ja j\u00f5ukohased.\",\"breadcrumb\":{\"@id\":\"https:\\\/\\\/felistella.eu\\\/lv\\\/prece\\\/atteli-mazuliem-ferma\\\/#breadcrumb\"},\"inLanguage\":\"lv-LV\",\"potentialAction\":[{\"@type\":\"ReadAction\",\"target\":[\"https:\\\/\\\/felistella.eu\\\/lv\\\/prece\\\/atteli-mazuliem-ferma\\\/\"]}]},{\"@type\":\"ImageObject\",\"inLanguage\":\"lv-LV\",\"@id\":\"https:\\\/\\\/felistella.eu\\\/lv\\\/prece\\\/atteli-mazuliem-ferma\\\/#primaryimage\",\"url\":\"https:\\\/\\\/felistella.eu\\\/wp-content\\\/uploads\\\/2024\\\/10\\\/Atteli-mazuliem-Ferma.jpg\",\"contentUrl\":\"https:\\\/\\\/felistella.eu\\\/wp-content\\\/uploads\\\/2024\\\/10\\\/Atteli-mazuliem-Ferma.jpg\",\"width\":600,\"height\":600},{\"@type\":\"BreadcrumbList\",\"@id\":\"https:\\\/\\\/felistella.eu\\\/lv\\\/prece\\\/atteli-mazuliem-ferma\\\/#breadcrumb\",\"itemListElement\":[{\"@type\":\"ListItem\",\"position\":1,\"name\":\"Avaleht\",\"item\":\"https:\\\/\\\/felistella.eu\\\/lv\\\/\"},{\"@type\":\"ListItem\",\"position\":2,\"name\":\"Pood\",\"item\":\"https:\\\/\\\/felistella.eu\\\/pood\\\/\"},{\"@type\":\"ListItem\",\"position\":3,\"name\":\"Att\u0113li mazu\u013ciem. Ferma\"}]},{\"@type\":\"WebSite\",\"@id\":\"https:\\\/\\\/felistella.eu\\\/lv\\\/#website\",\"url\":\"https:\\\/\\\/felistella.eu\\\/lv\\\/\",\"name\":\"Kirjastus Felistella\",\"description\":\"e-pood\",\"potentialAction\":[{\"@type\":\"SearchAction\",\"target\":{\"@type\":\"EntryPoint\",\"urlTemplate\":\"https:\\\/\\\/felistella.eu\\\/lv\\\/?s={search_term_string}\"},\"query-input\":{\"@type\":\"PropertyValueSpecification\",\"valueRequired\":true,\"valueName\":\"search_term_string\"}}],\"inLanguage\":\"lv-LV\"}]}<\/script>\n<!-- \/ Yoast SEO plugin. -->","yoast_head_json":{"title":"Att\u0113li mazu\u013ciem. Ferma - Kirjastus Felistella","description":"Selle v\u00e4rvi- ja m\u00f5istatusteraamatu abil saavad lasteaialapsed harjutada m\u00e4ngimise ajal keskendumist ja p\u00fcsivust. Vaheldusrikkad, armsate piltidega \u00fclesanded, nagu kujukeste \u00fchendamine, varjude leidmine ja koguste lugemine, on v\u00e4ikelaste jaoks huvitavad ja j\u00f5ukohased.","robots":{"index":"index","follow":"follow","max-snippet":"max-snippet:-1","max-image-preview":"max-image-preview:large","max-video-preview":"max-video-preview:-1"},"canonical":"https:\/\/felistella.eu\/lv\/prece\/atteli-mazuliem-ferma\/","og_locale":"lv_LV","og_type":"article","og_title":"Att\u0113li mazu\u013ciem. Ferma - Kirjastus Felistella","og_description":"Selle v\u00e4rvi- ja m\u00f5istatusteraamatu abil saavad lasteaialapsed harjutada m\u00e4ngimise ajal keskendumist ja p\u00fcsivust. Vaheldusrikkad, armsate piltidega \u00fclesanded, nagu kujukeste \u00fchendamine, varjude leidmine ja koguste lugemine, on v\u00e4ikelaste jaoks huvitavad ja j\u00f5ukohased.","og_url":"https:\/\/felistella.eu\/lv\/prece\/atteli-mazuliem-ferma\/","og_site_name":"Kirjastus Felistella","article_modified_time":"2026-01-10T03:00:02+00:00","og_image":[{"width":600,"height":600,"url":"https:\/\/FELISTELLA.EU\/wp-content\/uploads\/2024\/10\/Atteli-mazuliem-Ferma.jpg","type":"image\/jpeg"}],"twitter_card":"summary_large_image","twitter_misc":{"Est. reading time":"2 minutes"},"schema":{"@context":"https:\/\/schema.org","@graph":[{"@type":"WebPage","@id":"https:\/\/felistella.eu\/lv\/prece\/atteli-mazuliem-ferma\/","url":"https:\/\/felistella.eu\/lv\/prece\/atteli-mazuliem-ferma\/","name":"Att\u0113li mazu\u013ciem. Ferma - Kirjastus Felistella","isPartOf":{"@id":"https:\/\/felistella.eu\/lv\/#website"},"primaryImageOfPage":{"@id":"https:\/\/felistella.eu\/lv\/prece\/atteli-mazuliem-ferma\/#primaryimage"},"image":{"@id":"https:\/\/felistella.eu\/lv\/prece\/atteli-mazuliem-ferma\/#primaryimage"},"thumbnailUrl":"https:\/\/felistella.eu\/wp-content\/uploads\/2024\/10\/Atteli-mazuliem-Ferma.jpg","datePublished":"2024-10-24T14:13:55+00:00","dateModified":"2026-01-10T03:00:02+00:00","description":"Selle v\u00e4rvi- ja m\u00f5istatusteraamatu abil saavad lasteaialapsed harjutada m\u00e4ngimise ajal keskendumist ja p\u00fcsivust. Vaheldusrikkad, armsate piltidega \u00fclesanded, nagu kujukeste \u00fchendamine, varjude leidmine ja koguste lugemine, on v\u00e4ikelaste jaoks huvitavad ja j\u00f5ukohased.","breadcrumb":{"@id":"https:\/\/felistella.eu\/lv\/prece\/atteli-mazuliem-ferma\/#breadcrumb"},"inLanguage":"lv-LV","potentialAction":[{"@type":"ReadAction","target":["https:\/\/felistella.eu\/lv\/prece\/atteli-mazuliem-ferma\/"]}]},{"@type":"ImageObject","inLanguage":"lv-LV","@id":"https:\/\/felistella.eu\/lv\/prece\/atteli-mazuliem-ferma\/#primaryimage","url":"https:\/\/felistella.eu\/wp-content\/uploads\/2024\/10\/Atteli-mazuliem-Ferma.jpg","contentUrl":"https:\/\/felistella.eu\/wp-content\/uploads\/2024\/10\/Atteli-mazuliem-Ferma.jpg","width":600,"height":600},{"@type":"BreadcrumbList","@id":"https:\/\/felistella.eu\/lv\/prece\/atteli-mazuliem-ferma\/#breadcrumb","itemListElement":[{"@type":"ListItem","position":1,"name":"Avaleht","item":"https:\/\/felistella.eu\/lv\/"},{"@type":"ListItem","position":2,"name":"Pood","item":"https:\/\/felistella.eu\/pood\/"},{"@type":"ListItem","position":3,"name":"Att\u0113li mazu\u013ciem. Ferma"}]},{"@type":"WebSite","@id":"https:\/\/felistella.eu\/lv\/#website","url":"https:\/\/felistella.eu\/lv\/","name":"Kirjastus Felistella","description":"e-pood","potentialAction":[{"@type":"SearchAction","target":{"@type":"EntryPoint","urlTemplate":"https:\/\/felistella.eu\/lv\/?s={search_term_string}"},"query-input":{"@type":"PropertyValueSpecification","valueRequired":true,"valueName":"search_term_string"}}],"inLanguage":"lv-LV"}]}},"brands":[],"_links":{"self":[{"href":"https:\/\/felistella.eu\/lv\/wp-json\/wp\/v2\/product\/33878","targetHints":{"allow":["GET"]}}],"collection":[{"href":"https:\/\/felistella.eu\/lv\/wp-json\/wp\/v2\/product"}],"about":[{"href":"https:\/\/felistella.eu\/lv\/wp-json\/wp\/v2\/types\/product"}],"replies":[{"embeddable":true,"href":"https:\/\/felistella.eu\/lv\/wp-json\/wp\/v2\/comments?post=33878"}],"version-history":[{"count":0,"href":"https:\/\/felistella.eu\/lv\/wp-json\/wp\/v2\/product\/33878\/revisions"}],"wp:featuredmedia":[{"embeddable":true,"href":"https:\/\/felistella.eu\/lv\/wp-json\/wp\/v2\/media\/33879"}],"wp:attachment":[{"href":"https:\/\/felistella.eu\/lv\/wp-json\/wp\/v2\/media?parent=33878"}],"wp:term":[{"taxonomy":"pwb-brand","embeddable":true,"href":"https:\/\/felistella.eu\/lv\/wp-json\/wp\/v2\/pwb-brand?post=33878"},{"taxonomy":"product_brand","embeddable":true,"href":"https:\/\/felistella.eu\/lv\/wp-json\/wp\/v2\/product_brand?post=33878"},{"taxonomy":"product_cat","embeddable":true,"href":"https:\/\/felistella.eu\/lv\/wp-json\/wp\/v2\/product_cat?post=33878"},{"taxonomy":"product_tag","embeddable":true,"href":"https:\/\/felistella.eu\/lv\/wp-json\/wp\/v2\/product_tag?post=33878"}],"curies":[{"name":"wp","href":"https:\/\/api.w.org\/{rel}","templated":true}]}}