{"id":34071,"date":"2024-10-30T10:51:08","date_gmt":"2024-10-30T08:51:08","guid":{"rendered":"https:\/\/felistella.eu\/?post_type=product&#038;p=34071"},"modified":"2026-01-07T06:05:21","modified_gmt":"2026-01-07T04:05:21","slug":"atteli-mazuliem-cuk-cuk","status":"publish","type":"product","link":"https:\/\/felistella.eu\/lv\/prece\/atteli-mazuliem-cuk-cuk\/","title":{"rendered":"Att\u0113li mazu\u013ciem. \u010cuk-\u010duk!"},"content":{"rendered":"\t\t<div data-elementor-type=\"product-post\" data-elementor-id=\"34071\" class=\"elementor elementor-34071\" data-elementor-post-type=\"product\">\n\t\t\t\t\t\t<section class=\"elementor-section elementor-top-section elementor-element elementor-element-5780f1e3 elementor-section-boxed elementor-section-height-default elementor-section-height-default\" data-id=\"5780f1e3\" data-element_type=\"section\" data-e-type=\"section\">\n\t\t\t\t\t\t<div class=\"elementor-container elementor-column-gap-default\">\n\t\t\t\t\t<div class=\"elementor-column elementor-col-100 elementor-top-column elementor-element elementor-element-24ed1832\" data-id=\"24ed1832\" data-element_type=\"column\" data-e-type=\"column\">\n\t\t\t<div class=\"elementor-widget-wrap elementor-element-populated\">\n\t\t\t\t\t\t<div class=\"elementor-element elementor-element-7e298e72 elementor-widget elementor-widget-text-editor\" data-id=\"7e298e72\" data-element_type=\"widget\" data-e-type=\"widget\" data-widget_type=\"text-editor.default\">\n\t\t\t\t<div class=\"elementor-widget-container\">\n\t\t\t\t\t\t\t\t\t<div><p>R\u016bpes par mazuli nav vienk\u0101r\u0161s uzdevums! Mazo neb\u0113dnieku vajag ne tikai laic\u012bgi pabarot, nomazg\u0101t, nolikt gul\u0113t, bet ar\u012b izklaid\u0113t. Neiztikt ar\u012b bez att\u012bsto\u0161\u0101m nodarb\u0113m! T\u0101m ir liela noz\u012bme harmonisk\u0101 b\u0113rnu audzin\u0101\u0161an\u0101.<\/p><p>Ir \u013coti svar\u012bgi izv\u0113l\u0113ties metodiku, kas atbilst mazu\u013ca vecumam. Tie\u0161i t\u0101d\u0113\u013c ir rad\u012bta s\u0113rija \u201c<strong>Att\u0113li\u00a0mazu\u013ciem\u201d<\/strong>, kas ir izveidota tie\u0161i mazu\u013ciem no dzim\u0161anas l\u012bdz trim gadiem. \u0112rt\u0101s harmoniku gr\u0101mati\u0146as b\u0113rnam m\u0101ca koncentr\u0113t uzman\u012bbu uz att\u0113liem, tren\u0113 atmi\u0146u, att\u012bsta smalko motoriku.<\/p><p>Gr\u0101mata \u201c<strong>Att\u0113li\u00a0mazu\u013ciem<\/strong><strong>. \u010cuk-\u010duk!<\/strong>\u201c iepaz\u012bstina ar da\u017e\u0101diem priek\u0161metiem un dz\u012bvniekiem. Lakonisk\u0101 kr\u0101su gamma piesaista uzman\u012bbu, liek izp\u0113t\u012bt katru atsevi\u0161\u0137o deta\u013cu, kas ir lielisks redzes treni\u0146\u0161.<\/p><p>Tas ir aizraujo\u0161s ce\u013cojums, kur\u0101 j\u016bs gaida daudzas jaunas un interesantas tik\u0161an\u0101s. L\u016bk, nopietn\u0101 p\u016bce sabozusies gaida, kad m\u0113s atkal dosimies ce\u013c\u0101, bet tauren\u012btis bezr\u016bp\u012bgi lidin\u0101s no zieda uz ziedu.\u00a0<\/p><p>Da\u017eiem att\u0113liem ir dotas rakstur\u012bg\u0101s ska\u0146as. Uzzini, k\u0101 run\u0101 p\u012bl\u0113ns, putni\u0146\u0161, p\u016bce, cik gar\u0161\u012bgi var iekosties ko\u0161\u0101 zemen\u0113 vai sul\u012bg\u0101 \u0101bol\u0101, ar k\u0101du ska\u0146u pret zemi atsitas jautri l\u0113k\u0101jo\u0161a bumba.\u00a0<\/p><p>Varb\u016bt m\u0113\u0123in\u0101sim kop\u0101 atk\u0101rtot \u0161\u012bs ska\u0146as?\u00a0<\/p><p>Vilcieni\u0146\u0161, \u010duk-\u010duk!\u00a0<\/p><p>Ir tik jautri rota\u013c\u0101ties ar m\u0101mi\u0146u un gr\u0101mati\u0146u \u201c<strong>Att\u0113li\u00a0mazu\u013ciem<\/strong><strong>. \u010cuk-\u010duk!<\/strong>\u201c<\/p><\/div><p><a href=\"https:\/\/felistella.eu\/wp-content\/uploads\/2020\/05\/ce-mark-42944_1280-150x107.png\"><img decoding=\"async\" class=\"alignnone wp-image-4105\" src=\"https:\/\/felistella.eu\/wp-content\/uploads\/2020\/05\/ce-mark-42944_1280-150x107.png\" alt=\"\" width=\"30\" height=\"21\" srcset=\"https:\/\/felistella.eu\/wp-content\/uploads\/2020\/05\/ce-mark-42944_1280-150x107.png 150w, https:\/\/felistella.eu\/wp-content\/uploads\/2020\/05\/ce-mark-42944_1280-185x132.png 185w, https:\/\/felistella.eu\/wp-content\/uploads\/2020\/05\/ce-mark-42944_1280-600x428.png 600w, https:\/\/felistella.eu\/wp-content\/uploads\/2020\/05\/ce-mark-42944_1280-64x46.png 64w, https:\/\/felistella.eu\/wp-content\/uploads\/2020\/05\/ce-mark-42944_1280-300x214.png 300w, https:\/\/felistella.eu\/wp-content\/uploads\/2020\/05\/ce-mark-42944_1280-1024x731.png 1024w, https:\/\/felistella.eu\/wp-content\/uploads\/2020\/05\/ce-mark-42944_1280-768x548.png 768w, https:\/\/felistella.eu\/wp-content\/uploads\/2020\/05\/ce-mark-42944_1280-220x154.png 220w, https:\/\/felistella.eu\/wp-content\/uploads\/2020\/05\/ce-mark-42944_1280-224x160.png 224w, https:\/\/felistella.eu\/wp-content\/uploads\/2020\/05\/ce-mark-42944_1280.png 1280w\" sizes=\"(max-width: 30px) 100vw, 30px\" \/><\/a><\/p>\t\t\t\t\t\t\t\t<\/div>\n\t\t\t\t<\/div>\n\t\t\t\t<div class=\"elementor-element elementor-element-8fa582e elementor-widget elementor-widget-gallery\" data-id=\"8fa582e\" data-element_type=\"widget\" data-e-type=\"widget\" data-settings=\"{&quot;lazyload&quot;:&quot;yes&quot;,&quot;gallery_layout&quot;:&quot;grid&quot;,&quot;columns&quot;:4,&quot;columns_tablet&quot;:2,&quot;columns_mobile&quot;:1,&quot;gap&quot;:{&quot;unit&quot;:&quot;px&quot;,&quot;size&quot;:10,&quot;sizes&quot;:[]},&quot;gap_tablet&quot;:{&quot;unit&quot;:&quot;px&quot;,&quot;size&quot;:10,&quot;sizes&quot;:[]},&quot;gap_mobile&quot;:{&quot;unit&quot;:&quot;px&quot;,&quot;size&quot;:10,&quot;sizes&quot;:[]},&quot;link_to&quot;:&quot;file&quot;,&quot;aspect_ratio&quot;:&quot;3:2&quot;,&quot;overlay_background&quot;:&quot;yes&quot;,&quot;content_hover_animation&quot;:&quot;fade-in&quot;}\" data-widget_type=\"gallery.default\">\n\t\t\t\t<div class=\"elementor-widget-container\">\n\t\t\t\t\t\t\t<div class=\"elementor-gallery__container\">\n\t\t\t\t\t\t\t<a class=\"e-gallery-item elementor-gallery-item elementor-animated-content\" href=\"https:\/\/felistella.eu\/wp-content\/uploads\/2024\/10\/FDS_8400.jpg\" data-elementor-open-lightbox=\"yes\" data-elementor-lightbox-slideshow=\"8fa582e\" data-elementor-lightbox-title=\"FDS_8400\" data-e-action-hash=\"#elementor-action%3Aaction%3Dlightbox%26settings%3DeyJpZCI6MzQwNzIsInVybCI6Imh0dHBzOlwvXC9mZWxpc3RlbGxhLmV1XC93cC1jb250ZW50XC91cGxvYWRzXC8yMDI0XC8xMFwvRkRTXzg0MDAuanBnIiwic2xpZGVzaG93IjoiOGZhNTgyZSJ9\">\n\t\t\t\t\t<div class=\"e-gallery-image elementor-gallery-item__image\" data-thumbnail=\"https:\/\/felistella.eu\/wp-content\/uploads\/2024\/10\/FDS_8400-1536x1024.jpg\" data-width=\"1536\" data-height=\"1024\" aria-label=\"\" role=\"img\" ><\/div>\n\t\t\t\t\t\t\t\t\t\t\t<div class=\"elementor-gallery-item__overlay\"><\/div>\n\t\t\t\t\t\t\t\t\t\t\t\t\t\t<\/a>\n\t\t\t\t\t\t\t<a class=\"e-gallery-item elementor-gallery-item elementor-animated-content\" href=\"https:\/\/felistella.eu\/wp-content\/uploads\/2024\/10\/FDS_8422.jpg\" data-elementor-open-lightbox=\"yes\" data-elementor-lightbox-slideshow=\"8fa582e\" data-elementor-lightbox-title=\"FDS_8422\" data-e-action-hash=\"#elementor-action%3Aaction%3Dlightbox%26settings%3DeyJpZCI6MzQwNzQsInVybCI6Imh0dHBzOlwvXC9mZWxpc3RlbGxhLmV1XC93cC1jb250ZW50XC91cGxvYWRzXC8yMDI0XC8xMFwvRkRTXzg0MjIuanBnIiwic2xpZGVzaG93IjoiOGZhNTgyZSJ9\">\n\t\t\t\t\t<div class=\"e-gallery-image elementor-gallery-item__image\" data-thumbnail=\"https:\/\/felistella.eu\/wp-content\/uploads\/2024\/10\/FDS_8422-1536x1024.jpg\" data-width=\"1536\" data-height=\"1024\" aria-label=\"\" role=\"img\" ><\/div>\n\t\t\t\t\t\t\t\t\t\t\t<div class=\"elementor-gallery-item__overlay\"><\/div>\n\t\t\t\t\t\t\t\t\t\t\t\t\t\t<\/a>\n\t\t\t\t\t\t\t<a class=\"e-gallery-item elementor-gallery-item elementor-animated-content\" href=\"https:\/\/felistella.eu\/wp-content\/uploads\/2024\/10\/FDS_8409.jpg\" data-elementor-open-lightbox=\"yes\" data-elementor-lightbox-slideshow=\"8fa582e\" data-elementor-lightbox-title=\"FDS_8409\" data-e-action-hash=\"#elementor-action%3Aaction%3Dlightbox%26settings%3DeyJpZCI6MzQwNzYsInVybCI6Imh0dHBzOlwvXC9mZWxpc3RlbGxhLmV1XC93cC1jb250ZW50XC91cGxvYWRzXC8yMDI0XC8xMFwvRkRTXzg0MDkuanBnIiwic2xpZGVzaG93IjoiOGZhNTgyZSJ9\">\n\t\t\t\t\t<div class=\"e-gallery-image elementor-gallery-item__image\" data-thumbnail=\"https:\/\/felistella.eu\/wp-content\/uploads\/2024\/10\/FDS_8409-1536x1024.jpg\" data-width=\"1536\" data-height=\"1024\" aria-label=\"\" role=\"img\" ><\/div>\n\t\t\t\t\t\t\t\t\t\t\t<div class=\"elementor-gallery-item__overlay\"><\/div>\n\t\t\t\t\t\t\t\t\t\t\t\t\t\t<\/a>\n\t\t\t\t\t<\/div>\n\t\t\t\t\t<\/div>\n\t\t\t\t<\/div>\n\t\t\t\t\t<\/div>\n\t\t<\/div>\n\t\t\t\t\t<\/div>\n\t\t<\/section>\n\t\t\t\t<\/div>\n\t\t","protected":false},"excerpt":{"rendered":"R\u016bpes par mazuli nav vienk\u0101r\u0161s uzdevums! Mazo neb\u0113dnieku vajag ne tikai laic\u012bgi pabarot, nomazg\u0101t, nolikt gul\u0113t, bet ar\u012b izklaid\u0113t. Neiztikt ar\u012b bez att\u012bsto\u0161\u0101m nodarb\u0113m! T\u0101m ir liela noz\u012bme harmonisk\u0101 b\u0113rnu audzin\u0101\u0161an\u0101. Ir \u013coti svar\u012bgi izv\u0113l\u0113ties metodiku, kas atbilst mazu\u013ca vecumam. Tie\u0161i t\u0101d\u0113\u013c ir rad\u012bta s\u0113rija \u201cAtt\u0113li\u00a0mazu\u013ciem\u201d, kas ir izveidota tie\u0161i mazu\u013ciem no dzim\u0161anas l\u012bdz trim [&hellip;]","protected":false},"featured_media":34078,"comment_status":"open","ping_status":"closed","template":"","meta":{"_acf_changed":false},"pwb-brand":[],"product_brand":[],"product_cat":[1039],"product_tag":[],"class_list":{"0":"post-34071","1":"product","2":"type-product","3":"status-publish","4":"has-post-thumbnail","6":"product_cat-mazuliem","7":"pa_formaat-kartona-gramata","8":"pa_serija-atteli-mazuliem","9":"pa_vanus-03-gadi","11":"first","12":"instock","13":"taxable","14":"shipping-taxable","15":"purchasable","16":"product-type-simple","17":"add-to-wishlist-before_image"},"acf":[],"yoast_head":"<!-- This site is optimized with the Yoast SEO plugin v27.4 - https:\/\/yoast.com\/product\/yoast-seo-wordpress\/ -->\n<title>Att\u0113li mazu\u013ciem. \u010cuk-\u010duk! - Kirjastus Felistella<\/title>\n<meta name=\"description\" content=\"Selle v\u00e4rvi- ja m\u00f5istatusteraamatu abil saavad lasteaialapsed harjutada m\u00e4ngimise ajal keskendumist ja p\u00fcsivust. Vaheldusrikkad, armsate piltidega \u00fclesanded, nagu kujukeste \u00fchendamine, varjude leidmine ja koguste lugemine, on v\u00e4ikelaste jaoks huvitavad ja j\u00f5ukohased.\" \/>\n<meta name=\"robots\" content=\"index, follow, max-snippet:-1, max-image-preview:large, max-video-preview:-1\" \/>\n<link rel=\"canonical\" href=\"https:\/\/felistella.eu\/lv\/prece\/atteli-mazuliem-cuk-cuk\/\" \/>\n<meta property=\"og:locale\" content=\"lv_LV\" \/>\n<meta property=\"og:type\" content=\"article\" \/>\n<meta property=\"og:title\" content=\"Att\u0113li mazu\u013ciem. \u010cuk-\u010duk! - Kirjastus Felistella\" \/>\n<meta property=\"og:description\" content=\"Selle v\u00e4rvi- ja m\u00f5istatusteraamatu abil saavad lasteaialapsed harjutada m\u00e4ngimise ajal keskendumist ja p\u00fcsivust. Vaheldusrikkad, armsate piltidega \u00fclesanded, nagu kujukeste \u00fchendamine, varjude leidmine ja koguste lugemine, on v\u00e4ikelaste jaoks huvitavad ja j\u00f5ukohased.\" \/>\n<meta property=\"og:url\" content=\"https:\/\/felistella.eu\/lv\/prece\/atteli-mazuliem-cuk-cuk\/\" \/>\n<meta property=\"og:site_name\" content=\"Kirjastus Felistella\" \/>\n<meta property=\"article:modified_time\" content=\"2026-01-07T04:05:21+00:00\" \/>\n<meta property=\"og:image\" content=\"https:\/\/FELISTELLA.EU\/wp-content\/uploads\/2024\/10\/Atteli-mazuliem-Cuk-cuk.jpg\" \/>\n\t<meta property=\"og:image:width\" content=\"600\" \/>\n\t<meta property=\"og:image:height\" content=\"600\" \/>\n\t<meta property=\"og:image:type\" content=\"image\/jpeg\" \/>\n<meta name=\"twitter:card\" content=\"summary_large_image\" \/>\n<meta name=\"twitter:label1\" content=\"Est. reading time\" \/>\n\t<meta name=\"twitter:data1\" content=\"2 minutes\" \/>\n<script type=\"application\/ld+json\" class=\"yoast-schema-graph\">{\"@context\":\"https:\\\/\\\/schema.org\",\"@graph\":[{\"@type\":\"WebPage\",\"@id\":\"https:\\\/\\\/felistella.eu\\\/lv\\\/prece\\\/atteli-mazuliem-cuk-cuk\\\/\",\"url\":\"https:\\\/\\\/felistella.eu\\\/lv\\\/prece\\\/atteli-mazuliem-cuk-cuk\\\/\",\"name\":\"Att\u0113li mazu\u013ciem. \u010cuk-\u010duk! - Kirjastus Felistella\",\"isPartOf\":{\"@id\":\"https:\\\/\\\/felistella.eu\\\/lv\\\/#website\"},\"primaryImageOfPage\":{\"@id\":\"https:\\\/\\\/felistella.eu\\\/lv\\\/prece\\\/atteli-mazuliem-cuk-cuk\\\/#primaryimage\"},\"image\":{\"@id\":\"https:\\\/\\\/felistella.eu\\\/lv\\\/prece\\\/atteli-mazuliem-cuk-cuk\\\/#primaryimage\"},\"thumbnailUrl\":\"https:\\\/\\\/felistella.eu\\\/wp-content\\\/uploads\\\/2024\\\/10\\\/Atteli-mazuliem-Cuk-cuk.jpg\",\"datePublished\":\"2024-10-30T08:51:08+00:00\",\"dateModified\":\"2026-01-07T04:05:21+00:00\",\"description\":\"Selle v\u00e4rvi- ja m\u00f5istatusteraamatu abil saavad lasteaialapsed harjutada m\u00e4ngimise ajal keskendumist ja p\u00fcsivust. Vaheldusrikkad, armsate piltidega \u00fclesanded, nagu kujukeste \u00fchendamine, varjude leidmine ja koguste lugemine, on v\u00e4ikelaste jaoks huvitavad ja j\u00f5ukohased.\",\"breadcrumb\":{\"@id\":\"https:\\\/\\\/felistella.eu\\\/lv\\\/prece\\\/atteli-mazuliem-cuk-cuk\\\/#breadcrumb\"},\"inLanguage\":\"lv-LV\",\"potentialAction\":[{\"@type\":\"ReadAction\",\"target\":[\"https:\\\/\\\/felistella.eu\\\/lv\\\/prece\\\/atteli-mazuliem-cuk-cuk\\\/\"]}]},{\"@type\":\"ImageObject\",\"inLanguage\":\"lv-LV\",\"@id\":\"https:\\\/\\\/felistella.eu\\\/lv\\\/prece\\\/atteli-mazuliem-cuk-cuk\\\/#primaryimage\",\"url\":\"https:\\\/\\\/felistella.eu\\\/wp-content\\\/uploads\\\/2024\\\/10\\\/Atteli-mazuliem-Cuk-cuk.jpg\",\"contentUrl\":\"https:\\\/\\\/felistella.eu\\\/wp-content\\\/uploads\\\/2024\\\/10\\\/Atteli-mazuliem-Cuk-cuk.jpg\",\"width\":600,\"height\":600},{\"@type\":\"BreadcrumbList\",\"@id\":\"https:\\\/\\\/felistella.eu\\\/lv\\\/prece\\\/atteli-mazuliem-cuk-cuk\\\/#breadcrumb\",\"itemListElement\":[{\"@type\":\"ListItem\",\"position\":1,\"name\":\"Avaleht\",\"item\":\"https:\\\/\\\/felistella.eu\\\/lv\\\/\"},{\"@type\":\"ListItem\",\"position\":2,\"name\":\"Pood\",\"item\":\"https:\\\/\\\/felistella.eu\\\/pood\\\/\"},{\"@type\":\"ListItem\",\"position\":3,\"name\":\"Att\u0113li mazu\u013ciem. \u010cuk-\u010duk!\"}]},{\"@type\":\"WebSite\",\"@id\":\"https:\\\/\\\/felistella.eu\\\/lv\\\/#website\",\"url\":\"https:\\\/\\\/felistella.eu\\\/lv\\\/\",\"name\":\"Kirjastus Felistella\",\"description\":\"e-pood\",\"potentialAction\":[{\"@type\":\"SearchAction\",\"target\":{\"@type\":\"EntryPoint\",\"urlTemplate\":\"https:\\\/\\\/felistella.eu\\\/lv\\\/?s={search_term_string}\"},\"query-input\":{\"@type\":\"PropertyValueSpecification\",\"valueRequired\":true,\"valueName\":\"search_term_string\"}}],\"inLanguage\":\"lv-LV\"}]}<\/script>\n<!-- \/ Yoast SEO plugin. -->","yoast_head_json":{"title":"Att\u0113li mazu\u013ciem. \u010cuk-\u010duk! - Kirjastus Felistella","description":"Selle v\u00e4rvi- ja m\u00f5istatusteraamatu abil saavad lasteaialapsed harjutada m\u00e4ngimise ajal keskendumist ja p\u00fcsivust. Vaheldusrikkad, armsate piltidega \u00fclesanded, nagu kujukeste \u00fchendamine, varjude leidmine ja koguste lugemine, on v\u00e4ikelaste jaoks huvitavad ja j\u00f5ukohased.","robots":{"index":"index","follow":"follow","max-snippet":"max-snippet:-1","max-image-preview":"max-image-preview:large","max-video-preview":"max-video-preview:-1"},"canonical":"https:\/\/felistella.eu\/lv\/prece\/atteli-mazuliem-cuk-cuk\/","og_locale":"lv_LV","og_type":"article","og_title":"Att\u0113li mazu\u013ciem. \u010cuk-\u010duk! - Kirjastus Felistella","og_description":"Selle v\u00e4rvi- ja m\u00f5istatusteraamatu abil saavad lasteaialapsed harjutada m\u00e4ngimise ajal keskendumist ja p\u00fcsivust. Vaheldusrikkad, armsate piltidega \u00fclesanded, nagu kujukeste \u00fchendamine, varjude leidmine ja koguste lugemine, on v\u00e4ikelaste jaoks huvitavad ja j\u00f5ukohased.","og_url":"https:\/\/felistella.eu\/lv\/prece\/atteli-mazuliem-cuk-cuk\/","og_site_name":"Kirjastus Felistella","article_modified_time":"2026-01-07T04:05:21+00:00","og_image":[{"width":600,"height":600,"url":"https:\/\/FELISTELLA.EU\/wp-content\/uploads\/2024\/10\/Atteli-mazuliem-Cuk-cuk.jpg","type":"image\/jpeg"}],"twitter_card":"summary_large_image","twitter_misc":{"Est. reading time":"2 minutes"},"schema":{"@context":"https:\/\/schema.org","@graph":[{"@type":"WebPage","@id":"https:\/\/felistella.eu\/lv\/prece\/atteli-mazuliem-cuk-cuk\/","url":"https:\/\/felistella.eu\/lv\/prece\/atteli-mazuliem-cuk-cuk\/","name":"Att\u0113li mazu\u013ciem. \u010cuk-\u010duk! - Kirjastus Felistella","isPartOf":{"@id":"https:\/\/felistella.eu\/lv\/#website"},"primaryImageOfPage":{"@id":"https:\/\/felistella.eu\/lv\/prece\/atteli-mazuliem-cuk-cuk\/#primaryimage"},"image":{"@id":"https:\/\/felistella.eu\/lv\/prece\/atteli-mazuliem-cuk-cuk\/#primaryimage"},"thumbnailUrl":"https:\/\/felistella.eu\/wp-content\/uploads\/2024\/10\/Atteli-mazuliem-Cuk-cuk.jpg","datePublished":"2024-10-30T08:51:08+00:00","dateModified":"2026-01-07T04:05:21+00:00","description":"Selle v\u00e4rvi- ja m\u00f5istatusteraamatu abil saavad lasteaialapsed harjutada m\u00e4ngimise ajal keskendumist ja p\u00fcsivust. Vaheldusrikkad, armsate piltidega \u00fclesanded, nagu kujukeste \u00fchendamine, varjude leidmine ja koguste lugemine, on v\u00e4ikelaste jaoks huvitavad ja j\u00f5ukohased.","breadcrumb":{"@id":"https:\/\/felistella.eu\/lv\/prece\/atteli-mazuliem-cuk-cuk\/#breadcrumb"},"inLanguage":"lv-LV","potentialAction":[{"@type":"ReadAction","target":["https:\/\/felistella.eu\/lv\/prece\/atteli-mazuliem-cuk-cuk\/"]}]},{"@type":"ImageObject","inLanguage":"lv-LV","@id":"https:\/\/felistella.eu\/lv\/prece\/atteli-mazuliem-cuk-cuk\/#primaryimage","url":"https:\/\/felistella.eu\/wp-content\/uploads\/2024\/10\/Atteli-mazuliem-Cuk-cuk.jpg","contentUrl":"https:\/\/felistella.eu\/wp-content\/uploads\/2024\/10\/Atteli-mazuliem-Cuk-cuk.jpg","width":600,"height":600},{"@type":"BreadcrumbList","@id":"https:\/\/felistella.eu\/lv\/prece\/atteli-mazuliem-cuk-cuk\/#breadcrumb","itemListElement":[{"@type":"ListItem","position":1,"name":"Avaleht","item":"https:\/\/felistella.eu\/lv\/"},{"@type":"ListItem","position":2,"name":"Pood","item":"https:\/\/felistella.eu\/pood\/"},{"@type":"ListItem","position":3,"name":"Att\u0113li mazu\u013ciem. \u010cuk-\u010duk!"}]},{"@type":"WebSite","@id":"https:\/\/felistella.eu\/lv\/#website","url":"https:\/\/felistella.eu\/lv\/","name":"Kirjastus Felistella","description":"e-pood","potentialAction":[{"@type":"SearchAction","target":{"@type":"EntryPoint","urlTemplate":"https:\/\/felistella.eu\/lv\/?s={search_term_string}"},"query-input":{"@type":"PropertyValueSpecification","valueRequired":true,"valueName":"search_term_string"}}],"inLanguage":"lv-LV"}]}},"brands":[],"_links":{"self":[{"href":"https:\/\/felistella.eu\/lv\/wp-json\/wp\/v2\/product\/34071","targetHints":{"allow":["GET"]}}],"collection":[{"href":"https:\/\/felistella.eu\/lv\/wp-json\/wp\/v2\/product"}],"about":[{"href":"https:\/\/felistella.eu\/lv\/wp-json\/wp\/v2\/types\/product"}],"replies":[{"embeddable":true,"href":"https:\/\/felistella.eu\/lv\/wp-json\/wp\/v2\/comments?post=34071"}],"version-history":[{"count":0,"href":"https:\/\/felistella.eu\/lv\/wp-json\/wp\/v2\/product\/34071\/revisions"}],"wp:featuredmedia":[{"embeddable":true,"href":"https:\/\/felistella.eu\/lv\/wp-json\/wp\/v2\/media\/34078"}],"wp:attachment":[{"href":"https:\/\/felistella.eu\/lv\/wp-json\/wp\/v2\/media?parent=34071"}],"wp:term":[{"taxonomy":"pwb-brand","embeddable":true,"href":"https:\/\/felistella.eu\/lv\/wp-json\/wp\/v2\/pwb-brand?post=34071"},{"taxonomy":"product_brand","embeddable":true,"href":"https:\/\/felistella.eu\/lv\/wp-json\/wp\/v2\/product_brand?post=34071"},{"taxonomy":"product_cat","embeddable":true,"href":"https:\/\/felistella.eu\/lv\/wp-json\/wp\/v2\/product_cat?post=34071"},{"taxonomy":"product_tag","embeddable":true,"href":"https:\/\/felistella.eu\/lv\/wp-json\/wp\/v2\/product_tag?post=34071"}],"curies":[{"name":"wp","href":"https:\/\/api.w.org\/{rel}","templated":true}]}}