{"id":34099,"date":"2024-10-30T12:24:49","date_gmt":"2024-10-30T10:24:49","guid":{"rendered":"https:\/\/felistella.eu\/?post_type=product&#038;p=34099"},"modified":"2026-01-07T05:00:03","modified_gmt":"2026-01-07T03:00:03","slug":"pirma-rakstamgramata-glitraksts","status":"publish","type":"product","link":"https:\/\/felistella.eu\/lv\/prece\/pirma-rakstamgramata-glitraksts\/","title":{"rendered":"Pirm\u0101 rakst\u0101mgr\u0101mata. Gl\u012btraksts"},"content":{"rendered":"<p>Izgl\u012btojo\u0161u gr\u0101matu s\u0113rija pa\u0161iem maz\u0101kajiem. Satur interesantus vingrin\u0101jumus, kas veicina rakst\u012b\u0161anas un r\u0113\u0137in\u0101\u0161anas prasmju apg\u016b\u0161anu. Draudz\u012bgas ilustr\u0101cijas un kr\u0101sainas uzl\u012bmes veicina jaunu prasmju att\u012bst\u012bbu.<\/p>\n<ul>\n<li>nodro\u0161ina lielisku izklaidi<\/li>\n<li>iepaz\u012bstina b\u0113rnu ar rakstu pasauli<\/li>\n<li>uzlabo motor\u0101s prasmes<\/li>\n<li>veicina lo\u0123isko dom\u0101\u0161anu<\/li>\n<li>att\u012bsta nov\u0113ro\u0161anas prasmes<\/li>\n<li>veicina rado\u0161umu<\/li>\n<\/ul>\n<p><a href=\"https:\/\/felistella.eu\/wp-content\/uploads\/2020\/05\/ce-mark-42944_1280.png\" data-fancybox=\"gallery\"><img decoding=\"async\" class=\"alignnone wp-image-4105\" src=\"https:\/\/felistella.eu\/wp-content\/uploads\/2020\/05\/ce-mark-42944_1280-150x107.png\" sizes=\"(max-width: 30px) 100vw, 30px\" srcset=\"https:\/\/felistella.eu\/wp-content\/uploads\/2020\/05\/ce-mark-42944_1280-150x107.png 150w, https:\/\/felistella.eu\/wp-content\/uploads\/2020\/05\/ce-mark-42944_1280-185x132.png 185w, https:\/\/felistella.eu\/wp-content\/uploads\/2020\/05\/ce-mark-42944_1280-600x428.png 600w, https:\/\/felistella.eu\/wp-content\/uploads\/2020\/05\/ce-mark-42944_1280-64x46.png 64w, https:\/\/felistella.eu\/wp-content\/uploads\/2020\/05\/ce-mark-42944_1280-300x214.png 300w, https:\/\/felistella.eu\/wp-content\/uploads\/2020\/05\/ce-mark-42944_1280-1024x731.png 1024w, https:\/\/felistella.eu\/wp-content\/uploads\/2020\/05\/ce-mark-42944_1280-768x548.png 768w, https:\/\/felistella.eu\/wp-content\/uploads\/2020\/05\/ce-mark-42944_1280-220x154.png 220w, https:\/\/felistella.eu\/wp-content\/uploads\/2020\/05\/ce-mark-42944_1280-224x160.png 224w, https:\/\/felistella.eu\/wp-content\/uploads\/2020\/05\/ce-mark-42944_1280.png 1280w\" alt=\"\" width=\"30\" height=\"21\" \/><\/a>\u00a0<a href=\"https:\/\/felistella.eu\/wp-content\/uploads\/2020\/05\/0-3-logo-children-baby-logo.gif\" data-fancybox=\"gallery\"><img decoding=\"async\" class=\"alignnone wp-image-4491\" src=\"https:\/\/felistella.eu\/wp-content\/uploads\/2020\/05\/0-3-logo-children-baby-logo.gif\" alt=\"\" width=\"35\" height=\"35\" \/><\/a><br \/>\n<strong>BR\u012aDIN\u0100JUMS!<\/strong> Nedot b\u0113rniem, kas jaun\u0101ki par 3 gadiem, jo satur s\u012bkas deta\u013cas &#8211; risks aizr\u012bties!<\/p>\n","protected":false},"excerpt":{"rendered":"Izgl\u012btojo\u0161u gr\u0101matu s\u0113rija pa\u0161iem maz\u0101kajiem. Satur interesantus vingrin\u0101jumus, kas veicina rakst\u012b\u0161anas un r\u0113\u0137in\u0101\u0161anas prasmju apg\u016b\u0161anu. Draudz\u012bgas ilustr\u0101cijas un kr\u0101sainas uzl\u012bmes veicina jaunu prasmju att\u012bst\u012bbu. nodro\u0161ina lielisku izklaidi iepaz\u012bstina b\u0113rnu ar rakstu pasauli uzlabo motor\u0101s prasmes veicina lo\u0123isko dom\u0101\u0161anu att\u012bsta nov\u0113ro\u0161anas prasmes veicina rado\u0161umu \u00a0 BR\u012aDIN\u0100JUMS! Nedot b\u0113rniem, kas jaun\u0101ki par 3 gadiem, jo satur s\u012bkas [&hellip;]","protected":false},"featured_media":34100,"comment_status":"open","ping_status":"closed","template":"","meta":{"_acf_changed":false},"pwb-brand":[],"product_brand":[],"product_cat":[1036],"product_tag":[],"class_list":{"0":"post-34099","1":"product","2":"type-product","3":"status-publish","4":"has-post-thumbnail","6":"product_cat-krasojamas-lapas-un-uzlimes","7":"pa_formaat-pehmekaaneline","8":"pa_illustreerija-jolanta-czarnecka-lv","9":"pa_serija-pirma-rakstamgramata","10":"pa_tagi-glitraksta-paraugi","11":"pa_tagi-macamies-rotalajoties","12":"pa_tagi-uzlimes","13":"pa_vanus-4-6-aastat","15":"first","16":"instock","17":"taxable","18":"shipping-taxable","19":"purchasable","20":"product-type-simple","21":"add-to-wishlist-before_image"},"acf":[],"yoast_head":"<!-- This site is optimized with the Yoast SEO plugin v27.4 - https:\/\/yoast.com\/product\/yoast-seo-wordpress\/ -->\n<title>Pirm\u0101 rakst\u0101mgr\u0101mata. Gl\u012btraksts - Kirjastus Felistella<\/title>\n<meta name=\"robots\" content=\"index, follow, max-snippet:-1, max-image-preview:large, max-video-preview:-1\" \/>\n<link rel=\"canonical\" href=\"https:\/\/felistella.eu\/lv\/prece\/pirma-rakstamgramata-glitraksts\/\" \/>\n<meta property=\"og:locale\" content=\"lv_LV\" \/>\n<meta property=\"og:type\" content=\"article\" \/>\n<meta property=\"og:title\" content=\"Pirm\u0101 rakst\u0101mgr\u0101mata. Gl\u012btraksts - Kirjastus Felistella\" \/>\n<meta property=\"og:description\" content=\"Izgl\u012btojo\u0161u gr\u0101matu s\u0113rija pa\u0161iem maz\u0101kajiem. Satur interesantus vingrin\u0101jumus, kas veicina rakst\u012b\u0161anas un r\u0113\u0137in\u0101\u0161anas prasmju apg\u016b\u0161anu. Draudz\u012bgas ilustr\u0101cijas un kr\u0101sainas uzl\u012bmes veicina jaunu prasmju att\u012bst\u012bbu. nodro\u0161ina lielisku izklaidi iepaz\u012bstina b\u0113rnu ar rakstu pasauli uzlabo motor\u0101s prasmes veicina lo\u0123isko dom\u0101\u0161anu att\u012bsta nov\u0113ro\u0161anas prasmes veicina rado\u0161umu \u00a0 BR\u012aDIN\u0100JUMS! Nedot b\u0113rniem, kas jaun\u0101ki par 3 gadiem, jo satur s\u012bkas [&hellip;]\" \/>\n<meta property=\"og:url\" content=\"https:\/\/felistella.eu\/lv\/prece\/pirma-rakstamgramata-glitraksts\/\" \/>\n<meta property=\"og:site_name\" content=\"Kirjastus Felistella\" \/>\n<meta property=\"article:modified_time\" content=\"2026-01-07T03:00:03+00:00\" \/>\n<meta property=\"og:image\" content=\"https:\/\/FELISTELLA.EU\/wp-content\/uploads\/2024\/10\/Pirma-rakstamgramata-Glitraksts-cover.jpg\" \/>\n\t<meta property=\"og:image:width\" content=\"553\" \/>\n\t<meta property=\"og:image:height\" content=\"709\" \/>\n\t<meta property=\"og:image:type\" content=\"image\/jpeg\" \/>\n<meta name=\"twitter:card\" content=\"summary_large_image\" \/>\n<meta name=\"twitter:label1\" content=\"Est. reading time\" \/>\n\t<meta name=\"twitter:data1\" content=\"1 minute\" \/>\n<script type=\"application\/ld+json\" class=\"yoast-schema-graph\">{\"@context\":\"https:\\\/\\\/schema.org\",\"@graph\":[{\"@type\":\"WebPage\",\"@id\":\"https:\\\/\\\/felistella.eu\\\/lv\\\/prece\\\/pirma-rakstamgramata-glitraksts\\\/\",\"url\":\"https:\\\/\\\/felistella.eu\\\/lv\\\/prece\\\/pirma-rakstamgramata-glitraksts\\\/\",\"name\":\"Pirm\u0101 rakst\u0101mgr\u0101mata. Gl\u012btraksts - Kirjastus Felistella\",\"isPartOf\":{\"@id\":\"https:\\\/\\\/felistella.eu\\\/lv\\\/#website\"},\"primaryImageOfPage\":{\"@id\":\"https:\\\/\\\/felistella.eu\\\/lv\\\/prece\\\/pirma-rakstamgramata-glitraksts\\\/#primaryimage\"},\"image\":{\"@id\":\"https:\\\/\\\/felistella.eu\\\/lv\\\/prece\\\/pirma-rakstamgramata-glitraksts\\\/#primaryimage\"},\"thumbnailUrl\":\"https:\\\/\\\/felistella.eu\\\/wp-content\\\/uploads\\\/2024\\\/10\\\/Pirma-rakstamgramata-Glitraksts-cover.jpg\",\"datePublished\":\"2024-10-30T10:24:49+00:00\",\"dateModified\":\"2026-01-07T03:00:03+00:00\",\"breadcrumb\":{\"@id\":\"https:\\\/\\\/felistella.eu\\\/lv\\\/prece\\\/pirma-rakstamgramata-glitraksts\\\/#breadcrumb\"},\"inLanguage\":\"lv-LV\",\"potentialAction\":[{\"@type\":\"ReadAction\",\"target\":[\"https:\\\/\\\/felistella.eu\\\/lv\\\/prece\\\/pirma-rakstamgramata-glitraksts\\\/\"]}]},{\"@type\":\"ImageObject\",\"inLanguage\":\"lv-LV\",\"@id\":\"https:\\\/\\\/felistella.eu\\\/lv\\\/prece\\\/pirma-rakstamgramata-glitraksts\\\/#primaryimage\",\"url\":\"https:\\\/\\\/felistella.eu\\\/wp-content\\\/uploads\\\/2024\\\/10\\\/Pirma-rakstamgramata-Glitraksts-cover.jpg\",\"contentUrl\":\"https:\\\/\\\/felistella.eu\\\/wp-content\\\/uploads\\\/2024\\\/10\\\/Pirma-rakstamgramata-Glitraksts-cover.jpg\",\"width\":553,\"height\":709},{\"@type\":\"BreadcrumbList\",\"@id\":\"https:\\\/\\\/felistella.eu\\\/lv\\\/prece\\\/pirma-rakstamgramata-glitraksts\\\/#breadcrumb\",\"itemListElement\":[{\"@type\":\"ListItem\",\"position\":1,\"name\":\"Avaleht\",\"item\":\"https:\\\/\\\/felistella.eu\\\/lv\\\/\"},{\"@type\":\"ListItem\",\"position\":2,\"name\":\"Pood\",\"item\":\"https:\\\/\\\/felistella.eu\\\/pood\\\/\"},{\"@type\":\"ListItem\",\"position\":3,\"name\":\"Pirm\u0101 rakst\u0101mgr\u0101mata. Gl\u012btraksts\"}]},{\"@type\":\"WebSite\",\"@id\":\"https:\\\/\\\/felistella.eu\\\/lv\\\/#website\",\"url\":\"https:\\\/\\\/felistella.eu\\\/lv\\\/\",\"name\":\"Kirjastus Felistella\",\"description\":\"e-pood\",\"potentialAction\":[{\"@type\":\"SearchAction\",\"target\":{\"@type\":\"EntryPoint\",\"urlTemplate\":\"https:\\\/\\\/felistella.eu\\\/lv\\\/?s={search_term_string}\"},\"query-input\":{\"@type\":\"PropertyValueSpecification\",\"valueRequired\":true,\"valueName\":\"search_term_string\"}}],\"inLanguage\":\"lv-LV\"}]}<\/script>\n<!-- \/ Yoast SEO plugin. -->","yoast_head_json":{"title":"Pirm\u0101 rakst\u0101mgr\u0101mata. Gl\u012btraksts - Kirjastus Felistella","robots":{"index":"index","follow":"follow","max-snippet":"max-snippet:-1","max-image-preview":"max-image-preview:large","max-video-preview":"max-video-preview:-1"},"canonical":"https:\/\/felistella.eu\/lv\/prece\/pirma-rakstamgramata-glitraksts\/","og_locale":"lv_LV","og_type":"article","og_title":"Pirm\u0101 rakst\u0101mgr\u0101mata. Gl\u012btraksts - Kirjastus Felistella","og_description":"Izgl\u012btojo\u0161u gr\u0101matu s\u0113rija pa\u0161iem maz\u0101kajiem. Satur interesantus vingrin\u0101jumus, kas veicina rakst\u012b\u0161anas un r\u0113\u0137in\u0101\u0161anas prasmju apg\u016b\u0161anu. Draudz\u012bgas ilustr\u0101cijas un kr\u0101sainas uzl\u012bmes veicina jaunu prasmju att\u012bst\u012bbu. nodro\u0161ina lielisku izklaidi iepaz\u012bstina b\u0113rnu ar rakstu pasauli uzlabo motor\u0101s prasmes veicina lo\u0123isko dom\u0101\u0161anu att\u012bsta nov\u0113ro\u0161anas prasmes veicina rado\u0161umu \u00a0 BR\u012aDIN\u0100JUMS! Nedot b\u0113rniem, kas jaun\u0101ki par 3 gadiem, jo satur s\u012bkas [&hellip;]","og_url":"https:\/\/felistella.eu\/lv\/prece\/pirma-rakstamgramata-glitraksts\/","og_site_name":"Kirjastus Felistella","article_modified_time":"2026-01-07T03:00:03+00:00","og_image":[{"width":553,"height":709,"url":"https:\/\/FELISTELLA.EU\/wp-content\/uploads\/2024\/10\/Pirma-rakstamgramata-Glitraksts-cover.jpg","type":"image\/jpeg"}],"twitter_card":"summary_large_image","twitter_misc":{"Est. reading time":"1 minute"},"schema":{"@context":"https:\/\/schema.org","@graph":[{"@type":"WebPage","@id":"https:\/\/felistella.eu\/lv\/prece\/pirma-rakstamgramata-glitraksts\/","url":"https:\/\/felistella.eu\/lv\/prece\/pirma-rakstamgramata-glitraksts\/","name":"Pirm\u0101 rakst\u0101mgr\u0101mata. Gl\u012btraksts - Kirjastus Felistella","isPartOf":{"@id":"https:\/\/felistella.eu\/lv\/#website"},"primaryImageOfPage":{"@id":"https:\/\/felistella.eu\/lv\/prece\/pirma-rakstamgramata-glitraksts\/#primaryimage"},"image":{"@id":"https:\/\/felistella.eu\/lv\/prece\/pirma-rakstamgramata-glitraksts\/#primaryimage"},"thumbnailUrl":"https:\/\/felistella.eu\/wp-content\/uploads\/2024\/10\/Pirma-rakstamgramata-Glitraksts-cover.jpg","datePublished":"2024-10-30T10:24:49+00:00","dateModified":"2026-01-07T03:00:03+00:00","breadcrumb":{"@id":"https:\/\/felistella.eu\/lv\/prece\/pirma-rakstamgramata-glitraksts\/#breadcrumb"},"inLanguage":"lv-LV","potentialAction":[{"@type":"ReadAction","target":["https:\/\/felistella.eu\/lv\/prece\/pirma-rakstamgramata-glitraksts\/"]}]},{"@type":"ImageObject","inLanguage":"lv-LV","@id":"https:\/\/felistella.eu\/lv\/prece\/pirma-rakstamgramata-glitraksts\/#primaryimage","url":"https:\/\/felistella.eu\/wp-content\/uploads\/2024\/10\/Pirma-rakstamgramata-Glitraksts-cover.jpg","contentUrl":"https:\/\/felistella.eu\/wp-content\/uploads\/2024\/10\/Pirma-rakstamgramata-Glitraksts-cover.jpg","width":553,"height":709},{"@type":"BreadcrumbList","@id":"https:\/\/felistella.eu\/lv\/prece\/pirma-rakstamgramata-glitraksts\/#breadcrumb","itemListElement":[{"@type":"ListItem","position":1,"name":"Avaleht","item":"https:\/\/felistella.eu\/lv\/"},{"@type":"ListItem","position":2,"name":"Pood","item":"https:\/\/felistella.eu\/pood\/"},{"@type":"ListItem","position":3,"name":"Pirm\u0101 rakst\u0101mgr\u0101mata. Gl\u012btraksts"}]},{"@type":"WebSite","@id":"https:\/\/felistella.eu\/lv\/#website","url":"https:\/\/felistella.eu\/lv\/","name":"Kirjastus Felistella","description":"e-pood","potentialAction":[{"@type":"SearchAction","target":{"@type":"EntryPoint","urlTemplate":"https:\/\/felistella.eu\/lv\/?s={search_term_string}"},"query-input":{"@type":"PropertyValueSpecification","valueRequired":true,"valueName":"search_term_string"}}],"inLanguage":"lv-LV"}]}},"brands":[],"_links":{"self":[{"href":"https:\/\/felistella.eu\/lv\/wp-json\/wp\/v2\/product\/34099","targetHints":{"allow":["GET"]}}],"collection":[{"href":"https:\/\/felistella.eu\/lv\/wp-json\/wp\/v2\/product"}],"about":[{"href":"https:\/\/felistella.eu\/lv\/wp-json\/wp\/v2\/types\/product"}],"replies":[{"embeddable":true,"href":"https:\/\/felistella.eu\/lv\/wp-json\/wp\/v2\/comments?post=34099"}],"version-history":[{"count":0,"href":"https:\/\/felistella.eu\/lv\/wp-json\/wp\/v2\/product\/34099\/revisions"}],"wp:featuredmedia":[{"embeddable":true,"href":"https:\/\/felistella.eu\/lv\/wp-json\/wp\/v2\/media\/34100"}],"wp:attachment":[{"href":"https:\/\/felistella.eu\/lv\/wp-json\/wp\/v2\/media?parent=34099"}],"wp:term":[{"taxonomy":"pwb-brand","embeddable":true,"href":"https:\/\/felistella.eu\/lv\/wp-json\/wp\/v2\/pwb-brand?post=34099"},{"taxonomy":"product_brand","embeddable":true,"href":"https:\/\/felistella.eu\/lv\/wp-json\/wp\/v2\/product_brand?post=34099"},{"taxonomy":"product_cat","embeddable":true,"href":"https:\/\/felistella.eu\/lv\/wp-json\/wp\/v2\/product_cat?post=34099"},{"taxonomy":"product_tag","embeddable":true,"href":"https:\/\/felistella.eu\/lv\/wp-json\/wp\/v2\/product_tag?post=34099"}],"curies":[{"name":"wp","href":"https:\/\/api.w.org\/{rel}","templated":true}]}}