{"id":34108,"date":"2024-10-30T12:30:18","date_gmt":"2024-10-30T10:30:18","guid":{"rendered":"https:\/\/felistella.eu\/?post_type=product&#038;p=34108"},"modified":"2026-01-07T04:05:23","modified_gmt":"2026-01-07T02:05:23","slug":"atrodi-pareizo-un-pielime-dzunglos","status":"publish","type":"product","link":"https:\/\/felistella.eu\/lv\/prece\/atrodi-pareizo-un-pielime-dzunglos\/","title":{"rendered":"Atrodi pareizo un piel\u012bm\u0113! D\u017eung\u013cos"},"content":{"rendered":"<p>Izklaid\u0113jies d\u017eung\u013cos, izmantojot \u0161o agr\u012bn\u0101s m\u0101c\u012b\u0161an\u0101s aktivit\u0101\u0161u gr\u0101matu!<br \/>\nAr vair\u0101k nek\u0101 500 kr\u0101sain\u0101m uzl\u012bm\u0113m, kuras var pieska\u0146ot att\u0113liem, k\u0101 ar\u012b da\u017e\u0101diem uzdevumiem \u2013 tas ir ide\u0101ls veids, k\u0101 mazajiem audz\u0113k\u0146iem vairot p\u0101rliec\u012bbu sev\u012b, izmantojot formas un kr\u0101sas.<\/p>\n<p><a href=\"https:\/\/felistella.eu\/wp-content\/uploads\/2020\/05\/ce-mark-42944_1280.png\" data-fancybox=\"gallery\"><img decoding=\"async\" class=\"alignnone wp-image-4105\" src=\"https:\/\/felistella.eu\/wp-content\/uploads\/2020\/05\/ce-mark-42944_1280-150x107.png\" sizes=\"(max-width: 30px) 100vw, 30px\" srcset=\"https:\/\/felistella.eu\/wp-content\/uploads\/2020\/05\/ce-mark-42944_1280-150x107.png 150w, https:\/\/felistella.eu\/wp-content\/uploads\/2020\/05\/ce-mark-42944_1280-185x132.png 185w, https:\/\/felistella.eu\/wp-content\/uploads\/2020\/05\/ce-mark-42944_1280-600x428.png 600w, https:\/\/felistella.eu\/wp-content\/uploads\/2020\/05\/ce-mark-42944_1280-64x46.png 64w, https:\/\/felistella.eu\/wp-content\/uploads\/2020\/05\/ce-mark-42944_1280-300x214.png 300w, https:\/\/felistella.eu\/wp-content\/uploads\/2020\/05\/ce-mark-42944_1280-1024x731.png 1024w, https:\/\/felistella.eu\/wp-content\/uploads\/2020\/05\/ce-mark-42944_1280-768x548.png 768w, https:\/\/felistella.eu\/wp-content\/uploads\/2020\/05\/ce-mark-42944_1280-220x154.png 220w, https:\/\/felistella.eu\/wp-content\/uploads\/2020\/05\/ce-mark-42944_1280-224x160.png 224w, https:\/\/felistella.eu\/wp-content\/uploads\/2020\/05\/ce-mark-42944_1280.png 1280w\" alt=\"\" width=\"30\" height=\"21\" \/><\/a>\u00a0<a href=\"https:\/\/felistella.eu\/wp-content\/uploads\/2020\/05\/0-3-logo-children-baby-logo.gif\" data-fancybox=\"gallery\"><img decoding=\"async\" class=\"alignnone wp-image-4491\" src=\"https:\/\/felistella.eu\/wp-content\/uploads\/2020\/05\/0-3-logo-children-baby-logo.gif\" alt=\"\" width=\"35\" height=\"35\" \/><\/a><br \/>\n<strong>BR\u012aDIN\u0100JUMS!<\/strong> Nedot b\u0113rniem, kas jaun\u0101ki par 3 gadiem, jo satur s\u012bkas deta\u013cas &#8211; risks aizr\u012bties!<\/p>\n","protected":false},"excerpt":{"rendered":"Izklaid\u0113jies d\u017eung\u013cos, izmantojot \u0161o agr\u012bn\u0101s m\u0101c\u012b\u0161an\u0101s aktivit\u0101\u0161u gr\u0101matu! Ar vair\u0101k nek\u0101 500 kr\u0101sain\u0101m uzl\u012bm\u0113m, kuras var pieska\u0146ot att\u0113liem, k\u0101 ar\u012b da\u017e\u0101diem uzdevumiem \u2013 tas ir ide\u0101ls veids, k\u0101 mazajiem audz\u0113k\u0146iem vairot p\u0101rliec\u012bbu sev\u012b, izmantojot formas un kr\u0101sas. \u00a0 BR\u012aDIN\u0100JUMS! Nedot b\u0113rniem, kas jaun\u0101ki par 3 gadiem, jo satur s\u012bkas deta\u013cas &#8211; risks aizr\u012bties!","protected":false},"featured_media":34109,"comment_status":"open","ping_status":"closed","template":"","meta":{"_acf_changed":false},"pwb-brand":[],"product_brand":[],"product_cat":[935],"product_tag":[],"class_list":{"0":"post-34108","1":"product","2":"type-product","3":"status-publish","4":"has-post-thumbnail","6":"product_cat-kleepsu-ja-varviraamatud","7":"pa_formaat-mikstos-vakos","8":"pa_illustreerija-sallija-peina","9":"pa_serija-atrodi-pareizo-un-pielime","10":"pa_tagi-uzlimes","11":"pa_vanus-3-4-gadi","12":"pa_vanus-46-gadi","14":"first","15":"instock","16":"taxable","17":"shipping-taxable","18":"purchasable","19":"product-type-simple","20":"add-to-wishlist-before_image"},"acf":[],"yoast_head":"<!-- This site is optimized with the Yoast SEO plugin v27.4 - https:\/\/yoast.com\/product\/yoast-seo-wordpress\/ -->\n<title>Atrodi pareizo un piel\u012bm\u0113! D\u017eung\u013cos - Kirjastus Felistella<\/title>\n<meta name=\"robots\" content=\"index, follow, max-snippet:-1, max-image-preview:large, max-video-preview:-1\" \/>\n<link rel=\"canonical\" href=\"https:\/\/felistella.eu\/lv\/prece\/atrodi-pareizo-un-pielime-dzunglos\/\" \/>\n<meta property=\"og:locale\" content=\"lv_LV\" \/>\n<meta property=\"og:type\" content=\"article\" \/>\n<meta property=\"og:title\" content=\"Atrodi pareizo un piel\u012bm\u0113! D\u017eung\u013cos - Kirjastus Felistella\" \/>\n<meta property=\"og:description\" content=\"Izklaid\u0113jies d\u017eung\u013cos, izmantojot \u0161o agr\u012bn\u0101s m\u0101c\u012b\u0161an\u0101s aktivit\u0101\u0161u gr\u0101matu! Ar vair\u0101k nek\u0101 500 kr\u0101sain\u0101m uzl\u012bm\u0113m, kuras var pieska\u0146ot att\u0113liem, k\u0101 ar\u012b da\u017e\u0101diem uzdevumiem \u2013 tas ir ide\u0101ls veids, k\u0101 mazajiem audz\u0113k\u0146iem vairot p\u0101rliec\u012bbu sev\u012b, izmantojot formas un kr\u0101sas. \u00a0 BR\u012aDIN\u0100JUMS! Nedot b\u0113rniem, kas jaun\u0101ki par 3 gadiem, jo satur s\u012bkas deta\u013cas &#8211; risks aizr\u012bties!\" \/>\n<meta property=\"og:url\" content=\"https:\/\/felistella.eu\/lv\/prece\/atrodi-pareizo-un-pielime-dzunglos\/\" \/>\n<meta property=\"og:site_name\" content=\"Kirjastus Felistella\" \/>\n<meta property=\"article:modified_time\" content=\"2026-01-07T02:05:23+00:00\" \/>\n<meta property=\"og:image\" content=\"https:\/\/FELISTELLA.EU\/wp-content\/uploads\/2024\/10\/LV-Jungle-cover.jpg\" \/>\n\t<meta property=\"og:image:width\" content=\"708\" \/>\n\t<meta property=\"og:image:height\" content=\"709\" \/>\n\t<meta property=\"og:image:type\" content=\"image\/jpeg\" \/>\n<meta name=\"twitter:card\" content=\"summary_large_image\" \/>\n<meta name=\"twitter:label1\" content=\"Est. reading time\" \/>\n\t<meta name=\"twitter:data1\" content=\"1 minute\" \/>\n<script type=\"application\/ld+json\" class=\"yoast-schema-graph\">{\"@context\":\"https:\\\/\\\/schema.org\",\"@graph\":[{\"@type\":\"WebPage\",\"@id\":\"https:\\\/\\\/felistella.eu\\\/lv\\\/prece\\\/atrodi-pareizo-un-pielime-dzunglos\\\/\",\"url\":\"https:\\\/\\\/felistella.eu\\\/lv\\\/prece\\\/atrodi-pareizo-un-pielime-dzunglos\\\/\",\"name\":\"Atrodi pareizo un piel\u012bm\u0113! D\u017eung\u013cos - Kirjastus Felistella\",\"isPartOf\":{\"@id\":\"https:\\\/\\\/felistella.eu\\\/lv\\\/#website\"},\"primaryImageOfPage\":{\"@id\":\"https:\\\/\\\/felistella.eu\\\/lv\\\/prece\\\/atrodi-pareizo-un-pielime-dzunglos\\\/#primaryimage\"},\"image\":{\"@id\":\"https:\\\/\\\/felistella.eu\\\/lv\\\/prece\\\/atrodi-pareizo-un-pielime-dzunglos\\\/#primaryimage\"},\"thumbnailUrl\":\"https:\\\/\\\/felistella.eu\\\/wp-content\\\/uploads\\\/2024\\\/10\\\/LV-Jungle-cover.jpg\",\"datePublished\":\"2024-10-30T10:30:18+00:00\",\"dateModified\":\"2026-01-07T02:05:23+00:00\",\"breadcrumb\":{\"@id\":\"https:\\\/\\\/felistella.eu\\\/lv\\\/prece\\\/atrodi-pareizo-un-pielime-dzunglos\\\/#breadcrumb\"},\"inLanguage\":\"lv-LV\",\"potentialAction\":[{\"@type\":\"ReadAction\",\"target\":[\"https:\\\/\\\/felistella.eu\\\/lv\\\/prece\\\/atrodi-pareizo-un-pielime-dzunglos\\\/\"]}]},{\"@type\":\"ImageObject\",\"inLanguage\":\"lv-LV\",\"@id\":\"https:\\\/\\\/felistella.eu\\\/lv\\\/prece\\\/atrodi-pareizo-un-pielime-dzunglos\\\/#primaryimage\",\"url\":\"https:\\\/\\\/felistella.eu\\\/wp-content\\\/uploads\\\/2024\\\/10\\\/LV-Jungle-cover.jpg\",\"contentUrl\":\"https:\\\/\\\/felistella.eu\\\/wp-content\\\/uploads\\\/2024\\\/10\\\/LV-Jungle-cover.jpg\",\"width\":708,\"height\":709},{\"@type\":\"BreadcrumbList\",\"@id\":\"https:\\\/\\\/felistella.eu\\\/lv\\\/prece\\\/atrodi-pareizo-un-pielime-dzunglos\\\/#breadcrumb\",\"itemListElement\":[{\"@type\":\"ListItem\",\"position\":1,\"name\":\"Avaleht\",\"item\":\"https:\\\/\\\/felistella.eu\\\/lv\\\/\"},{\"@type\":\"ListItem\",\"position\":2,\"name\":\"Pood\",\"item\":\"https:\\\/\\\/felistella.eu\\\/pood\\\/\"},{\"@type\":\"ListItem\",\"position\":3,\"name\":\"Atrodi pareizo un piel\u012bm\u0113! D\u017eung\u013cos\"}]},{\"@type\":\"WebSite\",\"@id\":\"https:\\\/\\\/felistella.eu\\\/lv\\\/#website\",\"url\":\"https:\\\/\\\/felistella.eu\\\/lv\\\/\",\"name\":\"Kirjastus Felistella\",\"description\":\"e-pood\",\"potentialAction\":[{\"@type\":\"SearchAction\",\"target\":{\"@type\":\"EntryPoint\",\"urlTemplate\":\"https:\\\/\\\/felistella.eu\\\/lv\\\/?s={search_term_string}\"},\"query-input\":{\"@type\":\"PropertyValueSpecification\",\"valueRequired\":true,\"valueName\":\"search_term_string\"}}],\"inLanguage\":\"lv-LV\"}]}<\/script>\n<!-- \/ Yoast SEO plugin. -->","yoast_head_json":{"title":"Atrodi pareizo un piel\u012bm\u0113! D\u017eung\u013cos - Kirjastus Felistella","robots":{"index":"index","follow":"follow","max-snippet":"max-snippet:-1","max-image-preview":"max-image-preview:large","max-video-preview":"max-video-preview:-1"},"canonical":"https:\/\/felistella.eu\/lv\/prece\/atrodi-pareizo-un-pielime-dzunglos\/","og_locale":"lv_LV","og_type":"article","og_title":"Atrodi pareizo un piel\u012bm\u0113! D\u017eung\u013cos - Kirjastus Felistella","og_description":"Izklaid\u0113jies d\u017eung\u013cos, izmantojot \u0161o agr\u012bn\u0101s m\u0101c\u012b\u0161an\u0101s aktivit\u0101\u0161u gr\u0101matu! Ar vair\u0101k nek\u0101 500 kr\u0101sain\u0101m uzl\u012bm\u0113m, kuras var pieska\u0146ot att\u0113liem, k\u0101 ar\u012b da\u017e\u0101diem uzdevumiem \u2013 tas ir ide\u0101ls veids, k\u0101 mazajiem audz\u0113k\u0146iem vairot p\u0101rliec\u012bbu sev\u012b, izmantojot formas un kr\u0101sas. \u00a0 BR\u012aDIN\u0100JUMS! Nedot b\u0113rniem, kas jaun\u0101ki par 3 gadiem, jo satur s\u012bkas deta\u013cas &#8211; risks aizr\u012bties!","og_url":"https:\/\/felistella.eu\/lv\/prece\/atrodi-pareizo-un-pielime-dzunglos\/","og_site_name":"Kirjastus Felistella","article_modified_time":"2026-01-07T02:05:23+00:00","og_image":[{"width":708,"height":709,"url":"https:\/\/FELISTELLA.EU\/wp-content\/uploads\/2024\/10\/LV-Jungle-cover.jpg","type":"image\/jpeg"}],"twitter_card":"summary_large_image","twitter_misc":{"Est. reading time":"1 minute"},"schema":{"@context":"https:\/\/schema.org","@graph":[{"@type":"WebPage","@id":"https:\/\/felistella.eu\/lv\/prece\/atrodi-pareizo-un-pielime-dzunglos\/","url":"https:\/\/felistella.eu\/lv\/prece\/atrodi-pareizo-un-pielime-dzunglos\/","name":"Atrodi pareizo un piel\u012bm\u0113! D\u017eung\u013cos - Kirjastus Felistella","isPartOf":{"@id":"https:\/\/felistella.eu\/lv\/#website"},"primaryImageOfPage":{"@id":"https:\/\/felistella.eu\/lv\/prece\/atrodi-pareizo-un-pielime-dzunglos\/#primaryimage"},"image":{"@id":"https:\/\/felistella.eu\/lv\/prece\/atrodi-pareizo-un-pielime-dzunglos\/#primaryimage"},"thumbnailUrl":"https:\/\/felistella.eu\/wp-content\/uploads\/2024\/10\/LV-Jungle-cover.jpg","datePublished":"2024-10-30T10:30:18+00:00","dateModified":"2026-01-07T02:05:23+00:00","breadcrumb":{"@id":"https:\/\/felistella.eu\/lv\/prece\/atrodi-pareizo-un-pielime-dzunglos\/#breadcrumb"},"inLanguage":"lv-LV","potentialAction":[{"@type":"ReadAction","target":["https:\/\/felistella.eu\/lv\/prece\/atrodi-pareizo-un-pielime-dzunglos\/"]}]},{"@type":"ImageObject","inLanguage":"lv-LV","@id":"https:\/\/felistella.eu\/lv\/prece\/atrodi-pareizo-un-pielime-dzunglos\/#primaryimage","url":"https:\/\/felistella.eu\/wp-content\/uploads\/2024\/10\/LV-Jungle-cover.jpg","contentUrl":"https:\/\/felistella.eu\/wp-content\/uploads\/2024\/10\/LV-Jungle-cover.jpg","width":708,"height":709},{"@type":"BreadcrumbList","@id":"https:\/\/felistella.eu\/lv\/prece\/atrodi-pareizo-un-pielime-dzunglos\/#breadcrumb","itemListElement":[{"@type":"ListItem","position":1,"name":"Avaleht","item":"https:\/\/felistella.eu\/lv\/"},{"@type":"ListItem","position":2,"name":"Pood","item":"https:\/\/felistella.eu\/pood\/"},{"@type":"ListItem","position":3,"name":"Atrodi pareizo un piel\u012bm\u0113! D\u017eung\u013cos"}]},{"@type":"WebSite","@id":"https:\/\/felistella.eu\/lv\/#website","url":"https:\/\/felistella.eu\/lv\/","name":"Kirjastus Felistella","description":"e-pood","potentialAction":[{"@type":"SearchAction","target":{"@type":"EntryPoint","urlTemplate":"https:\/\/felistella.eu\/lv\/?s={search_term_string}"},"query-input":{"@type":"PropertyValueSpecification","valueRequired":true,"valueName":"search_term_string"}}],"inLanguage":"lv-LV"}]}},"brands":[],"_links":{"self":[{"href":"https:\/\/felistella.eu\/lv\/wp-json\/wp\/v2\/product\/34108","targetHints":{"allow":["GET"]}}],"collection":[{"href":"https:\/\/felistella.eu\/lv\/wp-json\/wp\/v2\/product"}],"about":[{"href":"https:\/\/felistella.eu\/lv\/wp-json\/wp\/v2\/types\/product"}],"replies":[{"embeddable":true,"href":"https:\/\/felistella.eu\/lv\/wp-json\/wp\/v2\/comments?post=34108"}],"version-history":[{"count":0,"href":"https:\/\/felistella.eu\/lv\/wp-json\/wp\/v2\/product\/34108\/revisions"}],"wp:featuredmedia":[{"embeddable":true,"href":"https:\/\/felistella.eu\/lv\/wp-json\/wp\/v2\/media\/34109"}],"wp:attachment":[{"href":"https:\/\/felistella.eu\/lv\/wp-json\/wp\/v2\/media?parent=34108"}],"wp:term":[{"taxonomy":"pwb-brand","embeddable":true,"href":"https:\/\/felistella.eu\/lv\/wp-json\/wp\/v2\/pwb-brand?post=34108"},{"taxonomy":"product_brand","embeddable":true,"href":"https:\/\/felistella.eu\/lv\/wp-json\/wp\/v2\/product_brand?post=34108"},{"taxonomy":"product_cat","embeddable":true,"href":"https:\/\/felistella.eu\/lv\/wp-json\/wp\/v2\/product_cat?post=34108"},{"taxonomy":"product_tag","embeddable":true,"href":"https:\/\/felistella.eu\/lv\/wp-json\/wp\/v2\/product_tag?post=34108"}],"curies":[{"name":"wp","href":"https:\/\/api.w.org\/{rel}","templated":true}]}}