{"id":34142,"date":"2024-10-30T13:00:47","date_gmt":"2024-10-30T11:00:47","guid":{"rendered":"https:\/\/felistella.eu\/?post_type=product&#038;p=34142"},"modified":"2026-01-07T03:00:02","modified_gmt":"2026-01-07T01:00:02","slug":"bumbinu-uzlimes-dzivnieki","status":"publish","type":"product","link":"https:\/\/felistella.eu\/lv\/prece\/bumbinu-uzlimes-dzivnieki\/","title":{"rendered":"Bumbi\u0146u uzl\u012bmes. Dz\u012bvnieki"},"content":{"rendered":"<p>\u0160aj\u0101 gr\u0101mat\u0101 iek\u013caut\u0101s uzl\u012bmes nav t\u0101das, k\u0101das \u0161\u0137iet! P\u0113c piel\u012bm\u0113\u0161anas t\u0101s p\u0101rv\u0113r\u0161as par bumbi\u0146\u0101m, apels\u012bniem, vilnas kamoliem un daudz ko citu! Izkr\u0101so z\u012bm\u0113jumus un izrot\u0101 tos ar kr\u0101sainaj\u0101m uzl\u012bm\u0113m!<\/p>\n<p><a href=\"https:\/\/felistella.eu\/wp-content\/uploads\/2020\/05\/ce-mark-42944_1280.png\" data-fancybox=\"gallery\"><img decoding=\"async\" class=\"alignnone wp-image-4105\" src=\"https:\/\/felistella.eu\/wp-content\/uploads\/2020\/05\/ce-mark-42944_1280-150x107.png\" sizes=\"(max-width: 30px) 100vw, 30px\" srcset=\"https:\/\/felistella.eu\/wp-content\/uploads\/2020\/05\/ce-mark-42944_1280-150x107.png 150w, https:\/\/felistella.eu\/wp-content\/uploads\/2020\/05\/ce-mark-42944_1280-185x132.png 185w, https:\/\/felistella.eu\/wp-content\/uploads\/2020\/05\/ce-mark-42944_1280-600x428.png 600w, https:\/\/felistella.eu\/wp-content\/uploads\/2020\/05\/ce-mark-42944_1280-64x46.png 64w, https:\/\/felistella.eu\/wp-content\/uploads\/2020\/05\/ce-mark-42944_1280-300x214.png 300w, https:\/\/felistella.eu\/wp-content\/uploads\/2020\/05\/ce-mark-42944_1280-1024x731.png 1024w, https:\/\/felistella.eu\/wp-content\/uploads\/2020\/05\/ce-mark-42944_1280-768x548.png 768w, https:\/\/felistella.eu\/wp-content\/uploads\/2020\/05\/ce-mark-42944_1280-220x154.png 220w, https:\/\/felistella.eu\/wp-content\/uploads\/2020\/05\/ce-mark-42944_1280-224x160.png 224w, https:\/\/felistella.eu\/wp-content\/uploads\/2020\/05\/ce-mark-42944_1280.png 1280w\" alt=\"\" width=\"30\" height=\"21\" \/><\/a>\u00a0<a href=\"https:\/\/felistella.eu\/wp-content\/uploads\/2020\/05\/0-3-logo-children-baby-logo.gif\" data-fancybox=\"gallery\"><img decoding=\"async\" class=\"alignnone wp-image-4491\" src=\"https:\/\/felistella.eu\/wp-content\/uploads\/2020\/05\/0-3-logo-children-baby-logo.gif\" alt=\"\" width=\"35\" height=\"35\" \/><\/a><br \/>\n<strong>BR\u012aDIN\u0100JUMS!<\/strong> Nedot b\u0113rniem, kas jaun\u0101ki par 3 gadiem, jo satur s\u012bkas deta\u013cas &#8211; risks aizr\u012bties!<\/p>\n","protected":false},"excerpt":{"rendered":"\u0160aj\u0101 gr\u0101mat\u0101 iek\u013caut\u0101s uzl\u012bmes nav t\u0101das, k\u0101das \u0161\u0137iet! P\u0113c piel\u012bm\u0113\u0161anas t\u0101s p\u0101rv\u0113r\u0161as par bumbi\u0146\u0101m, apels\u012bniem, vilnas kamoliem un daudz ko citu! Izkr\u0101so z\u012bm\u0113jumus un izrot\u0101 tos ar kr\u0101sainaj\u0101m uzl\u012bm\u0113m! \u00a0 BR\u012aDIN\u0100JUMS! Nedot b\u0113rniem, kas jaun\u0101ki par 3 gadiem, jo satur s\u012bkas deta\u013cas &#8211; risks aizr\u012bties!","protected":false},"featured_media":34143,"comment_status":"open","ping_status":"closed","template":"","meta":{"_acf_changed":false},"pwb-brand":[],"product_brand":[],"product_cat":[1036],"product_tag":[],"class_list":{"0":"post-34142","1":"product","2":"type-product","3":"status-publish","4":"has-post-thumbnail","6":"product_cat-krasojamas-lapas-un-uzlimes","7":"pa_formaat-mikstos-vakos","8":"pa_illustreerija-an-rypens-lv","9":"pa_serija-bumbinu-uzlimes","10":"pa_tagi-uzlimes","11":"pa_vanus-3-4-gadi","12":"pa_vanus-46-gadi","14":"first","15":"instock","16":"taxable","17":"shipping-taxable","18":"purchasable","19":"product-type-simple","20":"add-to-wishlist-before_image"},"acf":[],"yoast_head":"<!-- This site is optimized with the Yoast SEO plugin v27.3 - https:\/\/yoast.com\/product\/yoast-seo-wordpress\/ -->\n<title>Bumbi\u0146u uzl\u012bmes. Dz\u012bvnieki - Kirjastus Felistella<\/title>\n<meta name=\"robots\" content=\"index, follow, max-snippet:-1, max-image-preview:large, max-video-preview:-1\" \/>\n<link rel=\"canonical\" href=\"https:\/\/felistella.eu\/lv\/prece\/bumbinu-uzlimes-dzivnieki\/\" \/>\n<meta property=\"og:locale\" content=\"lv_LV\" \/>\n<meta property=\"og:type\" content=\"article\" \/>\n<meta property=\"og:title\" content=\"Bumbi\u0146u uzl\u012bmes. Dz\u012bvnieki - Kirjastus Felistella\" \/>\n<meta property=\"og:description\" content=\"\u0160aj\u0101 gr\u0101mat\u0101 iek\u013caut\u0101s uzl\u012bmes nav t\u0101das, k\u0101das \u0161\u0137iet! P\u0113c piel\u012bm\u0113\u0161anas t\u0101s p\u0101rv\u0113r\u0161as par bumbi\u0146\u0101m, apels\u012bniem, vilnas kamoliem un daudz ko citu! Izkr\u0101so z\u012bm\u0113jumus un izrot\u0101 tos ar kr\u0101sainaj\u0101m uzl\u012bm\u0113m! \u00a0 BR\u012aDIN\u0100JUMS! Nedot b\u0113rniem, kas jaun\u0101ki par 3 gadiem, jo satur s\u012bkas deta\u013cas &#8211; risks aizr\u012bties!\" \/>\n<meta property=\"og:url\" content=\"https:\/\/felistella.eu\/lv\/prece\/bumbinu-uzlimes-dzivnieki\/\" \/>\n<meta property=\"og:site_name\" content=\"Kirjastus Felistella\" \/>\n<meta property=\"article:modified_time\" content=\"2026-01-07T01:00:02+00:00\" \/>\n<meta property=\"og:image\" content=\"https:\/\/FELISTELLA.EU\/wp-content\/uploads\/2024\/10\/Bumbinu-uzlimes.-Dzivnieki-cover.jpg\" \/>\n\t<meta property=\"og:image:width\" content=\"780\" \/>\n\t<meta property=\"og:image:height\" content=\"780\" \/>\n\t<meta property=\"og:image:type\" content=\"image\/jpeg\" \/>\n<meta name=\"twitter:card\" content=\"summary_large_image\" \/>\n<meta name=\"twitter:label1\" content=\"Est. reading time\" \/>\n\t<meta name=\"twitter:data1\" content=\"1 minute\" \/>\n<script type=\"application\/ld+json\" class=\"yoast-schema-graph\">{\"@context\":\"https:\\\/\\\/schema.org\",\"@graph\":[{\"@type\":\"WebPage\",\"@id\":\"https:\\\/\\\/felistella.eu\\\/lv\\\/prece\\\/bumbinu-uzlimes-dzivnieki\\\/\",\"url\":\"https:\\\/\\\/felistella.eu\\\/lv\\\/prece\\\/bumbinu-uzlimes-dzivnieki\\\/\",\"name\":\"Bumbi\u0146u uzl\u012bmes. Dz\u012bvnieki - Kirjastus Felistella\",\"isPartOf\":{\"@id\":\"https:\\\/\\\/felistella.eu\\\/lv\\\/#website\"},\"primaryImageOfPage\":{\"@id\":\"https:\\\/\\\/felistella.eu\\\/lv\\\/prece\\\/bumbinu-uzlimes-dzivnieki\\\/#primaryimage\"},\"image\":{\"@id\":\"https:\\\/\\\/felistella.eu\\\/lv\\\/prece\\\/bumbinu-uzlimes-dzivnieki\\\/#primaryimage\"},\"thumbnailUrl\":\"https:\\\/\\\/FELISTELLA.EU\\\/wp-content\\\/uploads\\\/2024\\\/10\\\/Bumbinu-uzlimes.-Dzivnieki-cover.jpg\",\"datePublished\":\"2024-10-30T11:00:47+00:00\",\"dateModified\":\"2026-01-07T01:00:02+00:00\",\"breadcrumb\":{\"@id\":\"https:\\\/\\\/felistella.eu\\\/lv\\\/prece\\\/bumbinu-uzlimes-dzivnieki\\\/#breadcrumb\"},\"inLanguage\":\"lv-LV\",\"potentialAction\":[{\"@type\":\"ReadAction\",\"target\":[\"https:\\\/\\\/felistella.eu\\\/lv\\\/prece\\\/bumbinu-uzlimes-dzivnieki\\\/\"]}]},{\"@type\":\"ImageObject\",\"inLanguage\":\"lv-LV\",\"@id\":\"https:\\\/\\\/felistella.eu\\\/lv\\\/prece\\\/bumbinu-uzlimes-dzivnieki\\\/#primaryimage\",\"url\":\"https:\\\/\\\/FELISTELLA.EU\\\/wp-content\\\/uploads\\\/2024\\\/10\\\/Bumbinu-uzlimes.-Dzivnieki-cover.jpg\",\"contentUrl\":\"https:\\\/\\\/FELISTELLA.EU\\\/wp-content\\\/uploads\\\/2024\\\/10\\\/Bumbinu-uzlimes.-Dzivnieki-cover.jpg\",\"width\":780,\"height\":780},{\"@type\":\"BreadcrumbList\",\"@id\":\"https:\\\/\\\/felistella.eu\\\/lv\\\/prece\\\/bumbinu-uzlimes-dzivnieki\\\/#breadcrumb\",\"itemListElement\":[{\"@type\":\"ListItem\",\"position\":1,\"name\":\"Avaleht\",\"item\":\"https:\\\/\\\/felistella.eu\\\/lv\\\/\"},{\"@type\":\"ListItem\",\"position\":2,\"name\":\"Pood\",\"item\":\"https:\\\/\\\/felistella.eu\\\/pood\\\/\"},{\"@type\":\"ListItem\",\"position\":3,\"name\":\"Bumbi\u0146u uzl\u012bmes. Dz\u012bvnieki\"}]},{\"@type\":\"WebSite\",\"@id\":\"https:\\\/\\\/felistella.eu\\\/lv\\\/#website\",\"url\":\"https:\\\/\\\/felistella.eu\\\/lv\\\/\",\"name\":\"Kirjastus Felistella\",\"description\":\"e-pood\",\"potentialAction\":[{\"@type\":\"SearchAction\",\"target\":{\"@type\":\"EntryPoint\",\"urlTemplate\":\"https:\\\/\\\/felistella.eu\\\/lv\\\/?s={search_term_string}\"},\"query-input\":{\"@type\":\"PropertyValueSpecification\",\"valueRequired\":true,\"valueName\":\"search_term_string\"}}],\"inLanguage\":\"lv-LV\"}]}<\/script>\n<!-- \/ Yoast SEO plugin. -->","yoast_head_json":{"title":"Bumbi\u0146u uzl\u012bmes. Dz\u012bvnieki - Kirjastus Felistella","robots":{"index":"index","follow":"follow","max-snippet":"max-snippet:-1","max-image-preview":"max-image-preview:large","max-video-preview":"max-video-preview:-1"},"canonical":"https:\/\/felistella.eu\/lv\/prece\/bumbinu-uzlimes-dzivnieki\/","og_locale":"lv_LV","og_type":"article","og_title":"Bumbi\u0146u uzl\u012bmes. Dz\u012bvnieki - Kirjastus Felistella","og_description":"\u0160aj\u0101 gr\u0101mat\u0101 iek\u013caut\u0101s uzl\u012bmes nav t\u0101das, k\u0101das \u0161\u0137iet! P\u0113c piel\u012bm\u0113\u0161anas t\u0101s p\u0101rv\u0113r\u0161as par bumbi\u0146\u0101m, apels\u012bniem, vilnas kamoliem un daudz ko citu! Izkr\u0101so z\u012bm\u0113jumus un izrot\u0101 tos ar kr\u0101sainaj\u0101m uzl\u012bm\u0113m! \u00a0 BR\u012aDIN\u0100JUMS! Nedot b\u0113rniem, kas jaun\u0101ki par 3 gadiem, jo satur s\u012bkas deta\u013cas &#8211; risks aizr\u012bties!","og_url":"https:\/\/felistella.eu\/lv\/prece\/bumbinu-uzlimes-dzivnieki\/","og_site_name":"Kirjastus Felistella","article_modified_time":"2026-01-07T01:00:02+00:00","og_image":[{"width":780,"height":780,"url":"https:\/\/FELISTELLA.EU\/wp-content\/uploads\/2024\/10\/Bumbinu-uzlimes.-Dzivnieki-cover.jpg","type":"image\/jpeg"}],"twitter_card":"summary_large_image","twitter_misc":{"Est. reading time":"1 minute"},"schema":{"@context":"https:\/\/schema.org","@graph":[{"@type":"WebPage","@id":"https:\/\/felistella.eu\/lv\/prece\/bumbinu-uzlimes-dzivnieki\/","url":"https:\/\/felistella.eu\/lv\/prece\/bumbinu-uzlimes-dzivnieki\/","name":"Bumbi\u0146u uzl\u012bmes. Dz\u012bvnieki - Kirjastus Felistella","isPartOf":{"@id":"https:\/\/felistella.eu\/lv\/#website"},"primaryImageOfPage":{"@id":"https:\/\/felistella.eu\/lv\/prece\/bumbinu-uzlimes-dzivnieki\/#primaryimage"},"image":{"@id":"https:\/\/felistella.eu\/lv\/prece\/bumbinu-uzlimes-dzivnieki\/#primaryimage"},"thumbnailUrl":"https:\/\/FELISTELLA.EU\/wp-content\/uploads\/2024\/10\/Bumbinu-uzlimes.-Dzivnieki-cover.jpg","datePublished":"2024-10-30T11:00:47+00:00","dateModified":"2026-01-07T01:00:02+00:00","breadcrumb":{"@id":"https:\/\/felistella.eu\/lv\/prece\/bumbinu-uzlimes-dzivnieki\/#breadcrumb"},"inLanguage":"lv-LV","potentialAction":[{"@type":"ReadAction","target":["https:\/\/felistella.eu\/lv\/prece\/bumbinu-uzlimes-dzivnieki\/"]}]},{"@type":"ImageObject","inLanguage":"lv-LV","@id":"https:\/\/felistella.eu\/lv\/prece\/bumbinu-uzlimes-dzivnieki\/#primaryimage","url":"https:\/\/FELISTELLA.EU\/wp-content\/uploads\/2024\/10\/Bumbinu-uzlimes.-Dzivnieki-cover.jpg","contentUrl":"https:\/\/FELISTELLA.EU\/wp-content\/uploads\/2024\/10\/Bumbinu-uzlimes.-Dzivnieki-cover.jpg","width":780,"height":780},{"@type":"BreadcrumbList","@id":"https:\/\/felistella.eu\/lv\/prece\/bumbinu-uzlimes-dzivnieki\/#breadcrumb","itemListElement":[{"@type":"ListItem","position":1,"name":"Avaleht","item":"https:\/\/felistella.eu\/lv\/"},{"@type":"ListItem","position":2,"name":"Pood","item":"https:\/\/felistella.eu\/pood\/"},{"@type":"ListItem","position":3,"name":"Bumbi\u0146u uzl\u012bmes. Dz\u012bvnieki"}]},{"@type":"WebSite","@id":"https:\/\/felistella.eu\/lv\/#website","url":"https:\/\/felistella.eu\/lv\/","name":"Kirjastus Felistella","description":"e-pood","potentialAction":[{"@type":"SearchAction","target":{"@type":"EntryPoint","urlTemplate":"https:\/\/felistella.eu\/lv\/?s={search_term_string}"},"query-input":{"@type":"PropertyValueSpecification","valueRequired":true,"valueName":"search_term_string"}}],"inLanguage":"lv-LV"}]}},"brands":[],"_links":{"self":[{"href":"https:\/\/felistella.eu\/lv\/wp-json\/wp\/v2\/product\/34142","targetHints":{"allow":["GET"]}}],"collection":[{"href":"https:\/\/felistella.eu\/lv\/wp-json\/wp\/v2\/product"}],"about":[{"href":"https:\/\/felistella.eu\/lv\/wp-json\/wp\/v2\/types\/product"}],"replies":[{"embeddable":true,"href":"https:\/\/felistella.eu\/lv\/wp-json\/wp\/v2\/comments?post=34142"}],"version-history":[{"count":0,"href":"https:\/\/felistella.eu\/lv\/wp-json\/wp\/v2\/product\/34142\/revisions"}],"wp:featuredmedia":[{"embeddable":true,"href":"https:\/\/felistella.eu\/lv\/wp-json\/wp\/v2\/media\/34143"}],"wp:attachment":[{"href":"https:\/\/felistella.eu\/lv\/wp-json\/wp\/v2\/media?parent=34142"}],"wp:term":[{"taxonomy":"pwb-brand","embeddable":true,"href":"https:\/\/felistella.eu\/lv\/wp-json\/wp\/v2\/pwb-brand?post=34142"},{"taxonomy":"product_brand","embeddable":true,"href":"https:\/\/felistella.eu\/lv\/wp-json\/wp\/v2\/product_brand?post=34142"},{"taxonomy":"product_cat","embeddable":true,"href":"https:\/\/felistella.eu\/lv\/wp-json\/wp\/v2\/product_cat?post=34142"},{"taxonomy":"product_tag","embeddable":true,"href":"https:\/\/felistella.eu\/lv\/wp-json\/wp\/v2\/product_tag?post=34142"}],"curies":[{"name":"wp","href":"https:\/\/api.w.org\/{rel}","templated":true}]}}