{"id":34209,"date":"2024-10-30T18:14:36","date_gmt":"2024-10-30T16:14:36","guid":{"rendered":"https:\/\/felistella.eu\/?post_type=product&#038;p=34209"},"modified":"2026-01-07T00:00:02","modified_gmt":"2026-01-06T22:00:02","slug":"atrodi-un-izkraso-dzivnieki","status":"publish","type":"product","link":"https:\/\/felistella.eu\/lv\/prece\/atrodi-un-izkraso-dzivnieki\/","title":{"rendered":"Atrodi un izkr\u0101so. Dz\u012bvnieki"},"content":{"rendered":"<div>\n<p>Kuriem krabjiem ir acu aizsegs?<\/p>\n<p>Izkr\u0101so t\u0101s oran\u017e\u0101 kr\u0101s\u0101! Gorillu, kas \u0113d ban\u0101nu, vari izkr\u0101sot dzelten\u0101 kr\u0101s\u0101, bet gulo\u0161\u0101s p\u016bces &#8211; br\u016bn\u0101 kr\u0101s\u0101. Sien\u0101\u017eus &#8211; m\u016bzi\u0137us? Izkr\u0101so tos za\u013c\u0101 kr\u0101s\u0101!<\/p>\n<p>\u0160\u012b jautr\u0101 kr\u0101so\u0161anas gr\u0101mata ieved\u012bs Tevi br\u012bni\u0161\u0137\u012bgaj\u0101 dz\u012bvnieku pasaul\u0113. Katr\u0101 lappus\u0113 ir interesants uzdevums. No savannas l\u012bdz Zieme\u013cpolam, no man\u0113\u017eas l\u012bdz su\u0146u b\u016bdai \u2012 seko att\u0113liem katr\u0101 lappus\u0113 un pie\u0161\u0137ir kr\u0101sas savam ce\u013cojumam!<\/p>\n<p>Ori\u0123in\u0101la kr\u0101sojam\u0101 gr\u0101mata b\u0113rniem vecum\u0101 no 4\u00a0gadiem.<\/p>\n<\/div>\n<p><a href=\"https:\/\/felistella.eu\/wp-content\/uploads\/2020\/05\/ce-mark-42944_1280-150x107.png\"><img decoding=\"async\" class=\"alignnone wp-image-4105\" src=\"https:\/\/felistella.eu\/wp-content\/uploads\/2020\/05\/ce-mark-42944_1280-150x107.png\" alt=\"\" width=\"30\" height=\"21\" srcset=\"https:\/\/FELISTELLA.EU\/wp-content\/uploads\/2020\/05\/ce-mark-42944_1280-150x107.png 150w, https:\/\/FELISTELLA.EU\/wp-content\/uploads\/2020\/05\/ce-mark-42944_1280-185x132.png 185w, https:\/\/FELISTELLA.EU\/wp-content\/uploads\/2020\/05\/ce-mark-42944_1280-600x428.png 600w, https:\/\/FELISTELLA.EU\/wp-content\/uploads\/2020\/05\/ce-mark-42944_1280-64x46.png 64w, https:\/\/FELISTELLA.EU\/wp-content\/uploads\/2020\/05\/ce-mark-42944_1280-300x214.png 300w, https:\/\/FELISTELLA.EU\/wp-content\/uploads\/2020\/05\/ce-mark-42944_1280-1024x731.png 1024w, https:\/\/FELISTELLA.EU\/wp-content\/uploads\/2020\/05\/ce-mark-42944_1280-768x548.png 768w, https:\/\/FELISTELLA.EU\/wp-content\/uploads\/2020\/05\/ce-mark-42944_1280-220x154.png 220w, https:\/\/FELISTELLA.EU\/wp-content\/uploads\/2020\/05\/ce-mark-42944_1280-224x160.png 224w, https:\/\/FELISTELLA.EU\/wp-content\/uploads\/2020\/05\/ce-mark-42944_1280.png 1280w\" sizes=\"(max-width: 30px) 100vw, 30px\" \/><\/a><\/p>\n","protected":false},"excerpt":{"rendered":"Kuriem krabjiem ir acu aizsegs? Izkr\u0101so t\u0101s oran\u017e\u0101 kr\u0101s\u0101! Gorillu, kas \u0113d ban\u0101nu, vari izkr\u0101sot dzelten\u0101 kr\u0101s\u0101, bet gulo\u0161\u0101s p\u016bces &#8211; br\u016bn\u0101 kr\u0101s\u0101. Sien\u0101\u017eus &#8211; m\u016bzi\u0137us? Izkr\u0101so tos za\u013c\u0101 kr\u0101s\u0101! \u0160\u012b jautr\u0101 kr\u0101so\u0161anas gr\u0101mata ieved\u012bs Tevi br\u012bni\u0161\u0137\u012bgaj\u0101 dz\u012bvnieku pasaul\u0113. Katr\u0101 lappus\u0113 ir interesants uzdevums. No savannas l\u012bdz Zieme\u013cpolam, no man\u0113\u017eas l\u012bdz su\u0146u b\u016bdai \u2012 seko [&hellip;]","protected":false},"featured_media":34220,"comment_status":"open","ping_status":"closed","template":"","meta":{"_acf_changed":false},"pwb-brand":[],"product_brand":[],"product_cat":[1036],"product_tag":[],"class_list":{"0":"post-34209","1":"product","2":"type-product","3":"status-publish","4":"has-post-thumbnail","6":"product_cat-krasojamas-lapas-un-uzlimes","7":"pa_formaat-mikstos-vakos","8":"pa_illustreerija-sam-rennocks-2","9":"pa_serija-atrodi-un-izkraso","10":"pa_vanus-3-4-gadi","11":"pa_vanus-46-gadi","13":"first","14":"instock","15":"taxable","16":"shipping-taxable","17":"purchasable","18":"product-type-simple","19":"add-to-wishlist-before_image"},"acf":[],"yoast_head":"<!-- This site is optimized with the Yoast SEO plugin v27.3 - https:\/\/yoast.com\/product\/yoast-seo-wordpress\/ -->\n<title>Atrodi un izkr\u0101so. Dz\u012bvnieki - Kirjastus Felistella<\/title>\n<meta name=\"description\" content=\"Selle v\u00e4rvi- ja m\u00f5istatusteraamatu abil saavad lasteaialapsed harjutada m\u00e4ngimise ajal keskendumist ja p\u00fcsivust. Vaheldusrikkad, armsate piltidega \u00fclesanded, nagu kujukeste \u00fchendamine, varjude leidmine ja koguste lugemine, on v\u00e4ikelaste jaoks huvitavad ja j\u00f5ukohased.\" \/>\n<meta name=\"robots\" content=\"index, follow, max-snippet:-1, max-image-preview:large, max-video-preview:-1\" \/>\n<link rel=\"canonical\" href=\"https:\/\/felistella.eu\/lv\/prece\/atrodi-un-izkraso-dzivnieki\/\" \/>\n<meta property=\"og:locale\" content=\"lv_LV\" \/>\n<meta property=\"og:type\" content=\"article\" \/>\n<meta property=\"og:title\" content=\"Atrodi un izkr\u0101so. Dz\u012bvnieki - Kirjastus Felistella\" \/>\n<meta property=\"og:description\" content=\"Selle v\u00e4rvi- ja m\u00f5istatusteraamatu abil saavad lasteaialapsed harjutada m\u00e4ngimise ajal keskendumist ja p\u00fcsivust. Vaheldusrikkad, armsate piltidega \u00fclesanded, nagu kujukeste \u00fchendamine, varjude leidmine ja koguste lugemine, on v\u00e4ikelaste jaoks huvitavad ja j\u00f5ukohased.\" \/>\n<meta property=\"og:url\" content=\"https:\/\/felistella.eu\/lv\/prece\/atrodi-un-izkraso-dzivnieki\/\" \/>\n<meta property=\"og:site_name\" content=\"Kirjastus Felistella\" \/>\n<meta property=\"article:modified_time\" content=\"2026-01-06T22:00:02+00:00\" \/>\n<meta property=\"og:image\" content=\"https:\/\/FELISTELLA.EU\/wp-content\/uploads\/2024\/10\/Atrodi-un-izkraso.-Dzivnieki-cover.jpg\" \/>\n\t<meta property=\"og:image:width\" content=\"709\" \/>\n\t<meta property=\"og:image:height\" content=\"957\" \/>\n\t<meta property=\"og:image:type\" content=\"image\/jpeg\" \/>\n<meta name=\"twitter:card\" content=\"summary_large_image\" \/>\n<meta name=\"twitter:label1\" content=\"Est. reading time\" \/>\n\t<meta name=\"twitter:data1\" content=\"1 minute\" \/>\n<script type=\"application\/ld+json\" class=\"yoast-schema-graph\">{\"@context\":\"https:\\\/\\\/schema.org\",\"@graph\":[{\"@type\":\"WebPage\",\"@id\":\"https:\\\/\\\/felistella.eu\\\/lv\\\/prece\\\/atrodi-un-izkraso-dzivnieki\\\/\",\"url\":\"https:\\\/\\\/felistella.eu\\\/lv\\\/prece\\\/atrodi-un-izkraso-dzivnieki\\\/\",\"name\":\"Atrodi un izkr\u0101so. Dz\u012bvnieki - Kirjastus Felistella\",\"isPartOf\":{\"@id\":\"https:\\\/\\\/felistella.eu\\\/lv\\\/#website\"},\"primaryImageOfPage\":{\"@id\":\"https:\\\/\\\/felistella.eu\\\/lv\\\/prece\\\/atrodi-un-izkraso-dzivnieki\\\/#primaryimage\"},\"image\":{\"@id\":\"https:\\\/\\\/felistella.eu\\\/lv\\\/prece\\\/atrodi-un-izkraso-dzivnieki\\\/#primaryimage\"},\"thumbnailUrl\":\"https:\\\/\\\/FELISTELLA.EU\\\/wp-content\\\/uploads\\\/2024\\\/10\\\/Atrodi-un-izkraso.-Dzivnieki-cover.jpg\",\"datePublished\":\"2024-10-30T16:14:36+00:00\",\"dateModified\":\"2026-01-06T22:00:02+00:00\",\"description\":\"Selle v\u00e4rvi- ja m\u00f5istatusteraamatu abil saavad lasteaialapsed harjutada m\u00e4ngimise ajal keskendumist ja p\u00fcsivust. Vaheldusrikkad, armsate piltidega \u00fclesanded, nagu kujukeste \u00fchendamine, varjude leidmine ja koguste lugemine, on v\u00e4ikelaste jaoks huvitavad ja j\u00f5ukohased.\",\"breadcrumb\":{\"@id\":\"https:\\\/\\\/felistella.eu\\\/lv\\\/prece\\\/atrodi-un-izkraso-dzivnieki\\\/#breadcrumb\"},\"inLanguage\":\"lv-LV\",\"potentialAction\":[{\"@type\":\"ReadAction\",\"target\":[\"https:\\\/\\\/felistella.eu\\\/lv\\\/prece\\\/atrodi-un-izkraso-dzivnieki\\\/\"]}]},{\"@type\":\"ImageObject\",\"inLanguage\":\"lv-LV\",\"@id\":\"https:\\\/\\\/felistella.eu\\\/lv\\\/prece\\\/atrodi-un-izkraso-dzivnieki\\\/#primaryimage\",\"url\":\"https:\\\/\\\/FELISTELLA.EU\\\/wp-content\\\/uploads\\\/2024\\\/10\\\/Atrodi-un-izkraso.-Dzivnieki-cover.jpg\",\"contentUrl\":\"https:\\\/\\\/FELISTELLA.EU\\\/wp-content\\\/uploads\\\/2024\\\/10\\\/Atrodi-un-izkraso.-Dzivnieki-cover.jpg\",\"width\":709,\"height\":957},{\"@type\":\"BreadcrumbList\",\"@id\":\"https:\\\/\\\/felistella.eu\\\/lv\\\/prece\\\/atrodi-un-izkraso-dzivnieki\\\/#breadcrumb\",\"itemListElement\":[{\"@type\":\"ListItem\",\"position\":1,\"name\":\"Avaleht\",\"item\":\"https:\\\/\\\/felistella.eu\\\/lv\\\/\"},{\"@type\":\"ListItem\",\"position\":2,\"name\":\"Pood\",\"item\":\"https:\\\/\\\/felistella.eu\\\/pood\\\/\"},{\"@type\":\"ListItem\",\"position\":3,\"name\":\"Atrodi un izkr\u0101so. Dz\u012bvnieki\"}]},{\"@type\":\"WebSite\",\"@id\":\"https:\\\/\\\/felistella.eu\\\/lv\\\/#website\",\"url\":\"https:\\\/\\\/felistella.eu\\\/lv\\\/\",\"name\":\"Kirjastus Felistella\",\"description\":\"e-pood\",\"potentialAction\":[{\"@type\":\"SearchAction\",\"target\":{\"@type\":\"EntryPoint\",\"urlTemplate\":\"https:\\\/\\\/felistella.eu\\\/lv\\\/?s={search_term_string}\"},\"query-input\":{\"@type\":\"PropertyValueSpecification\",\"valueRequired\":true,\"valueName\":\"search_term_string\"}}],\"inLanguage\":\"lv-LV\"}]}<\/script>\n<!-- \/ Yoast SEO plugin. -->","yoast_head_json":{"title":"Atrodi un izkr\u0101so. Dz\u012bvnieki - Kirjastus Felistella","description":"Selle v\u00e4rvi- ja m\u00f5istatusteraamatu abil saavad lasteaialapsed harjutada m\u00e4ngimise ajal keskendumist ja p\u00fcsivust. Vaheldusrikkad, armsate piltidega \u00fclesanded, nagu kujukeste \u00fchendamine, varjude leidmine ja koguste lugemine, on v\u00e4ikelaste jaoks huvitavad ja j\u00f5ukohased.","robots":{"index":"index","follow":"follow","max-snippet":"max-snippet:-1","max-image-preview":"max-image-preview:large","max-video-preview":"max-video-preview:-1"},"canonical":"https:\/\/felistella.eu\/lv\/prece\/atrodi-un-izkraso-dzivnieki\/","og_locale":"lv_LV","og_type":"article","og_title":"Atrodi un izkr\u0101so. Dz\u012bvnieki - Kirjastus Felistella","og_description":"Selle v\u00e4rvi- ja m\u00f5istatusteraamatu abil saavad lasteaialapsed harjutada m\u00e4ngimise ajal keskendumist ja p\u00fcsivust. Vaheldusrikkad, armsate piltidega \u00fclesanded, nagu kujukeste \u00fchendamine, varjude leidmine ja koguste lugemine, on v\u00e4ikelaste jaoks huvitavad ja j\u00f5ukohased.","og_url":"https:\/\/felistella.eu\/lv\/prece\/atrodi-un-izkraso-dzivnieki\/","og_site_name":"Kirjastus Felistella","article_modified_time":"2026-01-06T22:00:02+00:00","og_image":[{"width":709,"height":957,"url":"https:\/\/FELISTELLA.EU\/wp-content\/uploads\/2024\/10\/Atrodi-un-izkraso.-Dzivnieki-cover.jpg","type":"image\/jpeg"}],"twitter_card":"summary_large_image","twitter_misc":{"Est. reading time":"1 minute"},"schema":{"@context":"https:\/\/schema.org","@graph":[{"@type":"WebPage","@id":"https:\/\/felistella.eu\/lv\/prece\/atrodi-un-izkraso-dzivnieki\/","url":"https:\/\/felistella.eu\/lv\/prece\/atrodi-un-izkraso-dzivnieki\/","name":"Atrodi un izkr\u0101so. Dz\u012bvnieki - Kirjastus Felistella","isPartOf":{"@id":"https:\/\/felistella.eu\/lv\/#website"},"primaryImageOfPage":{"@id":"https:\/\/felistella.eu\/lv\/prece\/atrodi-un-izkraso-dzivnieki\/#primaryimage"},"image":{"@id":"https:\/\/felistella.eu\/lv\/prece\/atrodi-un-izkraso-dzivnieki\/#primaryimage"},"thumbnailUrl":"https:\/\/FELISTELLA.EU\/wp-content\/uploads\/2024\/10\/Atrodi-un-izkraso.-Dzivnieki-cover.jpg","datePublished":"2024-10-30T16:14:36+00:00","dateModified":"2026-01-06T22:00:02+00:00","description":"Selle v\u00e4rvi- ja m\u00f5istatusteraamatu abil saavad lasteaialapsed harjutada m\u00e4ngimise ajal keskendumist ja p\u00fcsivust. Vaheldusrikkad, armsate piltidega \u00fclesanded, nagu kujukeste \u00fchendamine, varjude leidmine ja koguste lugemine, on v\u00e4ikelaste jaoks huvitavad ja j\u00f5ukohased.","breadcrumb":{"@id":"https:\/\/felistella.eu\/lv\/prece\/atrodi-un-izkraso-dzivnieki\/#breadcrumb"},"inLanguage":"lv-LV","potentialAction":[{"@type":"ReadAction","target":["https:\/\/felistella.eu\/lv\/prece\/atrodi-un-izkraso-dzivnieki\/"]}]},{"@type":"ImageObject","inLanguage":"lv-LV","@id":"https:\/\/felistella.eu\/lv\/prece\/atrodi-un-izkraso-dzivnieki\/#primaryimage","url":"https:\/\/FELISTELLA.EU\/wp-content\/uploads\/2024\/10\/Atrodi-un-izkraso.-Dzivnieki-cover.jpg","contentUrl":"https:\/\/FELISTELLA.EU\/wp-content\/uploads\/2024\/10\/Atrodi-un-izkraso.-Dzivnieki-cover.jpg","width":709,"height":957},{"@type":"BreadcrumbList","@id":"https:\/\/felistella.eu\/lv\/prece\/atrodi-un-izkraso-dzivnieki\/#breadcrumb","itemListElement":[{"@type":"ListItem","position":1,"name":"Avaleht","item":"https:\/\/felistella.eu\/lv\/"},{"@type":"ListItem","position":2,"name":"Pood","item":"https:\/\/felistella.eu\/pood\/"},{"@type":"ListItem","position":3,"name":"Atrodi un izkr\u0101so. Dz\u012bvnieki"}]},{"@type":"WebSite","@id":"https:\/\/felistella.eu\/lv\/#website","url":"https:\/\/felistella.eu\/lv\/","name":"Kirjastus Felistella","description":"e-pood","potentialAction":[{"@type":"SearchAction","target":{"@type":"EntryPoint","urlTemplate":"https:\/\/felistella.eu\/lv\/?s={search_term_string}"},"query-input":{"@type":"PropertyValueSpecification","valueRequired":true,"valueName":"search_term_string"}}],"inLanguage":"lv-LV"}]}},"brands":[],"_links":{"self":[{"href":"https:\/\/felistella.eu\/lv\/wp-json\/wp\/v2\/product\/34209","targetHints":{"allow":["GET"]}}],"collection":[{"href":"https:\/\/felistella.eu\/lv\/wp-json\/wp\/v2\/product"}],"about":[{"href":"https:\/\/felistella.eu\/lv\/wp-json\/wp\/v2\/types\/product"}],"replies":[{"embeddable":true,"href":"https:\/\/felistella.eu\/lv\/wp-json\/wp\/v2\/comments?post=34209"}],"version-history":[{"count":0,"href":"https:\/\/felistella.eu\/lv\/wp-json\/wp\/v2\/product\/34209\/revisions"}],"wp:featuredmedia":[{"embeddable":true,"href":"https:\/\/felistella.eu\/lv\/wp-json\/wp\/v2\/media\/34220"}],"wp:attachment":[{"href":"https:\/\/felistella.eu\/lv\/wp-json\/wp\/v2\/media?parent=34209"}],"wp:term":[{"taxonomy":"pwb-brand","embeddable":true,"href":"https:\/\/felistella.eu\/lv\/wp-json\/wp\/v2\/pwb-brand?post=34209"},{"taxonomy":"product_brand","embeddable":true,"href":"https:\/\/felistella.eu\/lv\/wp-json\/wp\/v2\/product_brand?post=34209"},{"taxonomy":"product_cat","embeddable":true,"href":"https:\/\/felistella.eu\/lv\/wp-json\/wp\/v2\/product_cat?post=34209"},{"taxonomy":"product_tag","embeddable":true,"href":"https:\/\/felistella.eu\/lv\/wp-json\/wp\/v2\/product_tag?post=34209"}],"curies":[{"name":"wp","href":"https:\/\/api.w.org\/{rel}","templated":true}]}}