{"id":34232,"date":"2024-10-30T18:52:14","date_gmt":"2024-10-30T16:52:14","guid":{"rendered":"https:\/\/felistella.eu\/?post_type=product&#038;p=34232"},"modified":"2026-01-06T23:00:04","modified_gmt":"2026-01-06T21:00:04","slug":"atrodi-un-izkraso-pasakas","status":"publish","type":"product","link":"https:\/\/felistella.eu\/lv\/prece\/atrodi-un-izkraso-pasakas\/","title":{"rendered":"Atrodi un izkr\u0101so. Pasakas"},"content":{"rendered":"<div>\n<p>Abrakadabra! Kura ragana gatavo burvju eliks\u012bru? Izkr\u0101so vi\u0146u sarkan\u0101 kr\u0101s\u0101! Vari izkr\u0101sot septi\u0146as kazas septi\u0146\u0101s da\u017e\u0101d\u0101s kr\u0101s\u0101s. Un vardi ar kroni? Izkr\u0101so to za\u013c\u0101 kr\u0101s\u0101!<\/p>\n<p>\u0160\u012b jautr\u0101 kr\u0101so\u0161anas gr\u0101mati\u0146a ieved\u012bs Tevi br\u012bnumu pilnaj\u0101 pasaku pasaul\u0113. Katr\u0101 lappus\u0113 ir interesants uzdevums. No Sir\u017eu karalienes l\u012bdz pipark\u016bku nami\u0146am, no lidojo\u0161iem pakl\u0101jiem l\u012bdz gulo\u0161am p\u016b\u0137im &#8211; seko att\u0113liem katr\u0101 lappus\u0113 un pie\u0161\u0137ir kr\u0101sas savam ce\u013cojumam!<\/p>\n<p>Ori\u0123in\u0101la kr\u0101sojam\u0101 gr\u0101mata b\u0113rniem vecum\u0101 no 4\u00a0gadiem.<\/p>\n<\/div>\n<p><a href=\"https:\/\/felistella.eu\/wp-content\/uploads\/2020\/05\/ce-mark-42944_1280-150x107.png\"><img decoding=\"async\" class=\"alignnone wp-image-4105\" src=\"https:\/\/felistella.eu\/wp-content\/uploads\/2020\/05\/ce-mark-42944_1280-150x107.png\" alt=\"\" width=\"30\" height=\"21\" srcset=\"https:\/\/FELISTELLA.EU\/wp-content\/uploads\/2020\/05\/ce-mark-42944_1280-150x107.png 150w, https:\/\/FELISTELLA.EU\/wp-content\/uploads\/2020\/05\/ce-mark-42944_1280-185x132.png 185w, https:\/\/FELISTELLA.EU\/wp-content\/uploads\/2020\/05\/ce-mark-42944_1280-600x428.png 600w, https:\/\/FELISTELLA.EU\/wp-content\/uploads\/2020\/05\/ce-mark-42944_1280-64x46.png 64w, https:\/\/FELISTELLA.EU\/wp-content\/uploads\/2020\/05\/ce-mark-42944_1280-300x214.png 300w, https:\/\/FELISTELLA.EU\/wp-content\/uploads\/2020\/05\/ce-mark-42944_1280-1024x731.png 1024w, https:\/\/FELISTELLA.EU\/wp-content\/uploads\/2020\/05\/ce-mark-42944_1280-768x548.png 768w, https:\/\/FELISTELLA.EU\/wp-content\/uploads\/2020\/05\/ce-mark-42944_1280-220x154.png 220w, https:\/\/FELISTELLA.EU\/wp-content\/uploads\/2020\/05\/ce-mark-42944_1280-224x160.png 224w, https:\/\/FELISTELLA.EU\/wp-content\/uploads\/2020\/05\/ce-mark-42944_1280.png 1280w\" sizes=\"(max-width: 30px) 100vw, 30px\" \/><\/a><\/p>\n","protected":false},"excerpt":{"rendered":"Abrakadabra! Kura ragana gatavo burvju eliks\u012bru? Izkr\u0101so vi\u0146u sarkan\u0101 kr\u0101s\u0101! Vari izkr\u0101sot septi\u0146as kazas septi\u0146\u0101s da\u017e\u0101d\u0101s kr\u0101s\u0101s. Un vardi ar kroni? Izkr\u0101so to za\u013c\u0101 kr\u0101s\u0101! \u0160\u012b jautr\u0101 kr\u0101so\u0161anas gr\u0101mati\u0146a ieved\u012bs Tevi br\u012bnumu pilnaj\u0101 pasaku pasaul\u0113. Katr\u0101 lappus\u0113 ir interesants uzdevums. No Sir\u017eu karalienes l\u012bdz pipark\u016bku nami\u0146am, no lidojo\u0161iem pakl\u0101jiem l\u012bdz gulo\u0161am p\u016b\u0137im &#8211; seko att\u0113liem [&hellip;]","protected":false},"featured_media":34233,"comment_status":"open","ping_status":"closed","template":"","meta":{"_acf_changed":false},"pwb-brand":[],"product_brand":[],"product_cat":[935],"product_tag":[],"class_list":{"0":"post-34232","1":"product","2":"type-product","3":"status-publish","4":"has-post-thumbnail","6":"product_cat-kleepsu-ja-varviraamatud","7":"pa_formaat-pehmekaaneline","8":"pa_illustreerija-yulia-gorkina-2","9":"pa_serija-atrodi-un-izkraso","10":"pa_vanus-3-4-aastat","11":"pa_vanus-4-6-aastat","13":"first","14":"instock","15":"taxable","16":"shipping-taxable","17":"purchasable","18":"product-type-simple","19":"add-to-wishlist-before_image"},"acf":[],"yoast_head":"<!-- This site is optimized with the Yoast SEO plugin v27.3 - https:\/\/yoast.com\/product\/yoast-seo-wordpress\/ -->\n<title>Atrodi un izkr\u0101so. Pasakas - Kirjastus Felistella<\/title>\n<meta name=\"description\" content=\"Selle v\u00e4rvi- ja m\u00f5istatusteraamatu abil saavad lasteaialapsed harjutada m\u00e4ngimise ajal keskendumist ja p\u00fcsivust. Vaheldusrikkad, armsate piltidega \u00fclesanded, nagu kujukeste \u00fchendamine, varjude leidmine ja koguste lugemine, on v\u00e4ikelaste jaoks huvitavad ja j\u00f5ukohased.\" \/>\n<meta name=\"robots\" content=\"index, follow, max-snippet:-1, max-image-preview:large, max-video-preview:-1\" \/>\n<link rel=\"canonical\" href=\"https:\/\/felistella.eu\/lv\/prece\/atrodi-un-izkraso-pasakas\/\" \/>\n<meta property=\"og:locale\" content=\"lv_LV\" \/>\n<meta property=\"og:type\" content=\"article\" \/>\n<meta property=\"og:title\" content=\"Atrodi un izkr\u0101so. Pasakas - Kirjastus Felistella\" \/>\n<meta property=\"og:description\" content=\"Selle v\u00e4rvi- ja m\u00f5istatusteraamatu abil saavad lasteaialapsed harjutada m\u00e4ngimise ajal keskendumist ja p\u00fcsivust. Vaheldusrikkad, armsate piltidega \u00fclesanded, nagu kujukeste \u00fchendamine, varjude leidmine ja koguste lugemine, on v\u00e4ikelaste jaoks huvitavad ja j\u00f5ukohased.\" \/>\n<meta property=\"og:url\" content=\"https:\/\/felistella.eu\/lv\/prece\/atrodi-un-izkraso-pasakas\/\" \/>\n<meta property=\"og:site_name\" content=\"Kirjastus Felistella\" \/>\n<meta property=\"article:modified_time\" content=\"2026-01-06T21:00:04+00:00\" \/>\n<meta property=\"og:image\" content=\"https:\/\/FELISTELLA.EU\/wp-content\/uploads\/2024\/10\/Atrodi-un-izkraso.-Pasakas-cover.jpg\" \/>\n\t<meta property=\"og:image:width\" content=\"709\" \/>\n\t<meta property=\"og:image:height\" content=\"957\" \/>\n\t<meta property=\"og:image:type\" content=\"image\/jpeg\" \/>\n<meta name=\"twitter:card\" content=\"summary_large_image\" \/>\n<meta name=\"twitter:label1\" content=\"Est. reading time\" \/>\n\t<meta name=\"twitter:data1\" content=\"1 minute\" \/>\n<script type=\"application\/ld+json\" class=\"yoast-schema-graph\">{\"@context\":\"https:\\\/\\\/schema.org\",\"@graph\":[{\"@type\":\"WebPage\",\"@id\":\"https:\\\/\\\/felistella.eu\\\/lv\\\/prece\\\/atrodi-un-izkraso-pasakas\\\/\",\"url\":\"https:\\\/\\\/felistella.eu\\\/lv\\\/prece\\\/atrodi-un-izkraso-pasakas\\\/\",\"name\":\"Atrodi un izkr\u0101so. Pasakas - Kirjastus Felistella\",\"isPartOf\":{\"@id\":\"https:\\\/\\\/felistella.eu\\\/lv\\\/#website\"},\"primaryImageOfPage\":{\"@id\":\"https:\\\/\\\/felistella.eu\\\/lv\\\/prece\\\/atrodi-un-izkraso-pasakas\\\/#primaryimage\"},\"image\":{\"@id\":\"https:\\\/\\\/felistella.eu\\\/lv\\\/prece\\\/atrodi-un-izkraso-pasakas\\\/#primaryimage\"},\"thumbnailUrl\":\"https:\\\/\\\/FELISTELLA.EU\\\/wp-content\\\/uploads\\\/2024\\\/10\\\/Atrodi-un-izkraso.-Pasakas-cover.jpg\",\"datePublished\":\"2024-10-30T16:52:14+00:00\",\"dateModified\":\"2026-01-06T21:00:04+00:00\",\"description\":\"Selle v\u00e4rvi- ja m\u00f5istatusteraamatu abil saavad lasteaialapsed harjutada m\u00e4ngimise ajal keskendumist ja p\u00fcsivust. Vaheldusrikkad, armsate piltidega \u00fclesanded, nagu kujukeste \u00fchendamine, varjude leidmine ja koguste lugemine, on v\u00e4ikelaste jaoks huvitavad ja j\u00f5ukohased.\",\"breadcrumb\":{\"@id\":\"https:\\\/\\\/felistella.eu\\\/lv\\\/prece\\\/atrodi-un-izkraso-pasakas\\\/#breadcrumb\"},\"inLanguage\":\"lv-LV\",\"potentialAction\":[{\"@type\":\"ReadAction\",\"target\":[\"https:\\\/\\\/felistella.eu\\\/lv\\\/prece\\\/atrodi-un-izkraso-pasakas\\\/\"]}]},{\"@type\":\"ImageObject\",\"inLanguage\":\"lv-LV\",\"@id\":\"https:\\\/\\\/felistella.eu\\\/lv\\\/prece\\\/atrodi-un-izkraso-pasakas\\\/#primaryimage\",\"url\":\"https:\\\/\\\/FELISTELLA.EU\\\/wp-content\\\/uploads\\\/2024\\\/10\\\/Atrodi-un-izkraso.-Pasakas-cover.jpg\",\"contentUrl\":\"https:\\\/\\\/FELISTELLA.EU\\\/wp-content\\\/uploads\\\/2024\\\/10\\\/Atrodi-un-izkraso.-Pasakas-cover.jpg\",\"width\":709,\"height\":957},{\"@type\":\"BreadcrumbList\",\"@id\":\"https:\\\/\\\/felistella.eu\\\/lv\\\/prece\\\/atrodi-un-izkraso-pasakas\\\/#breadcrumb\",\"itemListElement\":[{\"@type\":\"ListItem\",\"position\":1,\"name\":\"Avaleht\",\"item\":\"https:\\\/\\\/felistella.eu\\\/lv\\\/\"},{\"@type\":\"ListItem\",\"position\":2,\"name\":\"Pood\",\"item\":\"https:\\\/\\\/felistella.eu\\\/pood\\\/\"},{\"@type\":\"ListItem\",\"position\":3,\"name\":\"Atrodi un izkr\u0101so. Pasakas\"}]},{\"@type\":\"WebSite\",\"@id\":\"https:\\\/\\\/felistella.eu\\\/lv\\\/#website\",\"url\":\"https:\\\/\\\/felistella.eu\\\/lv\\\/\",\"name\":\"Kirjastus Felistella\",\"description\":\"e-pood\",\"potentialAction\":[{\"@type\":\"SearchAction\",\"target\":{\"@type\":\"EntryPoint\",\"urlTemplate\":\"https:\\\/\\\/felistella.eu\\\/lv\\\/?s={search_term_string}\"},\"query-input\":{\"@type\":\"PropertyValueSpecification\",\"valueRequired\":true,\"valueName\":\"search_term_string\"}}],\"inLanguage\":\"lv-LV\"}]}<\/script>\n<!-- \/ Yoast SEO plugin. -->","yoast_head_json":{"title":"Atrodi un izkr\u0101so. Pasakas - Kirjastus Felistella","description":"Selle v\u00e4rvi- ja m\u00f5istatusteraamatu abil saavad lasteaialapsed harjutada m\u00e4ngimise ajal keskendumist ja p\u00fcsivust. Vaheldusrikkad, armsate piltidega \u00fclesanded, nagu kujukeste \u00fchendamine, varjude leidmine ja koguste lugemine, on v\u00e4ikelaste jaoks huvitavad ja j\u00f5ukohased.","robots":{"index":"index","follow":"follow","max-snippet":"max-snippet:-1","max-image-preview":"max-image-preview:large","max-video-preview":"max-video-preview:-1"},"canonical":"https:\/\/felistella.eu\/lv\/prece\/atrodi-un-izkraso-pasakas\/","og_locale":"lv_LV","og_type":"article","og_title":"Atrodi un izkr\u0101so. Pasakas - Kirjastus Felistella","og_description":"Selle v\u00e4rvi- ja m\u00f5istatusteraamatu abil saavad lasteaialapsed harjutada m\u00e4ngimise ajal keskendumist ja p\u00fcsivust. Vaheldusrikkad, armsate piltidega \u00fclesanded, nagu kujukeste \u00fchendamine, varjude leidmine ja koguste lugemine, on v\u00e4ikelaste jaoks huvitavad ja j\u00f5ukohased.","og_url":"https:\/\/felistella.eu\/lv\/prece\/atrodi-un-izkraso-pasakas\/","og_site_name":"Kirjastus Felistella","article_modified_time":"2026-01-06T21:00:04+00:00","og_image":[{"width":709,"height":957,"url":"https:\/\/FELISTELLA.EU\/wp-content\/uploads\/2024\/10\/Atrodi-un-izkraso.-Pasakas-cover.jpg","type":"image\/jpeg"}],"twitter_card":"summary_large_image","twitter_misc":{"Est. reading time":"1 minute"},"schema":{"@context":"https:\/\/schema.org","@graph":[{"@type":"WebPage","@id":"https:\/\/felistella.eu\/lv\/prece\/atrodi-un-izkraso-pasakas\/","url":"https:\/\/felistella.eu\/lv\/prece\/atrodi-un-izkraso-pasakas\/","name":"Atrodi un izkr\u0101so. Pasakas - Kirjastus Felistella","isPartOf":{"@id":"https:\/\/felistella.eu\/lv\/#website"},"primaryImageOfPage":{"@id":"https:\/\/felistella.eu\/lv\/prece\/atrodi-un-izkraso-pasakas\/#primaryimage"},"image":{"@id":"https:\/\/felistella.eu\/lv\/prece\/atrodi-un-izkraso-pasakas\/#primaryimage"},"thumbnailUrl":"https:\/\/FELISTELLA.EU\/wp-content\/uploads\/2024\/10\/Atrodi-un-izkraso.-Pasakas-cover.jpg","datePublished":"2024-10-30T16:52:14+00:00","dateModified":"2026-01-06T21:00:04+00:00","description":"Selle v\u00e4rvi- ja m\u00f5istatusteraamatu abil saavad lasteaialapsed harjutada m\u00e4ngimise ajal keskendumist ja p\u00fcsivust. Vaheldusrikkad, armsate piltidega \u00fclesanded, nagu kujukeste \u00fchendamine, varjude leidmine ja koguste lugemine, on v\u00e4ikelaste jaoks huvitavad ja j\u00f5ukohased.","breadcrumb":{"@id":"https:\/\/felistella.eu\/lv\/prece\/atrodi-un-izkraso-pasakas\/#breadcrumb"},"inLanguage":"lv-LV","potentialAction":[{"@type":"ReadAction","target":["https:\/\/felistella.eu\/lv\/prece\/atrodi-un-izkraso-pasakas\/"]}]},{"@type":"ImageObject","inLanguage":"lv-LV","@id":"https:\/\/felistella.eu\/lv\/prece\/atrodi-un-izkraso-pasakas\/#primaryimage","url":"https:\/\/FELISTELLA.EU\/wp-content\/uploads\/2024\/10\/Atrodi-un-izkraso.-Pasakas-cover.jpg","contentUrl":"https:\/\/FELISTELLA.EU\/wp-content\/uploads\/2024\/10\/Atrodi-un-izkraso.-Pasakas-cover.jpg","width":709,"height":957},{"@type":"BreadcrumbList","@id":"https:\/\/felistella.eu\/lv\/prece\/atrodi-un-izkraso-pasakas\/#breadcrumb","itemListElement":[{"@type":"ListItem","position":1,"name":"Avaleht","item":"https:\/\/felistella.eu\/lv\/"},{"@type":"ListItem","position":2,"name":"Pood","item":"https:\/\/felistella.eu\/pood\/"},{"@type":"ListItem","position":3,"name":"Atrodi un izkr\u0101so. Pasakas"}]},{"@type":"WebSite","@id":"https:\/\/felistella.eu\/lv\/#website","url":"https:\/\/felistella.eu\/lv\/","name":"Kirjastus Felistella","description":"e-pood","potentialAction":[{"@type":"SearchAction","target":{"@type":"EntryPoint","urlTemplate":"https:\/\/felistella.eu\/lv\/?s={search_term_string}"},"query-input":{"@type":"PropertyValueSpecification","valueRequired":true,"valueName":"search_term_string"}}],"inLanguage":"lv-LV"}]}},"brands":[],"_links":{"self":[{"href":"https:\/\/felistella.eu\/lv\/wp-json\/wp\/v2\/product\/34232","targetHints":{"allow":["GET"]}}],"collection":[{"href":"https:\/\/felistella.eu\/lv\/wp-json\/wp\/v2\/product"}],"about":[{"href":"https:\/\/felistella.eu\/lv\/wp-json\/wp\/v2\/types\/product"}],"replies":[{"embeddable":true,"href":"https:\/\/felistella.eu\/lv\/wp-json\/wp\/v2\/comments?post=34232"}],"version-history":[{"count":0,"href":"https:\/\/felistella.eu\/lv\/wp-json\/wp\/v2\/product\/34232\/revisions"}],"wp:featuredmedia":[{"embeddable":true,"href":"https:\/\/felistella.eu\/lv\/wp-json\/wp\/v2\/media\/34233"}],"wp:attachment":[{"href":"https:\/\/felistella.eu\/lv\/wp-json\/wp\/v2\/media?parent=34232"}],"wp:term":[{"taxonomy":"pwb-brand","embeddable":true,"href":"https:\/\/felistella.eu\/lv\/wp-json\/wp\/v2\/pwb-brand?post=34232"},{"taxonomy":"product_brand","embeddable":true,"href":"https:\/\/felistella.eu\/lv\/wp-json\/wp\/v2\/product_brand?post=34232"},{"taxonomy":"product_cat","embeddable":true,"href":"https:\/\/felistella.eu\/lv\/wp-json\/wp\/v2\/product_cat?post=34232"},{"taxonomy":"product_tag","embeddable":true,"href":"https:\/\/felistella.eu\/lv\/wp-json\/wp\/v2\/product_tag?post=34232"}],"curies":[{"name":"wp","href":"https:\/\/api.w.org\/{rel}","templated":true}]}}