{"id":34252,"date":"2024-10-30T18:58:16","date_gmt":"2024-10-30T16:58:16","guid":{"rendered":"https:\/\/felistella.eu\/?post_type=product&#038;p=34252"},"modified":"2026-01-06T22:00:02","modified_gmt":"2026-01-06T20:00:02","slug":"manas-mirdzosas-uzlimes-dinozauri","status":"publish","type":"product","link":"https:\/\/felistella.eu\/lv\/prece\/manas-mirdzosas-uzlimes-dinozauri\/","title":{"rendered":"Manas mirdzo\u0161\u0101s uzl\u012bmes. Dinozauri"},"content":{"rendered":"<p>Uzmanies, jo \u0161aj\u0101 gr\u0101mat\u0101 tevi sagaida daudz b\u012bstamu dinozauru!<\/p>\n<p>\u0160\u012b uzl\u012bmju gr\u0101mati\u0146a ir pilna ar kr\u0101sojamiem z\u012bm\u0113jumiem un sp\u0113l\u0113m. Izrot\u0101 lappuses ar mirdzo\u0161aj\u0101m uzl\u012bm\u0113m!<\/p>\n<p>Lai jautri iet!<\/p>\n<p><a href=\"https:\/\/felistella.eu\/wp-content\/uploads\/2020\/05\/ce-mark-42944_1280.png\" data-fancybox=\"gallery\"><img decoding=\"async\" class=\"alignnone wp-image-4105\" src=\"https:\/\/felistella.eu\/wp-content\/uploads\/2020\/05\/ce-mark-42944_1280-150x107.png\" sizes=\"(max-width: 30px) 100vw, 30px\" srcset=\"https:\/\/felistella.eu\/wp-content\/uploads\/2020\/05\/ce-mark-42944_1280-150x107.png 150w, https:\/\/felistella.eu\/wp-content\/uploads\/2020\/05\/ce-mark-42944_1280-185x132.png 185w, https:\/\/felistella.eu\/wp-content\/uploads\/2020\/05\/ce-mark-42944_1280-600x428.png 600w, https:\/\/felistella.eu\/wp-content\/uploads\/2020\/05\/ce-mark-42944_1280-64x46.png 64w, https:\/\/felistella.eu\/wp-content\/uploads\/2020\/05\/ce-mark-42944_1280-300x214.png 300w, https:\/\/felistella.eu\/wp-content\/uploads\/2020\/05\/ce-mark-42944_1280-1024x731.png 1024w, https:\/\/felistella.eu\/wp-content\/uploads\/2020\/05\/ce-mark-42944_1280-768x548.png 768w, https:\/\/felistella.eu\/wp-content\/uploads\/2020\/05\/ce-mark-42944_1280-220x154.png 220w, https:\/\/felistella.eu\/wp-content\/uploads\/2020\/05\/ce-mark-42944_1280-224x160.png 224w, https:\/\/felistella.eu\/wp-content\/uploads\/2020\/05\/ce-mark-42944_1280.png 1280w\" alt=\"\" width=\"30\" height=\"21\" \/><\/a>\u00a0<a href=\"https:\/\/felistella.eu\/wp-content\/uploads\/2020\/05\/0-3-logo-children-baby-logo.gif\" data-fancybox=\"gallery\"><img decoding=\"async\" class=\"alignnone wp-image-4491\" src=\"https:\/\/felistella.eu\/wp-content\/uploads\/2020\/05\/0-3-logo-children-baby-logo.gif\" alt=\"\" width=\"35\" height=\"35\" \/><\/a><br \/>\n<strong>BR\u012aDIN\u0100JUMS!<\/strong> Nedot b\u0113rniem, kas jaun\u0101ki par 3 gadiem, jo satur s\u012bkas deta\u013cas &#8211; risks aizr\u012bties!<\/p>\n","protected":false},"excerpt":{"rendered":"Uzmanies, jo \u0161aj\u0101 gr\u0101mat\u0101 tevi sagaida daudz b\u012bstamu dinozauru! \u0160\u012b uzl\u012bmju gr\u0101mati\u0146a ir pilna ar kr\u0101sojamiem z\u012bm\u0113jumiem un sp\u0113l\u0113m. Izrot\u0101 lappuses ar mirdzo\u0161aj\u0101m uzl\u012bm\u0113m! Lai jautri iet! \u00a0 BR\u012aDIN\u0100JUMS! Nedot b\u0113rniem, kas jaun\u0101ki par 3 gadiem, jo satur s\u012bkas deta\u013cas &#8211; risks aizr\u012bties!","protected":false},"featured_media":34253,"comment_status":"open","ping_status":"closed","template":"","meta":{"_acf_changed":false},"pwb-brand":[],"product_brand":[],"product_cat":[935],"product_tag":[],"class_list":{"0":"post-34252","1":"product","2":"type-product","3":"status-publish","4":"has-post-thumbnail","6":"product_cat-kleepsu-ja-varviraamatud","7":"pa_formaat-mikstos-vakos","8":"pa_illustreerija-carlo-beranek-2","9":"pa_tagi-uzlimes","10":"pa_vanus-3-4-gadi","11":"pa_vanus-46-gadi","13":"first","14":"instock","15":"taxable","16":"shipping-taxable","17":"purchasable","18":"product-type-simple","19":"add-to-wishlist-before_image"},"acf":[],"yoast_head":"<!-- This site is optimized with the Yoast SEO plugin v27.4 - https:\/\/yoast.com\/product\/yoast-seo-wordpress\/ -->\n<title>Manas mirdzo\u0161\u0101s uzl\u012bmes. Dinozauri - Kirjastus Felistella<\/title>\n<meta name=\"robots\" content=\"index, follow, max-snippet:-1, max-image-preview:large, max-video-preview:-1\" \/>\n<link rel=\"canonical\" href=\"https:\/\/felistella.eu\/lv\/prece\/manas-mirdzosas-uzlimes-dinozauri\/\" \/>\n<meta property=\"og:locale\" content=\"lv_LV\" \/>\n<meta property=\"og:type\" content=\"article\" \/>\n<meta property=\"og:title\" content=\"Manas mirdzo\u0161\u0101s uzl\u012bmes. Dinozauri - Kirjastus Felistella\" \/>\n<meta property=\"og:description\" content=\"Uzmanies, jo \u0161aj\u0101 gr\u0101mat\u0101 tevi sagaida daudz b\u012bstamu dinozauru! \u0160\u012b uzl\u012bmju gr\u0101mati\u0146a ir pilna ar kr\u0101sojamiem z\u012bm\u0113jumiem un sp\u0113l\u0113m. Izrot\u0101 lappuses ar mirdzo\u0161aj\u0101m uzl\u012bm\u0113m! Lai jautri iet! \u00a0 BR\u012aDIN\u0100JUMS! Nedot b\u0113rniem, kas jaun\u0101ki par 3 gadiem, jo satur s\u012bkas deta\u013cas &#8211; risks aizr\u012bties!\" \/>\n<meta property=\"og:url\" content=\"https:\/\/felistella.eu\/lv\/prece\/manas-mirdzosas-uzlimes-dinozauri\/\" \/>\n<meta property=\"og:site_name\" content=\"Kirjastus Felistella\" \/>\n<meta property=\"article:modified_time\" content=\"2026-01-06T20:00:02+00:00\" \/>\n<meta property=\"og:image\" content=\"https:\/\/FELISTELLA.EU\/wp-content\/uploads\/2024\/10\/Dino_cvr-LV-2.jpg\" \/>\n\t<meta property=\"og:image:width\" content=\"709\" \/>\n\t<meta property=\"og:image:height\" content=\"957\" \/>\n\t<meta property=\"og:image:type\" content=\"image\/jpeg\" \/>\n<meta name=\"twitter:card\" content=\"summary_large_image\" \/>\n<meta name=\"twitter:label1\" content=\"Est. reading time\" \/>\n\t<meta name=\"twitter:data1\" content=\"1 minute\" \/>\n<script type=\"application\/ld+json\" class=\"yoast-schema-graph\">{\"@context\":\"https:\\\/\\\/schema.org\",\"@graph\":[{\"@type\":\"WebPage\",\"@id\":\"https:\\\/\\\/felistella.eu\\\/lv\\\/prece\\\/manas-mirdzosas-uzlimes-dinozauri\\\/\",\"url\":\"https:\\\/\\\/felistella.eu\\\/lv\\\/prece\\\/manas-mirdzosas-uzlimes-dinozauri\\\/\",\"name\":\"Manas mirdzo\u0161\u0101s uzl\u012bmes. Dinozauri - Kirjastus Felistella\",\"isPartOf\":{\"@id\":\"https:\\\/\\\/felistella.eu\\\/lv\\\/#website\"},\"primaryImageOfPage\":{\"@id\":\"https:\\\/\\\/felistella.eu\\\/lv\\\/prece\\\/manas-mirdzosas-uzlimes-dinozauri\\\/#primaryimage\"},\"image\":{\"@id\":\"https:\\\/\\\/felistella.eu\\\/lv\\\/prece\\\/manas-mirdzosas-uzlimes-dinozauri\\\/#primaryimage\"},\"thumbnailUrl\":\"https:\\\/\\\/felistella.eu\\\/wp-content\\\/uploads\\\/2024\\\/10\\\/Dino_cvr-LV-2.jpg\",\"datePublished\":\"2024-10-30T16:58:16+00:00\",\"dateModified\":\"2026-01-06T20:00:02+00:00\",\"breadcrumb\":{\"@id\":\"https:\\\/\\\/felistella.eu\\\/lv\\\/prece\\\/manas-mirdzosas-uzlimes-dinozauri\\\/#breadcrumb\"},\"inLanguage\":\"lv-LV\",\"potentialAction\":[{\"@type\":\"ReadAction\",\"target\":[\"https:\\\/\\\/felistella.eu\\\/lv\\\/prece\\\/manas-mirdzosas-uzlimes-dinozauri\\\/\"]}]},{\"@type\":\"ImageObject\",\"inLanguage\":\"lv-LV\",\"@id\":\"https:\\\/\\\/felistella.eu\\\/lv\\\/prece\\\/manas-mirdzosas-uzlimes-dinozauri\\\/#primaryimage\",\"url\":\"https:\\\/\\\/felistella.eu\\\/wp-content\\\/uploads\\\/2024\\\/10\\\/Dino_cvr-LV-2.jpg\",\"contentUrl\":\"https:\\\/\\\/felistella.eu\\\/wp-content\\\/uploads\\\/2024\\\/10\\\/Dino_cvr-LV-2.jpg\",\"width\":709,\"height\":957},{\"@type\":\"BreadcrumbList\",\"@id\":\"https:\\\/\\\/felistella.eu\\\/lv\\\/prece\\\/manas-mirdzosas-uzlimes-dinozauri\\\/#breadcrumb\",\"itemListElement\":[{\"@type\":\"ListItem\",\"position\":1,\"name\":\"Avaleht\",\"item\":\"https:\\\/\\\/felistella.eu\\\/lv\\\/\"},{\"@type\":\"ListItem\",\"position\":2,\"name\":\"Pood\",\"item\":\"https:\\\/\\\/felistella.eu\\\/pood\\\/\"},{\"@type\":\"ListItem\",\"position\":3,\"name\":\"Manas mirdzo\u0161\u0101s uzl\u012bmes. Dinozauri\"}]},{\"@type\":\"WebSite\",\"@id\":\"https:\\\/\\\/felistella.eu\\\/lv\\\/#website\",\"url\":\"https:\\\/\\\/felistella.eu\\\/lv\\\/\",\"name\":\"Kirjastus Felistella\",\"description\":\"e-pood\",\"potentialAction\":[{\"@type\":\"SearchAction\",\"target\":{\"@type\":\"EntryPoint\",\"urlTemplate\":\"https:\\\/\\\/felistella.eu\\\/lv\\\/?s={search_term_string}\"},\"query-input\":{\"@type\":\"PropertyValueSpecification\",\"valueRequired\":true,\"valueName\":\"search_term_string\"}}],\"inLanguage\":\"lv-LV\"}]}<\/script>\n<!-- \/ Yoast SEO plugin. -->","yoast_head_json":{"title":"Manas mirdzo\u0161\u0101s uzl\u012bmes. Dinozauri - Kirjastus Felistella","robots":{"index":"index","follow":"follow","max-snippet":"max-snippet:-1","max-image-preview":"max-image-preview:large","max-video-preview":"max-video-preview:-1"},"canonical":"https:\/\/felistella.eu\/lv\/prece\/manas-mirdzosas-uzlimes-dinozauri\/","og_locale":"lv_LV","og_type":"article","og_title":"Manas mirdzo\u0161\u0101s uzl\u012bmes. Dinozauri - Kirjastus Felistella","og_description":"Uzmanies, jo \u0161aj\u0101 gr\u0101mat\u0101 tevi sagaida daudz b\u012bstamu dinozauru! \u0160\u012b uzl\u012bmju gr\u0101mati\u0146a ir pilna ar kr\u0101sojamiem z\u012bm\u0113jumiem un sp\u0113l\u0113m. Izrot\u0101 lappuses ar mirdzo\u0161aj\u0101m uzl\u012bm\u0113m! Lai jautri iet! \u00a0 BR\u012aDIN\u0100JUMS! Nedot b\u0113rniem, kas jaun\u0101ki par 3 gadiem, jo satur s\u012bkas deta\u013cas &#8211; risks aizr\u012bties!","og_url":"https:\/\/felistella.eu\/lv\/prece\/manas-mirdzosas-uzlimes-dinozauri\/","og_site_name":"Kirjastus Felistella","article_modified_time":"2026-01-06T20:00:02+00:00","og_image":[{"width":709,"height":957,"url":"https:\/\/FELISTELLA.EU\/wp-content\/uploads\/2024\/10\/Dino_cvr-LV-2.jpg","type":"image\/jpeg"}],"twitter_card":"summary_large_image","twitter_misc":{"Est. reading time":"1 minute"},"schema":{"@context":"https:\/\/schema.org","@graph":[{"@type":"WebPage","@id":"https:\/\/felistella.eu\/lv\/prece\/manas-mirdzosas-uzlimes-dinozauri\/","url":"https:\/\/felistella.eu\/lv\/prece\/manas-mirdzosas-uzlimes-dinozauri\/","name":"Manas mirdzo\u0161\u0101s uzl\u012bmes. Dinozauri - Kirjastus Felistella","isPartOf":{"@id":"https:\/\/felistella.eu\/lv\/#website"},"primaryImageOfPage":{"@id":"https:\/\/felistella.eu\/lv\/prece\/manas-mirdzosas-uzlimes-dinozauri\/#primaryimage"},"image":{"@id":"https:\/\/felistella.eu\/lv\/prece\/manas-mirdzosas-uzlimes-dinozauri\/#primaryimage"},"thumbnailUrl":"https:\/\/felistella.eu\/wp-content\/uploads\/2024\/10\/Dino_cvr-LV-2.jpg","datePublished":"2024-10-30T16:58:16+00:00","dateModified":"2026-01-06T20:00:02+00:00","breadcrumb":{"@id":"https:\/\/felistella.eu\/lv\/prece\/manas-mirdzosas-uzlimes-dinozauri\/#breadcrumb"},"inLanguage":"lv-LV","potentialAction":[{"@type":"ReadAction","target":["https:\/\/felistella.eu\/lv\/prece\/manas-mirdzosas-uzlimes-dinozauri\/"]}]},{"@type":"ImageObject","inLanguage":"lv-LV","@id":"https:\/\/felistella.eu\/lv\/prece\/manas-mirdzosas-uzlimes-dinozauri\/#primaryimage","url":"https:\/\/felistella.eu\/wp-content\/uploads\/2024\/10\/Dino_cvr-LV-2.jpg","contentUrl":"https:\/\/felistella.eu\/wp-content\/uploads\/2024\/10\/Dino_cvr-LV-2.jpg","width":709,"height":957},{"@type":"BreadcrumbList","@id":"https:\/\/felistella.eu\/lv\/prece\/manas-mirdzosas-uzlimes-dinozauri\/#breadcrumb","itemListElement":[{"@type":"ListItem","position":1,"name":"Avaleht","item":"https:\/\/felistella.eu\/lv\/"},{"@type":"ListItem","position":2,"name":"Pood","item":"https:\/\/felistella.eu\/pood\/"},{"@type":"ListItem","position":3,"name":"Manas mirdzo\u0161\u0101s uzl\u012bmes. Dinozauri"}]},{"@type":"WebSite","@id":"https:\/\/felistella.eu\/lv\/#website","url":"https:\/\/felistella.eu\/lv\/","name":"Kirjastus Felistella","description":"e-pood","potentialAction":[{"@type":"SearchAction","target":{"@type":"EntryPoint","urlTemplate":"https:\/\/felistella.eu\/lv\/?s={search_term_string}"},"query-input":{"@type":"PropertyValueSpecification","valueRequired":true,"valueName":"search_term_string"}}],"inLanguage":"lv-LV"}]}},"brands":[],"_links":{"self":[{"href":"https:\/\/felistella.eu\/lv\/wp-json\/wp\/v2\/product\/34252","targetHints":{"allow":["GET"]}}],"collection":[{"href":"https:\/\/felistella.eu\/lv\/wp-json\/wp\/v2\/product"}],"about":[{"href":"https:\/\/felistella.eu\/lv\/wp-json\/wp\/v2\/types\/product"}],"replies":[{"embeddable":true,"href":"https:\/\/felistella.eu\/lv\/wp-json\/wp\/v2\/comments?post=34252"}],"version-history":[{"count":0,"href":"https:\/\/felistella.eu\/lv\/wp-json\/wp\/v2\/product\/34252\/revisions"}],"wp:featuredmedia":[{"embeddable":true,"href":"https:\/\/felistella.eu\/lv\/wp-json\/wp\/v2\/media\/34253"}],"wp:attachment":[{"href":"https:\/\/felistella.eu\/lv\/wp-json\/wp\/v2\/media?parent=34252"}],"wp:term":[{"taxonomy":"pwb-brand","embeddable":true,"href":"https:\/\/felistella.eu\/lv\/wp-json\/wp\/v2\/pwb-brand?post=34252"},{"taxonomy":"product_brand","embeddable":true,"href":"https:\/\/felistella.eu\/lv\/wp-json\/wp\/v2\/product_brand?post=34252"},{"taxonomy":"product_cat","embeddable":true,"href":"https:\/\/felistella.eu\/lv\/wp-json\/wp\/v2\/product_cat?post=34252"},{"taxonomy":"product_tag","embeddable":true,"href":"https:\/\/felistella.eu\/lv\/wp-json\/wp\/v2\/product_tag?post=34252"}],"curies":[{"name":"wp","href":"https:\/\/api.w.org\/{rel}","templated":true}]}}