{"id":36231,"date":"2025-07-09T16:03:12","date_gmt":"2025-07-09T13:03:12","guid":{"rendered":"https:\/\/felistella.eu\/?post_type=product&#038;p=36231"},"modified":"2026-01-06T20:05:05","modified_gmt":"2026-01-06T18:05:05","slug":"mana-bernudarza-gramata-ar-puces-gudribu-macisanas-caur-rotalam","status":"publish","type":"product","link":"https:\/\/felistella.eu\/lv\/prece\/mana-bernudarza-gramata-ar-puces-gudribu-macisanas-caur-rotalam\/","title":{"rendered":"Mana b\u0113rnud\u0101rza gr\u0101mata ar p\u016bces gudr\u012bbu. M\u0101c\u012b\u0161an\u0101s caur rota\u013c\u0101m"},"content":{"rendered":"<div>\n<p><strong>\u201cMana b\u0113rnud\u0101rza gr\u0101mata ar p\u016bces gudr\u012bbu\u201d<\/strong> \u2013 jautra un att\u012bst\u012bbu veicino\u0161a gr\u0101mata pirmsskolas vecuma b\u0113rniem. Kop\u0101 ar labsird\u012bgaj\u0101m p\u016bc\u0113m b\u0113rns skait\u012bs, z\u012bm\u0113s, kr\u0101sos, mekl\u0113s at\u0161\u0137ir\u012bbas, cent\u012bsies izk\u013c\u016bt no labirintiem un risin\u0101s vienk\u0101r\u0161us lo\u0123ikas, uzman\u012bbas un izt\u0113les uzdevumus. M\u0101c\u012bbu materi\u0101ls pasniegts sp\u0113les veid\u0101, lai m\u0101c\u012b\u0161an\u0101s rad\u012btu interesi un sniegtu prieku.<\/p>\n<p>Gr\u0101mata pal\u012bdz att\u012bst\u012bt svar\u012bgas prasmes: dom\u0101\u0161anu, v\u0113r\u012bgumu, runu, izt\u0113li un s\u012bko motoriku. Melnbalt\u0101s ilustr\u0101cijas \u013cauj va\u013cu rado\u0161umam \u2013 b\u0113rns var kr\u0101sot, z\u012bm\u0113t, papildin\u0101t att\u0113lus un izpausties.<\/p>\n<p><strong>\u201cMana b\u0113rnud\u0101rza gr\u0101mata ar p\u016bces gudr\u012bbu\u201d<\/strong> ir piem\u0113rota m\u0101c\u012bb\u0101m m\u0101j\u0101s, b\u0113rnud\u0101rz\u0101 vai pa ce\u013cam. \u0160\u012b ir sirsn\u012bga, draudz\u012bga gr\u0101mata, kas padara m\u0101c\u012b\u0161anos par aizraujo\u0161u sp\u0113li un katru dienu \u2013 par mazu atkl\u0101jumu.<\/p>\n<\/div>\n<p><a href=\"https:\/\/felistella.eu\/wp-content\/uploads\/2020\/05\/ce-mark-42944_1280-150x107.png\"><img decoding=\"async\" class=\"alignnone wp-image-4105\" src=\"https:\/\/felistella.eu\/wp-content\/uploads\/2020\/05\/ce-mark-42944_1280-150x107.png\" alt=\"\" width=\"30\" height=\"21\" srcset=\"https:\/\/felistella.eu\/wp-content\/uploads\/2020\/05\/ce-mark-42944_1280-150x107.png 150w, https:\/\/felistella.eu\/wp-content\/uploads\/2020\/05\/ce-mark-42944_1280-185x132.png 185w, https:\/\/felistella.eu\/wp-content\/uploads\/2020\/05\/ce-mark-42944_1280-600x428.png 600w, https:\/\/felistella.eu\/wp-content\/uploads\/2020\/05\/ce-mark-42944_1280-64x46.png 64w, https:\/\/felistella.eu\/wp-content\/uploads\/2020\/05\/ce-mark-42944_1280-300x214.png 300w, https:\/\/felistella.eu\/wp-content\/uploads\/2020\/05\/ce-mark-42944_1280-1024x731.png 1024w, https:\/\/felistella.eu\/wp-content\/uploads\/2020\/05\/ce-mark-42944_1280-768x548.png 768w, https:\/\/felistella.eu\/wp-content\/uploads\/2020\/05\/ce-mark-42944_1280-220x154.png 220w, https:\/\/felistella.eu\/wp-content\/uploads\/2020\/05\/ce-mark-42944_1280-224x160.png 224w, https:\/\/felistella.eu\/wp-content\/uploads\/2020\/05\/ce-mark-42944_1280.png 1280w\" sizes=\"(max-width: 30px) 100vw, 30px\" \/><\/a><\/p>\n","protected":false},"excerpt":{"rendered":"\u201cMana b\u0113rnud\u0101rza gr\u0101mata ar p\u016bces gudr\u012bbu\u201d \u2013 jautra un att\u012bst\u012bbu veicino\u0161a gr\u0101mata pirmsskolas vecuma b\u0113rniem. Kop\u0101 ar labsird\u012bgaj\u0101m p\u016bc\u0113m b\u0113rns skait\u012bs, z\u012bm\u0113s, kr\u0101sos, mekl\u0113s at\u0161\u0137ir\u012bbas, cent\u012bsies izk\u013c\u016bt no labirintiem un risin\u0101s vienk\u0101r\u0161us lo\u0123ikas, uzman\u012bbas un izt\u0113les uzdevumus. M\u0101c\u012bbu materi\u0101ls pasniegts sp\u0113les veid\u0101, lai m\u0101c\u012b\u0161an\u0101s rad\u012btu interesi un sniegtu prieku. Gr\u0101mata pal\u012bdz att\u012bst\u012bt svar\u012bgas prasmes: dom\u0101\u0161anu, [&hellip;]","protected":false},"featured_media":36232,"comment_status":"open","ping_status":"closed","template":"","meta":{"_acf_changed":false},"pwb-brand":[],"product_brand":[],"product_cat":[833,935],"product_tag":[],"class_list":{"0":"post-36231","1":"product","2":"type-product","3":"status-publish","4":"has-post-thumbnail","6":"product_cat-uus","7":"product_cat-kleepsu-ja-varviraamatud","8":"pa_formaat-mikstos-vakos","9":"pa_illustreerija-stefan-lohr","10":"pa_serija-zvaigznu-skola","11":"pa_vanus-3-4-gadi","12":"pa_vanus-46-gadi","14":"first","15":"instock","16":"taxable","17":"shipping-taxable","18":"purchasable","19":"product-type-simple","20":"add-to-wishlist-before_image"},"acf":[],"yoast_head":"<!-- This site is optimized with the Yoast SEO plugin v27.4 - https:\/\/yoast.com\/product\/yoast-seo-wordpress\/ -->\n<title>Mana b\u0113rnud\u0101rza gr\u0101mata ar p\u016bces gudr\u012bbu. M\u0101c\u012b\u0161an\u0101s caur rota\u013c\u0101m - Kirjastus Felistella<\/title>\n<meta name=\"description\" content=\"Selle v\u00e4rvi- ja m\u00f5istatusteraamatu abil saavad lasteaialapsed harjutada m\u00e4ngimise ajal keskendumist ja p\u00fcsivust. Vaheldusrikkad, armsate piltidega \u00fclesanded, nagu kujukeste \u00fchendamine, varjude leidmine ja koguste lugemine, on v\u00e4ikelaste jaoks huvitavad ja j\u00f5ukohased.\" \/>\n<meta name=\"robots\" content=\"index, follow, max-snippet:-1, max-image-preview:large, max-video-preview:-1\" \/>\n<link rel=\"canonical\" href=\"https:\/\/felistella.eu\/lv\/prece\/mana-bernudarza-gramata-ar-puces-gudribu-macisanas-caur-rotalam\/\" \/>\n<meta property=\"og:locale\" content=\"lv_LV\" \/>\n<meta property=\"og:type\" content=\"article\" \/>\n<meta property=\"og:title\" content=\"Mana b\u0113rnud\u0101rza gr\u0101mata ar p\u016bces gudr\u012bbu. M\u0101c\u012b\u0161an\u0101s caur rota\u013c\u0101m - Kirjastus Felistella\" \/>\n<meta property=\"og:description\" content=\"Selle v\u00e4rvi- ja m\u00f5istatusteraamatu abil saavad lasteaialapsed harjutada m\u00e4ngimise ajal keskendumist ja p\u00fcsivust. Vaheldusrikkad, armsate piltidega \u00fclesanded, nagu kujukeste \u00fchendamine, varjude leidmine ja koguste lugemine, on v\u00e4ikelaste jaoks huvitavad ja j\u00f5ukohased.\" \/>\n<meta property=\"og:url\" content=\"https:\/\/felistella.eu\/lv\/prece\/mana-bernudarza-gramata-ar-puces-gudribu-macisanas-caur-rotalam\/\" \/>\n<meta property=\"og:site_name\" content=\"Kirjastus Felistella\" \/>\n<meta property=\"article:modified_time\" content=\"2026-01-06T18:05:05+00:00\" \/>\n<meta property=\"og:image\" content=\"https:\/\/FELISTELLA.EU\/wp-content\/uploads\/2025\/07\/LV-Minu-tark-ookullidega-lasteaiaraamat-kaas.jpg\" \/>\n\t<meta property=\"og:image:width\" content=\"787\" \/>\n\t<meta property=\"og:image:height\" content=\"1102\" \/>\n\t<meta property=\"og:image:type\" content=\"image\/jpeg\" \/>\n<meta name=\"twitter:card\" content=\"summary_large_image\" \/>\n<meta name=\"twitter:label1\" content=\"Est. reading time\" \/>\n\t<meta name=\"twitter:data1\" content=\"1 minute\" \/>\n<script type=\"application\/ld+json\" class=\"yoast-schema-graph\">{\"@context\":\"https:\\\/\\\/schema.org\",\"@graph\":[{\"@type\":\"WebPage\",\"@id\":\"https:\\\/\\\/felistella.eu\\\/lv\\\/prece\\\/mana-bernudarza-gramata-ar-puces-gudribu-macisanas-caur-rotalam\\\/\",\"url\":\"https:\\\/\\\/felistella.eu\\\/lv\\\/prece\\\/mana-bernudarza-gramata-ar-puces-gudribu-macisanas-caur-rotalam\\\/\",\"name\":\"Mana b\u0113rnud\u0101rza gr\u0101mata ar p\u016bces gudr\u012bbu. M\u0101c\u012b\u0161an\u0101s caur rota\u013c\u0101m - Kirjastus Felistella\",\"isPartOf\":{\"@id\":\"https:\\\/\\\/felistella.eu\\\/lv\\\/#website\"},\"primaryImageOfPage\":{\"@id\":\"https:\\\/\\\/felistella.eu\\\/lv\\\/prece\\\/mana-bernudarza-gramata-ar-puces-gudribu-macisanas-caur-rotalam\\\/#primaryimage\"},\"image\":{\"@id\":\"https:\\\/\\\/felistella.eu\\\/lv\\\/prece\\\/mana-bernudarza-gramata-ar-puces-gudribu-macisanas-caur-rotalam\\\/#primaryimage\"},\"thumbnailUrl\":\"https:\\\/\\\/felistella.eu\\\/wp-content\\\/uploads\\\/2025\\\/07\\\/LV-Minu-tark-ookullidega-lasteaiaraamat-kaas.jpg\",\"datePublished\":\"2025-07-09T13:03:12+00:00\",\"dateModified\":\"2026-01-06T18:05:05+00:00\",\"description\":\"Selle v\u00e4rvi- ja m\u00f5istatusteraamatu abil saavad lasteaialapsed harjutada m\u00e4ngimise ajal keskendumist ja p\u00fcsivust. Vaheldusrikkad, armsate piltidega \u00fclesanded, nagu kujukeste \u00fchendamine, varjude leidmine ja koguste lugemine, on v\u00e4ikelaste jaoks huvitavad ja j\u00f5ukohased.\",\"breadcrumb\":{\"@id\":\"https:\\\/\\\/felistella.eu\\\/lv\\\/prece\\\/mana-bernudarza-gramata-ar-puces-gudribu-macisanas-caur-rotalam\\\/#breadcrumb\"},\"inLanguage\":\"lv-LV\",\"potentialAction\":[{\"@type\":\"ReadAction\",\"target\":[\"https:\\\/\\\/felistella.eu\\\/lv\\\/prece\\\/mana-bernudarza-gramata-ar-puces-gudribu-macisanas-caur-rotalam\\\/\"]}]},{\"@type\":\"ImageObject\",\"inLanguage\":\"lv-LV\",\"@id\":\"https:\\\/\\\/felistella.eu\\\/lv\\\/prece\\\/mana-bernudarza-gramata-ar-puces-gudribu-macisanas-caur-rotalam\\\/#primaryimage\",\"url\":\"https:\\\/\\\/felistella.eu\\\/wp-content\\\/uploads\\\/2025\\\/07\\\/LV-Minu-tark-ookullidega-lasteaiaraamat-kaas.jpg\",\"contentUrl\":\"https:\\\/\\\/felistella.eu\\\/wp-content\\\/uploads\\\/2025\\\/07\\\/LV-Minu-tark-ookullidega-lasteaiaraamat-kaas.jpg\",\"width\":787,\"height\":1102},{\"@type\":\"BreadcrumbList\",\"@id\":\"https:\\\/\\\/felistella.eu\\\/lv\\\/prece\\\/mana-bernudarza-gramata-ar-puces-gudribu-macisanas-caur-rotalam\\\/#breadcrumb\",\"itemListElement\":[{\"@type\":\"ListItem\",\"position\":1,\"name\":\"Avaleht\",\"item\":\"https:\\\/\\\/felistella.eu\\\/lv\\\/\"},{\"@type\":\"ListItem\",\"position\":2,\"name\":\"Pood\",\"item\":\"https:\\\/\\\/felistella.eu\\\/pood\\\/\"},{\"@type\":\"ListItem\",\"position\":3,\"name\":\"Mana b\u0113rnud\u0101rza gr\u0101mata ar p\u016bces gudr\u012bbu. M\u0101c\u012b\u0161an\u0101s caur rota\u013c\u0101m\"}]},{\"@type\":\"WebSite\",\"@id\":\"https:\\\/\\\/felistella.eu\\\/lv\\\/#website\",\"url\":\"https:\\\/\\\/felistella.eu\\\/lv\\\/\",\"name\":\"Kirjastus Felistella\",\"description\":\"e-pood\",\"potentialAction\":[{\"@type\":\"SearchAction\",\"target\":{\"@type\":\"EntryPoint\",\"urlTemplate\":\"https:\\\/\\\/felistella.eu\\\/lv\\\/?s={search_term_string}\"},\"query-input\":{\"@type\":\"PropertyValueSpecification\",\"valueRequired\":true,\"valueName\":\"search_term_string\"}}],\"inLanguage\":\"lv-LV\"}]}<\/script>\n<!-- \/ Yoast SEO plugin. -->","yoast_head_json":{"title":"Mana b\u0113rnud\u0101rza gr\u0101mata ar p\u016bces gudr\u012bbu. M\u0101c\u012b\u0161an\u0101s caur rota\u013c\u0101m - Kirjastus Felistella","description":"Selle v\u00e4rvi- ja m\u00f5istatusteraamatu abil saavad lasteaialapsed harjutada m\u00e4ngimise ajal keskendumist ja p\u00fcsivust. Vaheldusrikkad, armsate piltidega \u00fclesanded, nagu kujukeste \u00fchendamine, varjude leidmine ja koguste lugemine, on v\u00e4ikelaste jaoks huvitavad ja j\u00f5ukohased.","robots":{"index":"index","follow":"follow","max-snippet":"max-snippet:-1","max-image-preview":"max-image-preview:large","max-video-preview":"max-video-preview:-1"},"canonical":"https:\/\/felistella.eu\/lv\/prece\/mana-bernudarza-gramata-ar-puces-gudribu-macisanas-caur-rotalam\/","og_locale":"lv_LV","og_type":"article","og_title":"Mana b\u0113rnud\u0101rza gr\u0101mata ar p\u016bces gudr\u012bbu. M\u0101c\u012b\u0161an\u0101s caur rota\u013c\u0101m - Kirjastus Felistella","og_description":"Selle v\u00e4rvi- ja m\u00f5istatusteraamatu abil saavad lasteaialapsed harjutada m\u00e4ngimise ajal keskendumist ja p\u00fcsivust. Vaheldusrikkad, armsate piltidega \u00fclesanded, nagu kujukeste \u00fchendamine, varjude leidmine ja koguste lugemine, on v\u00e4ikelaste jaoks huvitavad ja j\u00f5ukohased.","og_url":"https:\/\/felistella.eu\/lv\/prece\/mana-bernudarza-gramata-ar-puces-gudribu-macisanas-caur-rotalam\/","og_site_name":"Kirjastus Felistella","article_modified_time":"2026-01-06T18:05:05+00:00","og_image":[{"width":787,"height":1102,"url":"https:\/\/FELISTELLA.EU\/wp-content\/uploads\/2025\/07\/LV-Minu-tark-ookullidega-lasteaiaraamat-kaas.jpg","type":"image\/jpeg"}],"twitter_card":"summary_large_image","twitter_misc":{"Est. reading time":"1 minute"},"schema":{"@context":"https:\/\/schema.org","@graph":[{"@type":"WebPage","@id":"https:\/\/felistella.eu\/lv\/prece\/mana-bernudarza-gramata-ar-puces-gudribu-macisanas-caur-rotalam\/","url":"https:\/\/felistella.eu\/lv\/prece\/mana-bernudarza-gramata-ar-puces-gudribu-macisanas-caur-rotalam\/","name":"Mana b\u0113rnud\u0101rza gr\u0101mata ar p\u016bces gudr\u012bbu. M\u0101c\u012b\u0161an\u0101s caur rota\u013c\u0101m - Kirjastus Felistella","isPartOf":{"@id":"https:\/\/felistella.eu\/lv\/#website"},"primaryImageOfPage":{"@id":"https:\/\/felistella.eu\/lv\/prece\/mana-bernudarza-gramata-ar-puces-gudribu-macisanas-caur-rotalam\/#primaryimage"},"image":{"@id":"https:\/\/felistella.eu\/lv\/prece\/mana-bernudarza-gramata-ar-puces-gudribu-macisanas-caur-rotalam\/#primaryimage"},"thumbnailUrl":"https:\/\/felistella.eu\/wp-content\/uploads\/2025\/07\/LV-Minu-tark-ookullidega-lasteaiaraamat-kaas.jpg","datePublished":"2025-07-09T13:03:12+00:00","dateModified":"2026-01-06T18:05:05+00:00","description":"Selle v\u00e4rvi- ja m\u00f5istatusteraamatu abil saavad lasteaialapsed harjutada m\u00e4ngimise ajal keskendumist ja p\u00fcsivust. Vaheldusrikkad, armsate piltidega \u00fclesanded, nagu kujukeste \u00fchendamine, varjude leidmine ja koguste lugemine, on v\u00e4ikelaste jaoks huvitavad ja j\u00f5ukohased.","breadcrumb":{"@id":"https:\/\/felistella.eu\/lv\/prece\/mana-bernudarza-gramata-ar-puces-gudribu-macisanas-caur-rotalam\/#breadcrumb"},"inLanguage":"lv-LV","potentialAction":[{"@type":"ReadAction","target":["https:\/\/felistella.eu\/lv\/prece\/mana-bernudarza-gramata-ar-puces-gudribu-macisanas-caur-rotalam\/"]}]},{"@type":"ImageObject","inLanguage":"lv-LV","@id":"https:\/\/felistella.eu\/lv\/prece\/mana-bernudarza-gramata-ar-puces-gudribu-macisanas-caur-rotalam\/#primaryimage","url":"https:\/\/felistella.eu\/wp-content\/uploads\/2025\/07\/LV-Minu-tark-ookullidega-lasteaiaraamat-kaas.jpg","contentUrl":"https:\/\/felistella.eu\/wp-content\/uploads\/2025\/07\/LV-Minu-tark-ookullidega-lasteaiaraamat-kaas.jpg","width":787,"height":1102},{"@type":"BreadcrumbList","@id":"https:\/\/felistella.eu\/lv\/prece\/mana-bernudarza-gramata-ar-puces-gudribu-macisanas-caur-rotalam\/#breadcrumb","itemListElement":[{"@type":"ListItem","position":1,"name":"Avaleht","item":"https:\/\/felistella.eu\/lv\/"},{"@type":"ListItem","position":2,"name":"Pood","item":"https:\/\/felistella.eu\/pood\/"},{"@type":"ListItem","position":3,"name":"Mana b\u0113rnud\u0101rza gr\u0101mata ar p\u016bces gudr\u012bbu. M\u0101c\u012b\u0161an\u0101s caur rota\u013c\u0101m"}]},{"@type":"WebSite","@id":"https:\/\/felistella.eu\/lv\/#website","url":"https:\/\/felistella.eu\/lv\/","name":"Kirjastus Felistella","description":"e-pood","potentialAction":[{"@type":"SearchAction","target":{"@type":"EntryPoint","urlTemplate":"https:\/\/felistella.eu\/lv\/?s={search_term_string}"},"query-input":{"@type":"PropertyValueSpecification","valueRequired":true,"valueName":"search_term_string"}}],"inLanguage":"lv-LV"}]}},"brands":[],"_links":{"self":[{"href":"https:\/\/felistella.eu\/lv\/wp-json\/wp\/v2\/product\/36231","targetHints":{"allow":["GET"]}}],"collection":[{"href":"https:\/\/felistella.eu\/lv\/wp-json\/wp\/v2\/product"}],"about":[{"href":"https:\/\/felistella.eu\/lv\/wp-json\/wp\/v2\/types\/product"}],"replies":[{"embeddable":true,"href":"https:\/\/felistella.eu\/lv\/wp-json\/wp\/v2\/comments?post=36231"}],"version-history":[{"count":0,"href":"https:\/\/felistella.eu\/lv\/wp-json\/wp\/v2\/product\/36231\/revisions"}],"wp:featuredmedia":[{"embeddable":true,"href":"https:\/\/felistella.eu\/lv\/wp-json\/wp\/v2\/media\/36232"}],"wp:attachment":[{"href":"https:\/\/felistella.eu\/lv\/wp-json\/wp\/v2\/media?parent=36231"}],"wp:term":[{"taxonomy":"pwb-brand","embeddable":true,"href":"https:\/\/felistella.eu\/lv\/wp-json\/wp\/v2\/pwb-brand?post=36231"},{"taxonomy":"product_brand","embeddable":true,"href":"https:\/\/felistella.eu\/lv\/wp-json\/wp\/v2\/product_brand?post=36231"},{"taxonomy":"product_cat","embeddable":true,"href":"https:\/\/felistella.eu\/lv\/wp-json\/wp\/v2\/product_cat?post=36231"},{"taxonomy":"product_tag","embeddable":true,"href":"https:\/\/felistella.eu\/lv\/wp-json\/wp\/v2\/product_tag?post=36231"}],"curies":[{"name":"wp","href":"https:\/\/api.w.org\/{rel}","templated":true}]}}