{"id":36246,"date":"2025-07-09T16:11:19","date_gmt":"2025-07-09T13:11:19","guid":{"rendered":"https:\/\/felistella.eu\/?post_type=product&#038;p=36246"},"modified":"2026-01-06T20:00:02","modified_gmt":"2026-01-06T18:00:02","slug":"mana-pirmsskolas-gramata-ar-puka-speku-pirmie-skaitli","status":"publish","type":"product","link":"https:\/\/felistella.eu\/lv\/prece\/mana-pirmsskolas-gramata-ar-puka-speku-pirmie-skaitli\/","title":{"rendered":"Mana pirmsskolas gr\u0101mata ar p\u016b\u0137a sp\u0113ku. Pirmie skait\u013ci"},"content":{"rendered":"<div>\n<p><strong>\u201cMana pirmsskolas gr\u0101mata ar p\u016b\u0137a sp\u0113ku\u201d<\/strong> ir izzino\u0161a gr\u0101mata b\u0113rniem, kuri gatavojas skolai un s\u0101k apg\u016bt skait\u013cu pasauli. Jautrie p\u016b\u0137\u0113ni iedro\u0161ina b\u0113rnus spert pirmos so\u013cus matem\u0101tik\u0101 \u2013 vispirms pal\u012bdz apvilkt ciparus un saskait\u012bt, bet v\u0113l\u0101k ar\u012b risin\u0101t vienk\u0101r\u0161us uzdevumus par daudzumu, izm\u0113ru un sec\u012bbu.<\/p>\n<p>Gr\u0101mata pal\u012bdz att\u012bst\u012bt lo\u0123isko dom\u0101\u0161anu, uzman\u012bbu, telpisko uztveri un, protams, prasmi rakst\u012bt. B\u0113rns m\u0101c\u0101s rakst\u012bt ciparus no 1 l\u012bdz 10, at\u0161\u0137irt vair\u0101k un maz\u0101k, savienot p\u0101rus, sal\u012bdzin\u0101t priek\u0161metus un risin\u0101t vienk\u0101r\u0161us uzdevumus p\u0113c parauga. Ilustr\u0101cijas var izkr\u0101sot \u2013 tas padara m\u0101c\u012b\u0161an\u0101s procesu v\u0113l interesant\u0101ku un aizraujo\u0161\u0101ku.<\/p>\n<p><strong>\u201cMana pirmsskolas gr\u0101mata ar p\u016b\u0137a sp\u0113ku\u201d <\/strong>ir lieliski piem\u0113rota m\u0101c\u012bb\u0101m m\u0101j\u0101s un kop\u012bgai laika pavad\u012b\u0161anai ar pieaugu\u0161ajiem. T\u0101 padara skait\u013cu apguvi aizraujo\u0161u, bet m\u0101c\u012b\u0161anos \u2013 saprotamu un iedvesmojo\u0161u. Stiprie un labsird\u012bgie p\u016b\u0137\u0113ni pal\u012bdz b\u0113rnam justies p\u0101rliecin\u0101tam par sav\u0101m sp\u0113j\u0101m un iem\u012bl\u0113t matem\u0101tiku jau no pirmaj\u0101m lappus\u0113m.<\/p>\n<\/div>\n<p><a href=\"https:\/\/felistella.eu\/wp-content\/uploads\/2020\/05\/ce-mark-42944_1280-150x107.png\"><img decoding=\"async\" class=\"alignnone wp-image-4105\" src=\"https:\/\/felistella.eu\/wp-content\/uploads\/2020\/05\/ce-mark-42944_1280-150x107.png\" alt=\"\" width=\"30\" height=\"21\" srcset=\"https:\/\/felistella.eu\/wp-content\/uploads\/2020\/05\/ce-mark-42944_1280-150x107.png 150w, https:\/\/felistella.eu\/wp-content\/uploads\/2020\/05\/ce-mark-42944_1280-185x132.png 185w, https:\/\/felistella.eu\/wp-content\/uploads\/2020\/05\/ce-mark-42944_1280-600x428.png 600w, https:\/\/felistella.eu\/wp-content\/uploads\/2020\/05\/ce-mark-42944_1280-64x46.png 64w, https:\/\/felistella.eu\/wp-content\/uploads\/2020\/05\/ce-mark-42944_1280-300x214.png 300w, https:\/\/felistella.eu\/wp-content\/uploads\/2020\/05\/ce-mark-42944_1280-1024x731.png 1024w, https:\/\/felistella.eu\/wp-content\/uploads\/2020\/05\/ce-mark-42944_1280-768x548.png 768w, https:\/\/felistella.eu\/wp-content\/uploads\/2020\/05\/ce-mark-42944_1280-220x154.png 220w, https:\/\/felistella.eu\/wp-content\/uploads\/2020\/05\/ce-mark-42944_1280-224x160.png 224w, https:\/\/felistella.eu\/wp-content\/uploads\/2020\/05\/ce-mark-42944_1280.png 1280w\" sizes=\"(max-width: 30px) 100vw, 30px\" \/><\/a><\/p>\n","protected":false},"excerpt":{"rendered":"\u201cMana pirmsskolas gr\u0101mata ar p\u016b\u0137a sp\u0113ku\u201d ir izzino\u0161a gr\u0101mata b\u0113rniem, kuri gatavojas skolai un s\u0101k apg\u016bt skait\u013cu pasauli. Jautrie p\u016b\u0137\u0113ni iedro\u0161ina b\u0113rnus spert pirmos so\u013cus matem\u0101tik\u0101 \u2013 vispirms pal\u012bdz apvilkt ciparus un saskait\u012bt, bet v\u0113l\u0101k ar\u012b risin\u0101t vienk\u0101r\u0161us uzdevumus par daudzumu, izm\u0113ru un sec\u012bbu. Gr\u0101mata pal\u012bdz att\u012bst\u012bt lo\u0123isko dom\u0101\u0161anu, uzman\u012bbu, telpisko uztveri un, protams, prasmi [&hellip;]","protected":false},"featured_media":36247,"comment_status":"open","ping_status":"closed","template":"","meta":{"_acf_changed":false},"pwb-brand":[],"product_brand":[],"product_cat":[1047,1036],"product_tag":[],"class_list":{"0":"post-36246","1":"product","2":"type-product","3":"status-publish","4":"has-post-thumbnail","6":"product_cat-jaunumi","7":"product_cat-krasojamas-lapas-un-uzlimes","8":"pa_formaat-mikstos-vakos","9":"pa_illustreerija-stefan-lohr-lv","10":"pa_serija-zvaigznu-skola","11":"pa_vanus-3-4-gadi","12":"pa_vanus-46-gadi","14":"first","15":"instock","16":"taxable","17":"shipping-taxable","18":"purchasable","19":"product-type-simple","20":"add-to-wishlist-before_image"},"acf":[],"yoast_head":"<!-- This site is optimized with the Yoast SEO plugin v27.4 - https:\/\/yoast.com\/product\/yoast-seo-wordpress\/ -->\n<title>Mana pirmsskolas gr\u0101mata ar p\u016b\u0137a sp\u0113ku. Pirmie skait\u013ci - Kirjastus Felistella<\/title>\n<meta name=\"description\" content=\"Selle v\u00e4rvi- ja m\u00f5istatusteraamatu abil saavad lasteaialapsed harjutada m\u00e4ngimise ajal keskendumist ja p\u00fcsivust. Vaheldusrikkad, armsate piltidega \u00fclesanded, nagu kujukeste \u00fchendamine, varjude leidmine ja koguste lugemine, on v\u00e4ikelaste jaoks huvitavad ja j\u00f5ukohased.\" \/>\n<meta name=\"robots\" content=\"index, follow, max-snippet:-1, max-image-preview:large, max-video-preview:-1\" \/>\n<link rel=\"canonical\" href=\"https:\/\/felistella.eu\/lv\/prece\/mana-pirmsskolas-gramata-ar-puka-speku-pirmie-skaitli\/\" \/>\n<meta property=\"og:locale\" content=\"lv_LV\" \/>\n<meta property=\"og:type\" content=\"article\" \/>\n<meta property=\"og:title\" content=\"Mana pirmsskolas gr\u0101mata ar p\u016b\u0137a sp\u0113ku. Pirmie skait\u013ci - Kirjastus Felistella\" \/>\n<meta property=\"og:description\" content=\"Selle v\u00e4rvi- ja m\u00f5istatusteraamatu abil saavad lasteaialapsed harjutada m\u00e4ngimise ajal keskendumist ja p\u00fcsivust. Vaheldusrikkad, armsate piltidega \u00fclesanded, nagu kujukeste \u00fchendamine, varjude leidmine ja koguste lugemine, on v\u00e4ikelaste jaoks huvitavad ja j\u00f5ukohased.\" \/>\n<meta property=\"og:url\" content=\"https:\/\/felistella.eu\/lv\/prece\/mana-pirmsskolas-gramata-ar-puka-speku-pirmie-skaitli\/\" \/>\n<meta property=\"og:site_name\" content=\"Kirjastus Felistella\" \/>\n<meta property=\"article:modified_time\" content=\"2026-01-06T18:00:02+00:00\" \/>\n<meta property=\"og:image\" content=\"https:\/\/FELISTELLA.EU\/wp-content\/uploads\/2025\/07\/LV-Minu-tugevate-draakonitega-eelkooliraamat-kaas.jpg\" \/>\n\t<meta property=\"og:image:width\" content=\"787\" \/>\n\t<meta property=\"og:image:height\" content=\"1102\" \/>\n\t<meta property=\"og:image:type\" content=\"image\/jpeg\" \/>\n<meta name=\"twitter:card\" content=\"summary_large_image\" \/>\n<meta name=\"twitter:label1\" content=\"Est. reading time\" \/>\n\t<meta name=\"twitter:data1\" content=\"2 minutes\" \/>\n<script type=\"application\/ld+json\" class=\"yoast-schema-graph\">{\"@context\":\"https:\\\/\\\/schema.org\",\"@graph\":[{\"@type\":\"WebPage\",\"@id\":\"https:\\\/\\\/felistella.eu\\\/lv\\\/prece\\\/mana-pirmsskolas-gramata-ar-puka-speku-pirmie-skaitli\\\/\",\"url\":\"https:\\\/\\\/felistella.eu\\\/lv\\\/prece\\\/mana-pirmsskolas-gramata-ar-puka-speku-pirmie-skaitli\\\/\",\"name\":\"Mana pirmsskolas gr\u0101mata ar p\u016b\u0137a sp\u0113ku. Pirmie skait\u013ci - Kirjastus Felistella\",\"isPartOf\":{\"@id\":\"https:\\\/\\\/felistella.eu\\\/lv\\\/#website\"},\"primaryImageOfPage\":{\"@id\":\"https:\\\/\\\/felistella.eu\\\/lv\\\/prece\\\/mana-pirmsskolas-gramata-ar-puka-speku-pirmie-skaitli\\\/#primaryimage\"},\"image\":{\"@id\":\"https:\\\/\\\/felistella.eu\\\/lv\\\/prece\\\/mana-pirmsskolas-gramata-ar-puka-speku-pirmie-skaitli\\\/#primaryimage\"},\"thumbnailUrl\":\"https:\\\/\\\/felistella.eu\\\/wp-content\\\/uploads\\\/2025\\\/07\\\/LV-Minu-tugevate-draakonitega-eelkooliraamat-kaas.jpg\",\"datePublished\":\"2025-07-09T13:11:19+00:00\",\"dateModified\":\"2026-01-06T18:00:02+00:00\",\"description\":\"Selle v\u00e4rvi- ja m\u00f5istatusteraamatu abil saavad lasteaialapsed harjutada m\u00e4ngimise ajal keskendumist ja p\u00fcsivust. Vaheldusrikkad, armsate piltidega \u00fclesanded, nagu kujukeste \u00fchendamine, varjude leidmine ja koguste lugemine, on v\u00e4ikelaste jaoks huvitavad ja j\u00f5ukohased.\",\"breadcrumb\":{\"@id\":\"https:\\\/\\\/felistella.eu\\\/lv\\\/prece\\\/mana-pirmsskolas-gramata-ar-puka-speku-pirmie-skaitli\\\/#breadcrumb\"},\"inLanguage\":\"lv-LV\",\"potentialAction\":[{\"@type\":\"ReadAction\",\"target\":[\"https:\\\/\\\/felistella.eu\\\/lv\\\/prece\\\/mana-pirmsskolas-gramata-ar-puka-speku-pirmie-skaitli\\\/\"]}]},{\"@type\":\"ImageObject\",\"inLanguage\":\"lv-LV\",\"@id\":\"https:\\\/\\\/felistella.eu\\\/lv\\\/prece\\\/mana-pirmsskolas-gramata-ar-puka-speku-pirmie-skaitli\\\/#primaryimage\",\"url\":\"https:\\\/\\\/felistella.eu\\\/wp-content\\\/uploads\\\/2025\\\/07\\\/LV-Minu-tugevate-draakonitega-eelkooliraamat-kaas.jpg\",\"contentUrl\":\"https:\\\/\\\/felistella.eu\\\/wp-content\\\/uploads\\\/2025\\\/07\\\/LV-Minu-tugevate-draakonitega-eelkooliraamat-kaas.jpg\",\"width\":787,\"height\":1102},{\"@type\":\"BreadcrumbList\",\"@id\":\"https:\\\/\\\/felistella.eu\\\/lv\\\/prece\\\/mana-pirmsskolas-gramata-ar-puka-speku-pirmie-skaitli\\\/#breadcrumb\",\"itemListElement\":[{\"@type\":\"ListItem\",\"position\":1,\"name\":\"Avaleht\",\"item\":\"https:\\\/\\\/felistella.eu\\\/lv\\\/\"},{\"@type\":\"ListItem\",\"position\":2,\"name\":\"Pood\",\"item\":\"https:\\\/\\\/felistella.eu\\\/pood\\\/\"},{\"@type\":\"ListItem\",\"position\":3,\"name\":\"Mana pirmsskolas gr\u0101mata ar p\u016b\u0137a sp\u0113ku. Pirmie skait\u013ci\"}]},{\"@type\":\"WebSite\",\"@id\":\"https:\\\/\\\/felistella.eu\\\/lv\\\/#website\",\"url\":\"https:\\\/\\\/felistella.eu\\\/lv\\\/\",\"name\":\"Kirjastus Felistella\",\"description\":\"e-pood\",\"potentialAction\":[{\"@type\":\"SearchAction\",\"target\":{\"@type\":\"EntryPoint\",\"urlTemplate\":\"https:\\\/\\\/felistella.eu\\\/lv\\\/?s={search_term_string}\"},\"query-input\":{\"@type\":\"PropertyValueSpecification\",\"valueRequired\":true,\"valueName\":\"search_term_string\"}}],\"inLanguage\":\"lv-LV\"}]}<\/script>\n<!-- \/ Yoast SEO plugin. -->","yoast_head_json":{"title":"Mana pirmsskolas gr\u0101mata ar p\u016b\u0137a sp\u0113ku. Pirmie skait\u013ci - Kirjastus Felistella","description":"Selle v\u00e4rvi- ja m\u00f5istatusteraamatu abil saavad lasteaialapsed harjutada m\u00e4ngimise ajal keskendumist ja p\u00fcsivust. Vaheldusrikkad, armsate piltidega \u00fclesanded, nagu kujukeste \u00fchendamine, varjude leidmine ja koguste lugemine, on v\u00e4ikelaste jaoks huvitavad ja j\u00f5ukohased.","robots":{"index":"index","follow":"follow","max-snippet":"max-snippet:-1","max-image-preview":"max-image-preview:large","max-video-preview":"max-video-preview:-1"},"canonical":"https:\/\/felistella.eu\/lv\/prece\/mana-pirmsskolas-gramata-ar-puka-speku-pirmie-skaitli\/","og_locale":"lv_LV","og_type":"article","og_title":"Mana pirmsskolas gr\u0101mata ar p\u016b\u0137a sp\u0113ku. Pirmie skait\u013ci - Kirjastus Felistella","og_description":"Selle v\u00e4rvi- ja m\u00f5istatusteraamatu abil saavad lasteaialapsed harjutada m\u00e4ngimise ajal keskendumist ja p\u00fcsivust. Vaheldusrikkad, armsate piltidega \u00fclesanded, nagu kujukeste \u00fchendamine, varjude leidmine ja koguste lugemine, on v\u00e4ikelaste jaoks huvitavad ja j\u00f5ukohased.","og_url":"https:\/\/felistella.eu\/lv\/prece\/mana-pirmsskolas-gramata-ar-puka-speku-pirmie-skaitli\/","og_site_name":"Kirjastus Felistella","article_modified_time":"2026-01-06T18:00:02+00:00","og_image":[{"width":787,"height":1102,"url":"https:\/\/FELISTELLA.EU\/wp-content\/uploads\/2025\/07\/LV-Minu-tugevate-draakonitega-eelkooliraamat-kaas.jpg","type":"image\/jpeg"}],"twitter_card":"summary_large_image","twitter_misc":{"Est. reading time":"2 minutes"},"schema":{"@context":"https:\/\/schema.org","@graph":[{"@type":"WebPage","@id":"https:\/\/felistella.eu\/lv\/prece\/mana-pirmsskolas-gramata-ar-puka-speku-pirmie-skaitli\/","url":"https:\/\/felistella.eu\/lv\/prece\/mana-pirmsskolas-gramata-ar-puka-speku-pirmie-skaitli\/","name":"Mana pirmsskolas gr\u0101mata ar p\u016b\u0137a sp\u0113ku. Pirmie skait\u013ci - Kirjastus Felistella","isPartOf":{"@id":"https:\/\/felistella.eu\/lv\/#website"},"primaryImageOfPage":{"@id":"https:\/\/felistella.eu\/lv\/prece\/mana-pirmsskolas-gramata-ar-puka-speku-pirmie-skaitli\/#primaryimage"},"image":{"@id":"https:\/\/felistella.eu\/lv\/prece\/mana-pirmsskolas-gramata-ar-puka-speku-pirmie-skaitli\/#primaryimage"},"thumbnailUrl":"https:\/\/felistella.eu\/wp-content\/uploads\/2025\/07\/LV-Minu-tugevate-draakonitega-eelkooliraamat-kaas.jpg","datePublished":"2025-07-09T13:11:19+00:00","dateModified":"2026-01-06T18:00:02+00:00","description":"Selle v\u00e4rvi- ja m\u00f5istatusteraamatu abil saavad lasteaialapsed harjutada m\u00e4ngimise ajal keskendumist ja p\u00fcsivust. Vaheldusrikkad, armsate piltidega \u00fclesanded, nagu kujukeste \u00fchendamine, varjude leidmine ja koguste lugemine, on v\u00e4ikelaste jaoks huvitavad ja j\u00f5ukohased.","breadcrumb":{"@id":"https:\/\/felistella.eu\/lv\/prece\/mana-pirmsskolas-gramata-ar-puka-speku-pirmie-skaitli\/#breadcrumb"},"inLanguage":"lv-LV","potentialAction":[{"@type":"ReadAction","target":["https:\/\/felistella.eu\/lv\/prece\/mana-pirmsskolas-gramata-ar-puka-speku-pirmie-skaitli\/"]}]},{"@type":"ImageObject","inLanguage":"lv-LV","@id":"https:\/\/felistella.eu\/lv\/prece\/mana-pirmsskolas-gramata-ar-puka-speku-pirmie-skaitli\/#primaryimage","url":"https:\/\/felistella.eu\/wp-content\/uploads\/2025\/07\/LV-Minu-tugevate-draakonitega-eelkooliraamat-kaas.jpg","contentUrl":"https:\/\/felistella.eu\/wp-content\/uploads\/2025\/07\/LV-Minu-tugevate-draakonitega-eelkooliraamat-kaas.jpg","width":787,"height":1102},{"@type":"BreadcrumbList","@id":"https:\/\/felistella.eu\/lv\/prece\/mana-pirmsskolas-gramata-ar-puka-speku-pirmie-skaitli\/#breadcrumb","itemListElement":[{"@type":"ListItem","position":1,"name":"Avaleht","item":"https:\/\/felistella.eu\/lv\/"},{"@type":"ListItem","position":2,"name":"Pood","item":"https:\/\/felistella.eu\/pood\/"},{"@type":"ListItem","position":3,"name":"Mana pirmsskolas gr\u0101mata ar p\u016b\u0137a sp\u0113ku. Pirmie skait\u013ci"}]},{"@type":"WebSite","@id":"https:\/\/felistella.eu\/lv\/#website","url":"https:\/\/felistella.eu\/lv\/","name":"Kirjastus Felistella","description":"e-pood","potentialAction":[{"@type":"SearchAction","target":{"@type":"EntryPoint","urlTemplate":"https:\/\/felistella.eu\/lv\/?s={search_term_string}"},"query-input":{"@type":"PropertyValueSpecification","valueRequired":true,"valueName":"search_term_string"}}],"inLanguage":"lv-LV"}]}},"brands":[],"_links":{"self":[{"href":"https:\/\/felistella.eu\/lv\/wp-json\/wp\/v2\/product\/36246","targetHints":{"allow":["GET"]}}],"collection":[{"href":"https:\/\/felistella.eu\/lv\/wp-json\/wp\/v2\/product"}],"about":[{"href":"https:\/\/felistella.eu\/lv\/wp-json\/wp\/v2\/types\/product"}],"replies":[{"embeddable":true,"href":"https:\/\/felistella.eu\/lv\/wp-json\/wp\/v2\/comments?post=36246"}],"version-history":[{"count":0,"href":"https:\/\/felistella.eu\/lv\/wp-json\/wp\/v2\/product\/36246\/revisions"}],"wp:featuredmedia":[{"embeddable":true,"href":"https:\/\/felistella.eu\/lv\/wp-json\/wp\/v2\/media\/36247"}],"wp:attachment":[{"href":"https:\/\/felistella.eu\/lv\/wp-json\/wp\/v2\/media?parent=36246"}],"wp:term":[{"taxonomy":"pwb-brand","embeddable":true,"href":"https:\/\/felistella.eu\/lv\/wp-json\/wp\/v2\/pwb-brand?post=36246"},{"taxonomy":"product_brand","embeddable":true,"href":"https:\/\/felistella.eu\/lv\/wp-json\/wp\/v2\/product_brand?post=36246"},{"taxonomy":"product_cat","embeddable":true,"href":"https:\/\/felistella.eu\/lv\/wp-json\/wp\/v2\/product_cat?post=36246"},{"taxonomy":"product_tag","embeddable":true,"href":"https:\/\/felistella.eu\/lv\/wp-json\/wp\/v2\/product_tag?post=36246"}],"curies":[{"name":"wp","href":"https:\/\/api.w.org\/{rel}","templated":true}]}}