{"id":36919,"date":"2025-10-21T13:32:33","date_gmt":"2025-10-21T10:32:33","guid":{"rendered":"https:\/\/felistella.eu\/?post_type=product&#038;p=36919"},"modified":"2026-01-06T19:05:04","modified_gmt":"2026-01-06T17:05:04","slug":"motivacija-2026","status":"publish","type":"product","link":"https:\/\/felistella.eu\/lv\/prece\/motivacija-2026\/","title":{"rendered":"Kalend\u0101rs Motiv\u0101cija 2026"},"content":{"rendered":"<p>Atkl\u0101jiet savas iedvesmas un motiv\u0101cijas avotu, izmantojot m\u016bsu sienas kalend\u0101ru \u201eMotiv\u0101cija\u201d ar iedvesmojo\u0161iem dabas skatiem. \u0160is kalend\u0101rs ir izveidots tiem, kas iedvesmu mekl\u0113 apk\u0101rt\u0113j\u0101s pasaules skaistum\u0101. Katru m\u0113nesi j\u016bs iepriecin\u0101s lieliskas ainavas un gudri cit\u0101ti, kas pal\u012bdz\u0113s rast sp\u0113ku, lai tiektos uz jauniem sasniegumiem.<\/p>\n<p>M\u016bsu kalend\u0101ra \u012bpatn\u012bbas<\/p>\n<p><strong>Lieliskas ainavas<\/strong> Katru m\u0113nesi j\u016bs priec\u0113s apbr\u012bnojamas dabas fotogr\u0101fijas, kuras iedvesmo un d\u0101v\u0101 mieru dv\u0113selei. Kalni, me\u017ei, \u016bdenskritumi un citi dabas br\u012bnumi jums d\u0101v\u0101s harmonijas un miera br\u012b\u017eus.<\/p>\n<p><strong>Motiv\u0113jo\u0161i cit\u0101ti<\/strong> Katrai fotogr\u0101fijai ir pievienoti gudri un iedvesmojo\u0161i cit\u0101ti, kas pal\u012bdz\u0113s jums atrast motiv\u0101ciju un ik dienu tiekties uz saviem m\u0113r\u0137iem.<\/p>\n<p><strong>Kvalitat\u012bva druka<\/strong> Ko\u0161ie un skaidrie uz bieza pap\u012bra druk\u0101tie att\u0113li savu pievilc\u012bbu saglab\u0101s visu gadu.<\/p>\n<p><strong>Noder\u012bga inform\u0101cija<\/strong> T\u0101p\u0113c, lai j\u016bs var\u0113tu savu laiku pl\u0101not, \u0146emot v\u0113r\u0101 astronomisk\u0101s par\u0101d\u012bbas un sv\u0113tku dienas, kalend\u0101r\u0101 ir iek\u013cauti noz\u012bm\u012bgi datumi un piemi\u0146as dienas, sv\u0113tki, v\u0101rda dienas, m\u0113ness f\u0101zes, k\u0101 ar\u012b saull\u0113kta un saulrieta laiks.<\/p>\n<p><strong>Ekolo\u0123iski t\u012bri materi\u0101li<\/strong> M\u0113s r\u016bp\u0113jamies par dabu, t\u0101p\u0113c m\u016bsu kalend\u0101r\u0101 ir izmantoti tikai ekolo\u0123iski t\u012bri materi\u0101li.<\/p>\n<p>Kalend\u0101rs \u201eMotiv\u0101cija\u201d ar iedvesmojo\u0161\u0101m dabas ain\u0101m ir nevis vienk\u0101r\u0161i kalend\u0101rs, bet j\u016bsu ikdienas sp\u0113ka un iedvesmas avots. Lai dabas skaistums un cit\u0101tu viedums pal\u012bdz jums sasniegt jaunas virsotnes un katru dienu piepilda ar j\u0113gu un prieku!<\/p>\n<p>&nbsp;<\/p>\n","protected":false},"excerpt":{"rendered":"Atkl\u0101jiet savas iedvesmas un motiv\u0101cijas avotu, izmantojot m\u016bsu sienas kalend\u0101ru \u201eMotiv\u0101cija\u201d ar iedvesmojo\u0161iem dabas skatiem. \u0160is kalend\u0101rs ir izveidots tiem, kas iedvesmu mekl\u0113 apk\u0101rt\u0113j\u0101s pasaules skaistum\u0101. Katru m\u0113nesi j\u016bs iepriecin\u0101s lieliskas ainavas un gudri cit\u0101ti, kas pal\u012bdz\u0113s rast sp\u0113ku, lai tiektos uz jauniem sasniegumiem. M\u016bsu kalend\u0101ra \u012bpatn\u012bbas Lieliskas ainavas Katru m\u0113nesi j\u016bs priec\u0113s apbr\u012bnojamas dabas [&hellip;]","protected":false},"featured_media":36920,"comment_status":"open","ping_status":"closed","template":"","meta":{"_acf_changed":false},"pwb-brand":[],"product_brand":[],"product_cat":[1047,1045],"product_tag":[],"class_list":{"0":"post-36919","1":"product","2":"type-product","3":"status-publish","4":"has-post-thumbnail","6":"product_cat-jaunumi","7":"product_cat-kalendari","8":"pa_formaat-ar-papira-saspraudi","9":"pa_formaat-mikstos-vakos","11":"first","12":"instock","13":"taxable","14":"shipping-taxable","15":"purchasable","16":"product-type-simple","17":"add-to-wishlist-before_image"},"acf":[],"yoast_head":"<!-- This site is optimized with the Yoast SEO plugin v27.4 - https:\/\/yoast.com\/product\/yoast-seo-wordpress\/ -->\n<title>Kalend\u0101rs Motiv\u0101cija 2026 - Kirjastus Felistella<\/title>\n<meta name=\"robots\" content=\"index, follow, max-snippet:-1, max-image-preview:large, max-video-preview:-1\" \/>\n<link rel=\"canonical\" href=\"https:\/\/felistella.eu\/lv\/prece\/motivacija-2026\/\" \/>\n<meta property=\"og:locale\" content=\"lv_LV\" \/>\n<meta property=\"og:type\" content=\"article\" \/>\n<meta property=\"og:title\" content=\"Kalend\u0101rs Motiv\u0101cija 2026 - Kirjastus Felistella\" \/>\n<meta property=\"og:description\" content=\"Atkl\u0101jiet savas iedvesmas un motiv\u0101cijas avotu, izmantojot m\u016bsu sienas kalend\u0101ru \u201eMotiv\u0101cija\u201d ar iedvesmojo\u0161iem dabas skatiem. \u0160is kalend\u0101rs ir izveidots tiem, kas iedvesmu mekl\u0113 apk\u0101rt\u0113j\u0101s pasaules skaistum\u0101. Katru m\u0113nesi j\u016bs iepriecin\u0101s lieliskas ainavas un gudri cit\u0101ti, kas pal\u012bdz\u0113s rast sp\u0113ku, lai tiektos uz jauniem sasniegumiem. M\u016bsu kalend\u0101ra \u012bpatn\u012bbas Lieliskas ainavas Katru m\u0113nesi j\u016bs priec\u0113s apbr\u012bnojamas dabas [&hellip;]\" \/>\n<meta property=\"og:url\" content=\"https:\/\/felistella.eu\/lv\/prece\/motivacija-2026\/\" \/>\n<meta property=\"og:site_name\" content=\"Kirjastus Felistella\" \/>\n<meta property=\"article:modified_time\" content=\"2026-01-06T17:05:04+00:00\" \/>\n<meta property=\"og:image\" content=\"https:\/\/FELISTELLA.EU\/wp-content\/uploads\/2025\/10\/Motivacija-2026.jpg\" \/>\n\t<meta property=\"og:image:width\" content=\"1142\" \/>\n\t<meta property=\"og:image:height\" content=\"827\" \/>\n\t<meta property=\"og:image:type\" content=\"image\/jpeg\" \/>\n<meta name=\"twitter:card\" content=\"summary_large_image\" \/>\n<meta name=\"twitter:label1\" content=\"Est. reading time\" \/>\n\t<meta name=\"twitter:data1\" content=\"2 minutes\" \/>\n<script type=\"application\/ld+json\" class=\"yoast-schema-graph\">{\"@context\":\"https:\\\/\\\/schema.org\",\"@graph\":[{\"@type\":\"WebPage\",\"@id\":\"https:\\\/\\\/felistella.eu\\\/lv\\\/prece\\\/motivacija-2026\\\/\",\"url\":\"https:\\\/\\\/felistella.eu\\\/lv\\\/prece\\\/motivacija-2026\\\/\",\"name\":\"Kalend\u0101rs Motiv\u0101cija 2026 - Kirjastus Felistella\",\"isPartOf\":{\"@id\":\"https:\\\/\\\/felistella.eu\\\/lv\\\/#website\"},\"primaryImageOfPage\":{\"@id\":\"https:\\\/\\\/felistella.eu\\\/lv\\\/prece\\\/motivacija-2026\\\/#primaryimage\"},\"image\":{\"@id\":\"https:\\\/\\\/felistella.eu\\\/lv\\\/prece\\\/motivacija-2026\\\/#primaryimage\"},\"thumbnailUrl\":\"https:\\\/\\\/felistella.eu\\\/wp-content\\\/uploads\\\/2025\\\/10\\\/Motivacija-2026.jpg\",\"datePublished\":\"2025-10-21T10:32:33+00:00\",\"dateModified\":\"2026-01-06T17:05:04+00:00\",\"breadcrumb\":{\"@id\":\"https:\\\/\\\/felistella.eu\\\/lv\\\/prece\\\/motivacija-2026\\\/#breadcrumb\"},\"inLanguage\":\"lv-LV\",\"potentialAction\":[{\"@type\":\"ReadAction\",\"target\":[\"https:\\\/\\\/felistella.eu\\\/lv\\\/prece\\\/motivacija-2026\\\/\"]}]},{\"@type\":\"ImageObject\",\"inLanguage\":\"lv-LV\",\"@id\":\"https:\\\/\\\/felistella.eu\\\/lv\\\/prece\\\/motivacija-2026\\\/#primaryimage\",\"url\":\"https:\\\/\\\/felistella.eu\\\/wp-content\\\/uploads\\\/2025\\\/10\\\/Motivacija-2026.jpg\",\"contentUrl\":\"https:\\\/\\\/felistella.eu\\\/wp-content\\\/uploads\\\/2025\\\/10\\\/Motivacija-2026.jpg\",\"width\":1142,\"height\":827},{\"@type\":\"BreadcrumbList\",\"@id\":\"https:\\\/\\\/felistella.eu\\\/lv\\\/prece\\\/motivacija-2026\\\/#breadcrumb\",\"itemListElement\":[{\"@type\":\"ListItem\",\"position\":1,\"name\":\"Avaleht\",\"item\":\"https:\\\/\\\/felistella.eu\\\/lv\\\/\"},{\"@type\":\"ListItem\",\"position\":2,\"name\":\"Pood\",\"item\":\"https:\\\/\\\/felistella.eu\\\/pood\\\/\"},{\"@type\":\"ListItem\",\"position\":3,\"name\":\"Kalend\u0101rs Motiv\u0101cija 2026\"}]},{\"@type\":\"WebSite\",\"@id\":\"https:\\\/\\\/felistella.eu\\\/lv\\\/#website\",\"url\":\"https:\\\/\\\/felistella.eu\\\/lv\\\/\",\"name\":\"Kirjastus Felistella\",\"description\":\"e-pood\",\"potentialAction\":[{\"@type\":\"SearchAction\",\"target\":{\"@type\":\"EntryPoint\",\"urlTemplate\":\"https:\\\/\\\/felistella.eu\\\/lv\\\/?s={search_term_string}\"},\"query-input\":{\"@type\":\"PropertyValueSpecification\",\"valueRequired\":true,\"valueName\":\"search_term_string\"}}],\"inLanguage\":\"lv-LV\"}]}<\/script>\n<!-- \/ Yoast SEO plugin. -->","yoast_head_json":{"title":"Kalend\u0101rs Motiv\u0101cija 2026 - Kirjastus Felistella","robots":{"index":"index","follow":"follow","max-snippet":"max-snippet:-1","max-image-preview":"max-image-preview:large","max-video-preview":"max-video-preview:-1"},"canonical":"https:\/\/felistella.eu\/lv\/prece\/motivacija-2026\/","og_locale":"lv_LV","og_type":"article","og_title":"Kalend\u0101rs Motiv\u0101cija 2026 - Kirjastus Felistella","og_description":"Atkl\u0101jiet savas iedvesmas un motiv\u0101cijas avotu, izmantojot m\u016bsu sienas kalend\u0101ru \u201eMotiv\u0101cija\u201d ar iedvesmojo\u0161iem dabas skatiem. \u0160is kalend\u0101rs ir izveidots tiem, kas iedvesmu mekl\u0113 apk\u0101rt\u0113j\u0101s pasaules skaistum\u0101. Katru m\u0113nesi j\u016bs iepriecin\u0101s lieliskas ainavas un gudri cit\u0101ti, kas pal\u012bdz\u0113s rast sp\u0113ku, lai tiektos uz jauniem sasniegumiem. M\u016bsu kalend\u0101ra \u012bpatn\u012bbas Lieliskas ainavas Katru m\u0113nesi j\u016bs priec\u0113s apbr\u012bnojamas dabas [&hellip;]","og_url":"https:\/\/felistella.eu\/lv\/prece\/motivacija-2026\/","og_site_name":"Kirjastus Felistella","article_modified_time":"2026-01-06T17:05:04+00:00","og_image":[{"width":1142,"height":827,"url":"https:\/\/FELISTELLA.EU\/wp-content\/uploads\/2025\/10\/Motivacija-2026.jpg","type":"image\/jpeg"}],"twitter_card":"summary_large_image","twitter_misc":{"Est. reading time":"2 minutes"},"schema":{"@context":"https:\/\/schema.org","@graph":[{"@type":"WebPage","@id":"https:\/\/felistella.eu\/lv\/prece\/motivacija-2026\/","url":"https:\/\/felistella.eu\/lv\/prece\/motivacija-2026\/","name":"Kalend\u0101rs Motiv\u0101cija 2026 - Kirjastus Felistella","isPartOf":{"@id":"https:\/\/felistella.eu\/lv\/#website"},"primaryImageOfPage":{"@id":"https:\/\/felistella.eu\/lv\/prece\/motivacija-2026\/#primaryimage"},"image":{"@id":"https:\/\/felistella.eu\/lv\/prece\/motivacija-2026\/#primaryimage"},"thumbnailUrl":"https:\/\/felistella.eu\/wp-content\/uploads\/2025\/10\/Motivacija-2026.jpg","datePublished":"2025-10-21T10:32:33+00:00","dateModified":"2026-01-06T17:05:04+00:00","breadcrumb":{"@id":"https:\/\/felistella.eu\/lv\/prece\/motivacija-2026\/#breadcrumb"},"inLanguage":"lv-LV","potentialAction":[{"@type":"ReadAction","target":["https:\/\/felistella.eu\/lv\/prece\/motivacija-2026\/"]}]},{"@type":"ImageObject","inLanguage":"lv-LV","@id":"https:\/\/felistella.eu\/lv\/prece\/motivacija-2026\/#primaryimage","url":"https:\/\/felistella.eu\/wp-content\/uploads\/2025\/10\/Motivacija-2026.jpg","contentUrl":"https:\/\/felistella.eu\/wp-content\/uploads\/2025\/10\/Motivacija-2026.jpg","width":1142,"height":827},{"@type":"BreadcrumbList","@id":"https:\/\/felistella.eu\/lv\/prece\/motivacija-2026\/#breadcrumb","itemListElement":[{"@type":"ListItem","position":1,"name":"Avaleht","item":"https:\/\/felistella.eu\/lv\/"},{"@type":"ListItem","position":2,"name":"Pood","item":"https:\/\/felistella.eu\/pood\/"},{"@type":"ListItem","position":3,"name":"Kalend\u0101rs Motiv\u0101cija 2026"}]},{"@type":"WebSite","@id":"https:\/\/felistella.eu\/lv\/#website","url":"https:\/\/felistella.eu\/lv\/","name":"Kirjastus Felistella","description":"e-pood","potentialAction":[{"@type":"SearchAction","target":{"@type":"EntryPoint","urlTemplate":"https:\/\/felistella.eu\/lv\/?s={search_term_string}"},"query-input":{"@type":"PropertyValueSpecification","valueRequired":true,"valueName":"search_term_string"}}],"inLanguage":"lv-LV"}]}},"brands":[],"_links":{"self":[{"href":"https:\/\/felistella.eu\/lv\/wp-json\/wp\/v2\/product\/36919","targetHints":{"allow":["GET"]}}],"collection":[{"href":"https:\/\/felistella.eu\/lv\/wp-json\/wp\/v2\/product"}],"about":[{"href":"https:\/\/felistella.eu\/lv\/wp-json\/wp\/v2\/types\/product"}],"replies":[{"embeddable":true,"href":"https:\/\/felistella.eu\/lv\/wp-json\/wp\/v2\/comments?post=36919"}],"version-history":[{"count":0,"href":"https:\/\/felistella.eu\/lv\/wp-json\/wp\/v2\/product\/36919\/revisions"}],"wp:featuredmedia":[{"embeddable":true,"href":"https:\/\/felistella.eu\/lv\/wp-json\/wp\/v2\/media\/36920"}],"wp:attachment":[{"href":"https:\/\/felistella.eu\/lv\/wp-json\/wp\/v2\/media?parent=36919"}],"wp:term":[{"taxonomy":"pwb-brand","embeddable":true,"href":"https:\/\/felistella.eu\/lv\/wp-json\/wp\/v2\/pwb-brand?post=36919"},{"taxonomy":"product_brand","embeddable":true,"href":"https:\/\/felistella.eu\/lv\/wp-json\/wp\/v2\/product_brand?post=36919"},{"taxonomy":"product_cat","embeddable":true,"href":"https:\/\/felistella.eu\/lv\/wp-json\/wp\/v2\/product_cat?post=36919"},{"taxonomy":"product_tag","embeddable":true,"href":"https:\/\/felistella.eu\/lv\/wp-json\/wp\/v2\/product_tag?post=36919"}],"curies":[{"name":"wp","href":"https:\/\/api.w.org\/{rel}","templated":true}]}}