{"id":36933,"date":"2025-10-21T14:20:14","date_gmt":"2025-10-21T11:20:14","guid":{"rendered":"https:\/\/felistella.eu\/?post_type=product&#038;p=36933"},"modified":"2026-01-06T18:05:03","modified_gmt":"2026-01-06T16:05:03","slug":"kalendars-ar-zirga-gada-horoskopu-2026","status":"publish","type":"product","link":"https:\/\/felistella.eu\/lv\/prece\/kalendars-ar-zirga-gada-horoskopu-2026\/","title":{"rendered":"Kalend\u0101rs ar Zirga gada horoskopu 2026"},"content":{"rendered":"<p data-start=\"214\" data-end=\"516\"><strong data-start=\"214\" data-end=\"280\">Laipni l\u016bdzam astrolo\u0123ijas un nosl\u0113pumainu pare\u0123ojumu pasaul\u0113!<\/strong><br data-start=\"280\" data-end=\"283\" \/>M\u016bsu sienas kalend\u0101rs ar <strong data-start=\"308\" data-end=\"337\">Zirga gada horoskopu 2026<\/strong> k\u013c\u016bs par neaizst\u0101jamu j\u016bsu pavadoni visu gadu. Tas apvieno elegantu dizainu, praktiskumu un noder\u012bgus astrolo\u0123iskus padomus, lai katru j\u016bsu dienu piepild\u012btu harmonija un veiksme.<\/p>\n<p data-start=\"518\" data-end=\"546\"><strong data-start=\"518\" data-end=\"546\">M\u016bsu kalend\u0101ra \u012bpatn\u012bbas<\/strong><\/p>\n<p data-start=\"548\" data-end=\"675\"><strong data-start=\"548\" data-end=\"569\">Izmekl\u0113ts dizains<\/strong><br data-start=\"569\" data-end=\"572\" \/>Katru m\u0113nesi rot\u0101 skaistas ilustr\u0101cijas, ko ir iedvesmojusi br\u012bv\u012bbas, kust\u012bbas un Zirga gada simbolika.<\/p>\n<p data-start=\"677\" data-end=\"875\"><strong data-start=\"677\" data-end=\"703\">Katra m\u0113ne\u0161a horoskopi<\/strong><br data-start=\"703\" data-end=\"706\" \/>Uzziniet, ko zvaigznes <strong data-start=\"729\" data-end=\"743\">Zirga gad\u0101<\/strong> ir paredz\u0113ju\u0161as katrai zodiaka z\u012bmei. Sa\u0146emiet v\u0113rt\u012bgus padomus un ieteikumus, kas pal\u012bdz\u0113s jums priv\u0101taj\u0101 un profesion\u0101laj\u0101 dz\u012bv\u0113.<\/p>\n<p data-start=\"877\" data-end=\"986\"><strong data-start=\"877\" data-end=\"898\">Kvalitat\u012bva druka<\/strong><br data-start=\"898\" data-end=\"901\" \/>Ko\u0161ie un skaidrie uz bieza pap\u012bra druk\u0101tie att\u0113li savu pievilc\u012bbu saglab\u0101s visu gadu.<\/p>\n<p data-start=\"988\" data-end=\"1232\"><strong data-start=\"988\" data-end=\"1012\">Noder\u012bga inform\u0101cija<\/strong><br data-start=\"1012\" data-end=\"1015\" \/>Lai j\u016bs var\u0113tu savu laiku pl\u0101not, \u0146emot v\u0113r\u0101 astronomisk\u0101s par\u0101d\u012bbas un sv\u0113tku dienas, kalend\u0101r\u0101 ir iek\u013cauti noz\u012bm\u012bgi datumi un piemi\u0146as dienas, sv\u0113tki, v\u0101rda dienas, m\u0113ness f\u0101zes, k\u0101 ar\u012b saull\u0113kta un saulrieta laiks.<\/p>\n<p data-start=\"1234\" data-end=\"1357\"><strong data-start=\"1234\" data-end=\"1263\">Ekolo\u0123iski t\u012bri materi\u0101li<\/strong><br data-start=\"1263\" data-end=\"1266\" \/>M\u0113s r\u016bp\u0113jamies par dabu, t\u0101p\u0113c m\u016bsu kalend\u0101r\u0101 ir izmantoti tikai ekolo\u0123iski t\u012bri materi\u0101li.<\/p>\n<p data-start=\"1359\" data-end=\"1569\"><strong data-start=\"1359\" data-end=\"1433\">Zirga gads ienes drosmi, kust\u012bbu, neatkar\u012bbu un jaunu s\u0101kumu ener\u0123iju.<\/strong><br data-start=\"1433\" data-end=\"1436\" \/>Lai m\u016bsu kalend\u0101rs k\u013c\u016bst par j\u016bsu iedvesmas avotu \u0161aj\u0101 dinamiskaj\u0101 gad\u0101 un pal\u012bdz rast l\u012bdzsvaru un pan\u0101kumus ikvien\u0101 dz\u012bves aspekt\u0101!<\/p>\n","protected":false},"excerpt":{"rendered":"Laipni l\u016bdzam astrolo\u0123ijas un nosl\u0113pumainu pare\u0123ojumu pasaul\u0113!M\u016bsu sienas kalend\u0101rs ar Zirga gada horoskopu 2026 k\u013c\u016bs par neaizst\u0101jamu j\u016bsu pavadoni visu gadu. Tas apvieno elegantu dizainu, praktiskumu un noder\u012bgus astrolo\u0123iskus padomus, lai katru j\u016bsu dienu piepild\u012btu harmonija un veiksme. M\u016bsu kalend\u0101ra \u012bpatn\u012bbas Izmekl\u0113ts dizainsKatru m\u0113nesi rot\u0101 skaistas ilustr\u0101cijas, ko ir iedvesmojusi br\u012bv\u012bbas, kust\u012bbas un Zirga gada [&hellip;]","protected":false},"featured_media":36934,"comment_status":"open","ping_status":"closed","template":"","meta":{"_acf_changed":false},"pwb-brand":[],"product_brand":[],"product_cat":[1047,1045],"product_tag":[],"class_list":{"0":"post-36933","1":"product","2":"type-product","3":"status-publish","4":"has-post-thumbnail","6":"product_cat-jaunumi","7":"product_cat-kalendari","8":"pa_formaat-ar-papira-saspraudi","9":"pa_formaat-mikstos-vakos","11":"first","12":"instock","13":"taxable","14":"shipping-taxable","15":"purchasable","16":"product-type-simple","17":"add-to-wishlist-before_image"},"acf":[],"yoast_head":"<!-- This site is optimized with the Yoast SEO plugin v27.4 - https:\/\/yoast.com\/product\/yoast-seo-wordpress\/ -->\n<title>Kalend\u0101rs ar Zirga gada horoskopu 2026 - Kirjastus Felistella<\/title>\n<meta name=\"robots\" content=\"index, follow, max-snippet:-1, max-image-preview:large, max-video-preview:-1\" \/>\n<link rel=\"canonical\" href=\"https:\/\/felistella.eu\/lv\/prece\/kalendars-ar-zirga-gada-horoskopu-2026\/\" \/>\n<meta property=\"og:locale\" content=\"lv_LV\" \/>\n<meta property=\"og:type\" content=\"article\" \/>\n<meta property=\"og:title\" content=\"Kalend\u0101rs ar Zirga gada horoskopu 2026 - Kirjastus Felistella\" \/>\n<meta property=\"og:description\" content=\"Laipni l\u016bdzam astrolo\u0123ijas un nosl\u0113pumainu pare\u0123ojumu pasaul\u0113!M\u016bsu sienas kalend\u0101rs ar Zirga gada horoskopu 2026 k\u013c\u016bs par neaizst\u0101jamu j\u016bsu pavadoni visu gadu. Tas apvieno elegantu dizainu, praktiskumu un noder\u012bgus astrolo\u0123iskus padomus, lai katru j\u016bsu dienu piepild\u012btu harmonija un veiksme. M\u016bsu kalend\u0101ra \u012bpatn\u012bbas Izmekl\u0113ts dizainsKatru m\u0113nesi rot\u0101 skaistas ilustr\u0101cijas, ko ir iedvesmojusi br\u012bv\u012bbas, kust\u012bbas un Zirga gada [&hellip;]\" \/>\n<meta property=\"og:url\" content=\"https:\/\/felistella.eu\/lv\/prece\/kalendars-ar-zirga-gada-horoskopu-2026\/\" \/>\n<meta property=\"og:site_name\" content=\"Kirjastus Felistella\" \/>\n<meta property=\"article:modified_time\" content=\"2026-01-06T16:05:03+00:00\" \/>\n<meta property=\"og:image\" content=\"https:\/\/FELISTELLA.EU\/wp-content\/uploads\/2025\/10\/Kalendars-ar-Zirga-gada-horoskopu-2026.jpg\" \/>\n\t<meta property=\"og:image:width\" content=\"1142\" \/>\n\t<meta property=\"og:image:height\" content=\"827\" \/>\n\t<meta property=\"og:image:type\" content=\"image\/jpeg\" \/>\n<meta name=\"twitter:card\" content=\"summary_large_image\" \/>\n<meta name=\"twitter:label1\" content=\"Est. reading time\" \/>\n\t<meta name=\"twitter:data1\" content=\"2 minutes\" \/>\n<script type=\"application\/ld+json\" class=\"yoast-schema-graph\">{\"@context\":\"https:\\\/\\\/schema.org\",\"@graph\":[{\"@type\":\"WebPage\",\"@id\":\"https:\\\/\\\/felistella.eu\\\/lv\\\/prece\\\/kalendars-ar-zirga-gada-horoskopu-2026\\\/\",\"url\":\"https:\\\/\\\/felistella.eu\\\/lv\\\/prece\\\/kalendars-ar-zirga-gada-horoskopu-2026\\\/\",\"name\":\"Kalend\u0101rs ar Zirga gada horoskopu 2026 - Kirjastus Felistella\",\"isPartOf\":{\"@id\":\"https:\\\/\\\/felistella.eu\\\/lv\\\/#website\"},\"primaryImageOfPage\":{\"@id\":\"https:\\\/\\\/felistella.eu\\\/lv\\\/prece\\\/kalendars-ar-zirga-gada-horoskopu-2026\\\/#primaryimage\"},\"image\":{\"@id\":\"https:\\\/\\\/felistella.eu\\\/lv\\\/prece\\\/kalendars-ar-zirga-gada-horoskopu-2026\\\/#primaryimage\"},\"thumbnailUrl\":\"https:\\\/\\\/felistella.eu\\\/wp-content\\\/uploads\\\/2025\\\/10\\\/Kalendars-ar-Zirga-gada-horoskopu-2026.jpg\",\"datePublished\":\"2025-10-21T11:20:14+00:00\",\"dateModified\":\"2026-01-06T16:05:03+00:00\",\"breadcrumb\":{\"@id\":\"https:\\\/\\\/felistella.eu\\\/lv\\\/prece\\\/kalendars-ar-zirga-gada-horoskopu-2026\\\/#breadcrumb\"},\"inLanguage\":\"lv-LV\",\"potentialAction\":[{\"@type\":\"ReadAction\",\"target\":[\"https:\\\/\\\/felistella.eu\\\/lv\\\/prece\\\/kalendars-ar-zirga-gada-horoskopu-2026\\\/\"]}]},{\"@type\":\"ImageObject\",\"inLanguage\":\"lv-LV\",\"@id\":\"https:\\\/\\\/felistella.eu\\\/lv\\\/prece\\\/kalendars-ar-zirga-gada-horoskopu-2026\\\/#primaryimage\",\"url\":\"https:\\\/\\\/felistella.eu\\\/wp-content\\\/uploads\\\/2025\\\/10\\\/Kalendars-ar-Zirga-gada-horoskopu-2026.jpg\",\"contentUrl\":\"https:\\\/\\\/felistella.eu\\\/wp-content\\\/uploads\\\/2025\\\/10\\\/Kalendars-ar-Zirga-gada-horoskopu-2026.jpg\",\"width\":1142,\"height\":827},{\"@type\":\"BreadcrumbList\",\"@id\":\"https:\\\/\\\/felistella.eu\\\/lv\\\/prece\\\/kalendars-ar-zirga-gada-horoskopu-2026\\\/#breadcrumb\",\"itemListElement\":[{\"@type\":\"ListItem\",\"position\":1,\"name\":\"Avaleht\",\"item\":\"https:\\\/\\\/felistella.eu\\\/lv\\\/\"},{\"@type\":\"ListItem\",\"position\":2,\"name\":\"Pood\",\"item\":\"https:\\\/\\\/felistella.eu\\\/pood\\\/\"},{\"@type\":\"ListItem\",\"position\":3,\"name\":\"Kalend\u0101rs ar Zirga gada horoskopu 2026\"}]},{\"@type\":\"WebSite\",\"@id\":\"https:\\\/\\\/felistella.eu\\\/lv\\\/#website\",\"url\":\"https:\\\/\\\/felistella.eu\\\/lv\\\/\",\"name\":\"Kirjastus Felistella\",\"description\":\"e-pood\",\"potentialAction\":[{\"@type\":\"SearchAction\",\"target\":{\"@type\":\"EntryPoint\",\"urlTemplate\":\"https:\\\/\\\/felistella.eu\\\/lv\\\/?s={search_term_string}\"},\"query-input\":{\"@type\":\"PropertyValueSpecification\",\"valueRequired\":true,\"valueName\":\"search_term_string\"}}],\"inLanguage\":\"lv-LV\"}]}<\/script>\n<!-- \/ Yoast SEO plugin. -->","yoast_head_json":{"title":"Kalend\u0101rs ar Zirga gada horoskopu 2026 - Kirjastus Felistella","robots":{"index":"index","follow":"follow","max-snippet":"max-snippet:-1","max-image-preview":"max-image-preview:large","max-video-preview":"max-video-preview:-1"},"canonical":"https:\/\/felistella.eu\/lv\/prece\/kalendars-ar-zirga-gada-horoskopu-2026\/","og_locale":"lv_LV","og_type":"article","og_title":"Kalend\u0101rs ar Zirga gada horoskopu 2026 - Kirjastus Felistella","og_description":"Laipni l\u016bdzam astrolo\u0123ijas un nosl\u0113pumainu pare\u0123ojumu pasaul\u0113!M\u016bsu sienas kalend\u0101rs ar Zirga gada horoskopu 2026 k\u013c\u016bs par neaizst\u0101jamu j\u016bsu pavadoni visu gadu. Tas apvieno elegantu dizainu, praktiskumu un noder\u012bgus astrolo\u0123iskus padomus, lai katru j\u016bsu dienu piepild\u012btu harmonija un veiksme. M\u016bsu kalend\u0101ra \u012bpatn\u012bbas Izmekl\u0113ts dizainsKatru m\u0113nesi rot\u0101 skaistas ilustr\u0101cijas, ko ir iedvesmojusi br\u012bv\u012bbas, kust\u012bbas un Zirga gada [&hellip;]","og_url":"https:\/\/felistella.eu\/lv\/prece\/kalendars-ar-zirga-gada-horoskopu-2026\/","og_site_name":"Kirjastus Felistella","article_modified_time":"2026-01-06T16:05:03+00:00","og_image":[{"width":1142,"height":827,"url":"https:\/\/FELISTELLA.EU\/wp-content\/uploads\/2025\/10\/Kalendars-ar-Zirga-gada-horoskopu-2026.jpg","type":"image\/jpeg"}],"twitter_card":"summary_large_image","twitter_misc":{"Est. reading time":"2 minutes"},"schema":{"@context":"https:\/\/schema.org","@graph":[{"@type":"WebPage","@id":"https:\/\/felistella.eu\/lv\/prece\/kalendars-ar-zirga-gada-horoskopu-2026\/","url":"https:\/\/felistella.eu\/lv\/prece\/kalendars-ar-zirga-gada-horoskopu-2026\/","name":"Kalend\u0101rs ar Zirga gada horoskopu 2026 - Kirjastus Felistella","isPartOf":{"@id":"https:\/\/felistella.eu\/lv\/#website"},"primaryImageOfPage":{"@id":"https:\/\/felistella.eu\/lv\/prece\/kalendars-ar-zirga-gada-horoskopu-2026\/#primaryimage"},"image":{"@id":"https:\/\/felistella.eu\/lv\/prece\/kalendars-ar-zirga-gada-horoskopu-2026\/#primaryimage"},"thumbnailUrl":"https:\/\/felistella.eu\/wp-content\/uploads\/2025\/10\/Kalendars-ar-Zirga-gada-horoskopu-2026.jpg","datePublished":"2025-10-21T11:20:14+00:00","dateModified":"2026-01-06T16:05:03+00:00","breadcrumb":{"@id":"https:\/\/felistella.eu\/lv\/prece\/kalendars-ar-zirga-gada-horoskopu-2026\/#breadcrumb"},"inLanguage":"lv-LV","potentialAction":[{"@type":"ReadAction","target":["https:\/\/felistella.eu\/lv\/prece\/kalendars-ar-zirga-gada-horoskopu-2026\/"]}]},{"@type":"ImageObject","inLanguage":"lv-LV","@id":"https:\/\/felistella.eu\/lv\/prece\/kalendars-ar-zirga-gada-horoskopu-2026\/#primaryimage","url":"https:\/\/felistella.eu\/wp-content\/uploads\/2025\/10\/Kalendars-ar-Zirga-gada-horoskopu-2026.jpg","contentUrl":"https:\/\/felistella.eu\/wp-content\/uploads\/2025\/10\/Kalendars-ar-Zirga-gada-horoskopu-2026.jpg","width":1142,"height":827},{"@type":"BreadcrumbList","@id":"https:\/\/felistella.eu\/lv\/prece\/kalendars-ar-zirga-gada-horoskopu-2026\/#breadcrumb","itemListElement":[{"@type":"ListItem","position":1,"name":"Avaleht","item":"https:\/\/felistella.eu\/lv\/"},{"@type":"ListItem","position":2,"name":"Pood","item":"https:\/\/felistella.eu\/pood\/"},{"@type":"ListItem","position":3,"name":"Kalend\u0101rs ar Zirga gada horoskopu 2026"}]},{"@type":"WebSite","@id":"https:\/\/felistella.eu\/lv\/#website","url":"https:\/\/felistella.eu\/lv\/","name":"Kirjastus Felistella","description":"e-pood","potentialAction":[{"@type":"SearchAction","target":{"@type":"EntryPoint","urlTemplate":"https:\/\/felistella.eu\/lv\/?s={search_term_string}"},"query-input":{"@type":"PropertyValueSpecification","valueRequired":true,"valueName":"search_term_string"}}],"inLanguage":"lv-LV"}]}},"brands":[],"_links":{"self":[{"href":"https:\/\/felistella.eu\/lv\/wp-json\/wp\/v2\/product\/36933","targetHints":{"allow":["GET"]}}],"collection":[{"href":"https:\/\/felistella.eu\/lv\/wp-json\/wp\/v2\/product"}],"about":[{"href":"https:\/\/felistella.eu\/lv\/wp-json\/wp\/v2\/types\/product"}],"replies":[{"embeddable":true,"href":"https:\/\/felistella.eu\/lv\/wp-json\/wp\/v2\/comments?post=36933"}],"version-history":[{"count":0,"href":"https:\/\/felistella.eu\/lv\/wp-json\/wp\/v2\/product\/36933\/revisions"}],"wp:featuredmedia":[{"embeddable":true,"href":"https:\/\/felistella.eu\/lv\/wp-json\/wp\/v2\/media\/36934"}],"wp:attachment":[{"href":"https:\/\/felistella.eu\/lv\/wp-json\/wp\/v2\/media?parent=36933"}],"wp:term":[{"taxonomy":"pwb-brand","embeddable":true,"href":"https:\/\/felistella.eu\/lv\/wp-json\/wp\/v2\/pwb-brand?post=36933"},{"taxonomy":"product_brand","embeddable":true,"href":"https:\/\/felistella.eu\/lv\/wp-json\/wp\/v2\/product_brand?post=36933"},{"taxonomy":"product_cat","embeddable":true,"href":"https:\/\/felistella.eu\/lv\/wp-json\/wp\/v2\/product_cat?post=36933"},{"taxonomy":"product_tag","embeddable":true,"href":"https:\/\/felistella.eu\/lv\/wp-json\/wp\/v2\/product_tag?post=36933"}],"curies":[{"name":"wp","href":"https:\/\/api.w.org\/{rel}","templated":true}]}}