{"id":36940,"date":"2025-10-21T18:03:27","date_gmt":"2025-10-21T15:03:27","guid":{"rendered":"https:\/\/felistella.eu\/?post_type=product&#038;p=36940"},"modified":"2026-01-06T18:00:02","modified_gmt":"2026-01-06T16:00:02","slug":"balzams-dveselei-2026","status":"publish","type":"product","link":"https:\/\/felistella.eu\/lv\/prece\/balzams-dveselei-2026\/","title":{"rendered":"Kalend\u0101rs Balzams dv\u0113selei 2026"},"content":{"rendered":"<p data-start=\"225\" data-end=\"456\">Atkl\u0101jiet mierpilnas iedvesmas avotu ar m\u016bsu sienas kalend\u0101ru <strong data-start=\"287\" data-end=\"314\">\u201eBalzams dv\u0113selei 2026\u201d<\/strong>. \u0160is kalend\u0101rs ir rad\u012bts, lai ienestu j\u016bsu ikdien\u0101 harmoniju un mieru, pal\u012bdz\u0113tu saskat\u012bt prieku katr\u0101 mirkl\u012b un atjaunotu iek\u0161\u0113jo l\u012bdzsvaru.<\/p>\n<p data-start=\"458\" data-end=\"491\"><strong data-start=\"458\" data-end=\"491\">M\u016bsu kalend\u0101ra priek\u0161roc\u012bbas:<\/strong><\/p>\n<p data-start=\"493\" data-end=\"720\"><strong data-start=\"493\" data-end=\"514\">Valdzino\u0161i att\u0113li<\/strong><br data-start=\"514\" data-end=\"517\" \/>Katru m\u0113nesi rot\u0101 skaisti att\u0113li, kas rada mierpilnu un est\u0113tisku noska\u0146u. Dabasskati, dz\u012bvnieku pasaule un iedvesmojo\u0161i m\u0101kslas mot\u012bvi \u013cauj uz br\u012bdi aizmirst ikdienas steigu un izbaud\u012bt tagadnes mirkli.<\/p>\n<p data-start=\"722\" data-end=\"878\"><strong data-start=\"722\" data-end=\"742\">Ieteikumi mieram<\/strong><br data-start=\"742\" data-end=\"745\" \/>Katru m\u0113nesi atrad\u012bsiet v\u0113rt\u012bgus ieteikumus medit\u0101cijai, relaks\u0101cijai un pa\u0161izaugsmei, kas pal\u012bdz\u0113s atg\u016bt iek\u0161\u0113jo mieru un harmoniju.<\/p>\n<p data-start=\"880\" data-end=\"978\"><strong data-start=\"880\" data-end=\"901\">Kvalitat\u012bva druka<\/strong><br data-start=\"901\" data-end=\"904\" \/>Ko\u0161i un skaidri att\u0113li uz bieza pap\u012bra saglab\u0101s savu pievilc\u012bbu visu gadu.<\/p>\n<p data-start=\"980\" data-end=\"1184\"><strong data-start=\"980\" data-end=\"1004\">Noder\u012bga inform\u0101cija<\/strong><br data-start=\"1004\" data-end=\"1007\" \/>Kalend\u0101r\u0101 iek\u013cauti noz\u012bm\u012bgi un piemi\u0146as datumi, sv\u0113tku un v\u0101rda dienas, m\u0113ness f\u0101zes, saull\u0113kta un saulrieta laiki \u2014 lai j\u016bs var\u0113tu pl\u0101not savas dienas saska\u0146\u0101 ar dabas ritmiem.<\/p>\n<p data-start=\"1186\" data-end=\"1306\"><strong data-start=\"1186\" data-end=\"1215\">Videi draudz\u012bgi materi\u0101li<\/strong><br data-start=\"1215\" data-end=\"1218\" \/>M\u0113s r\u016bp\u0113jamies par dabu, t\u0101p\u0113c kalend\u0101rs ir izgatavots no ekolo\u0123iski t\u012briem materi\u0101liem.<\/p>\n<p data-start=\"1308\" data-end=\"1495\"><strong data-start=\"1308\" data-end=\"1416\">\u201eBalzams dv\u0113selei\u201d nav tikai kalend\u0101rs \u2014 tas ir j\u016bsu person\u012bgais ce\u013cvedis uz mieru un iek\u0161\u0113jo harmoniju.<\/strong><br data-start=\"1416\" data-end=\"1419\" \/>Lai katrs m\u0113nesis sniedz jaunu iedvesmu un piepilda dz\u012bvi ar j\u0113gu un prieku!<\/p>\n","protected":false},"excerpt":{"rendered":"Atkl\u0101jiet mierpilnas iedvesmas avotu ar m\u016bsu sienas kalend\u0101ru \u201eBalzams dv\u0113selei 2026\u201d. \u0160is kalend\u0101rs ir rad\u012bts, lai ienestu j\u016bsu ikdien\u0101 harmoniju un mieru, pal\u012bdz\u0113tu saskat\u012bt prieku katr\u0101 mirkl\u012b un atjaunotu iek\u0161\u0113jo l\u012bdzsvaru. M\u016bsu kalend\u0101ra priek\u0161roc\u012bbas: Valdzino\u0161i att\u0113liKatru m\u0113nesi rot\u0101 skaisti att\u0113li, kas rada mierpilnu un est\u0113tisku noska\u0146u. Dabasskati, dz\u012bvnieku pasaule un iedvesmojo\u0161i m\u0101kslas mot\u012bvi \u013cauj uz [&hellip;]","protected":false},"featured_media":36941,"comment_status":"open","ping_status":"closed","template":"","meta":{"_acf_changed":false},"pwb-brand":[],"product_brand":[],"product_cat":[1047,1045],"product_tag":[],"class_list":{"0":"post-36940","1":"product","2":"type-product","3":"status-publish","4":"has-post-thumbnail","6":"product_cat-jaunumi","7":"product_cat-kalendari","8":"pa_formaat-ar-papira-saspraudi","9":"pa_formaat-mikstos-vakos","11":"first","12":"instock","13":"taxable","14":"shipping-taxable","15":"purchasable","16":"product-type-simple","17":"add-to-wishlist-before_image"},"acf":[],"yoast_head":"<!-- This site is optimized with the Yoast SEO plugin v27.4 - https:\/\/yoast.com\/product\/yoast-seo-wordpress\/ -->\n<title>Kalend\u0101rs Balzams dv\u0113selei 2026 - Kirjastus Felistella<\/title>\n<meta name=\"robots\" content=\"index, follow, max-snippet:-1, max-image-preview:large, max-video-preview:-1\" \/>\n<link rel=\"canonical\" href=\"https:\/\/felistella.eu\/lv\/prece\/balzams-dveselei-2026\/\" \/>\n<meta property=\"og:locale\" content=\"lv_LV\" \/>\n<meta property=\"og:type\" content=\"article\" \/>\n<meta property=\"og:title\" content=\"Kalend\u0101rs Balzams dv\u0113selei 2026 - Kirjastus Felistella\" \/>\n<meta property=\"og:description\" content=\"Atkl\u0101jiet mierpilnas iedvesmas avotu ar m\u016bsu sienas kalend\u0101ru \u201eBalzams dv\u0113selei 2026\u201d. \u0160is kalend\u0101rs ir rad\u012bts, lai ienestu j\u016bsu ikdien\u0101 harmoniju un mieru, pal\u012bdz\u0113tu saskat\u012bt prieku katr\u0101 mirkl\u012b un atjaunotu iek\u0161\u0113jo l\u012bdzsvaru. M\u016bsu kalend\u0101ra priek\u0161roc\u012bbas: Valdzino\u0161i att\u0113liKatru m\u0113nesi rot\u0101 skaisti att\u0113li, kas rada mierpilnu un est\u0113tisku noska\u0146u. Dabasskati, dz\u012bvnieku pasaule un iedvesmojo\u0161i m\u0101kslas mot\u012bvi \u013cauj uz [&hellip;]\" \/>\n<meta property=\"og:url\" content=\"https:\/\/felistella.eu\/lv\/prece\/balzams-dveselei-2026\/\" \/>\n<meta property=\"og:site_name\" content=\"Kirjastus Felistella\" \/>\n<meta property=\"article:modified_time\" content=\"2026-01-06T16:00:02+00:00\" \/>\n<meta property=\"og:image\" content=\"https:\/\/FELISTELLA.EU\/wp-content\/uploads\/2025\/10\/Balzams-dveselei-2026.jpg\" \/>\n\t<meta property=\"og:image:width\" content=\"1142\" \/>\n\t<meta property=\"og:image:height\" content=\"827\" \/>\n\t<meta property=\"og:image:type\" content=\"image\/jpeg\" \/>\n<meta name=\"twitter:card\" content=\"summary_large_image\" \/>\n<meta name=\"twitter:label1\" content=\"Est. reading time\" \/>\n\t<meta name=\"twitter:data1\" content=\"2 minutes\" \/>\n<script type=\"application\/ld+json\" class=\"yoast-schema-graph\">{\"@context\":\"https:\\\/\\\/schema.org\",\"@graph\":[{\"@type\":\"WebPage\",\"@id\":\"https:\\\/\\\/felistella.eu\\\/lv\\\/prece\\\/balzams-dveselei-2026\\\/\",\"url\":\"https:\\\/\\\/felistella.eu\\\/lv\\\/prece\\\/balzams-dveselei-2026\\\/\",\"name\":\"Kalend\u0101rs Balzams dv\u0113selei 2026 - Kirjastus Felistella\",\"isPartOf\":{\"@id\":\"https:\\\/\\\/felistella.eu\\\/lv\\\/#website\"},\"primaryImageOfPage\":{\"@id\":\"https:\\\/\\\/felistella.eu\\\/lv\\\/prece\\\/balzams-dveselei-2026\\\/#primaryimage\"},\"image\":{\"@id\":\"https:\\\/\\\/felistella.eu\\\/lv\\\/prece\\\/balzams-dveselei-2026\\\/#primaryimage\"},\"thumbnailUrl\":\"https:\\\/\\\/felistella.eu\\\/wp-content\\\/uploads\\\/2025\\\/10\\\/Balzams-dveselei-2026.jpg\",\"datePublished\":\"2025-10-21T15:03:27+00:00\",\"dateModified\":\"2026-01-06T16:00:02+00:00\",\"breadcrumb\":{\"@id\":\"https:\\\/\\\/felistella.eu\\\/lv\\\/prece\\\/balzams-dveselei-2026\\\/#breadcrumb\"},\"inLanguage\":\"lv-LV\",\"potentialAction\":[{\"@type\":\"ReadAction\",\"target\":[\"https:\\\/\\\/felistella.eu\\\/lv\\\/prece\\\/balzams-dveselei-2026\\\/\"]}]},{\"@type\":\"ImageObject\",\"inLanguage\":\"lv-LV\",\"@id\":\"https:\\\/\\\/felistella.eu\\\/lv\\\/prece\\\/balzams-dveselei-2026\\\/#primaryimage\",\"url\":\"https:\\\/\\\/felistella.eu\\\/wp-content\\\/uploads\\\/2025\\\/10\\\/Balzams-dveselei-2026.jpg\",\"contentUrl\":\"https:\\\/\\\/felistella.eu\\\/wp-content\\\/uploads\\\/2025\\\/10\\\/Balzams-dveselei-2026.jpg\",\"width\":1142,\"height\":827},{\"@type\":\"BreadcrumbList\",\"@id\":\"https:\\\/\\\/felistella.eu\\\/lv\\\/prece\\\/balzams-dveselei-2026\\\/#breadcrumb\",\"itemListElement\":[{\"@type\":\"ListItem\",\"position\":1,\"name\":\"Avaleht\",\"item\":\"https:\\\/\\\/felistella.eu\\\/lv\\\/\"},{\"@type\":\"ListItem\",\"position\":2,\"name\":\"Pood\",\"item\":\"https:\\\/\\\/felistella.eu\\\/pood\\\/\"},{\"@type\":\"ListItem\",\"position\":3,\"name\":\"Kalend\u0101rs Balzams dv\u0113selei 2026\"}]},{\"@type\":\"WebSite\",\"@id\":\"https:\\\/\\\/felistella.eu\\\/lv\\\/#website\",\"url\":\"https:\\\/\\\/felistella.eu\\\/lv\\\/\",\"name\":\"Kirjastus Felistella\",\"description\":\"e-pood\",\"potentialAction\":[{\"@type\":\"SearchAction\",\"target\":{\"@type\":\"EntryPoint\",\"urlTemplate\":\"https:\\\/\\\/felistella.eu\\\/lv\\\/?s={search_term_string}\"},\"query-input\":{\"@type\":\"PropertyValueSpecification\",\"valueRequired\":true,\"valueName\":\"search_term_string\"}}],\"inLanguage\":\"lv-LV\"}]}<\/script>\n<!-- \/ Yoast SEO plugin. -->","yoast_head_json":{"title":"Kalend\u0101rs Balzams dv\u0113selei 2026 - Kirjastus Felistella","robots":{"index":"index","follow":"follow","max-snippet":"max-snippet:-1","max-image-preview":"max-image-preview:large","max-video-preview":"max-video-preview:-1"},"canonical":"https:\/\/felistella.eu\/lv\/prece\/balzams-dveselei-2026\/","og_locale":"lv_LV","og_type":"article","og_title":"Kalend\u0101rs Balzams dv\u0113selei 2026 - Kirjastus Felistella","og_description":"Atkl\u0101jiet mierpilnas iedvesmas avotu ar m\u016bsu sienas kalend\u0101ru \u201eBalzams dv\u0113selei 2026\u201d. \u0160is kalend\u0101rs ir rad\u012bts, lai ienestu j\u016bsu ikdien\u0101 harmoniju un mieru, pal\u012bdz\u0113tu saskat\u012bt prieku katr\u0101 mirkl\u012b un atjaunotu iek\u0161\u0113jo l\u012bdzsvaru. M\u016bsu kalend\u0101ra priek\u0161roc\u012bbas: Valdzino\u0161i att\u0113liKatru m\u0113nesi rot\u0101 skaisti att\u0113li, kas rada mierpilnu un est\u0113tisku noska\u0146u. Dabasskati, dz\u012bvnieku pasaule un iedvesmojo\u0161i m\u0101kslas mot\u012bvi \u013cauj uz [&hellip;]","og_url":"https:\/\/felistella.eu\/lv\/prece\/balzams-dveselei-2026\/","og_site_name":"Kirjastus Felistella","article_modified_time":"2026-01-06T16:00:02+00:00","og_image":[{"width":1142,"height":827,"url":"https:\/\/FELISTELLA.EU\/wp-content\/uploads\/2025\/10\/Balzams-dveselei-2026.jpg","type":"image\/jpeg"}],"twitter_card":"summary_large_image","twitter_misc":{"Est. reading time":"2 minutes"},"schema":{"@context":"https:\/\/schema.org","@graph":[{"@type":"WebPage","@id":"https:\/\/felistella.eu\/lv\/prece\/balzams-dveselei-2026\/","url":"https:\/\/felistella.eu\/lv\/prece\/balzams-dveselei-2026\/","name":"Kalend\u0101rs Balzams dv\u0113selei 2026 - Kirjastus Felistella","isPartOf":{"@id":"https:\/\/felistella.eu\/lv\/#website"},"primaryImageOfPage":{"@id":"https:\/\/felistella.eu\/lv\/prece\/balzams-dveselei-2026\/#primaryimage"},"image":{"@id":"https:\/\/felistella.eu\/lv\/prece\/balzams-dveselei-2026\/#primaryimage"},"thumbnailUrl":"https:\/\/felistella.eu\/wp-content\/uploads\/2025\/10\/Balzams-dveselei-2026.jpg","datePublished":"2025-10-21T15:03:27+00:00","dateModified":"2026-01-06T16:00:02+00:00","breadcrumb":{"@id":"https:\/\/felistella.eu\/lv\/prece\/balzams-dveselei-2026\/#breadcrumb"},"inLanguage":"lv-LV","potentialAction":[{"@type":"ReadAction","target":["https:\/\/felistella.eu\/lv\/prece\/balzams-dveselei-2026\/"]}]},{"@type":"ImageObject","inLanguage":"lv-LV","@id":"https:\/\/felistella.eu\/lv\/prece\/balzams-dveselei-2026\/#primaryimage","url":"https:\/\/felistella.eu\/wp-content\/uploads\/2025\/10\/Balzams-dveselei-2026.jpg","contentUrl":"https:\/\/felistella.eu\/wp-content\/uploads\/2025\/10\/Balzams-dveselei-2026.jpg","width":1142,"height":827},{"@type":"BreadcrumbList","@id":"https:\/\/felistella.eu\/lv\/prece\/balzams-dveselei-2026\/#breadcrumb","itemListElement":[{"@type":"ListItem","position":1,"name":"Avaleht","item":"https:\/\/felistella.eu\/lv\/"},{"@type":"ListItem","position":2,"name":"Pood","item":"https:\/\/felistella.eu\/pood\/"},{"@type":"ListItem","position":3,"name":"Kalend\u0101rs Balzams dv\u0113selei 2026"}]},{"@type":"WebSite","@id":"https:\/\/felistella.eu\/lv\/#website","url":"https:\/\/felistella.eu\/lv\/","name":"Kirjastus Felistella","description":"e-pood","potentialAction":[{"@type":"SearchAction","target":{"@type":"EntryPoint","urlTemplate":"https:\/\/felistella.eu\/lv\/?s={search_term_string}"},"query-input":{"@type":"PropertyValueSpecification","valueRequired":true,"valueName":"search_term_string"}}],"inLanguage":"lv-LV"}]}},"brands":[],"_links":{"self":[{"href":"https:\/\/felistella.eu\/lv\/wp-json\/wp\/v2\/product\/36940","targetHints":{"allow":["GET"]}}],"collection":[{"href":"https:\/\/felistella.eu\/lv\/wp-json\/wp\/v2\/product"}],"about":[{"href":"https:\/\/felistella.eu\/lv\/wp-json\/wp\/v2\/types\/product"}],"replies":[{"embeddable":true,"href":"https:\/\/felistella.eu\/lv\/wp-json\/wp\/v2\/comments?post=36940"}],"version-history":[{"count":0,"href":"https:\/\/felistella.eu\/lv\/wp-json\/wp\/v2\/product\/36940\/revisions"}],"wp:featuredmedia":[{"embeddable":true,"href":"https:\/\/felistella.eu\/lv\/wp-json\/wp\/v2\/media\/36941"}],"wp:attachment":[{"href":"https:\/\/felistella.eu\/lv\/wp-json\/wp\/v2\/media?parent=36940"}],"wp:term":[{"taxonomy":"pwb-brand","embeddable":true,"href":"https:\/\/felistella.eu\/lv\/wp-json\/wp\/v2\/pwb-brand?post=36940"},{"taxonomy":"product_brand","embeddable":true,"href":"https:\/\/felistella.eu\/lv\/wp-json\/wp\/v2\/product_brand?post=36940"},{"taxonomy":"product_cat","embeddable":true,"href":"https:\/\/felistella.eu\/lv\/wp-json\/wp\/v2\/product_cat?post=36940"},{"taxonomy":"product_tag","embeddable":true,"href":"https:\/\/felistella.eu\/lv\/wp-json\/wp\/v2\/product_tag?post=36940"}],"curies":[{"name":"wp","href":"https:\/\/api.w.org\/{rel}","templated":true}]}}