{"id":37250,"date":"2025-11-17T17:49:09","date_gmt":"2025-11-17T15:49:09","guid":{"rendered":"https:\/\/felistella.eu\/?post_type=product&#038;p=37250"},"modified":"2025-12-11T03:05:06","modified_gmt":"2025-12-11T01:05:06","slug":"mazie-solisi-mani-pirmie-vardi-uzlimju-gramata","status":"publish","type":"product","link":"https:\/\/felistella.eu\/lv\/prece\/mazie-solisi-mani-pirmie-vardi-uzlimju-gramata\/","title":{"rendered":"Mazie sol\u012b\u0161i. Mani pirmie v\u0101rdi. Uzl\u012bmju gr\u0101mata"},"content":{"rendered":"<p><strong>\u201eMani pirmie v\u0101rdi\u201c<\/strong> ir jautra un att\u012bsto\u0161a uzl\u012bmju gr\u0101mata no s\u0113rijas <em>Mazie sol\u012b\u0161i<\/em>, kas rota\u013c\u012bg\u0101 veid\u0101 pal\u012bdz b\u0113rnam iepaz\u012bt jaunus v\u0101rdus un papla\u0161in\u0101t savu v\u0101rdu kr\u0101jumu. Katra lappuse pied\u0101v\u0101 kr\u0101sainus uzdevumus un jautras ilustr\u0101cijas, kas padara m\u0101c\u012b\u0161anos aizraujo\u0161u un interesantu.<\/p>\n<p>B\u0113rns var mekl\u0113t pareiz\u0101s uzl\u012bmes un piel\u012bm\u0113t t\u0101s pie atbilsto\u0161ajiem att\u0113liem, vienlaikus apg\u016bstot ikdienas priek\u0161metus, dz\u012bvniekus, p\u0101rtikas produktus un daudz ko citu. \u0160\u012bs aktivit\u0101tes veicina uzman\u012bbu, atmi\u0146u, s\u012bko motoriku un pal\u012bdz nostiprin\u0101t jaunas zin\u0101\u0161anas.<\/p>\n<p>Gr\u0101mata ir lieliski piem\u0113rota gan m\u0101j\u0101s, gan ce\u013cojum\u0101. Ko\u0161\u0101s ilustr\u0101cijas, vienk\u0101r\u0161ie nor\u0101d\u012bjumi un uzl\u012bmju prieks padara m\u0101c\u012b\u0161anos rota\u013c\u012bgu un sag\u0101d\u0101 b\u0113rnam prieku ik reizi, kad vi\u0146\u0161 atver \u0161o gr\u0101matu.<\/p>\n<p><a href=\"https:\/\/felistella.eu\/wp-content\/uploads\/2020\/05\/ce-mark-42944_1280.png\" data-fancybox=\"gallery\"><img decoding=\"async\" class=\"alignnone wp-image-4105\" src=\"https:\/\/felistella.eu\/wp-content\/uploads\/2020\/05\/ce-mark-42944_1280-150x107.png\" sizes=\"(max-width: 30px) 100vw, 30px\" srcset=\"https:\/\/felistella.eu\/wp-content\/uploads\/2020\/05\/ce-mark-42944_1280-150x107.png 150w, https:\/\/felistella.eu\/wp-content\/uploads\/2020\/05\/ce-mark-42944_1280-185x132.png 185w, https:\/\/felistella.eu\/wp-content\/uploads\/2020\/05\/ce-mark-42944_1280-600x428.png 600w, https:\/\/felistella.eu\/wp-content\/uploads\/2020\/05\/ce-mark-42944_1280-64x46.png 64w, https:\/\/felistella.eu\/wp-content\/uploads\/2020\/05\/ce-mark-42944_1280-300x214.png 300w, https:\/\/felistella.eu\/wp-content\/uploads\/2020\/05\/ce-mark-42944_1280-1024x731.png 1024w, https:\/\/felistella.eu\/wp-content\/uploads\/2020\/05\/ce-mark-42944_1280-768x548.png 768w, https:\/\/felistella.eu\/wp-content\/uploads\/2020\/05\/ce-mark-42944_1280-220x154.png 220w, https:\/\/felistella.eu\/wp-content\/uploads\/2020\/05\/ce-mark-42944_1280-224x160.png 224w, https:\/\/felistella.eu\/wp-content\/uploads\/2020\/05\/ce-mark-42944_1280.png 1280w\" alt=\"\" width=\"30\" height=\"21\" \/><\/a>\u00a0<a href=\"https:\/\/felistella.eu\/wp-content\/uploads\/2020\/05\/0-3-logo-children-baby-logo.gif\" data-fancybox=\"gallery\"><img decoding=\"async\" class=\"alignnone wp-image-4491\" src=\"https:\/\/felistella.eu\/wp-content\/uploads\/2020\/05\/0-3-logo-children-baby-logo.gif\" alt=\"\" width=\"35\" height=\"35\" \/><\/a><br \/>\n<strong>BR\u012aDIN\u0100JUMS!<\/strong> Nedot b\u0113rniem, kas jaun\u0101ki par 3 gadiem, jo satur s\u012bkas deta\u013cas &#8211; risks aizr\u012bties!<\/p>\n","protected":false},"excerpt":{"rendered":"\u201eMani pirmie v\u0101rdi\u201c ir jautra un att\u012bsto\u0161a uzl\u012bmju gr\u0101mata no s\u0113rijas Mazie sol\u012b\u0161i, kas rota\u013c\u012bg\u0101 veid\u0101 pal\u012bdz b\u0113rnam iepaz\u012bt jaunus v\u0101rdus un papla\u0161in\u0101t savu v\u0101rdu kr\u0101jumu. Katra lappuse pied\u0101v\u0101 kr\u0101sainus uzdevumus un jautras ilustr\u0101cijas, kas padara m\u0101c\u012b\u0161anos aizraujo\u0161u un interesantu. B\u0113rns var mekl\u0113t pareiz\u0101s uzl\u012bmes un piel\u012bm\u0113t t\u0101s pie atbilsto\u0161ajiem att\u0113liem, vienlaikus apg\u016bstot ikdienas priek\u0161metus, [&hellip;]","protected":false},"featured_media":37261,"comment_status":"open","ping_status":"closed","template":"","meta":{"_acf_changed":false},"pwb-brand":[],"product_brand":[],"product_cat":[833,935],"product_tag":[],"class_list":{"0":"post-37250","1":"product","2":"type-product","3":"status-publish","4":"has-post-thumbnail","6":"product_cat-uus","7":"product_cat-kleepsu-ja-varviraamatud","8":"pa_formaat-mikstos-vakos","9":"pa_illustreerija-an-rypens","10":"pa_illustreerija-carine-smeers-2","11":"pa_serija-mazie-solisi","12":"pa_tagi-uzlimes","13":"pa_vanus-3-4-gadi","15":"first","16":"instock","17":"taxable","18":"shipping-taxable","19":"purchasable","20":"product-type-simple","21":"add-to-wishlist-before_image"},"acf":[],"yoast_head":"<!-- This site is optimized with the Yoast SEO plugin v27.4 - https:\/\/yoast.com\/product\/yoast-seo-wordpress\/ -->\n<title>Mazie sol\u012b\u0161i. Mani pirmie v\u0101rdi. Uzl\u012bmju gr\u0101mata - Kirjastus Felistella<\/title>\n<meta name=\"robots\" content=\"index, follow, max-snippet:-1, max-image-preview:large, max-video-preview:-1\" \/>\n<link rel=\"canonical\" href=\"https:\/\/felistella.eu\/lv\/prece\/mazie-solisi-mani-pirmie-vardi-uzlimju-gramata\/\" \/>\n<meta property=\"og:locale\" content=\"lv_LV\" \/>\n<meta property=\"og:type\" content=\"article\" \/>\n<meta property=\"og:title\" content=\"Mazie sol\u012b\u0161i. Mani pirmie v\u0101rdi. Uzl\u012bmju gr\u0101mata - Kirjastus Felistella\" \/>\n<meta property=\"og:description\" content=\"\u201eMani pirmie v\u0101rdi\u201c ir jautra un att\u012bsto\u0161a uzl\u012bmju gr\u0101mata no s\u0113rijas Mazie sol\u012b\u0161i, kas rota\u013c\u012bg\u0101 veid\u0101 pal\u012bdz b\u0113rnam iepaz\u012bt jaunus v\u0101rdus un papla\u0161in\u0101t savu v\u0101rdu kr\u0101jumu. Katra lappuse pied\u0101v\u0101 kr\u0101sainus uzdevumus un jautras ilustr\u0101cijas, kas padara m\u0101c\u012b\u0161anos aizraujo\u0161u un interesantu. B\u0113rns var mekl\u0113t pareiz\u0101s uzl\u012bmes un piel\u012bm\u0113t t\u0101s pie atbilsto\u0161ajiem att\u0113liem, vienlaikus apg\u016bstot ikdienas priek\u0161metus, [&hellip;]\" \/>\n<meta property=\"og:url\" content=\"https:\/\/felistella.eu\/lv\/prece\/mazie-solisi-mani-pirmie-vardi-uzlimju-gramata\/\" \/>\n<meta property=\"og:site_name\" content=\"Kirjastus Felistella\" \/>\n<meta property=\"article:modified_time\" content=\"2025-12-11T01:05:06+00:00\" \/>\n<meta property=\"og:image\" content=\"https:\/\/FELISTELLA.EU\/wp-content\/uploads\/2025\/11\/LV-Esimesed-sonad-kaas-1.jpg\" \/>\n\t<meta property=\"og:image:width\" content=\"787\" \/>\n\t<meta property=\"og:image:height\" content=\"1063\" \/>\n\t<meta property=\"og:image:type\" content=\"image\/jpeg\" \/>\n<meta name=\"twitter:card\" content=\"summary_large_image\" \/>\n<meta name=\"twitter:label1\" content=\"Est. reading time\" \/>\n\t<meta name=\"twitter:data1\" content=\"2 minutes\" \/>\n<script type=\"application\/ld+json\" class=\"yoast-schema-graph\">{\"@context\":\"https:\\\/\\\/schema.org\",\"@graph\":[{\"@type\":\"WebPage\",\"@id\":\"https:\\\/\\\/felistella.eu\\\/lv\\\/prece\\\/mazie-solisi-mani-pirmie-vardi-uzlimju-gramata\\\/\",\"url\":\"https:\\\/\\\/felistella.eu\\\/lv\\\/prece\\\/mazie-solisi-mani-pirmie-vardi-uzlimju-gramata\\\/\",\"name\":\"Mazie sol\u012b\u0161i. Mani pirmie v\u0101rdi. Uzl\u012bmju gr\u0101mata - Kirjastus Felistella\",\"isPartOf\":{\"@id\":\"https:\\\/\\\/felistella.eu\\\/lv\\\/#website\"},\"primaryImageOfPage\":{\"@id\":\"https:\\\/\\\/felistella.eu\\\/lv\\\/prece\\\/mazie-solisi-mani-pirmie-vardi-uzlimju-gramata\\\/#primaryimage\"},\"image\":{\"@id\":\"https:\\\/\\\/felistella.eu\\\/lv\\\/prece\\\/mazie-solisi-mani-pirmie-vardi-uzlimju-gramata\\\/#primaryimage\"},\"thumbnailUrl\":\"https:\\\/\\\/felistella.eu\\\/wp-content\\\/uploads\\\/2025\\\/11\\\/LV-Esimesed-sonad-kaas-1.jpg\",\"datePublished\":\"2025-11-17T15:49:09+00:00\",\"dateModified\":\"2025-12-11T01:05:06+00:00\",\"breadcrumb\":{\"@id\":\"https:\\\/\\\/felistella.eu\\\/lv\\\/prece\\\/mazie-solisi-mani-pirmie-vardi-uzlimju-gramata\\\/#breadcrumb\"},\"inLanguage\":\"lv-LV\",\"potentialAction\":[{\"@type\":\"ReadAction\",\"target\":[\"https:\\\/\\\/felistella.eu\\\/lv\\\/prece\\\/mazie-solisi-mani-pirmie-vardi-uzlimju-gramata\\\/\"]}]},{\"@type\":\"ImageObject\",\"inLanguage\":\"lv-LV\",\"@id\":\"https:\\\/\\\/felistella.eu\\\/lv\\\/prece\\\/mazie-solisi-mani-pirmie-vardi-uzlimju-gramata\\\/#primaryimage\",\"url\":\"https:\\\/\\\/felistella.eu\\\/wp-content\\\/uploads\\\/2025\\\/11\\\/LV-Esimesed-sonad-kaas-1.jpg\",\"contentUrl\":\"https:\\\/\\\/felistella.eu\\\/wp-content\\\/uploads\\\/2025\\\/11\\\/LV-Esimesed-sonad-kaas-1.jpg\",\"width\":787,\"height\":1063},{\"@type\":\"BreadcrumbList\",\"@id\":\"https:\\\/\\\/felistella.eu\\\/lv\\\/prece\\\/mazie-solisi-mani-pirmie-vardi-uzlimju-gramata\\\/#breadcrumb\",\"itemListElement\":[{\"@type\":\"ListItem\",\"position\":1,\"name\":\"Avaleht\",\"item\":\"https:\\\/\\\/felistella.eu\\\/lv\\\/\"},{\"@type\":\"ListItem\",\"position\":2,\"name\":\"Pood\",\"item\":\"https:\\\/\\\/felistella.eu\\\/pood\\\/\"},{\"@type\":\"ListItem\",\"position\":3,\"name\":\"Mazie sol\u012b\u0161i. Mani pirmie v\u0101rdi. Uzl\u012bmju gr\u0101mata\"}]},{\"@type\":\"WebSite\",\"@id\":\"https:\\\/\\\/felistella.eu\\\/lv\\\/#website\",\"url\":\"https:\\\/\\\/felistella.eu\\\/lv\\\/\",\"name\":\"Kirjastus Felistella\",\"description\":\"e-pood\",\"potentialAction\":[{\"@type\":\"SearchAction\",\"target\":{\"@type\":\"EntryPoint\",\"urlTemplate\":\"https:\\\/\\\/felistella.eu\\\/lv\\\/?s={search_term_string}\"},\"query-input\":{\"@type\":\"PropertyValueSpecification\",\"valueRequired\":true,\"valueName\":\"search_term_string\"}}],\"inLanguage\":\"lv-LV\"}]}<\/script>\n<!-- \/ Yoast SEO plugin. -->","yoast_head_json":{"title":"Mazie sol\u012b\u0161i. Mani pirmie v\u0101rdi. Uzl\u012bmju gr\u0101mata - Kirjastus Felistella","robots":{"index":"index","follow":"follow","max-snippet":"max-snippet:-1","max-image-preview":"max-image-preview:large","max-video-preview":"max-video-preview:-1"},"canonical":"https:\/\/felistella.eu\/lv\/prece\/mazie-solisi-mani-pirmie-vardi-uzlimju-gramata\/","og_locale":"lv_LV","og_type":"article","og_title":"Mazie sol\u012b\u0161i. Mani pirmie v\u0101rdi. Uzl\u012bmju gr\u0101mata - Kirjastus Felistella","og_description":"\u201eMani pirmie v\u0101rdi\u201c ir jautra un att\u012bsto\u0161a uzl\u012bmju gr\u0101mata no s\u0113rijas Mazie sol\u012b\u0161i, kas rota\u013c\u012bg\u0101 veid\u0101 pal\u012bdz b\u0113rnam iepaz\u012bt jaunus v\u0101rdus un papla\u0161in\u0101t savu v\u0101rdu kr\u0101jumu. Katra lappuse pied\u0101v\u0101 kr\u0101sainus uzdevumus un jautras ilustr\u0101cijas, kas padara m\u0101c\u012b\u0161anos aizraujo\u0161u un interesantu. B\u0113rns var mekl\u0113t pareiz\u0101s uzl\u012bmes un piel\u012bm\u0113t t\u0101s pie atbilsto\u0161ajiem att\u0113liem, vienlaikus apg\u016bstot ikdienas priek\u0161metus, [&hellip;]","og_url":"https:\/\/felistella.eu\/lv\/prece\/mazie-solisi-mani-pirmie-vardi-uzlimju-gramata\/","og_site_name":"Kirjastus Felistella","article_modified_time":"2025-12-11T01:05:06+00:00","og_image":[{"width":787,"height":1063,"url":"https:\/\/FELISTELLA.EU\/wp-content\/uploads\/2025\/11\/LV-Esimesed-sonad-kaas-1.jpg","type":"image\/jpeg"}],"twitter_card":"summary_large_image","twitter_misc":{"Est. reading time":"2 minutes"},"schema":{"@context":"https:\/\/schema.org","@graph":[{"@type":"WebPage","@id":"https:\/\/felistella.eu\/lv\/prece\/mazie-solisi-mani-pirmie-vardi-uzlimju-gramata\/","url":"https:\/\/felistella.eu\/lv\/prece\/mazie-solisi-mani-pirmie-vardi-uzlimju-gramata\/","name":"Mazie sol\u012b\u0161i. Mani pirmie v\u0101rdi. Uzl\u012bmju gr\u0101mata - Kirjastus Felistella","isPartOf":{"@id":"https:\/\/felistella.eu\/lv\/#website"},"primaryImageOfPage":{"@id":"https:\/\/felistella.eu\/lv\/prece\/mazie-solisi-mani-pirmie-vardi-uzlimju-gramata\/#primaryimage"},"image":{"@id":"https:\/\/felistella.eu\/lv\/prece\/mazie-solisi-mani-pirmie-vardi-uzlimju-gramata\/#primaryimage"},"thumbnailUrl":"https:\/\/felistella.eu\/wp-content\/uploads\/2025\/11\/LV-Esimesed-sonad-kaas-1.jpg","datePublished":"2025-11-17T15:49:09+00:00","dateModified":"2025-12-11T01:05:06+00:00","breadcrumb":{"@id":"https:\/\/felistella.eu\/lv\/prece\/mazie-solisi-mani-pirmie-vardi-uzlimju-gramata\/#breadcrumb"},"inLanguage":"lv-LV","potentialAction":[{"@type":"ReadAction","target":["https:\/\/felistella.eu\/lv\/prece\/mazie-solisi-mani-pirmie-vardi-uzlimju-gramata\/"]}]},{"@type":"ImageObject","inLanguage":"lv-LV","@id":"https:\/\/felistella.eu\/lv\/prece\/mazie-solisi-mani-pirmie-vardi-uzlimju-gramata\/#primaryimage","url":"https:\/\/felistella.eu\/wp-content\/uploads\/2025\/11\/LV-Esimesed-sonad-kaas-1.jpg","contentUrl":"https:\/\/felistella.eu\/wp-content\/uploads\/2025\/11\/LV-Esimesed-sonad-kaas-1.jpg","width":787,"height":1063},{"@type":"BreadcrumbList","@id":"https:\/\/felistella.eu\/lv\/prece\/mazie-solisi-mani-pirmie-vardi-uzlimju-gramata\/#breadcrumb","itemListElement":[{"@type":"ListItem","position":1,"name":"Avaleht","item":"https:\/\/felistella.eu\/lv\/"},{"@type":"ListItem","position":2,"name":"Pood","item":"https:\/\/felistella.eu\/pood\/"},{"@type":"ListItem","position":3,"name":"Mazie sol\u012b\u0161i. Mani pirmie v\u0101rdi. Uzl\u012bmju gr\u0101mata"}]},{"@type":"WebSite","@id":"https:\/\/felistella.eu\/lv\/#website","url":"https:\/\/felistella.eu\/lv\/","name":"Kirjastus Felistella","description":"e-pood","potentialAction":[{"@type":"SearchAction","target":{"@type":"EntryPoint","urlTemplate":"https:\/\/felistella.eu\/lv\/?s={search_term_string}"},"query-input":{"@type":"PropertyValueSpecification","valueRequired":true,"valueName":"search_term_string"}}],"inLanguage":"lv-LV"}]}},"brands":[],"_links":{"self":[{"href":"https:\/\/felistella.eu\/lv\/wp-json\/wp\/v2\/product\/37250","targetHints":{"allow":["GET"]}}],"collection":[{"href":"https:\/\/felistella.eu\/lv\/wp-json\/wp\/v2\/product"}],"about":[{"href":"https:\/\/felistella.eu\/lv\/wp-json\/wp\/v2\/types\/product"}],"replies":[{"embeddable":true,"href":"https:\/\/felistella.eu\/lv\/wp-json\/wp\/v2\/comments?post=37250"}],"version-history":[{"count":0,"href":"https:\/\/felistella.eu\/lv\/wp-json\/wp\/v2\/product\/37250\/revisions"}],"wp:featuredmedia":[{"embeddable":true,"href":"https:\/\/felistella.eu\/lv\/wp-json\/wp\/v2\/media\/37261"}],"wp:attachment":[{"href":"https:\/\/felistella.eu\/lv\/wp-json\/wp\/v2\/media?parent=37250"}],"wp:term":[{"taxonomy":"pwb-brand","embeddable":true,"href":"https:\/\/felistella.eu\/lv\/wp-json\/wp\/v2\/pwb-brand?post=37250"},{"taxonomy":"product_brand","embeddable":true,"href":"https:\/\/felistella.eu\/lv\/wp-json\/wp\/v2\/product_brand?post=37250"},{"taxonomy":"product_cat","embeddable":true,"href":"https:\/\/felistella.eu\/lv\/wp-json\/wp\/v2\/product_cat?post=37250"},{"taxonomy":"product_tag","embeddable":true,"href":"https:\/\/felistella.eu\/lv\/wp-json\/wp\/v2\/product_tag?post=37250"}],"curies":[{"name":"wp","href":"https:\/\/api.w.org\/{rel}","templated":true}]}}