{"id":37272,"date":"2025-11-17T18:39:38","date_gmt":"2025-11-17T16:39:38","guid":{"rendered":"https:\/\/felistella.eu\/?post_type=product&#038;p=37272"},"modified":"2025-12-11T02:05:02","modified_gmt":"2025-12-11T00:05:02","slug":"mazie-solisi-krasas-uzlimju-gramata","status":"publish","type":"product","link":"https:\/\/felistella.eu\/lv\/prece\/mazie-solisi-krasas-uzlimju-gramata\/","title":{"rendered":"Mazie sol\u012b\u0161i. Kr\u0101sas. Uzl\u012bmju gr\u0101mata"},"content":{"rendered":"<p>\u201eKr\u0101sas\u201c ir jautra un att\u012bsto\u0161a uzl\u012bmju gr\u0101mata no s\u0113rijas <em>Mazie sol\u012b\u0161i<\/em>, kas pal\u012bdz b\u0113rnam iepaz\u012bt un at\u0161\u0137irt da\u017e\u0101das kr\u0101sas. Katru lappusi papildina rota\u013c\u012bgi uzdevumi, kas m\u0101ca atpaz\u012bt kr\u0101sas un saist\u012bt t\u0101s ar ikdienas priek\u0161metiem, dabu un \u0113dieniem.<\/p>\n<p>B\u0113rns var piel\u012bm\u0113t tr\u016bksto\u0161os att\u0113lus pareizaj\u0101s viet\u0101s, \u0161\u0137irot priek\u0161metus p\u0113c kr\u0101sas un risin\u0101t vienk\u0101r\u0161us lo\u0123ikas uzdevumus. \u0160ie uzdevumi att\u012bsta uzman\u012bbu, lo\u0123isko dom\u0101\u0161anu un s\u012bko motoriku.<\/p>\n<p>Gr\u0101mata b\u016bs lielisks sabiedrotais gan m\u0101j\u0101s, gan ce\u013cojum\u0101 \u2014 t\u0101 vienlaikus sag\u0101d\u0101 prieku un papla\u0161ina b\u0113rna zin\u0101\u0161anas. Ko\u0161\u0101s ilustr\u0101cijas un uzl\u012bmju prieks padara m\u0101c\u012b\u0161anos par aizraujo\u0161u sp\u0113li.<\/p>\n<p><a href=\"https:\/\/felistella.eu\/wp-content\/uploads\/2020\/05\/ce-mark-42944_1280.png\" data-fancybox=\"gallery\"><img decoding=\"async\" class=\"alignnone wp-image-4105\" src=\"https:\/\/felistella.eu\/wp-content\/uploads\/2020\/05\/ce-mark-42944_1280-150x107.png\" sizes=\"(max-width: 30px) 100vw, 30px\" srcset=\"https:\/\/felistella.eu\/wp-content\/uploads\/2020\/05\/ce-mark-42944_1280-150x107.png 150w, https:\/\/felistella.eu\/wp-content\/uploads\/2020\/05\/ce-mark-42944_1280-185x132.png 185w, https:\/\/felistella.eu\/wp-content\/uploads\/2020\/05\/ce-mark-42944_1280-600x428.png 600w, https:\/\/felistella.eu\/wp-content\/uploads\/2020\/05\/ce-mark-42944_1280-64x46.png 64w, https:\/\/felistella.eu\/wp-content\/uploads\/2020\/05\/ce-mark-42944_1280-300x214.png 300w, https:\/\/felistella.eu\/wp-content\/uploads\/2020\/05\/ce-mark-42944_1280-1024x731.png 1024w, https:\/\/felistella.eu\/wp-content\/uploads\/2020\/05\/ce-mark-42944_1280-768x548.png 768w, https:\/\/felistella.eu\/wp-content\/uploads\/2020\/05\/ce-mark-42944_1280-220x154.png 220w, https:\/\/felistella.eu\/wp-content\/uploads\/2020\/05\/ce-mark-42944_1280-224x160.png 224w, https:\/\/felistella.eu\/wp-content\/uploads\/2020\/05\/ce-mark-42944_1280.png 1280w\" alt=\"\" width=\"30\" height=\"21\" \/><\/a>\u00a0<a href=\"https:\/\/felistella.eu\/wp-content\/uploads\/2020\/05\/0-3-logo-children-baby-logo.gif\" data-fancybox=\"gallery\"><img decoding=\"async\" class=\"alignnone wp-image-4491\" src=\"https:\/\/felistella.eu\/wp-content\/uploads\/2020\/05\/0-3-logo-children-baby-logo.gif\" alt=\"\" width=\"35\" height=\"35\" \/><\/a><br \/>\n<strong>BR\u012aDIN\u0100JUMS!<\/strong> Nedot b\u0113rniem, kas jaun\u0101ki par 3 gadiem, jo satur s\u012bkas deta\u013cas &#8211; risks aizr\u012bties!<\/p>\n","protected":false},"excerpt":{"rendered":"\u201eKr\u0101sas\u201c ir jautra un att\u012bsto\u0161a uzl\u012bmju gr\u0101mata no s\u0113rijas Mazie sol\u012b\u0161i, kas pal\u012bdz b\u0113rnam iepaz\u012bt un at\u0161\u0137irt da\u017e\u0101das kr\u0101sas. Katru lappusi papildina rota\u013c\u012bgi uzdevumi, kas m\u0101ca atpaz\u012bt kr\u0101sas un saist\u012bt t\u0101s ar ikdienas priek\u0161metiem, dabu un \u0113dieniem. B\u0113rns var piel\u012bm\u0113t tr\u016bksto\u0161os att\u0113lus pareizaj\u0101s viet\u0101s, \u0161\u0137irot priek\u0161metus p\u0113c kr\u0101sas un risin\u0101t vienk\u0101r\u0161us lo\u0123ikas uzdevumus. \u0160ie uzdevumi [&hellip;]","protected":false},"featured_media":37273,"comment_status":"open","ping_status":"closed","template":"","meta":{"_acf_changed":false},"pwb-brand":[],"product_brand":[],"product_cat":[833,935],"product_tag":[],"class_list":{"0":"post-37272","1":"product","2":"type-product","3":"status-publish","4":"has-post-thumbnail","6":"product_cat-uus","7":"product_cat-kleepsu-ja-varviraamatud","8":"pa_formaat-mikstos-vakos","9":"pa_illustreerija-an-rypens","10":"pa_illustreerija-carine-smeers-2","11":"pa_serija-mazie-solisi","12":"pa_tagi-uzlimes","13":"pa_vanus-3-4-gadi","15":"first","16":"instock","17":"taxable","18":"shipping-taxable","19":"purchasable","20":"product-type-simple","21":"add-to-wishlist-before_image"},"acf":[],"yoast_head":"<!-- This site is optimized with the Yoast SEO plugin v27.3 - https:\/\/yoast.com\/product\/yoast-seo-wordpress\/ -->\n<title>Mazie sol\u012b\u0161i. Kr\u0101sas. Uzl\u012bmju gr\u0101mata - Kirjastus Felistella<\/title>\n<meta name=\"robots\" content=\"index, follow, max-snippet:-1, max-image-preview:large, max-video-preview:-1\" \/>\n<link rel=\"canonical\" href=\"https:\/\/felistella.eu\/lv\/prece\/mazie-solisi-krasas-uzlimju-gramata\/\" \/>\n<meta property=\"og:locale\" content=\"lv_LV\" \/>\n<meta property=\"og:type\" content=\"article\" \/>\n<meta property=\"og:title\" content=\"Mazie sol\u012b\u0161i. Kr\u0101sas. Uzl\u012bmju gr\u0101mata - Kirjastus Felistella\" \/>\n<meta property=\"og:description\" content=\"\u201eKr\u0101sas\u201c ir jautra un att\u012bsto\u0161a uzl\u012bmju gr\u0101mata no s\u0113rijas Mazie sol\u012b\u0161i, kas pal\u012bdz b\u0113rnam iepaz\u012bt un at\u0161\u0137irt da\u017e\u0101das kr\u0101sas. Katru lappusi papildina rota\u013c\u012bgi uzdevumi, kas m\u0101ca atpaz\u012bt kr\u0101sas un saist\u012bt t\u0101s ar ikdienas priek\u0161metiem, dabu un \u0113dieniem. B\u0113rns var piel\u012bm\u0113t tr\u016bksto\u0161os att\u0113lus pareizaj\u0101s viet\u0101s, \u0161\u0137irot priek\u0161metus p\u0113c kr\u0101sas un risin\u0101t vienk\u0101r\u0161us lo\u0123ikas uzdevumus. \u0160ie uzdevumi [&hellip;]\" \/>\n<meta property=\"og:url\" content=\"https:\/\/felistella.eu\/lv\/prece\/mazie-solisi-krasas-uzlimju-gramata\/\" \/>\n<meta property=\"og:site_name\" content=\"Kirjastus Felistella\" \/>\n<meta property=\"article:modified_time\" content=\"2025-12-11T00:05:02+00:00\" \/>\n<meta property=\"og:image\" content=\"https:\/\/FELISTELLA.EU\/wp-content\/uploads\/2025\/11\/LV-Varvid-kaas.jpg\" \/>\n\t<meta property=\"og:image:width\" content=\"787\" \/>\n\t<meta property=\"og:image:height\" content=\"1063\" \/>\n\t<meta property=\"og:image:type\" content=\"image\/jpeg\" \/>\n<meta name=\"twitter:card\" content=\"summary_large_image\" \/>\n<meta name=\"twitter:label1\" content=\"Est. reading time\" \/>\n\t<meta name=\"twitter:data1\" content=\"2 minutes\" \/>\n<script type=\"application\/ld+json\" class=\"yoast-schema-graph\">{\"@context\":\"https:\\\/\\\/schema.org\",\"@graph\":[{\"@type\":\"WebPage\",\"@id\":\"https:\\\/\\\/felistella.eu\\\/lv\\\/prece\\\/mazie-solisi-krasas-uzlimju-gramata\\\/\",\"url\":\"https:\\\/\\\/felistella.eu\\\/lv\\\/prece\\\/mazie-solisi-krasas-uzlimju-gramata\\\/\",\"name\":\"Mazie sol\u012b\u0161i. Kr\u0101sas. Uzl\u012bmju gr\u0101mata - Kirjastus Felistella\",\"isPartOf\":{\"@id\":\"https:\\\/\\\/felistella.eu\\\/lv\\\/#website\"},\"primaryImageOfPage\":{\"@id\":\"https:\\\/\\\/felistella.eu\\\/lv\\\/prece\\\/mazie-solisi-krasas-uzlimju-gramata\\\/#primaryimage\"},\"image\":{\"@id\":\"https:\\\/\\\/felistella.eu\\\/lv\\\/prece\\\/mazie-solisi-krasas-uzlimju-gramata\\\/#primaryimage\"},\"thumbnailUrl\":\"https:\\\/\\\/FELISTELLA.EU\\\/wp-content\\\/uploads\\\/2025\\\/11\\\/LV-Varvid-kaas.jpg\",\"datePublished\":\"2025-11-17T16:39:38+00:00\",\"dateModified\":\"2025-12-11T00:05:02+00:00\",\"breadcrumb\":{\"@id\":\"https:\\\/\\\/felistella.eu\\\/lv\\\/prece\\\/mazie-solisi-krasas-uzlimju-gramata\\\/#breadcrumb\"},\"inLanguage\":\"lv-LV\",\"potentialAction\":[{\"@type\":\"ReadAction\",\"target\":[\"https:\\\/\\\/felistella.eu\\\/lv\\\/prece\\\/mazie-solisi-krasas-uzlimju-gramata\\\/\"]}]},{\"@type\":\"ImageObject\",\"inLanguage\":\"lv-LV\",\"@id\":\"https:\\\/\\\/felistella.eu\\\/lv\\\/prece\\\/mazie-solisi-krasas-uzlimju-gramata\\\/#primaryimage\",\"url\":\"https:\\\/\\\/FELISTELLA.EU\\\/wp-content\\\/uploads\\\/2025\\\/11\\\/LV-Varvid-kaas.jpg\",\"contentUrl\":\"https:\\\/\\\/FELISTELLA.EU\\\/wp-content\\\/uploads\\\/2025\\\/11\\\/LV-Varvid-kaas.jpg\",\"width\":787,\"height\":1063},{\"@type\":\"BreadcrumbList\",\"@id\":\"https:\\\/\\\/felistella.eu\\\/lv\\\/prece\\\/mazie-solisi-krasas-uzlimju-gramata\\\/#breadcrumb\",\"itemListElement\":[{\"@type\":\"ListItem\",\"position\":1,\"name\":\"Avaleht\",\"item\":\"https:\\\/\\\/felistella.eu\\\/lv\\\/\"},{\"@type\":\"ListItem\",\"position\":2,\"name\":\"Pood\",\"item\":\"https:\\\/\\\/felistella.eu\\\/pood\\\/\"},{\"@type\":\"ListItem\",\"position\":3,\"name\":\"Mazie sol\u012b\u0161i. Kr\u0101sas. Uzl\u012bmju gr\u0101mata\"}]},{\"@type\":\"WebSite\",\"@id\":\"https:\\\/\\\/felistella.eu\\\/lv\\\/#website\",\"url\":\"https:\\\/\\\/felistella.eu\\\/lv\\\/\",\"name\":\"Kirjastus Felistella\",\"description\":\"e-pood\",\"potentialAction\":[{\"@type\":\"SearchAction\",\"target\":{\"@type\":\"EntryPoint\",\"urlTemplate\":\"https:\\\/\\\/felistella.eu\\\/lv\\\/?s={search_term_string}\"},\"query-input\":{\"@type\":\"PropertyValueSpecification\",\"valueRequired\":true,\"valueName\":\"search_term_string\"}}],\"inLanguage\":\"lv-LV\"}]}<\/script>\n<!-- \/ Yoast SEO plugin. -->","yoast_head_json":{"title":"Mazie sol\u012b\u0161i. Kr\u0101sas. Uzl\u012bmju gr\u0101mata - Kirjastus Felistella","robots":{"index":"index","follow":"follow","max-snippet":"max-snippet:-1","max-image-preview":"max-image-preview:large","max-video-preview":"max-video-preview:-1"},"canonical":"https:\/\/felistella.eu\/lv\/prece\/mazie-solisi-krasas-uzlimju-gramata\/","og_locale":"lv_LV","og_type":"article","og_title":"Mazie sol\u012b\u0161i. Kr\u0101sas. Uzl\u012bmju gr\u0101mata - Kirjastus Felistella","og_description":"\u201eKr\u0101sas\u201c ir jautra un att\u012bsto\u0161a uzl\u012bmju gr\u0101mata no s\u0113rijas Mazie sol\u012b\u0161i, kas pal\u012bdz b\u0113rnam iepaz\u012bt un at\u0161\u0137irt da\u017e\u0101das kr\u0101sas. Katru lappusi papildina rota\u013c\u012bgi uzdevumi, kas m\u0101ca atpaz\u012bt kr\u0101sas un saist\u012bt t\u0101s ar ikdienas priek\u0161metiem, dabu un \u0113dieniem. B\u0113rns var piel\u012bm\u0113t tr\u016bksto\u0161os att\u0113lus pareizaj\u0101s viet\u0101s, \u0161\u0137irot priek\u0161metus p\u0113c kr\u0101sas un risin\u0101t vienk\u0101r\u0161us lo\u0123ikas uzdevumus. \u0160ie uzdevumi [&hellip;]","og_url":"https:\/\/felistella.eu\/lv\/prece\/mazie-solisi-krasas-uzlimju-gramata\/","og_site_name":"Kirjastus Felistella","article_modified_time":"2025-12-11T00:05:02+00:00","og_image":[{"width":787,"height":1063,"url":"https:\/\/FELISTELLA.EU\/wp-content\/uploads\/2025\/11\/LV-Varvid-kaas.jpg","type":"image\/jpeg"}],"twitter_card":"summary_large_image","twitter_misc":{"Est. reading time":"2 minutes"},"schema":{"@context":"https:\/\/schema.org","@graph":[{"@type":"WebPage","@id":"https:\/\/felistella.eu\/lv\/prece\/mazie-solisi-krasas-uzlimju-gramata\/","url":"https:\/\/felistella.eu\/lv\/prece\/mazie-solisi-krasas-uzlimju-gramata\/","name":"Mazie sol\u012b\u0161i. Kr\u0101sas. Uzl\u012bmju gr\u0101mata - Kirjastus Felistella","isPartOf":{"@id":"https:\/\/felistella.eu\/lv\/#website"},"primaryImageOfPage":{"@id":"https:\/\/felistella.eu\/lv\/prece\/mazie-solisi-krasas-uzlimju-gramata\/#primaryimage"},"image":{"@id":"https:\/\/felistella.eu\/lv\/prece\/mazie-solisi-krasas-uzlimju-gramata\/#primaryimage"},"thumbnailUrl":"https:\/\/FELISTELLA.EU\/wp-content\/uploads\/2025\/11\/LV-Varvid-kaas.jpg","datePublished":"2025-11-17T16:39:38+00:00","dateModified":"2025-12-11T00:05:02+00:00","breadcrumb":{"@id":"https:\/\/felistella.eu\/lv\/prece\/mazie-solisi-krasas-uzlimju-gramata\/#breadcrumb"},"inLanguage":"lv-LV","potentialAction":[{"@type":"ReadAction","target":["https:\/\/felistella.eu\/lv\/prece\/mazie-solisi-krasas-uzlimju-gramata\/"]}]},{"@type":"ImageObject","inLanguage":"lv-LV","@id":"https:\/\/felistella.eu\/lv\/prece\/mazie-solisi-krasas-uzlimju-gramata\/#primaryimage","url":"https:\/\/FELISTELLA.EU\/wp-content\/uploads\/2025\/11\/LV-Varvid-kaas.jpg","contentUrl":"https:\/\/FELISTELLA.EU\/wp-content\/uploads\/2025\/11\/LV-Varvid-kaas.jpg","width":787,"height":1063},{"@type":"BreadcrumbList","@id":"https:\/\/felistella.eu\/lv\/prece\/mazie-solisi-krasas-uzlimju-gramata\/#breadcrumb","itemListElement":[{"@type":"ListItem","position":1,"name":"Avaleht","item":"https:\/\/felistella.eu\/lv\/"},{"@type":"ListItem","position":2,"name":"Pood","item":"https:\/\/felistella.eu\/pood\/"},{"@type":"ListItem","position":3,"name":"Mazie sol\u012b\u0161i. Kr\u0101sas. Uzl\u012bmju gr\u0101mata"}]},{"@type":"WebSite","@id":"https:\/\/felistella.eu\/lv\/#website","url":"https:\/\/felistella.eu\/lv\/","name":"Kirjastus Felistella","description":"e-pood","potentialAction":[{"@type":"SearchAction","target":{"@type":"EntryPoint","urlTemplate":"https:\/\/felistella.eu\/lv\/?s={search_term_string}"},"query-input":{"@type":"PropertyValueSpecification","valueRequired":true,"valueName":"search_term_string"}}],"inLanguage":"lv-LV"}]}},"brands":[],"_links":{"self":[{"href":"https:\/\/felistella.eu\/lv\/wp-json\/wp\/v2\/product\/37272","targetHints":{"allow":["GET"]}}],"collection":[{"href":"https:\/\/felistella.eu\/lv\/wp-json\/wp\/v2\/product"}],"about":[{"href":"https:\/\/felistella.eu\/lv\/wp-json\/wp\/v2\/types\/product"}],"replies":[{"embeddable":true,"href":"https:\/\/felistella.eu\/lv\/wp-json\/wp\/v2\/comments?post=37272"}],"version-history":[{"count":0,"href":"https:\/\/felistella.eu\/lv\/wp-json\/wp\/v2\/product\/37272\/revisions"}],"wp:featuredmedia":[{"embeddable":true,"href":"https:\/\/felistella.eu\/lv\/wp-json\/wp\/v2\/media\/37273"}],"wp:attachment":[{"href":"https:\/\/felistella.eu\/lv\/wp-json\/wp\/v2\/media?parent=37272"}],"wp:term":[{"taxonomy":"pwb-brand","embeddable":true,"href":"https:\/\/felistella.eu\/lv\/wp-json\/wp\/v2\/pwb-brand?post=37272"},{"taxonomy":"product_brand","embeddable":true,"href":"https:\/\/felistella.eu\/lv\/wp-json\/wp\/v2\/product_brand?post=37272"},{"taxonomy":"product_cat","embeddable":true,"href":"https:\/\/felistella.eu\/lv\/wp-json\/wp\/v2\/product_cat?post=37272"},{"taxonomy":"product_tag","embeddable":true,"href":"https:\/\/felistella.eu\/lv\/wp-json\/wp\/v2\/product_tag?post=37272"}],"curies":[{"name":"wp","href":"https:\/\/api.w.org\/{rel}","templated":true}]}}