{"id":37290,"date":"2025-11-18T13:16:15","date_gmt":"2025-11-18T11:16:15","guid":{"rendered":"https:\/\/felistella.eu\/?post_type=product&#038;p=37290"},"modified":"2025-12-11T01:05:02","modified_gmt":"2025-12-10T23:05:02","slug":"zimeju-un-spelejos-ugunsdzeseji","status":"publish","type":"product","link":"https:\/\/felistella.eu\/lv\/prece\/zimeju-un-spelejos-ugunsdzeseji\/","title":{"rendered":"Z\u012bm\u0113ju un sp\u0113l\u0113jos. Ugunsdz\u0113s\u0113ji"},"content":{"rendered":"<p><strong>\u201e<\/strong><strong>Z\u012bm\u0113ju un sp\u0113l\u0113jos. Ugunsdz\u0113s\u0113ji\u201d<\/strong> ir jautra z\u012bm\u0113\u0161anas gr\u0101mata mazajam ugunsdz\u0113s\u0113jam, kuru aizrauj ugunsdz\u0113s\u0113ju ma\u0161\u012bnas, k\u0101pnes, \u0161\u013c\u016btenes un aizraujo\u0161i gl\u0101b\u0161anas darbi. B\u0113rns var z\u012bm\u0113t, savienot punktus, mekl\u0113t un turpin\u0101t rakstus, k\u0101 ar\u012b izpild\u012bt citus interesantus uzdevumus, kuros katr\u0101 lap\u0101 gaida jauns izaicin\u0101jums.<\/p>\n<p>Gr\u0101mata att\u012bsta lo\u0123isko dom\u0101\u0161anu, uzman\u012bbu, roku veikl\u012bbu un rado\u0161umu. Taj\u0101 var kr\u0101sot, vilkt l\u012bnijas, pabeigt att\u0113lus un pie\u0161\u0137irt varo\u0146iem emocijas un sejas izteiksmes.<\/p>\n<p><strong>\u00a0<\/strong><strong>\u201e<\/strong><strong>Z<\/strong><strong>\u012b<\/strong><strong>m<\/strong><strong>\u0113<\/strong><strong>ju un sp<\/strong><strong>\u0113<\/strong><strong>l<\/strong><strong>\u0113<\/strong><strong>jos<\/strong><strong>. <\/strong><strong>Ugunsdz<\/strong><strong>\u0113<\/strong><strong>s<\/strong><strong>\u0113<\/strong><strong>ji<\/strong><strong>\u201d<\/strong> ir lieliski piem\u0113rota b\u0113rniem, kuri m\u012bl tehniku, akt\u012bvu darbo\u0161anos un v\u0113las justies k\u0101 \u012bsti gl\u0101b\u0113ji. Komplekt\u0101 ir dz\u0113\u0161ams flom\u0101sters, lai uzdevumus var\u0113tu pild\u012bt atkal un atkal!<\/p>\n<p><a href=\"https:\/\/felistella.eu\/wp-content\/uploads\/2020\/05\/ce-mark-42944_1280.png\" data-fancybox=\"gallery\"><img decoding=\"async\" class=\"alignnone wp-image-4105\" src=\"https:\/\/felistella.eu\/wp-content\/uploads\/2020\/05\/ce-mark-42944_1280-150x107.png\" sizes=\"(max-width: 30px) 100vw, 30px\" srcset=\"https:\/\/felistella.eu\/wp-content\/uploads\/2020\/05\/ce-mark-42944_1280-150x107.png 150w, https:\/\/felistella.eu\/wp-content\/uploads\/2020\/05\/ce-mark-42944_1280-185x132.png 185w, https:\/\/felistella.eu\/wp-content\/uploads\/2020\/05\/ce-mark-42944_1280-600x428.png 600w, https:\/\/felistella.eu\/wp-content\/uploads\/2020\/05\/ce-mark-42944_1280-64x46.png 64w, https:\/\/felistella.eu\/wp-content\/uploads\/2020\/05\/ce-mark-42944_1280-300x214.png 300w, https:\/\/felistella.eu\/wp-content\/uploads\/2020\/05\/ce-mark-42944_1280-1024x731.png 1024w, https:\/\/felistella.eu\/wp-content\/uploads\/2020\/05\/ce-mark-42944_1280-768x548.png 768w, https:\/\/felistella.eu\/wp-content\/uploads\/2020\/05\/ce-mark-42944_1280-220x154.png 220w, https:\/\/felistella.eu\/wp-content\/uploads\/2020\/05\/ce-mark-42944_1280-224x160.png 224w, https:\/\/felistella.eu\/wp-content\/uploads\/2020\/05\/ce-mark-42944_1280.png 1280w\" alt=\"\" width=\"30\" height=\"21\" \/><\/a>\u00a0<a href=\"https:\/\/felistella.eu\/wp-content\/uploads\/2020\/05\/0-3-logo-children-baby-logo.gif\" data-fancybox=\"gallery\"><img decoding=\"async\" class=\"alignnone wp-image-4491\" src=\"https:\/\/felistella.eu\/wp-content\/uploads\/2020\/05\/0-3-logo-children-baby-logo.gif\" alt=\"\" width=\"35\" height=\"35\" \/><\/a><br \/>\n<strong>BR\u012aDIN\u0100JUMS!<\/strong> Nedot b\u0113rniem, kas jaun\u0101ki par 3 gadiem, jo satur s\u012bkas deta\u013cas &#8211; risks aizr\u012bties!<\/p>\n","protected":false},"excerpt":{"rendered":"\u201eZ\u012bm\u0113ju un sp\u0113l\u0113jos. Ugunsdz\u0113s\u0113ji\u201d ir jautra z\u012bm\u0113\u0161anas gr\u0101mata mazajam ugunsdz\u0113s\u0113jam, kuru aizrauj ugunsdz\u0113s\u0113ju ma\u0161\u012bnas, k\u0101pnes, \u0161\u013c\u016btenes un aizraujo\u0161i gl\u0101b\u0161anas darbi. B\u0113rns var z\u012bm\u0113t, savienot punktus, mekl\u0113t un turpin\u0101t rakstus, k\u0101 ar\u012b izpild\u012bt citus interesantus uzdevumus, kuros katr\u0101 lap\u0101 gaida jauns izaicin\u0101jums. Gr\u0101mata att\u012bsta lo\u0123isko dom\u0101\u0161anu, uzman\u012bbu, roku veikl\u012bbu un rado\u0161umu. Taj\u0101 var kr\u0101sot, vilkt l\u012bnijas, [&hellip;]","protected":false},"featured_media":37292,"comment_status":"open","ping_status":"closed","template":"","meta":{"_acf_changed":false},"pwb-brand":[],"product_brand":[],"product_cat":[833,932],"product_tag":[],"class_list":{"0":"post-37290","1":"product","2":"type-product","3":"status-publish","4":"has-post-thumbnail","6":"product_cat-uus","7":"product_cat-nuputamisraamatud","8":"pa_formaat-mikstos-vakos","9":"pa_illustreerija-an-rypens","10":"pa_serija-zimeju-un-spelejos","11":"pa_vanus-46-gadi","13":"first","14":"instock","15":"taxable","16":"shipping-taxable","17":"purchasable","18":"product-type-simple","19":"add-to-wishlist-before_image"},"acf":[],"yoast_head":"<!-- This site is optimized with the Yoast SEO plugin v27.3 - https:\/\/yoast.com\/product\/yoast-seo-wordpress\/ -->\n<title>Z\u012bm\u0113ju un sp\u0113l\u0113jos. Ugunsdz\u0113s\u0113ji - Kirjastus Felistella<\/title>\n<meta name=\"robots\" content=\"index, follow, max-snippet:-1, max-image-preview:large, max-video-preview:-1\" \/>\n<link rel=\"canonical\" href=\"https:\/\/felistella.eu\/lv\/prece\/zimeju-un-spelejos-ugunsdzeseji\/\" \/>\n<meta property=\"og:locale\" content=\"lv_LV\" \/>\n<meta property=\"og:type\" content=\"article\" \/>\n<meta property=\"og:title\" content=\"Z\u012bm\u0113ju un sp\u0113l\u0113jos. Ugunsdz\u0113s\u0113ji - Kirjastus Felistella\" \/>\n<meta property=\"og:description\" content=\"\u201eZ\u012bm\u0113ju un sp\u0113l\u0113jos. Ugunsdz\u0113s\u0113ji\u201d ir jautra z\u012bm\u0113\u0161anas gr\u0101mata mazajam ugunsdz\u0113s\u0113jam, kuru aizrauj ugunsdz\u0113s\u0113ju ma\u0161\u012bnas, k\u0101pnes, \u0161\u013c\u016btenes un aizraujo\u0161i gl\u0101b\u0161anas darbi. B\u0113rns var z\u012bm\u0113t, savienot punktus, mekl\u0113t un turpin\u0101t rakstus, k\u0101 ar\u012b izpild\u012bt citus interesantus uzdevumus, kuros katr\u0101 lap\u0101 gaida jauns izaicin\u0101jums. Gr\u0101mata att\u012bsta lo\u0123isko dom\u0101\u0161anu, uzman\u012bbu, roku veikl\u012bbu un rado\u0161umu. Taj\u0101 var kr\u0101sot, vilkt l\u012bnijas, [&hellip;]\" \/>\n<meta property=\"og:url\" content=\"https:\/\/felistella.eu\/lv\/prece\/zimeju-un-spelejos-ugunsdzeseji\/\" \/>\n<meta property=\"og:site_name\" content=\"Kirjastus Felistella\" \/>\n<meta property=\"article:modified_time\" content=\"2025-12-10T23:05:02+00:00\" \/>\n<meta property=\"og:image\" content=\"https:\/\/FELISTELLA.EU\/wp-content\/uploads\/2025\/11\/Zimeju-un-spelejos.-Ugunsdzeseji-cover-700x913.png\" \/>\n\t<meta property=\"og:image:width\" content=\"700\" \/>\n\t<meta property=\"og:image:height\" content=\"913\" \/>\n\t<meta property=\"og:image:type\" content=\"image\/png\" \/>\n<meta name=\"twitter:card\" content=\"summary_large_image\" \/>\n<meta name=\"twitter:label1\" content=\"Est. reading time\" \/>\n\t<meta name=\"twitter:data1\" content=\"2 minutes\" \/>\n<script type=\"application\/ld+json\" class=\"yoast-schema-graph\">{\"@context\":\"https:\\\/\\\/schema.org\",\"@graph\":[{\"@type\":\"WebPage\",\"@id\":\"https:\\\/\\\/felistella.eu\\\/lv\\\/prece\\\/zimeju-un-spelejos-ugunsdzeseji\\\/\",\"url\":\"https:\\\/\\\/felistella.eu\\\/lv\\\/prece\\\/zimeju-un-spelejos-ugunsdzeseji\\\/\",\"name\":\"Z\u012bm\u0113ju un sp\u0113l\u0113jos. Ugunsdz\u0113s\u0113ji - Kirjastus Felistella\",\"isPartOf\":{\"@id\":\"https:\\\/\\\/felistella.eu\\\/lv\\\/#website\"},\"primaryImageOfPage\":{\"@id\":\"https:\\\/\\\/felistella.eu\\\/lv\\\/prece\\\/zimeju-un-spelejos-ugunsdzeseji\\\/#primaryimage\"},\"image\":{\"@id\":\"https:\\\/\\\/felistella.eu\\\/lv\\\/prece\\\/zimeju-un-spelejos-ugunsdzeseji\\\/#primaryimage\"},\"thumbnailUrl\":\"https:\\\/\\\/FELISTELLA.EU\\\/wp-content\\\/uploads\\\/2025\\\/11\\\/Zimeju-un-spelejos.-Ugunsdzeseji-cover.png\",\"datePublished\":\"2025-11-18T11:16:15+00:00\",\"dateModified\":\"2025-12-10T23:05:02+00:00\",\"breadcrumb\":{\"@id\":\"https:\\\/\\\/felistella.eu\\\/lv\\\/prece\\\/zimeju-un-spelejos-ugunsdzeseji\\\/#breadcrumb\"},\"inLanguage\":\"lv-LV\",\"potentialAction\":[{\"@type\":\"ReadAction\",\"target\":[\"https:\\\/\\\/felistella.eu\\\/lv\\\/prece\\\/zimeju-un-spelejos-ugunsdzeseji\\\/\"]}]},{\"@type\":\"ImageObject\",\"inLanguage\":\"lv-LV\",\"@id\":\"https:\\\/\\\/felistella.eu\\\/lv\\\/prece\\\/zimeju-un-spelejos-ugunsdzeseji\\\/#primaryimage\",\"url\":\"https:\\\/\\\/FELISTELLA.EU\\\/wp-content\\\/uploads\\\/2025\\\/11\\\/Zimeju-un-spelejos.-Ugunsdzeseji-cover.png\",\"contentUrl\":\"https:\\\/\\\/FELISTELLA.EU\\\/wp-content\\\/uploads\\\/2025\\\/11\\\/Zimeju-un-spelejos.-Ugunsdzeseji-cover.png\",\"width\":1533,\"height\":2000},{\"@type\":\"BreadcrumbList\",\"@id\":\"https:\\\/\\\/felistella.eu\\\/lv\\\/prece\\\/zimeju-un-spelejos-ugunsdzeseji\\\/#breadcrumb\",\"itemListElement\":[{\"@type\":\"ListItem\",\"position\":1,\"name\":\"Avaleht\",\"item\":\"https:\\\/\\\/felistella.eu\\\/lv\\\/\"},{\"@type\":\"ListItem\",\"position\":2,\"name\":\"Pood\",\"item\":\"https:\\\/\\\/felistella.eu\\\/pood\\\/\"},{\"@type\":\"ListItem\",\"position\":3,\"name\":\"Z\u012bm\u0113ju un sp\u0113l\u0113jos. Ugunsdz\u0113s\u0113ji\"}]},{\"@type\":\"WebSite\",\"@id\":\"https:\\\/\\\/felistella.eu\\\/lv\\\/#website\",\"url\":\"https:\\\/\\\/felistella.eu\\\/lv\\\/\",\"name\":\"Kirjastus Felistella\",\"description\":\"e-pood\",\"potentialAction\":[{\"@type\":\"SearchAction\",\"target\":{\"@type\":\"EntryPoint\",\"urlTemplate\":\"https:\\\/\\\/felistella.eu\\\/lv\\\/?s={search_term_string}\"},\"query-input\":{\"@type\":\"PropertyValueSpecification\",\"valueRequired\":true,\"valueName\":\"search_term_string\"}}],\"inLanguage\":\"lv-LV\"}]}<\/script>\n<!-- \/ Yoast SEO plugin. -->","yoast_head_json":{"title":"Z\u012bm\u0113ju un sp\u0113l\u0113jos. Ugunsdz\u0113s\u0113ji - Kirjastus Felistella","robots":{"index":"index","follow":"follow","max-snippet":"max-snippet:-1","max-image-preview":"max-image-preview:large","max-video-preview":"max-video-preview:-1"},"canonical":"https:\/\/felistella.eu\/lv\/prece\/zimeju-un-spelejos-ugunsdzeseji\/","og_locale":"lv_LV","og_type":"article","og_title":"Z\u012bm\u0113ju un sp\u0113l\u0113jos. Ugunsdz\u0113s\u0113ji - Kirjastus Felistella","og_description":"\u201eZ\u012bm\u0113ju un sp\u0113l\u0113jos. Ugunsdz\u0113s\u0113ji\u201d ir jautra z\u012bm\u0113\u0161anas gr\u0101mata mazajam ugunsdz\u0113s\u0113jam, kuru aizrauj ugunsdz\u0113s\u0113ju ma\u0161\u012bnas, k\u0101pnes, \u0161\u013c\u016btenes un aizraujo\u0161i gl\u0101b\u0161anas darbi. B\u0113rns var z\u012bm\u0113t, savienot punktus, mekl\u0113t un turpin\u0101t rakstus, k\u0101 ar\u012b izpild\u012bt citus interesantus uzdevumus, kuros katr\u0101 lap\u0101 gaida jauns izaicin\u0101jums. Gr\u0101mata att\u012bsta lo\u0123isko dom\u0101\u0161anu, uzman\u012bbu, roku veikl\u012bbu un rado\u0161umu. Taj\u0101 var kr\u0101sot, vilkt l\u012bnijas, [&hellip;]","og_url":"https:\/\/felistella.eu\/lv\/prece\/zimeju-un-spelejos-ugunsdzeseji\/","og_site_name":"Kirjastus Felistella","article_modified_time":"2025-12-10T23:05:02+00:00","og_image":[{"width":700,"height":913,"url":"https:\/\/FELISTELLA.EU\/wp-content\/uploads\/2025\/11\/Zimeju-un-spelejos.-Ugunsdzeseji-cover-700x913.png","type":"image\/png"}],"twitter_card":"summary_large_image","twitter_misc":{"Est. reading time":"2 minutes"},"schema":{"@context":"https:\/\/schema.org","@graph":[{"@type":"WebPage","@id":"https:\/\/felistella.eu\/lv\/prece\/zimeju-un-spelejos-ugunsdzeseji\/","url":"https:\/\/felistella.eu\/lv\/prece\/zimeju-un-spelejos-ugunsdzeseji\/","name":"Z\u012bm\u0113ju un sp\u0113l\u0113jos. Ugunsdz\u0113s\u0113ji - Kirjastus Felistella","isPartOf":{"@id":"https:\/\/felistella.eu\/lv\/#website"},"primaryImageOfPage":{"@id":"https:\/\/felistella.eu\/lv\/prece\/zimeju-un-spelejos-ugunsdzeseji\/#primaryimage"},"image":{"@id":"https:\/\/felistella.eu\/lv\/prece\/zimeju-un-spelejos-ugunsdzeseji\/#primaryimage"},"thumbnailUrl":"https:\/\/FELISTELLA.EU\/wp-content\/uploads\/2025\/11\/Zimeju-un-spelejos.-Ugunsdzeseji-cover.png","datePublished":"2025-11-18T11:16:15+00:00","dateModified":"2025-12-10T23:05:02+00:00","breadcrumb":{"@id":"https:\/\/felistella.eu\/lv\/prece\/zimeju-un-spelejos-ugunsdzeseji\/#breadcrumb"},"inLanguage":"lv-LV","potentialAction":[{"@type":"ReadAction","target":["https:\/\/felistella.eu\/lv\/prece\/zimeju-un-spelejos-ugunsdzeseji\/"]}]},{"@type":"ImageObject","inLanguage":"lv-LV","@id":"https:\/\/felistella.eu\/lv\/prece\/zimeju-un-spelejos-ugunsdzeseji\/#primaryimage","url":"https:\/\/FELISTELLA.EU\/wp-content\/uploads\/2025\/11\/Zimeju-un-spelejos.-Ugunsdzeseji-cover.png","contentUrl":"https:\/\/FELISTELLA.EU\/wp-content\/uploads\/2025\/11\/Zimeju-un-spelejos.-Ugunsdzeseji-cover.png","width":1533,"height":2000},{"@type":"BreadcrumbList","@id":"https:\/\/felistella.eu\/lv\/prece\/zimeju-un-spelejos-ugunsdzeseji\/#breadcrumb","itemListElement":[{"@type":"ListItem","position":1,"name":"Avaleht","item":"https:\/\/felistella.eu\/lv\/"},{"@type":"ListItem","position":2,"name":"Pood","item":"https:\/\/felistella.eu\/pood\/"},{"@type":"ListItem","position":3,"name":"Z\u012bm\u0113ju un sp\u0113l\u0113jos. Ugunsdz\u0113s\u0113ji"}]},{"@type":"WebSite","@id":"https:\/\/felistella.eu\/lv\/#website","url":"https:\/\/felistella.eu\/lv\/","name":"Kirjastus Felistella","description":"e-pood","potentialAction":[{"@type":"SearchAction","target":{"@type":"EntryPoint","urlTemplate":"https:\/\/felistella.eu\/lv\/?s={search_term_string}"},"query-input":{"@type":"PropertyValueSpecification","valueRequired":true,"valueName":"search_term_string"}}],"inLanguage":"lv-LV"}]}},"brands":[],"_links":{"self":[{"href":"https:\/\/felistella.eu\/lv\/wp-json\/wp\/v2\/product\/37290","targetHints":{"allow":["GET"]}}],"collection":[{"href":"https:\/\/felistella.eu\/lv\/wp-json\/wp\/v2\/product"}],"about":[{"href":"https:\/\/felistella.eu\/lv\/wp-json\/wp\/v2\/types\/product"}],"replies":[{"embeddable":true,"href":"https:\/\/felistella.eu\/lv\/wp-json\/wp\/v2\/comments?post=37290"}],"version-history":[{"count":0,"href":"https:\/\/felistella.eu\/lv\/wp-json\/wp\/v2\/product\/37290\/revisions"}],"wp:featuredmedia":[{"embeddable":true,"href":"https:\/\/felistella.eu\/lv\/wp-json\/wp\/v2\/media\/37292"}],"wp:attachment":[{"href":"https:\/\/felistella.eu\/lv\/wp-json\/wp\/v2\/media?parent=37290"}],"wp:term":[{"taxonomy":"pwb-brand","embeddable":true,"href":"https:\/\/felistella.eu\/lv\/wp-json\/wp\/v2\/pwb-brand?post=37290"},{"taxonomy":"product_brand","embeddable":true,"href":"https:\/\/felistella.eu\/lv\/wp-json\/wp\/v2\/product_brand?post=37290"},{"taxonomy":"product_cat","embeddable":true,"href":"https:\/\/felistella.eu\/lv\/wp-json\/wp\/v2\/product_cat?post=37290"},{"taxonomy":"product_tag","embeddable":true,"href":"https:\/\/felistella.eu\/lv\/wp-json\/wp\/v2\/product_tag?post=37290"}],"curies":[{"name":"wp","href":"https:\/\/api.w.org\/{rel}","templated":true}]}}