{"id":37300,"date":"2025-11-18T13:53:32","date_gmt":"2025-11-18T11:53:32","guid":{"rendered":"https:\/\/felistella.eu\/?post_type=product&#038;p=37300"},"modified":"2025-12-11T01:00:01","modified_gmt":"2025-12-10T23:00:01","slug":"zimeju-un-spelejos-vienradzi","status":"publish","type":"product","link":"https:\/\/felistella.eu\/lv\/prece\/zimeju-un-spelejos-vienradzi\/","title":{"rendered":"Z\u012bm\u0113ju un sp\u0113l\u0113jos. Vienrad\u017ei"},"content":{"rendered":"<p><strong>\u201e<\/strong><strong>Z\u012bm\u0113ju un sp\u0113l\u0113jos. Vienrad\u017ei\u201d<\/strong> ir rado\u0161a un aizraujo\u0161a gr\u0101mata mazaj\u0101m vienrad\u017eu cien\u012bt\u0101j\u0101m. Burv\u012bgi t\u0113li, skaistas ilustr\u0101cijas un vienk\u0101r\u0161i z\u012bm\u0113\u0161anas uzdevumi aicina savienot punktus, p\u0101rz\u012bm\u0113t fig\u016bras, papildin\u0101t att\u0113lus un rad\u012bt ko savu. \u0160ie uzdevumi att\u012bsta roku veikl\u012bbu, koncentr\u0113\u0161an\u0101s sp\u0113jas un izt\u0113li. Komplekt\u0101 iek\u013cauts dz\u0113\u0161ams flom\u0101sters, lai lapas var\u0113tu izmantot atkal un atkal!<\/p>\n<p><a href=\"https:\/\/felistella.eu\/wp-content\/uploads\/2020\/05\/ce-mark-42944_1280.png\" data-fancybox=\"gallery\"><img decoding=\"async\" class=\"alignnone wp-image-4105\" src=\"https:\/\/felistella.eu\/wp-content\/uploads\/2020\/05\/ce-mark-42944_1280-150x107.png\" sizes=\"(max-width: 30px) 100vw, 30px\" srcset=\"https:\/\/felistella.eu\/wp-content\/uploads\/2020\/05\/ce-mark-42944_1280-150x107.png 150w, https:\/\/felistella.eu\/wp-content\/uploads\/2020\/05\/ce-mark-42944_1280-185x132.png 185w, https:\/\/felistella.eu\/wp-content\/uploads\/2020\/05\/ce-mark-42944_1280-600x428.png 600w, https:\/\/felistella.eu\/wp-content\/uploads\/2020\/05\/ce-mark-42944_1280-64x46.png 64w, https:\/\/felistella.eu\/wp-content\/uploads\/2020\/05\/ce-mark-42944_1280-300x214.png 300w, https:\/\/felistella.eu\/wp-content\/uploads\/2020\/05\/ce-mark-42944_1280-1024x731.png 1024w, https:\/\/felistella.eu\/wp-content\/uploads\/2020\/05\/ce-mark-42944_1280-768x548.png 768w, https:\/\/felistella.eu\/wp-content\/uploads\/2020\/05\/ce-mark-42944_1280-220x154.png 220w, https:\/\/felistella.eu\/wp-content\/uploads\/2020\/05\/ce-mark-42944_1280-224x160.png 224w, https:\/\/felistella.eu\/wp-content\/uploads\/2020\/05\/ce-mark-42944_1280.png 1280w\" alt=\"\" width=\"30\" height=\"21\" \/><\/a>\u00a0<a href=\"https:\/\/felistella.eu\/wp-content\/uploads\/2020\/05\/0-3-logo-children-baby-logo.gif\" data-fancybox=\"gallery\"><img decoding=\"async\" class=\"alignnone wp-image-4491\" src=\"https:\/\/felistella.eu\/wp-content\/uploads\/2020\/05\/0-3-logo-children-baby-logo.gif\" alt=\"\" width=\"35\" height=\"35\" \/><\/a><br \/>\n<strong>BR\u012aDIN\u0100JUMS!<\/strong> Nedot b\u0113rniem, kas jaun\u0101ki par 3 gadiem, jo satur s\u012bkas deta\u013cas &#8211; risks aizr\u012bties!<\/p>\n","protected":false},"excerpt":{"rendered":"\u201eZ\u012bm\u0113ju un sp\u0113l\u0113jos. Vienrad\u017ei\u201d ir rado\u0161a un aizraujo\u0161a gr\u0101mata mazaj\u0101m vienrad\u017eu cien\u012bt\u0101j\u0101m. Burv\u012bgi t\u0113li, skaistas ilustr\u0101cijas un vienk\u0101r\u0161i z\u012bm\u0113\u0161anas uzdevumi aicina savienot punktus, p\u0101rz\u012bm\u0113t fig\u016bras, papildin\u0101t att\u0113lus un rad\u012bt ko savu. \u0160ie uzdevumi att\u012bsta roku veikl\u012bbu, koncentr\u0113\u0161an\u0101s sp\u0113jas un izt\u0113li. Komplekt\u0101 iek\u013cauts dz\u0113\u0161ams flom\u0101sters, lai lapas var\u0113tu izmantot atkal un atkal! \u00a0 BR\u012aDIN\u0100JUMS! Nedot b\u0113rniem, [&hellip;]","protected":false},"featured_media":37309,"comment_status":"open","ping_status":"closed","template":"","meta":{"_acf_changed":false},"pwb-brand":[],"product_brand":[],"product_cat":[833,932],"product_tag":[],"class_list":{"0":"post-37300","1":"product","2":"type-product","3":"status-publish","4":"has-post-thumbnail","6":"product_cat-uus","7":"product_cat-nuputamisraamatud","8":"pa_formaat-mikstos-vakos","9":"pa_illustreerija-an-rypens","10":"pa_serija-zimeju-un-spelejos","11":"pa_vanus-46-gadi","13":"first","14":"instock","15":"taxable","16":"shipping-taxable","17":"purchasable","18":"product-type-simple","19":"add-to-wishlist-before_image"},"acf":[],"yoast_head":"<!-- This site is optimized with the Yoast SEO plugin v27.3 - https:\/\/yoast.com\/product\/yoast-seo-wordpress\/ -->\n<title>Z\u012bm\u0113ju un sp\u0113l\u0113jos. Vienrad\u017ei - Kirjastus Felistella<\/title>\n<meta name=\"robots\" content=\"index, follow, max-snippet:-1, max-image-preview:large, max-video-preview:-1\" \/>\n<link rel=\"canonical\" href=\"https:\/\/felistella.eu\/lv\/prece\/zimeju-un-spelejos-vienradzi\/\" \/>\n<meta property=\"og:locale\" content=\"lv_LV\" \/>\n<meta property=\"og:type\" content=\"article\" \/>\n<meta property=\"og:title\" content=\"Z\u012bm\u0113ju un sp\u0113l\u0113jos. Vienrad\u017ei - Kirjastus Felistella\" \/>\n<meta property=\"og:description\" content=\"\u201eZ\u012bm\u0113ju un sp\u0113l\u0113jos. Vienrad\u017ei\u201d ir rado\u0161a un aizraujo\u0161a gr\u0101mata mazaj\u0101m vienrad\u017eu cien\u012bt\u0101j\u0101m. Burv\u012bgi t\u0113li, skaistas ilustr\u0101cijas un vienk\u0101r\u0161i z\u012bm\u0113\u0161anas uzdevumi aicina savienot punktus, p\u0101rz\u012bm\u0113t fig\u016bras, papildin\u0101t att\u0113lus un rad\u012bt ko savu. \u0160ie uzdevumi att\u012bsta roku veikl\u012bbu, koncentr\u0113\u0161an\u0101s sp\u0113jas un izt\u0113li. Komplekt\u0101 iek\u013cauts dz\u0113\u0161ams flom\u0101sters, lai lapas var\u0113tu izmantot atkal un atkal! \u00a0 BR\u012aDIN\u0100JUMS! Nedot b\u0113rniem, [&hellip;]\" \/>\n<meta property=\"og:url\" content=\"https:\/\/felistella.eu\/lv\/prece\/zimeju-un-spelejos-vienradzi\/\" \/>\n<meta property=\"og:site_name\" content=\"Kirjastus Felistella\" \/>\n<meta property=\"article:modified_time\" content=\"2025-12-10T23:00:01+00:00\" \/>\n<meta property=\"og:image\" content=\"https:\/\/FELISTELLA.EU\/wp-content\/uploads\/2025\/11\/DSC_0721-700x893.png\" \/>\n\t<meta property=\"og:image:width\" content=\"700\" \/>\n\t<meta property=\"og:image:height\" content=\"893\" \/>\n\t<meta property=\"og:image:type\" content=\"image\/png\" \/>\n<meta name=\"twitter:card\" content=\"summary_large_image\" \/>\n<meta name=\"twitter:label1\" content=\"Est. reading time\" \/>\n\t<meta name=\"twitter:data1\" content=\"1 minute\" \/>\n<script type=\"application\/ld+json\" class=\"yoast-schema-graph\">{\"@context\":\"https:\\\/\\\/schema.org\",\"@graph\":[{\"@type\":\"WebPage\",\"@id\":\"https:\\\/\\\/felistella.eu\\\/lv\\\/prece\\\/zimeju-un-spelejos-vienradzi\\\/\",\"url\":\"https:\\\/\\\/felistella.eu\\\/lv\\\/prece\\\/zimeju-un-spelejos-vienradzi\\\/\",\"name\":\"Z\u012bm\u0113ju un sp\u0113l\u0113jos. Vienrad\u017ei - Kirjastus Felistella\",\"isPartOf\":{\"@id\":\"https:\\\/\\\/felistella.eu\\\/lv\\\/#website\"},\"primaryImageOfPage\":{\"@id\":\"https:\\\/\\\/felistella.eu\\\/lv\\\/prece\\\/zimeju-un-spelejos-vienradzi\\\/#primaryimage\"},\"image\":{\"@id\":\"https:\\\/\\\/felistella.eu\\\/lv\\\/prece\\\/zimeju-un-spelejos-vienradzi\\\/#primaryimage\"},\"thumbnailUrl\":\"https:\\\/\\\/FELISTELLA.EU\\\/wp-content\\\/uploads\\\/2025\\\/11\\\/DSC_0721.png\",\"datePublished\":\"2025-11-18T11:53:32+00:00\",\"dateModified\":\"2025-12-10T23:00:01+00:00\",\"breadcrumb\":{\"@id\":\"https:\\\/\\\/felistella.eu\\\/lv\\\/prece\\\/zimeju-un-spelejos-vienradzi\\\/#breadcrumb\"},\"inLanguage\":\"lv-LV\",\"potentialAction\":[{\"@type\":\"ReadAction\",\"target\":[\"https:\\\/\\\/felistella.eu\\\/lv\\\/prece\\\/zimeju-un-spelejos-vienradzi\\\/\"]}]},{\"@type\":\"ImageObject\",\"inLanguage\":\"lv-LV\",\"@id\":\"https:\\\/\\\/felistella.eu\\\/lv\\\/prece\\\/zimeju-un-spelejos-vienradzi\\\/#primaryimage\",\"url\":\"https:\\\/\\\/FELISTELLA.EU\\\/wp-content\\\/uploads\\\/2025\\\/11\\\/DSC_0721.png\",\"contentUrl\":\"https:\\\/\\\/FELISTELLA.EU\\\/wp-content\\\/uploads\\\/2025\\\/11\\\/DSC_0721.png\",\"width\":1568,\"height\":2000},{\"@type\":\"BreadcrumbList\",\"@id\":\"https:\\\/\\\/felistella.eu\\\/lv\\\/prece\\\/zimeju-un-spelejos-vienradzi\\\/#breadcrumb\",\"itemListElement\":[{\"@type\":\"ListItem\",\"position\":1,\"name\":\"Avaleht\",\"item\":\"https:\\\/\\\/felistella.eu\\\/lv\\\/\"},{\"@type\":\"ListItem\",\"position\":2,\"name\":\"Pood\",\"item\":\"https:\\\/\\\/felistella.eu\\\/pood\\\/\"},{\"@type\":\"ListItem\",\"position\":3,\"name\":\"Z\u012bm\u0113ju un sp\u0113l\u0113jos. Vienrad\u017ei\"}]},{\"@type\":\"WebSite\",\"@id\":\"https:\\\/\\\/felistella.eu\\\/lv\\\/#website\",\"url\":\"https:\\\/\\\/felistella.eu\\\/lv\\\/\",\"name\":\"Kirjastus Felistella\",\"description\":\"e-pood\",\"potentialAction\":[{\"@type\":\"SearchAction\",\"target\":{\"@type\":\"EntryPoint\",\"urlTemplate\":\"https:\\\/\\\/felistella.eu\\\/lv\\\/?s={search_term_string}\"},\"query-input\":{\"@type\":\"PropertyValueSpecification\",\"valueRequired\":true,\"valueName\":\"search_term_string\"}}],\"inLanguage\":\"lv-LV\"}]}<\/script>\n<!-- \/ Yoast SEO plugin. -->","yoast_head_json":{"title":"Z\u012bm\u0113ju un sp\u0113l\u0113jos. Vienrad\u017ei - Kirjastus Felistella","robots":{"index":"index","follow":"follow","max-snippet":"max-snippet:-1","max-image-preview":"max-image-preview:large","max-video-preview":"max-video-preview:-1"},"canonical":"https:\/\/felistella.eu\/lv\/prece\/zimeju-un-spelejos-vienradzi\/","og_locale":"lv_LV","og_type":"article","og_title":"Z\u012bm\u0113ju un sp\u0113l\u0113jos. Vienrad\u017ei - Kirjastus Felistella","og_description":"\u201eZ\u012bm\u0113ju un sp\u0113l\u0113jos. Vienrad\u017ei\u201d ir rado\u0161a un aizraujo\u0161a gr\u0101mata mazaj\u0101m vienrad\u017eu cien\u012bt\u0101j\u0101m. Burv\u012bgi t\u0113li, skaistas ilustr\u0101cijas un vienk\u0101r\u0161i z\u012bm\u0113\u0161anas uzdevumi aicina savienot punktus, p\u0101rz\u012bm\u0113t fig\u016bras, papildin\u0101t att\u0113lus un rad\u012bt ko savu. \u0160ie uzdevumi att\u012bsta roku veikl\u012bbu, koncentr\u0113\u0161an\u0101s sp\u0113jas un izt\u0113li. Komplekt\u0101 iek\u013cauts dz\u0113\u0161ams flom\u0101sters, lai lapas var\u0113tu izmantot atkal un atkal! \u00a0 BR\u012aDIN\u0100JUMS! Nedot b\u0113rniem, [&hellip;]","og_url":"https:\/\/felistella.eu\/lv\/prece\/zimeju-un-spelejos-vienradzi\/","og_site_name":"Kirjastus Felistella","article_modified_time":"2025-12-10T23:00:01+00:00","og_image":[{"width":700,"height":893,"url":"https:\/\/FELISTELLA.EU\/wp-content\/uploads\/2025\/11\/DSC_0721-700x893.png","type":"image\/png"}],"twitter_card":"summary_large_image","twitter_misc":{"Est. reading time":"1 minute"},"schema":{"@context":"https:\/\/schema.org","@graph":[{"@type":"WebPage","@id":"https:\/\/felistella.eu\/lv\/prece\/zimeju-un-spelejos-vienradzi\/","url":"https:\/\/felistella.eu\/lv\/prece\/zimeju-un-spelejos-vienradzi\/","name":"Z\u012bm\u0113ju un sp\u0113l\u0113jos. Vienrad\u017ei - Kirjastus Felistella","isPartOf":{"@id":"https:\/\/felistella.eu\/lv\/#website"},"primaryImageOfPage":{"@id":"https:\/\/felistella.eu\/lv\/prece\/zimeju-un-spelejos-vienradzi\/#primaryimage"},"image":{"@id":"https:\/\/felistella.eu\/lv\/prece\/zimeju-un-spelejos-vienradzi\/#primaryimage"},"thumbnailUrl":"https:\/\/FELISTELLA.EU\/wp-content\/uploads\/2025\/11\/DSC_0721.png","datePublished":"2025-11-18T11:53:32+00:00","dateModified":"2025-12-10T23:00:01+00:00","breadcrumb":{"@id":"https:\/\/felistella.eu\/lv\/prece\/zimeju-un-spelejos-vienradzi\/#breadcrumb"},"inLanguage":"lv-LV","potentialAction":[{"@type":"ReadAction","target":["https:\/\/felistella.eu\/lv\/prece\/zimeju-un-spelejos-vienradzi\/"]}]},{"@type":"ImageObject","inLanguage":"lv-LV","@id":"https:\/\/felistella.eu\/lv\/prece\/zimeju-un-spelejos-vienradzi\/#primaryimage","url":"https:\/\/FELISTELLA.EU\/wp-content\/uploads\/2025\/11\/DSC_0721.png","contentUrl":"https:\/\/FELISTELLA.EU\/wp-content\/uploads\/2025\/11\/DSC_0721.png","width":1568,"height":2000},{"@type":"BreadcrumbList","@id":"https:\/\/felistella.eu\/lv\/prece\/zimeju-un-spelejos-vienradzi\/#breadcrumb","itemListElement":[{"@type":"ListItem","position":1,"name":"Avaleht","item":"https:\/\/felistella.eu\/lv\/"},{"@type":"ListItem","position":2,"name":"Pood","item":"https:\/\/felistella.eu\/pood\/"},{"@type":"ListItem","position":3,"name":"Z\u012bm\u0113ju un sp\u0113l\u0113jos. Vienrad\u017ei"}]},{"@type":"WebSite","@id":"https:\/\/felistella.eu\/lv\/#website","url":"https:\/\/felistella.eu\/lv\/","name":"Kirjastus Felistella","description":"e-pood","potentialAction":[{"@type":"SearchAction","target":{"@type":"EntryPoint","urlTemplate":"https:\/\/felistella.eu\/lv\/?s={search_term_string}"},"query-input":{"@type":"PropertyValueSpecification","valueRequired":true,"valueName":"search_term_string"}}],"inLanguage":"lv-LV"}]}},"brands":[],"_links":{"self":[{"href":"https:\/\/felistella.eu\/lv\/wp-json\/wp\/v2\/product\/37300","targetHints":{"allow":["GET"]}}],"collection":[{"href":"https:\/\/felistella.eu\/lv\/wp-json\/wp\/v2\/product"}],"about":[{"href":"https:\/\/felistella.eu\/lv\/wp-json\/wp\/v2\/types\/product"}],"replies":[{"embeddable":true,"href":"https:\/\/felistella.eu\/lv\/wp-json\/wp\/v2\/comments?post=37300"}],"version-history":[{"count":0,"href":"https:\/\/felistella.eu\/lv\/wp-json\/wp\/v2\/product\/37300\/revisions"}],"wp:featuredmedia":[{"embeddable":true,"href":"https:\/\/felistella.eu\/lv\/wp-json\/wp\/v2\/media\/37309"}],"wp:attachment":[{"href":"https:\/\/felistella.eu\/lv\/wp-json\/wp\/v2\/media?parent=37300"}],"wp:term":[{"taxonomy":"pwb-brand","embeddable":true,"href":"https:\/\/felistella.eu\/lv\/wp-json\/wp\/v2\/pwb-brand?post=37300"},{"taxonomy":"product_brand","embeddable":true,"href":"https:\/\/felistella.eu\/lv\/wp-json\/wp\/v2\/product_brand?post=37300"},{"taxonomy":"product_cat","embeddable":true,"href":"https:\/\/felistella.eu\/lv\/wp-json\/wp\/v2\/product_cat?post=37300"},{"taxonomy":"product_tag","embeddable":true,"href":"https:\/\/felistella.eu\/lv\/wp-json\/wp\/v2\/product_tag?post=37300"}],"curies":[{"name":"wp","href":"https:\/\/api.w.org\/{rel}","templated":true}]}}