{"id":37415,"date":"2025-11-28T13:15:32","date_gmt":"2025-11-28T11:15:32","guid":{"rendered":"https:\/\/felistella.eu\/?post_type=product&#038;p=37415"},"modified":"2025-12-11T00:05:02","modified_gmt":"2025-12-10T22:05:02","slug":"kebure","status":"publish","type":"product","link":"https:\/\/felistella.eu\/lv\/prece\/kebure\/","title":{"rendered":"\u0136ebur\u0113!"},"content":{"rendered":"<p>J\u016bsu priek\u0161\u0101 aspr\u0101t\u012bgs m\u0101kslinieka un sap\u0146ot\u0101ja Erv\u0113 Tile rad\u012bjums. \u201e\u0136ebur\u0113!\u201d \u2013 tas ir sp\u0113c\u012bgs gr\u016bdiens b\u0113rna rado\u0161u \u012bpa\u0161\u012bbu, abstraktas un telpiskas dom\u0101\u0161anas, kr\u0101su izj\u016btu un pa\u0161izpausmes att\u012bst\u012bbas virzien\u0101. Ide\u0101la kop\u012bg\u0101m nodarb\u0113m.<\/p>\n<p>T\u0101 nav gr\u0101mata \u201eizkr\u0101so pats\u201d m\u016bsu ierastaj\u0101 izpratn\u0113, bet dr\u012bz\u0101k z\u012bm\u0113\u0161anas albums ar da\u017e\u0101d\u0101m t\u0113m\u0101m, un tas ir uzdevums \u2013 neierobe\u017eot \u0161auros r\u0101mjos, \u0161ablonos un form\u0101s, bet rosin\u0101t v\u0113lmi z\u012bm\u0113t. Turkl\u0101t daudzi mazu\u013ci nav p\u0101rliecin\u0101ti par sav\u0101m sp\u0113j\u0101m: \u201eM\u0101mi\u0146, es nem\u0101ku, es nezinu, ka z\u012bm\u0113t!\u201d, bet \u0161aj\u0101 gr\u0101mat\u0101 pietiek uzz\u012bm\u0113t \u0137eburu, kur\u0161 var k\u013c\u016bt par ziedu vai p\u0101rv\u0113rsties p\u016b\u0137a elpas dva\u0161\u0101, bet var ar\u012b sab\u0113rt putek\u013cus uz pakl\u0101ja, j\u016br\u0101 sacelt v\u0113tru vai pat sar\u012bkot ugunsgr\u0113ku. Ar \u0161o gr\u0101matu var izdom\u0101t daudzas nodarbes, atliek vien\u012bgi ieskat\u012bties lappus\u0113. Mazu\u013ci vis\u0101 pasaul\u0113 to vienk\u0101r\u0161i dievina!<\/p>\n<p>Gr\u0101matas \u012bpa\u0161\u0101 iez\u012bme un priek\u0161roc\u012bba ir lielais form\u0101ts, kur\u0101 ir \u0113rti z\u012bm\u0113t. Pateicoties stingrajam pap\u012bram, b\u0113rns var z\u012bm\u0113t gan ar z\u012bmu\u013ciem, gan flom\u0101steriem, gan ar kr\u0101s\u0101m un pasteli.<\/p>\n<p><a href=\"https:\/\/felistella.eu\/wp-content\/uploads\/2020\/05\/ce-mark-42944_1280.png\" data-fancybox=\"gallery\"><img decoding=\"async\" class=\"alignnone wp-image-4105\" src=\"https:\/\/felistella.eu\/wp-content\/uploads\/2020\/05\/ce-mark-42944_1280-150x107.png\" sizes=\"(max-width: 30px) 100vw, 30px\" srcset=\"https:\/\/felistella.eu\/wp-content\/uploads\/2020\/05\/ce-mark-42944_1280-150x107.png 150w, https:\/\/felistella.eu\/wp-content\/uploads\/2020\/05\/ce-mark-42944_1280-185x132.png 185w, https:\/\/felistella.eu\/wp-content\/uploads\/2020\/05\/ce-mark-42944_1280-600x428.png 600w, https:\/\/felistella.eu\/wp-content\/uploads\/2020\/05\/ce-mark-42944_1280-64x46.png 64w, https:\/\/felistella.eu\/wp-content\/uploads\/2020\/05\/ce-mark-42944_1280-300x214.png 300w, https:\/\/felistella.eu\/wp-content\/uploads\/2020\/05\/ce-mark-42944_1280-1024x731.png 1024w, https:\/\/felistella.eu\/wp-content\/uploads\/2020\/05\/ce-mark-42944_1280-768x548.png 768w, https:\/\/felistella.eu\/wp-content\/uploads\/2020\/05\/ce-mark-42944_1280-220x154.png 220w, https:\/\/felistella.eu\/wp-content\/uploads\/2020\/05\/ce-mark-42944_1280-224x160.png 224w, https:\/\/felistella.eu\/wp-content\/uploads\/2020\/05\/ce-mark-42944_1280.png 1280w\" alt=\"\" width=\"30\" height=\"21\" \/><\/a><\/p>\n","protected":false},"excerpt":{"rendered":"J\u016bsu priek\u0161\u0101 aspr\u0101t\u012bgs m\u0101kslinieka un sap\u0146ot\u0101ja Erv\u0113 Tile rad\u012bjums. \u201e\u0136ebur\u0113!\u201d \u2013 tas ir sp\u0113c\u012bgs gr\u016bdiens b\u0113rna rado\u0161u \u012bpa\u0161\u012bbu, abstraktas un telpiskas dom\u0101\u0161anas, kr\u0101su izj\u016btu un pa\u0161izpausmes att\u012bst\u012bbas virzien\u0101. Ide\u0101la kop\u012bg\u0101m nodarb\u0113m. T\u0101 nav gr\u0101mata \u201eizkr\u0101so pats\u201d m\u016bsu ierastaj\u0101 izpratn\u0113, bet dr\u012bz\u0101k z\u012bm\u0113\u0161anas albums ar da\u017e\u0101d\u0101m t\u0113m\u0101m, un tas ir uzdevums \u2013 neierobe\u017eot \u0161auros r\u0101mjos, \u0161ablonos [&hellip;]","protected":false},"featured_media":37416,"comment_status":"open","ping_status":"closed","template":"","meta":{"_acf_changed":false},"pwb-brand":[],"product_brand":[],"product_cat":[935],"product_tag":[],"class_list":{"0":"post-37415","1":"product","2":"type-product","3":"status-publish","4":"has-post-thumbnail","6":"product_cat-kleepsu-ja-varviraamatud","7":"pa_vanus-0-3-aastat","8":"pa_vanus-3-4-gadi","9":"book-author-erve-tile","11":"first","12":"instock","13":"taxable","14":"shipping-taxable","15":"purchasable","16":"product-type-simple","17":"add-to-wishlist-before_image"},"acf":[],"yoast_head":"<!-- This site is optimized with the Yoast SEO plugin v27.4 - https:\/\/yoast.com\/product\/yoast-seo-wordpress\/ -->\n<title>\u0136ebur\u0113! - Kirjastus Felistella<\/title>\n<meta name=\"robots\" content=\"index, follow, max-snippet:-1, max-image-preview:large, max-video-preview:-1\" \/>\n<link rel=\"canonical\" href=\"https:\/\/felistella.eu\/lv\/prece\/kebure\/\" \/>\n<meta property=\"og:locale\" content=\"lv_LV\" \/>\n<meta property=\"og:type\" content=\"article\" \/>\n<meta property=\"og:title\" content=\"\u0136ebur\u0113! - Kirjastus Felistella\" \/>\n<meta property=\"og:description\" content=\"J\u016bsu priek\u0161\u0101 aspr\u0101t\u012bgs m\u0101kslinieka un sap\u0146ot\u0101ja Erv\u0113 Tile rad\u012bjums. \u201e\u0136ebur\u0113!\u201d \u2013 tas ir sp\u0113c\u012bgs gr\u016bdiens b\u0113rna rado\u0161u \u012bpa\u0161\u012bbu, abstraktas un telpiskas dom\u0101\u0161anas, kr\u0101su izj\u016btu un pa\u0161izpausmes att\u012bst\u012bbas virzien\u0101. Ide\u0101la kop\u012bg\u0101m nodarb\u0113m. T\u0101 nav gr\u0101mata \u201eizkr\u0101so pats\u201d m\u016bsu ierastaj\u0101 izpratn\u0113, bet dr\u012bz\u0101k z\u012bm\u0113\u0161anas albums ar da\u017e\u0101d\u0101m t\u0113m\u0101m, un tas ir uzdevums \u2013 neierobe\u017eot \u0161auros r\u0101mjos, \u0161ablonos [&hellip;]\" \/>\n<meta property=\"og:url\" content=\"https:\/\/felistella.eu\/lv\/prece\/kebure\/\" \/>\n<meta property=\"og:site_name\" content=\"Kirjastus Felistella\" \/>\n<meta property=\"article:modified_time\" content=\"2025-12-10T22:05:02+00:00\" \/>\n<meta property=\"og:image\" content=\"https:\/\/FELISTELLA.EU\/wp-content\/uploads\/2025\/11\/Kebure-lat-cover-1.jpg\" \/>\n\t<meta property=\"og:image:width\" content=\"945\" \/>\n\t<meta property=\"og:image:height\" content=\"1220\" \/>\n\t<meta property=\"og:image:type\" content=\"image\/jpeg\" \/>\n<meta name=\"twitter:card\" content=\"summary_large_image\" \/>\n<meta name=\"twitter:label1\" content=\"Est. reading time\" \/>\n\t<meta name=\"twitter:data1\" content=\"2 minutes\" \/>\n<script type=\"application\/ld+json\" class=\"yoast-schema-graph\">{\"@context\":\"https:\\\/\\\/schema.org\",\"@graph\":[{\"@type\":\"WebPage\",\"@id\":\"https:\\\/\\\/felistella.eu\\\/lv\\\/prece\\\/kebure\\\/\",\"url\":\"https:\\\/\\\/felistella.eu\\\/lv\\\/prece\\\/kebure\\\/\",\"name\":\"\u0136ebur\u0113! - Kirjastus Felistella\",\"isPartOf\":{\"@id\":\"https:\\\/\\\/felistella.eu\\\/lv\\\/#website\"},\"primaryImageOfPage\":{\"@id\":\"https:\\\/\\\/felistella.eu\\\/lv\\\/prece\\\/kebure\\\/#primaryimage\"},\"image\":{\"@id\":\"https:\\\/\\\/felistella.eu\\\/lv\\\/prece\\\/kebure\\\/#primaryimage\"},\"thumbnailUrl\":\"https:\\\/\\\/felistella.eu\\\/wp-content\\\/uploads\\\/2025\\\/11\\\/Kebure-lat-cover-1.jpg\",\"datePublished\":\"2025-11-28T11:15:32+00:00\",\"dateModified\":\"2025-12-10T22:05:02+00:00\",\"breadcrumb\":{\"@id\":\"https:\\\/\\\/felistella.eu\\\/lv\\\/prece\\\/kebure\\\/#breadcrumb\"},\"inLanguage\":\"lv-LV\",\"potentialAction\":[{\"@type\":\"ReadAction\",\"target\":[\"https:\\\/\\\/felistella.eu\\\/lv\\\/prece\\\/kebure\\\/\"]}]},{\"@type\":\"ImageObject\",\"inLanguage\":\"lv-LV\",\"@id\":\"https:\\\/\\\/felistella.eu\\\/lv\\\/prece\\\/kebure\\\/#primaryimage\",\"url\":\"https:\\\/\\\/felistella.eu\\\/wp-content\\\/uploads\\\/2025\\\/11\\\/Kebure-lat-cover-1.jpg\",\"contentUrl\":\"https:\\\/\\\/felistella.eu\\\/wp-content\\\/uploads\\\/2025\\\/11\\\/Kebure-lat-cover-1.jpg\",\"width\":945,\"height\":1220},{\"@type\":\"BreadcrumbList\",\"@id\":\"https:\\\/\\\/felistella.eu\\\/lv\\\/prece\\\/kebure\\\/#breadcrumb\",\"itemListElement\":[{\"@type\":\"ListItem\",\"position\":1,\"name\":\"Avaleht\",\"item\":\"https:\\\/\\\/felistella.eu\\\/lv\\\/\"},{\"@type\":\"ListItem\",\"position\":2,\"name\":\"Pood\",\"item\":\"https:\\\/\\\/felistella.eu\\\/pood\\\/\"},{\"@type\":\"ListItem\",\"position\":3,\"name\":\"\u0136ebur\u0113!\"}]},{\"@type\":\"WebSite\",\"@id\":\"https:\\\/\\\/felistella.eu\\\/lv\\\/#website\",\"url\":\"https:\\\/\\\/felistella.eu\\\/lv\\\/\",\"name\":\"Kirjastus Felistella\",\"description\":\"e-pood\",\"potentialAction\":[{\"@type\":\"SearchAction\",\"target\":{\"@type\":\"EntryPoint\",\"urlTemplate\":\"https:\\\/\\\/felistella.eu\\\/lv\\\/?s={search_term_string}\"},\"query-input\":{\"@type\":\"PropertyValueSpecification\",\"valueRequired\":true,\"valueName\":\"search_term_string\"}}],\"inLanguage\":\"lv-LV\"}]}<\/script>\n<!-- \/ Yoast SEO plugin. -->","yoast_head_json":{"title":"\u0136ebur\u0113! - Kirjastus Felistella","robots":{"index":"index","follow":"follow","max-snippet":"max-snippet:-1","max-image-preview":"max-image-preview:large","max-video-preview":"max-video-preview:-1"},"canonical":"https:\/\/felistella.eu\/lv\/prece\/kebure\/","og_locale":"lv_LV","og_type":"article","og_title":"\u0136ebur\u0113! - Kirjastus Felistella","og_description":"J\u016bsu priek\u0161\u0101 aspr\u0101t\u012bgs m\u0101kslinieka un sap\u0146ot\u0101ja Erv\u0113 Tile rad\u012bjums. \u201e\u0136ebur\u0113!\u201d \u2013 tas ir sp\u0113c\u012bgs gr\u016bdiens b\u0113rna rado\u0161u \u012bpa\u0161\u012bbu, abstraktas un telpiskas dom\u0101\u0161anas, kr\u0101su izj\u016btu un pa\u0161izpausmes att\u012bst\u012bbas virzien\u0101. Ide\u0101la kop\u012bg\u0101m nodarb\u0113m. T\u0101 nav gr\u0101mata \u201eizkr\u0101so pats\u201d m\u016bsu ierastaj\u0101 izpratn\u0113, bet dr\u012bz\u0101k z\u012bm\u0113\u0161anas albums ar da\u017e\u0101d\u0101m t\u0113m\u0101m, un tas ir uzdevums \u2013 neierobe\u017eot \u0161auros r\u0101mjos, \u0161ablonos [&hellip;]","og_url":"https:\/\/felistella.eu\/lv\/prece\/kebure\/","og_site_name":"Kirjastus Felistella","article_modified_time":"2025-12-10T22:05:02+00:00","og_image":[{"width":945,"height":1220,"url":"https:\/\/FELISTELLA.EU\/wp-content\/uploads\/2025\/11\/Kebure-lat-cover-1.jpg","type":"image\/jpeg"}],"twitter_card":"summary_large_image","twitter_misc":{"Est. reading time":"2 minutes"},"schema":{"@context":"https:\/\/schema.org","@graph":[{"@type":"WebPage","@id":"https:\/\/felistella.eu\/lv\/prece\/kebure\/","url":"https:\/\/felistella.eu\/lv\/prece\/kebure\/","name":"\u0136ebur\u0113! - Kirjastus Felistella","isPartOf":{"@id":"https:\/\/felistella.eu\/lv\/#website"},"primaryImageOfPage":{"@id":"https:\/\/felistella.eu\/lv\/prece\/kebure\/#primaryimage"},"image":{"@id":"https:\/\/felistella.eu\/lv\/prece\/kebure\/#primaryimage"},"thumbnailUrl":"https:\/\/felistella.eu\/wp-content\/uploads\/2025\/11\/Kebure-lat-cover-1.jpg","datePublished":"2025-11-28T11:15:32+00:00","dateModified":"2025-12-10T22:05:02+00:00","breadcrumb":{"@id":"https:\/\/felistella.eu\/lv\/prece\/kebure\/#breadcrumb"},"inLanguage":"lv-LV","potentialAction":[{"@type":"ReadAction","target":["https:\/\/felistella.eu\/lv\/prece\/kebure\/"]}]},{"@type":"ImageObject","inLanguage":"lv-LV","@id":"https:\/\/felistella.eu\/lv\/prece\/kebure\/#primaryimage","url":"https:\/\/felistella.eu\/wp-content\/uploads\/2025\/11\/Kebure-lat-cover-1.jpg","contentUrl":"https:\/\/felistella.eu\/wp-content\/uploads\/2025\/11\/Kebure-lat-cover-1.jpg","width":945,"height":1220},{"@type":"BreadcrumbList","@id":"https:\/\/felistella.eu\/lv\/prece\/kebure\/#breadcrumb","itemListElement":[{"@type":"ListItem","position":1,"name":"Avaleht","item":"https:\/\/felistella.eu\/lv\/"},{"@type":"ListItem","position":2,"name":"Pood","item":"https:\/\/felistella.eu\/pood\/"},{"@type":"ListItem","position":3,"name":"\u0136ebur\u0113!"}]},{"@type":"WebSite","@id":"https:\/\/felistella.eu\/lv\/#website","url":"https:\/\/felistella.eu\/lv\/","name":"Kirjastus Felistella","description":"e-pood","potentialAction":[{"@type":"SearchAction","target":{"@type":"EntryPoint","urlTemplate":"https:\/\/felistella.eu\/lv\/?s={search_term_string}"},"query-input":{"@type":"PropertyValueSpecification","valueRequired":true,"valueName":"search_term_string"}}],"inLanguage":"lv-LV"}]}},"brands":[],"_links":{"self":[{"href":"https:\/\/felistella.eu\/lv\/wp-json\/wp\/v2\/product\/37415","targetHints":{"allow":["GET"]}}],"collection":[{"href":"https:\/\/felistella.eu\/lv\/wp-json\/wp\/v2\/product"}],"about":[{"href":"https:\/\/felistella.eu\/lv\/wp-json\/wp\/v2\/types\/product"}],"replies":[{"embeddable":true,"href":"https:\/\/felistella.eu\/lv\/wp-json\/wp\/v2\/comments?post=37415"}],"version-history":[{"count":0,"href":"https:\/\/felistella.eu\/lv\/wp-json\/wp\/v2\/product\/37415\/revisions"}],"wp:featuredmedia":[{"embeddable":true,"href":"https:\/\/felistella.eu\/lv\/wp-json\/wp\/v2\/media\/37416"}],"wp:attachment":[{"href":"https:\/\/felistella.eu\/lv\/wp-json\/wp\/v2\/media?parent=37415"}],"wp:term":[{"taxonomy":"pwb-brand","embeddable":true,"href":"https:\/\/felistella.eu\/lv\/wp-json\/wp\/v2\/pwb-brand?post=37415"},{"taxonomy":"product_brand","embeddable":true,"href":"https:\/\/felistella.eu\/lv\/wp-json\/wp\/v2\/product_brand?post=37415"},{"taxonomy":"product_cat","embeddable":true,"href":"https:\/\/felistella.eu\/lv\/wp-json\/wp\/v2\/product_cat?post=37415"},{"taxonomy":"product_tag","embeddable":true,"href":"https:\/\/felistella.eu\/lv\/wp-json\/wp\/v2\/product_tag?post=37415"}],"curies":[{"name":"wp","href":"https:\/\/api.w.org\/{rel}","templated":true}]}}