{"id":37418,"date":"2025-11-28T13:50:42","date_gmt":"2025-11-28T11:50:42","guid":{"rendered":"https:\/\/felistella.eu\/?post_type=product&#038;p=37418"},"modified":"2025-12-11T00:00:01","modified_gmt":"2025-12-10T22:00:01","slug":"krasu-%d1%81inas","status":"publish","type":"product","link":"https:\/\/felistella.eu\/lv\/prece\/krasu-%d1%81inas\/","title":{"rendered":"Kr\u0101su \u0441\u012b\u0146as"},"content":{"rendered":"<p>Speci\u0101li drosm\u012bgiem iekarot\u0101jiem un jauniem c\u012bn\u012bt\u0101jiem pret \u013caunumu, Erv\u0113 Tile izveidoja veselu d\u0101rgumu l\u0101di ar \u201ez\u0113nu\u201d sp\u0113l\u0113m. \u201eKr\u0101su C\u012b\u0146as\u201d gr\u016bti nosaukt par albumu vai gr\u0101matu \u201eizkr\u0101so pats\u201d, jo katrs \u0161\u012b pietiekami biez\u0101 izdevuma atv\u0113rums ir sp\u0113\u013cu laukums, kur\u0101 izv\u0113r\u0161as citplan\u0113tie\u0161u c\u012b\u0146as, kr\u0101sainas kaujas un bru\u0146inieku turn\u012bri, bet bru\u0146as ir flom\u0101steri un z\u012bmu\u013ci. Iesp\u0113jams sacensties ne tikai vienam, bet ar\u012b ar radiniekiem vai draugiem, uztur b\u0113rn\u0101 interesi kust\u0113ties t\u0101l\u0101k un iedvesmo jaun\u0101m sp\u0113l\u0113m.<\/p>\n<p>Gr\u0101matas \u012bpa\u0161\u0101 iez\u012bme un priek\u0161roc\u012bba ir lielais form\u0101ts, kur\u0101 ir \u0113rti z\u012bm\u0113t. Pateicoties stingrajam pap\u012bram, b\u0113rns var z\u012bm\u0113t gan ar z\u012bmu\u013ciem, gan flom\u0101steriem, gan ar kr\u0101s\u0101m un pasteli.<\/p>\n<p><a href=\"https:\/\/felistella.eu\/wp-content\/uploads\/2020\/05\/ce-mark-42944_1280.png\" data-fancybox=\"gallery\"><img decoding=\"async\" class=\"alignnone wp-image-4105\" src=\"https:\/\/felistella.eu\/wp-content\/uploads\/2020\/05\/ce-mark-42944_1280-150x107.png\" sizes=\"(max-width: 30px) 100vw, 30px\" srcset=\"https:\/\/felistella.eu\/wp-content\/uploads\/2020\/05\/ce-mark-42944_1280-150x107.png 150w, https:\/\/felistella.eu\/wp-content\/uploads\/2020\/05\/ce-mark-42944_1280-185x132.png 185w, https:\/\/felistella.eu\/wp-content\/uploads\/2020\/05\/ce-mark-42944_1280-600x428.png 600w, https:\/\/felistella.eu\/wp-content\/uploads\/2020\/05\/ce-mark-42944_1280-64x46.png 64w, https:\/\/felistella.eu\/wp-content\/uploads\/2020\/05\/ce-mark-42944_1280-300x214.png 300w, https:\/\/felistella.eu\/wp-content\/uploads\/2020\/05\/ce-mark-42944_1280-1024x731.png 1024w, https:\/\/felistella.eu\/wp-content\/uploads\/2020\/05\/ce-mark-42944_1280-768x548.png 768w, https:\/\/felistella.eu\/wp-content\/uploads\/2020\/05\/ce-mark-42944_1280-220x154.png 220w, https:\/\/felistella.eu\/wp-content\/uploads\/2020\/05\/ce-mark-42944_1280-224x160.png 224w, https:\/\/felistella.eu\/wp-content\/uploads\/2020\/05\/ce-mark-42944_1280.png 1280w\" alt=\"\" width=\"30\" height=\"21\" \/><\/a><\/p>\n","protected":false},"excerpt":{"rendered":"Speci\u0101li drosm\u012bgiem iekarot\u0101jiem un jauniem c\u012bn\u012bt\u0101jiem pret \u013caunumu, Erv\u0113 Tile izveidoja veselu d\u0101rgumu l\u0101di ar \u201ez\u0113nu\u201d sp\u0113l\u0113m. \u201eKr\u0101su C\u012b\u0146as\u201d gr\u016bti nosaukt par albumu vai gr\u0101matu \u201eizkr\u0101so pats\u201d, jo katrs \u0161\u012b pietiekami biez\u0101 izdevuma atv\u0113rums ir sp\u0113\u013cu laukums, kur\u0101 izv\u0113r\u0161as citplan\u0113tie\u0161u c\u012b\u0146as, kr\u0101sainas kaujas un bru\u0146inieku turn\u012bri, bet bru\u0146as ir flom\u0101steri un z\u012bmu\u013ci. Iesp\u0113jams sacensties ne [&hellip;]","protected":false},"featured_media":37429,"comment_status":"open","ping_status":"closed","template":"","meta":{"_acf_changed":false},"pwb-brand":[],"product_brand":[],"product_cat":[935,932],"product_tag":[],"class_list":{"0":"post-37418","1":"product","2":"type-product","3":"status-publish","4":"has-post-thumbnail","6":"product_cat-kleepsu-ja-varviraamatud","7":"product_cat-nuputamisraamatud","8":"pa_vanus-0-3-aastat","9":"pa_vanus-3-4-aastat","11":"first","12":"instock","13":"taxable","14":"shipping-taxable","15":"purchasable","16":"product-type-simple","17":"add-to-wishlist-before_image"},"acf":[],"yoast_head":"<!-- This site is optimized with the Yoast SEO plugin v27.4 - https:\/\/yoast.com\/product\/yoast-seo-wordpress\/ -->\n<title>Kr\u0101su \u0441\u012b\u0146as - Kirjastus Felistella<\/title>\n<meta name=\"robots\" content=\"index, follow, max-snippet:-1, max-image-preview:large, max-video-preview:-1\" \/>\n<link rel=\"canonical\" href=\"https:\/\/felistella.eu\/lv\/prece\/krasu-%d1%81inas\/\" \/>\n<meta property=\"og:locale\" content=\"lv_LV\" \/>\n<meta property=\"og:type\" content=\"article\" \/>\n<meta property=\"og:title\" content=\"Kr\u0101su \u0441\u012b\u0146as - Kirjastus Felistella\" \/>\n<meta property=\"og:description\" content=\"Speci\u0101li drosm\u012bgiem iekarot\u0101jiem un jauniem c\u012bn\u012bt\u0101jiem pret \u013caunumu, Erv\u0113 Tile izveidoja veselu d\u0101rgumu l\u0101di ar \u201ez\u0113nu\u201d sp\u0113l\u0113m. \u201eKr\u0101su C\u012b\u0146as\u201d gr\u016bti nosaukt par albumu vai gr\u0101matu \u201eizkr\u0101so pats\u201d, jo katrs \u0161\u012b pietiekami biez\u0101 izdevuma atv\u0113rums ir sp\u0113\u013cu laukums, kur\u0101 izv\u0113r\u0161as citplan\u0113tie\u0161u c\u012b\u0146as, kr\u0101sainas kaujas un bru\u0146inieku turn\u012bri, bet bru\u0146as ir flom\u0101steri un z\u012bmu\u013ci. Iesp\u0113jams sacensties ne [&hellip;]\" \/>\n<meta property=\"og:url\" content=\"https:\/\/felistella.eu\/lv\/prece\/krasu-%d1%81inas\/\" \/>\n<meta property=\"og:site_name\" content=\"Kirjastus Felistella\" \/>\n<meta property=\"article:modified_time\" content=\"2025-12-10T22:00:01+00:00\" \/>\n<meta property=\"og:image\" content=\"https:\/\/FELISTELLA.EU\/wp-content\/uploads\/2025\/11\/Krasu-cinas-cover.jpg\" \/>\n\t<meta property=\"og:image:width\" content=\"945\" \/>\n\t<meta property=\"og:image:height\" content=\"1220\" \/>\n\t<meta property=\"og:image:type\" content=\"image\/jpeg\" \/>\n<meta name=\"twitter:card\" content=\"summary_large_image\" \/>\n<meta name=\"twitter:label1\" content=\"Est. reading time\" \/>\n\t<meta name=\"twitter:data1\" content=\"1 minute\" \/>\n<script type=\"application\/ld+json\" class=\"yoast-schema-graph\">{\"@context\":\"https:\\\/\\\/schema.org\",\"@graph\":[{\"@type\":\"WebPage\",\"@id\":\"https:\\\/\\\/felistella.eu\\\/lv\\\/prece\\\/krasu-%d1%81inas\\\/\",\"url\":\"https:\\\/\\\/felistella.eu\\\/lv\\\/prece\\\/krasu-%d1%81inas\\\/\",\"name\":\"Kr\u0101su \u0441\u012b\u0146as - Kirjastus Felistella\",\"isPartOf\":{\"@id\":\"https:\\\/\\\/felistella.eu\\\/lv\\\/#website\"},\"primaryImageOfPage\":{\"@id\":\"https:\\\/\\\/felistella.eu\\\/lv\\\/prece\\\/krasu-%d1%81inas\\\/#primaryimage\"},\"image\":{\"@id\":\"https:\\\/\\\/felistella.eu\\\/lv\\\/prece\\\/krasu-%d1%81inas\\\/#primaryimage\"},\"thumbnailUrl\":\"https:\\\/\\\/felistella.eu\\\/wp-content\\\/uploads\\\/2025\\\/11\\\/Krasu-cinas-cover.jpg\",\"datePublished\":\"2025-11-28T11:50:42+00:00\",\"dateModified\":\"2025-12-10T22:00:01+00:00\",\"breadcrumb\":{\"@id\":\"https:\\\/\\\/felistella.eu\\\/lv\\\/prece\\\/krasu-%d1%81inas\\\/#breadcrumb\"},\"inLanguage\":\"lv-LV\",\"potentialAction\":[{\"@type\":\"ReadAction\",\"target\":[\"https:\\\/\\\/felistella.eu\\\/lv\\\/prece\\\/krasu-%d1%81inas\\\/\"]}]},{\"@type\":\"ImageObject\",\"inLanguage\":\"lv-LV\",\"@id\":\"https:\\\/\\\/felistella.eu\\\/lv\\\/prece\\\/krasu-%d1%81inas\\\/#primaryimage\",\"url\":\"https:\\\/\\\/felistella.eu\\\/wp-content\\\/uploads\\\/2025\\\/11\\\/Krasu-cinas-cover.jpg\",\"contentUrl\":\"https:\\\/\\\/felistella.eu\\\/wp-content\\\/uploads\\\/2025\\\/11\\\/Krasu-cinas-cover.jpg\",\"width\":945,\"height\":1220},{\"@type\":\"BreadcrumbList\",\"@id\":\"https:\\\/\\\/felistella.eu\\\/lv\\\/prece\\\/krasu-%d1%81inas\\\/#breadcrumb\",\"itemListElement\":[{\"@type\":\"ListItem\",\"position\":1,\"name\":\"Avaleht\",\"item\":\"https:\\\/\\\/felistella.eu\\\/lv\\\/\"},{\"@type\":\"ListItem\",\"position\":2,\"name\":\"Pood\",\"item\":\"https:\\\/\\\/felistella.eu\\\/pood\\\/\"},{\"@type\":\"ListItem\",\"position\":3,\"name\":\"Kr\u0101su \u0441\u012b\u0146as\"}]},{\"@type\":\"WebSite\",\"@id\":\"https:\\\/\\\/felistella.eu\\\/lv\\\/#website\",\"url\":\"https:\\\/\\\/felistella.eu\\\/lv\\\/\",\"name\":\"Kirjastus Felistella\",\"description\":\"e-pood\",\"potentialAction\":[{\"@type\":\"SearchAction\",\"target\":{\"@type\":\"EntryPoint\",\"urlTemplate\":\"https:\\\/\\\/felistella.eu\\\/lv\\\/?s={search_term_string}\"},\"query-input\":{\"@type\":\"PropertyValueSpecification\",\"valueRequired\":true,\"valueName\":\"search_term_string\"}}],\"inLanguage\":\"lv-LV\"}]}<\/script>\n<!-- \/ Yoast SEO plugin. -->","yoast_head_json":{"title":"Kr\u0101su \u0441\u012b\u0146as - Kirjastus Felistella","robots":{"index":"index","follow":"follow","max-snippet":"max-snippet:-1","max-image-preview":"max-image-preview:large","max-video-preview":"max-video-preview:-1"},"canonical":"https:\/\/felistella.eu\/lv\/prece\/krasu-%d1%81inas\/","og_locale":"lv_LV","og_type":"article","og_title":"Kr\u0101su \u0441\u012b\u0146as - Kirjastus Felistella","og_description":"Speci\u0101li drosm\u012bgiem iekarot\u0101jiem un jauniem c\u012bn\u012bt\u0101jiem pret \u013caunumu, Erv\u0113 Tile izveidoja veselu d\u0101rgumu l\u0101di ar \u201ez\u0113nu\u201d sp\u0113l\u0113m. \u201eKr\u0101su C\u012b\u0146as\u201d gr\u016bti nosaukt par albumu vai gr\u0101matu \u201eizkr\u0101so pats\u201d, jo katrs \u0161\u012b pietiekami biez\u0101 izdevuma atv\u0113rums ir sp\u0113\u013cu laukums, kur\u0101 izv\u0113r\u0161as citplan\u0113tie\u0161u c\u012b\u0146as, kr\u0101sainas kaujas un bru\u0146inieku turn\u012bri, bet bru\u0146as ir flom\u0101steri un z\u012bmu\u013ci. Iesp\u0113jams sacensties ne [&hellip;]","og_url":"https:\/\/felistella.eu\/lv\/prece\/krasu-%d1%81inas\/","og_site_name":"Kirjastus Felistella","article_modified_time":"2025-12-10T22:00:01+00:00","og_image":[{"width":945,"height":1220,"url":"https:\/\/FELISTELLA.EU\/wp-content\/uploads\/2025\/11\/Krasu-cinas-cover.jpg","type":"image\/jpeg"}],"twitter_card":"summary_large_image","twitter_misc":{"Est. reading time":"1 minute"},"schema":{"@context":"https:\/\/schema.org","@graph":[{"@type":"WebPage","@id":"https:\/\/felistella.eu\/lv\/prece\/krasu-%d1%81inas\/","url":"https:\/\/felistella.eu\/lv\/prece\/krasu-%d1%81inas\/","name":"Kr\u0101su \u0441\u012b\u0146as - Kirjastus Felistella","isPartOf":{"@id":"https:\/\/felistella.eu\/lv\/#website"},"primaryImageOfPage":{"@id":"https:\/\/felistella.eu\/lv\/prece\/krasu-%d1%81inas\/#primaryimage"},"image":{"@id":"https:\/\/felistella.eu\/lv\/prece\/krasu-%d1%81inas\/#primaryimage"},"thumbnailUrl":"https:\/\/felistella.eu\/wp-content\/uploads\/2025\/11\/Krasu-cinas-cover.jpg","datePublished":"2025-11-28T11:50:42+00:00","dateModified":"2025-12-10T22:00:01+00:00","breadcrumb":{"@id":"https:\/\/felistella.eu\/lv\/prece\/krasu-%d1%81inas\/#breadcrumb"},"inLanguage":"lv-LV","potentialAction":[{"@type":"ReadAction","target":["https:\/\/felistella.eu\/lv\/prece\/krasu-%d1%81inas\/"]}]},{"@type":"ImageObject","inLanguage":"lv-LV","@id":"https:\/\/felistella.eu\/lv\/prece\/krasu-%d1%81inas\/#primaryimage","url":"https:\/\/felistella.eu\/wp-content\/uploads\/2025\/11\/Krasu-cinas-cover.jpg","contentUrl":"https:\/\/felistella.eu\/wp-content\/uploads\/2025\/11\/Krasu-cinas-cover.jpg","width":945,"height":1220},{"@type":"BreadcrumbList","@id":"https:\/\/felistella.eu\/lv\/prece\/krasu-%d1%81inas\/#breadcrumb","itemListElement":[{"@type":"ListItem","position":1,"name":"Avaleht","item":"https:\/\/felistella.eu\/lv\/"},{"@type":"ListItem","position":2,"name":"Pood","item":"https:\/\/felistella.eu\/pood\/"},{"@type":"ListItem","position":3,"name":"Kr\u0101su \u0441\u012b\u0146as"}]},{"@type":"WebSite","@id":"https:\/\/felistella.eu\/lv\/#website","url":"https:\/\/felistella.eu\/lv\/","name":"Kirjastus Felistella","description":"e-pood","potentialAction":[{"@type":"SearchAction","target":{"@type":"EntryPoint","urlTemplate":"https:\/\/felistella.eu\/lv\/?s={search_term_string}"},"query-input":{"@type":"PropertyValueSpecification","valueRequired":true,"valueName":"search_term_string"}}],"inLanguage":"lv-LV"}]}},"brands":[],"_links":{"self":[{"href":"https:\/\/felistella.eu\/lv\/wp-json\/wp\/v2\/product\/37418","targetHints":{"allow":["GET"]}}],"collection":[{"href":"https:\/\/felistella.eu\/lv\/wp-json\/wp\/v2\/product"}],"about":[{"href":"https:\/\/felistella.eu\/lv\/wp-json\/wp\/v2\/types\/product"}],"replies":[{"embeddable":true,"href":"https:\/\/felistella.eu\/lv\/wp-json\/wp\/v2\/comments?post=37418"}],"version-history":[{"count":0,"href":"https:\/\/felistella.eu\/lv\/wp-json\/wp\/v2\/product\/37418\/revisions"}],"wp:featuredmedia":[{"embeddable":true,"href":"https:\/\/felistella.eu\/lv\/wp-json\/wp\/v2\/media\/37429"}],"wp:attachment":[{"href":"https:\/\/felistella.eu\/lv\/wp-json\/wp\/v2\/media?parent=37418"}],"wp:term":[{"taxonomy":"pwb-brand","embeddable":true,"href":"https:\/\/felistella.eu\/lv\/wp-json\/wp\/v2\/pwb-brand?post=37418"},{"taxonomy":"product_brand","embeddable":true,"href":"https:\/\/felistella.eu\/lv\/wp-json\/wp\/v2\/product_brand?post=37418"},{"taxonomy":"product_cat","embeddable":true,"href":"https:\/\/felistella.eu\/lv\/wp-json\/wp\/v2\/product_cat?post=37418"},{"taxonomy":"product_tag","embeddable":true,"href":"https:\/\/felistella.eu\/lv\/wp-json\/wp\/v2\/product_tag?post=37418"}],"curies":[{"name":"wp","href":"https:\/\/api.w.org\/{rel}","templated":true}]}}